{"id":39,"date":"2016-08-16T11:30:50","date_gmt":"2016-08-16T09:30:50","guid":{"rendered":"http:\/\/scholar.semmelweis.hu\/jakuszoltan\/?page_id=39"},"modified":"2025-10-08T21:35:23","modified_gmt":"2025-10-08T19:35:23","slug":"nyirokelettani_kutatocsoport","status":"publish","type":"page","link":"https:\/\/scholar.semmelweis.hu\/jakuszoltan\/hu\/nyirokelettani_kutatocsoport\/","title":{"rendered":"Kutat\u00e1s"},"content":{"rendered":"<p><strong>Nyirok\u00e9lettani Kutat\u00f3csoport<\/strong><\/p>\n<p><strong>Tudom\u00e1nyos \u00e9rdekl\u0151d\u00e9s<\/strong><\/p>\n<p>A nyirokerek \u00e9s a nyirok\u00e9rn\u00f6veked\u00e9si jelp\u00e1ly\u00e1k szervspecifikus funkci\u00f3inak vizsg\u00e1lata fiziol\u00f3gi\u00e1s \u00e9s patol\u00f3gi\u00e1s k\u00f6r\u00fclm\u00e9nyek k\u00f6z\u00f6tt<\/p>\n<p><strong>A kutat\u00f3csoport tagjai<\/strong><\/p>\n<div class=\"w-100\">Habilit\u00e1lt egyetemi docens: Dr. Jakus Zolt\u00e1n<\/div>\n<div class=\"w-100\">\nMunkat\u00e1rsak: Dr. Kov\u00e1cs G\u00e1bor, Dr. Ocskay Zsombor, Dr. Aradi Petra, Dr. Moln\u00e1r Korn\u00e9l, Kemecsei \u00c9va, Szot\u00e1k-Ajtay Kitti, S\u00e1gi Stella M\u00e1rta, N\u00e9meth Val\u00e9ria<\/div>\n<div>\u00a0<\/div>\n<div class=\"w-100\">PhD fokozatot szereztek a laborban: B\u00e1lint L\u00e1szl\u00f3 (2020), Sz\u0151ke D\u00e1niel (2023), Aradi Petra (2024), Carolin Christ (2025)<\/p>\n<p>TDK hallgat\u00f3k: Antal-K\u00f6z Csaba, M\u00e1rton M\u00e9sz\u00e1ros, Kormos Bence, Mohsen Pourmohammad, Tibi\u00e1ssy T\u00edmea, Fekete Anna Dorina, Griger Hanna<\/p><\/div>\n<p><a href=\"https:\/\/scholar.semmelweis.hu\/jakuszoltan\/wp-content\/uploads\/sites\/44\/2025\/10\/Jakus-lab-2025-scaled.jpg\"><img loading=\"lazy\" decoding=\"async\" class=\"alignnone size-full wp-image-185\" src=\"https:\/\/scholar.semmelweis.hu\/jakuszoltan\/wp-content\/uploads\/sites\/44\/2025\/10\/Jakus-lab-2025-scaled.jpg\" alt=\"\" width=\"2560\" height=\"835\" srcset=\"https:\/\/scholar.semmelweis.hu\/jakuszoltan\/wp-content\/uploads\/sites\/44\/2025\/10\/Jakus-lab-2025-scaled.jpg 2560w, https:\/\/scholar.semmelweis.hu\/jakuszoltan\/wp-content\/uploads\/sites\/44\/2025\/10\/Jakus-lab-2025-300x98.jpg 300w, https:\/\/scholar.semmelweis.hu\/jakuszoltan\/wp-content\/uploads\/sites\/44\/2025\/10\/Jakus-lab-2025-1024x334.jpg 1024w, https:\/\/scholar.semmelweis.hu\/jakuszoltan\/wp-content\/uploads\/sites\/44\/2025\/10\/Jakus-lab-2025-768x251.jpg 768w, https:\/\/scholar.semmelweis.hu\/jakuszoltan\/wp-content\/uploads\/sites\/44\/2025\/10\/Jakus-lab-2025-1536x501.jpg 1536w, https:\/\/scholar.semmelweis.hu\/jakuszoltan\/wp-content\/uploads\/sites\/44\/2025\/10\/Jakus-lab-2025-2048x668.jpg 2048w, https:\/\/scholar.semmelweis.hu\/jakuszoltan\/wp-content\/uploads\/sites\/44\/2025\/10\/Jakus-lab-2025-753x246.jpg 753w\" sizes=\"(max-width: 2560px) 100vw, 2560px\" \/><\/a><\/p>\n<p><a href=\"https:\/\/scholar.semmelweis.hu\/jakuszoltan\/wp-content\/uploads\/sites\/44\/2022\/02\/Jakus-labor-2019-scaled.jpg\"><img loading=\"lazy\" decoding=\"async\" class=\"alignnone wp-image-162 size-full\" src=\"https:\/\/scholar.semmelweis.hu\/jakuszoltan\/wp-content\/uploads\/sites\/44\/2022\/02\/Jakus-labor-2019-scaled.jpg\" alt=\"\" width=\"2560\" height=\"1155\" srcset=\"https:\/\/scholar.semmelweis.hu\/jakuszoltan\/wp-content\/uploads\/sites\/44\/2022\/02\/Jakus-labor-2019-scaled.jpg 2560w, https:\/\/scholar.semmelweis.hu\/jakuszoltan\/wp-content\/uploads\/sites\/44\/2022\/02\/Jakus-labor-2019-300x135.jpg 300w, https:\/\/scholar.semmelweis.hu\/jakuszoltan\/wp-content\/uploads\/sites\/44\/2022\/02\/Jakus-labor-2019-1024x462.jpg 1024w, https:\/\/scholar.semmelweis.hu\/jakuszoltan\/wp-content\/uploads\/sites\/44\/2022\/02\/Jakus-labor-2019-768x347.jpg 768w, https:\/\/scholar.semmelweis.hu\/jakuszoltan\/wp-content\/uploads\/sites\/44\/2022\/02\/Jakus-labor-2019-1536x693.jpg 1536w, https:\/\/scholar.semmelweis.hu\/jakuszoltan\/wp-content\/uploads\/sites\/44\/2022\/02\/Jakus-labor-2019-2048x924.jpg 2048w\" sizes=\"(max-width: 2560px) 100vw, 2560px\" \/><\/a><\/p>\n","protected":false},"excerpt":{"rendered":"<p>Nyirok\u00e9lettani Kutat\u00f3csoport Tudom\u00e1nyos \u00e9rdekl\u0151d\u00e9s A nyirokerek \u00e9s a nyirok\u00e9rn\u00f6veked\u00e9si jelp\u00e1ly\u00e1k szervspecifikus funkci\u00f3inak vizsg\u00e1lata fiziol\u00f3gi\u00e1s \u00e9s patol\u00f3gi\u00e1s k\u00f6r\u00fclm\u00e9nyek k\u00f6z\u00f6tt A kutat\u00f3csoport tagjai Habilit\u00e1lt egyetemi docens: Dr. Jakus Zolt\u00e1n Munkat\u00e1rsak: Dr. Kov\u00e1cs G\u00e1bor, Dr. Ocskay Zsombor, Dr. &hellip;<\/p>\n","protected":false},"author":40,"featured_media":0,"parent":0,"menu_order":0,"comment_status":"closed","ping_status":"closed","template":"","meta":{"footnotes":""},"class_list":["post-39","page","type-page","status-publish","hentry"],"_links":{"self":[{"href":"https:\/\/scholar.semmelweis.hu\/jakuszoltan\/wp-json\/wp\/v2\/pages\/39"}],"collection":[{"href":"https:\/\/scholar.semmelweis.hu\/jakuszoltan\/wp-json\/wp\/v2\/pages"}],"about":[{"href":"https:\/\/scholar.semmelweis.hu\/jakuszoltan\/wp-json\/wp\/v2\/types\/page"}],"author":[{"embeddable":true,"href":"https:\/\/scholar.semmelweis.hu\/jakuszoltan\/wp-json\/wp\/v2\/users\/40"}],"replies":[{"embeddable":true,"href":"https:\/\/scholar.semmelweis.hu\/jakuszoltan\/wp-json\/wp\/v2\/comments?post=39"}],"version-history":[{"count":19,"href":"https:\/\/scholar.semmelweis.hu\/jakuszoltan\/wp-json\/wp\/v2\/pages\/39\/revisions"}],"predecessor-version":[{"id":196,"href":"https:\/\/scholar.semmelweis.hu\/jakuszoltan\/wp-json\/wp\/v2\/pages\/39\/revisions\/196"}],"wp:attachment":[{"href":"https:\/\/scholar.semmelweis.hu\/jakuszoltan\/wp-json\/wp\/v2\/media?parent=39"}],"curies":[{"name":"wp","href":"https:\/\/api.w.org\/{rel}","templated":true}]}}