{"id":21,"date":"2015-06-19T14:27:11","date_gmt":"2015-06-19T12:27:11","guid":{"rendered":"http:\/\/scholar.semmelweis.hu\/jakuszoltan\/?page_id=21"},"modified":"2022-02-01T11:37:40","modified_gmt":"2022-02-01T10:37:40","slug":"jakus-publikaciok","status":"publish","type":"page","link":"https:\/\/scholar.semmelweis.hu\/jakuszoltan\/hu\/jakus-publikaciok\/","title":{"rendered":"Publik\u00e1ci\u00f3s lista"},"content":{"rendered":"<p>A kutat\u00f3csoport-vezet\u0151\u00a0publik\u00e1ci\u00f3i a Magyar Tudom\u00e1nyos M\u0171vek (MTMT) adatb\u00e1zisban:<\/p>\n<p><a href=\"https:\/\/m2.mtmt.hu\/gui2\/?type=authors&amp;mode=browse&amp;sel=10000650\">https:\/\/m2.mtmt.hu\/gui2\/?type=authors&amp;mode=browse&amp;sel=10000650<\/a><\/p>\n<p>&nbsp;<\/p>\n<p>&nbsp;<\/p>\n<p>&nbsp;<\/p>\n<p>&nbsp;<\/p>\n","protected":false},"excerpt":{"rendered":"<p>A kutat\u00f3csoport-vezet\u0151\u00a0publik\u00e1ci\u00f3i a Magyar Tudom\u00e1nyos M\u0171vek (MTMT) adatb\u00e1zisban:<br \/>\n<a href=\"https:\/\/m2.mtmt.hu\/gui2\/?type=authors&amp;mode=browse&amp;sel=10000650\">https:\/\/m2.mtmt.hu\/gui2\/?type=authors&amp;mode=browse&amp;sel=10000650<\/a><br \/>\n&nbsp;<br \/>\n&nbsp;<br \/>\n&nbsp;<br \/>\n&nbsp;<\/p>\n","protected":false},"author":40,"featured_media":0,"parent":0,"menu_order":0,"comment_status":"open","ping_status":"closed","template":"","meta":{"footnotes":""},"class_list":["post-21","page","type-page","status-publish","hentry"],"_links":{"self":[{"href":"https:\/\/scholar.semmelweis.hu\/jakuszoltan\/wp-json\/wp\/v2\/pages\/21"}],"collection":[{"href":"https:\/\/scholar.semmelweis.hu\/jakuszoltan\/wp-json\/wp\/v2\/pages"}],"about":[{"href":"https:\/\/scholar.semmelweis.hu\/jakuszoltan\/wp-json\/wp\/v2\/types\/page"}],"author":[{"embeddable":true,"href":"https:\/\/scholar.semmelweis.hu\/jakuszoltan\/wp-json\/wp\/v2\/users\/40"}],"replies":[{"embeddable":true,"href":"https:\/\/scholar.semmelweis.hu\/jakuszoltan\/wp-json\/wp\/v2\/comments?post=21"}],"version-history":[{"count":15,"href":"https:\/\/scholar.semmelweis.hu\/jakuszoltan\/wp-json\/wp\/v2\/pages\/21\/revisions"}],"predecessor-version":[{"id":155,"href":"https:\/\/scholar.semmelweis.hu\/jakuszoltan\/wp-json\/wp\/v2\/pages\/21\/revisions\/155"}],"wp:attachment":[{"href":"https:\/\/scholar.semmelweis.hu\/jakuszoltan\/wp-json\/wp\/v2\/media?parent=21"}],"curies":[{"name":"wp","href":"https:\/\/api.w.org\/{rel}","templated":true}]}}