{"id":2,"date":"2015-06-18T13:44:01","date_gmt":"2015-06-18T11:44:01","guid":{"rendered":"http:\/\/scholar.semmelweis.hu\/jakuszoltan\/cv\/"},"modified":"2025-10-08T20:52:42","modified_gmt":"2025-10-08T18:52:42","slug":"oneletrajz","status":"publish","type":"page","link":"https:\/\/scholar.semmelweis.hu\/jakuszoltan\/hu\/oneletrajz\/","title":{"rendered":"\u00d6n\u00e9letrajz"},"content":{"rendered":"<div class=\"w-100\"><strong>Dr. Jakus Zolt\u00e1n P\u00e9ter<\/strong><\/div>\n<div class=\"w-100\">habilit\u00e1lt egyetemi docens<\/div>\n<div class=\"w-100\">Semmelweis Egyetem \u00c1OK, \u00c9lettani Int\u00e9zet<\/div>\n<div class=\"w-100\">kutat\u00f3csoport-vezet\u0151 &#8211; Nyirok\u00e9lettani Kutat\u00f3csoport<\/div>\n<div class=\"w-100\">\u00a0<\/div>\n<div class=\"w-100\">Postac\u00edm: 1094 Budapest, T\u0171zolt\u00f3 utca 37-47.<\/div>\n<div class=\"w-100\">Levelez\u00e9si c\u00edm: 1444 Budapest Pf: 259<\/div>\n<div class=\"w-100\">Tel: +36-1-459-1500 x60-429<\/div>\n<div class=\"w-100\">Email: jakus.zoltan@semmelweis.hu<\/div>\n<div class=\"w-100\">\u00a0<\/div>\n<div class=\"w-100\"><strong>Tanulm\u00e1nyok<\/strong><\/div>\n<div class=\"w-100\">2002 \u2013 2006 Semmelweis Egyetem, Molekul\u00e1ris Orvostudom\u00e1nyok Doktori Iskola<\/div>\n<div class=\"w-100\">1996 \u2013 2002 Semmelweis Egyetem \u00c1ltal\u00e1nos Orvostudom\u00e1nyi Kar<\/div>\n<div class=\"w-100\">1992 \u2013 1996 Bajza J\u00f3zsef Gimn\u00e1zium, Hatvan<\/div>\n<div class=\"w-100\">\u00a0<\/div>\n<div class=\"w-100\"><strong>V\u00e9gzetts\u00e9g, tudom\u00e1nyos fokozat<\/strong><\/div>\n<div class=\"w-100\">2023: Habilit\u00e1ci\u00f3 a Semmelweis Egyetemen<\/div>\n<div class=\"w-100\">\u00a0<\/div>\n<div class=\"w-100\">2006: PhD fokozat a Molekul\u00e1ris Orvostudom\u00e1nyok Doktori Iskola Molekul\u00e1ris \u00e9s Cellul\u00e1ris \u00c9lettan programj\u00e1ban<\/div>\n<div class=\"w-100\">Semmelweis Egyetem, Molekul\u00e1ris Orvostudom\u00e1nyok Doktori Iskola<\/div>\n<div class=\"w-100\">Min\u0151s\u00edt\u00e9s: Summa cum laude<\/div>\n<div class=\"w-100\">\u00a0<\/div>\n<div class=\"w-100\">2002: \u00e1ltal\u00e1nos orvos<\/div>\n<div class=\"w-100\">Semmelweis Egyetem \u00c1ltal\u00e1nos Orvostudom\u00e1nyi Kar<\/div>\n<div class=\"w-100\">Min\u0151s\u00edt\u00e9s: Summa cum laude<\/div>\n<div class=\"w-100\">\u00a0<\/div>\n<div class=\"w-100\"><strong>Munkahely<\/strong><\/div>\n<div class=\"w-100\">2017 \u00f3ta egyetemi docens, kutat\u00f3csoport-vezet\u0151<\/div>\n<div class=\"w-100\">Semmelweis Egyetem \u00c1OK, \u00c9lettani Int\u00e9zet<\/div>\n<div class=\"w-100\">\u00a0<\/div>\n<div class=\"w-100\">2014-2017 kutat\u00f3csoport-vezet\u0151, egyetemi adjunktus<\/div>\n<div class=\"w-100\">Semmelweis Egyetem \u00c1OK, \u00c9lettani Int\u00e9zet<\/div>\n<div class=\"w-100\">\u00a0<\/div>\n<div class=\"w-100\">2010-2014 vend\u00e9gkutat\u00f3<\/div>\n<div class=\"w-100\">Department of Medicine, Cardiovascular Institute, University of Pennsylvania, PA, USA (t\u00e9mavezet\u0151: Mark L. Kahn MD, professor of medicine)<\/div>\n<div class=\"w-100\">\u00a0<\/div>\n<div class=\"w-100\">2008-2010 egyetemi adjunktus<\/div>\n<div class=\"w-100\">Semmelweis Egyetem \u00c1OK, \u00c9lettani Int\u00e9zet<\/div>\n<div class=\"w-100\">2006-2008 egyetemi tan\u00e1rseg\u00e9d<\/div>\n<div class=\"w-100\">Semmelweis Egyetem \u00c1OK, \u00c9lettani Int\u00e9zet<\/div>\n<div class=\"w-100\">2002-2006 PhD hallgat\u00f3<\/div>\n<div class=\"w-100\">Semmelweis Egyetem \u00c1OK, \u00c9lettani Int\u00e9zet<\/div>\n<div class=\"w-100\">1998-2002 di\u00e1kk\u00f6ri hallgat\u00f3<\/div>\n<div class=\"w-100\">Semmelweis Egyetem \u00c1OK, \u00c9lettani Int\u00e9zet<\/div>\n<div class=\"w-100\">\u00a0<\/div>\n<div class=\"w-100\"><strong>Tudom\u00e1nyos \u00e9rdekl\u0151d\u00e9s<\/strong><\/div>\n<div class=\"w-100\">2010 \u00f3ta \u2013 A nyirokerek \u00e9s a nyirok\u00e9rn\u00f6veked\u00e9si jelp\u00e1ly\u00e1k szervspecifikus funkci\u00f3inak vizsg\u00e1lata fiziol\u00f3gi\u00e1s \u00e9s patol\u00f3gi\u00e1s k\u00f6r\u00fclm\u00e9nyek k\u00f6z\u00f6tt<\/div>\n<div class=\"w-100\">1998 \u00f3ta \u2013 A neutrofilek granulocit\u00e1k jel\u00e1tviteli mechanizmusai \u00e9s az autoimmun arthritis kialakul\u00e1s\u00e1nak molekul\u00e1ris mechanizmusai<\/div>\n<div class=\"w-100\">\u00a0<\/div>\n<div class=\"w-100\"><strong>Elismer\u00e9sek, d\u00edjak<\/strong><\/div>\n<div class=\"w-100\">2025 Kiv\u00e1l\u00f3 PhD T\u00e9mavezet\u0151 \u2013 Egyetemi Doktori Tan\u00e1cs, Semmelweis Egyetem<\/div>\n<div class=\"w-100\">2025 Merit-d\u00edj &#8211; Semmelweis Egyetem \u2013 elismer\u00e9s kiemelked\u0151 tudom\u00e1nyos munk\u00e1\u00e9rt<\/div>\n<div class=\"w-100\">2024 megh\u00edvott el\u0151ad\u00f3 &#8211; 47th European Society of Congress of Lymphology, Istanbul, Turkey<\/div>\n<div class=\"w-100\">2024 megh\u00edvott el\u0151ad\u00f3 &#8211; mRNA Conference by the Novo Nordisk Foundation, Szeged, Hungary<\/div>\n<div class=\"w-100\">2024 Rektori d\u00edcs\u00e9rt \u2013 Semmelweis Egyetem<\/div>\n<div class=\"w-100\">2024 a h\u00f3nap mentora &#8211; Nemzeti Tud\u00f3sk\u00e9pz\u0151 Akad\u00e9mia<\/div>\n<div class=\"w-100\">2023 Habilit\u00e1ci\u00f3 a Semmelweis Egyetemen<\/div>\n<div class=\"w-100\">2023 Merit-d\u00edj &#8211; Semmelweis Egyetem \u2013 elismer\u00e9s kiemelked\u0151 tudom\u00e1nyos munk\u00e1\u00e9rt<\/div>\n<div class=\"w-100\">2022 Bolyai kutat\u00f3i \u00f6szt\u00f6nd\u00edj, Magyar Tudom\u00e1nyos Akad\u00e9mia<\/div>\n<div class=\"w-100\">2022 A Nemzeti Tud\u00f3sk\u00e9pz\u0151 Akad\u00e9mia mentora<\/div>\n<div class=\"w-100\">2022 megh\u00edvott el\u0151ad\u00f3 a European Vascular Biology Organization (EVBO) rendezv\u00e9ny\u00e9n<\/div>\n<div class=\"w-100\">2021 megh\u00edvott el\u0151ad\u00f3 a 9th International mRNA Health Conference rendezv\u00e9nyen Berlinben<\/div>\n<div class=\"w-100\">2021 A Pro Scientia Arany\u00e9rmesek T\u00e1rsas\u00e1g\u00e1nak Rem\u00e9nys\u00e9g d\u00edja Kov\u00e1cs G\u00e1bor TDK hallgat\u00f3mnak<\/div>\n<div class=\"w-100\">2020 Kiv\u00e1l\u00f3 Tudom\u00e1nyos Di\u00e1kk\u00f6ri Nevel\u0151 kit\u00fcntet\u00e9s \u2013 Semmelweis Egyetem<\/div>\n<div class=\"w-100\">2016 Merit-d\u00edj &#8211; Semmelweis Egyetem \u2013 elismer\u00e9s kiemelked\u0151 tudom\u00e1nyos munk\u00e1\u00e9rt<\/div>\n<div class=\"w-100\">2014 a Magyar Tudom\u00e1nyos Akad\u00e9mia Lend\u00fclet programj\u00e1nak t\u00e1mogat\u00e1sa<\/div>\n<div class=\"w-100\">2014 Fiatal kutat\u00f3i d\u00edj a Lymphatic Education &amp; Research Network-t\u0151l a Nyirok\u00e9lettani Gordon Konferenci\u00e1n t\u00f6rt\u00e9n\u0151 r\u00e9szv\u00e9tel t\u00e1mogat\u00e1s\u00e1ra (USA)<\/div>\n<div class=\"w-100\">2014 Utaz\u00e1si t\u00e1mogat\u00e1s a Nyirok\u00e9lettani Gordon Konferenci\u00e1n t\u00f6rt\u00e9n\u0151 r\u00e9szv\u00e9tel t\u00e1mogat\u00e1s\u00e1ra (Biomedical Postdoctoral Programs, University of Pennsylvania)<\/div>\n<div class=\"w-100\">2011 Junior Prima Pr\u00edma d\u00edj magyar tudom\u00e1ny kateg\u00f3ri\u00e1ban<\/div>\n<div class=\"w-100\">2009 Bio-Science d\u00edj \u2013 kiemelked\u0151 publik\u00e1ci\u00f3\u00e9rt (Magyar Immunol\u00f3giai T\u00e1rsas\u00e1g XXXVIII Kongresszusa, Hark\u00e1ny)<\/div>\n<div class=\"w-100\">2009 Richter publik\u00e1ci\u00f3s p\u00e1lyad\u00edj<\/div>\n<div class=\"w-100\">2009 Faculty of 1000 kiemelte a k\u00f6zlem\u00e9ny\u00fcnket biol\u00f3gia kateg\u00f3ri\u00e1ban (Jakus et al., J Exp Med 2009)<\/div>\n<div class=\"w-100\">2009: a Nature kiad\u00f3i csoport \u00e1ltal \u00fczemeltetett Science-Business eXchange foly\u00f3irat besz\u00e1molt kutat\u00e1si eredm\u00e9nyeinkr\u0151l (Jakus et al., J Exp Med 2009)<\/div>\n<div class=\"w-100\">2009 \u2013 Magyar Csillagok elismer\u00e9s kiemelked\u0151 kutat\u00e1si tev\u00e9kenys\u00e9g\u00e9rt a Duna Telev\u00edzi\u00f3 Mentor m\u0171sor\u00e1ban<\/div>\n<div class=\"w-100\">2008 Backhausz-d\u00edj \u2013 kiemelked\u0151 prezent\u00e1ci\u00f3 a Magyar Immunol\u00f3giai T\u00e1rsas\u00e1g XXXVII. V\u00e1ndorgy\u0171l\u00e9s\u00e9n klinikai immunol\u00f3gia kateg\u00f3ri\u00e1ban<\/div>\n<div class=\"w-100\">2008 a Semmelweis Egyetem fiatal kutat\u00f3inak ki\u00edrt d\u00e9k\u00e1ni p\u00e1ly\u00e1zat elnyer\u00e9se<\/div>\n<div class=\"w-100\">C\u00edm: A foszfolip\u00e1z C\u03b32 szerep\u00e9nek vizsg\u00e1lata neutrofil granulocit\u00e1kban \u00e9s az autoimmun arthritis kialakul\u00e1s\u00e1ban<\/div>\n<div class=\"w-100\">2008 Mikl\u00f3s Gy\u00f6rgy-d\u00edj \u2013 kiemelked\u0151 publik\u00e1ci\u00f3\u00e9rt, a Magyar Tudom\u00e1nyos Akad\u00e9mia Orvosi Oszt\u00e1ly\u00e1nak javaslat\u00e1ra<\/div>\n<div class=\"w-100\">2007-2010 Bolyai kutat\u00f3i \u00f6szt\u00f6nd\u00edj, Magyar Tudom\u00e1nyos Akad\u00e9mia (kiv\u00e1l\u00f3 v\u00e9gs\u0151 min\u0151s\u00edt\u00e9ssel)<\/div>\n<div class=\"w-100\">C\u00edm: A foszfolip\u00e1z C\u03b32 szerep\u00e9nek vizsg\u00e1lata neutrofil granulocit\u00e1kban<\/div>\n<div class=\"w-100\">2007 Fiatal \u00c9lettudom\u00e1nyi Kutat\u00f3i d\u00edj a Magyar \u00c9lettani T\u00e1rsas\u00e1g LXXI. V\u00e1ndorgy\u0171l\u00e9s\u00e9n<\/div>\n<div class=\"w-100\">2007 Magyar \u00c9lettani T\u00e1rsas\u00e1g Ifj\u00fas\u00e1gi D\u00edja<\/div>\n<div class=\"w-100\">2006 \u201ea h\u00e9t legforr\u00f3bb cikke\u201d, Nature Signaling Gateway (M\u00f3csai et al., Nat Immunol 2006)<\/div>\n<div class=\"w-100\">2005 \u201eVeritas et Virtus\u201d Alap\u00edtv\u00e1ny Kurat\u00f3riuma \u00e1ltal meghirdetett p\u00e1ly\u00e1zaton I. d\u00edj (legjobb publik\u00e1ci\u00f3 Ph.D. hallgat\u00f3k\u00e9nt)<\/div>\n<div class=\"w-100\">2004 Sigma-Aldrich d\u00edj \u2013 kiemelked\u0151 prezent\u00e1ci\u00f3 a Magyar Immunol\u00f3giai T\u00e1rsas\u00e1g XXXIII. V\u00e1ndorgy\u0171l\u00e9s\u00e9n<\/div>\n<div class=\"w-100\">\u00a0<\/div>\n<div class=\"w-100\"><strong>Tanulm\u00e1nyutak<\/strong><\/div>\n<div class=\"w-100\">2010 (48 h\u00f3nap)\u00a0\u00a0\u00a0\u00a0\u00a0\u00a0\u00a0\u00a0 Department of Medicine, Cardiovascular Institute, University of Pennsylvania, Philadelphia, PA, USA<\/div>\n<div class=\"w-100\">tev\u00e9kenys\u00e9g, t\u00e9ma: A nyirok\u00e9rrendszer fejl\u0151d\u00e9s\u00e9nek \u00e9s funkci\u00f3j\u00e1nak vizsg\u00e1lata<\/div>\n<div class=\"w-100\">\u00a0<\/div>\n<div class=\"w-100\">2004 (3 h\u00f3nap)\u00a0\u00a0\u00a0\u00a0\u00a0\u00a0\u00a0\u00a0\u00a0\u00a0 Department of Laboratory Medicine, University of California San Francisco, USA<\/div>\n<div class=\"w-100\">tev\u00e9kenys\u00e9g, t\u00e9ma: A neutrofilek jel\u00e1tviteli folyamatai<\/div>\n<div class=\"w-100\">\u00a0<\/div>\n<div class=\"w-100\">2001 (2 h\u00f3nap)\u00a0\u00a0\u00a0\u00a0\u00a0\u00a0\u00a0\u00a0\u00a0\u00a0 Department of Laboratory Medicine University of California San Francisco, San Francisco, CA, USA<\/div>\n<div class=\"w-100\">tev\u00e9kenys\u00e9g, t\u00e9ma: A neutrofilek jel\u00e1tviteli folyamatai<\/div>\n<div class=\"w-100\">\u00a0<\/div>\n<div class=\"w-100\"><strong>Tudom\u00e1nyos k\u00f6z\u00e9leti tev\u00e9kenys\u00e9g<\/strong><\/div>\n<div class=\"w-100\">2023 &#8211;\u00a0 Semmelweis Egyetem Szen\u00e1tus, tag<\/div>\n<div class=\"w-100\">2019 &#8211;\u00a0 Magyar Immunol\u00f3giai T\u00e1rsas\u00e1g, Fel\u00fcgyel\u0151bizotts\u00e1gi tag<\/div>\n<div class=\"w-100\">2019 &#8211;\u00a0 European Vascular Biology Organization (EVBO), tag<\/div>\n<div class=\"w-100\">2013 &#8211;\u00a0 North American Vascular Biology Organization (NAVBO), tag<\/div>\n<div class=\"w-100\">2006 &#8211;\u00a0 European Society for Clinical Investigation, tag<\/div>\n<div class=\"w-100\">2005 &#8211;\u00a0 Magyar Immunol\u00f3giai T\u00e1rsas\u00e1g, tag<\/div>\n<div class=\"w-100\">2005 &#8211;\u00a0 Magyar \u00c9lettani T\u00e1rsas\u00e1g, tag<\/div>\n<div class=\"w-100\">\u00a0<\/div>\n<div class=\"w-100\"><strong>Nyelvtud\u00e1s<\/strong><\/div>\n<div class=\"w-100\">magyar (anyanyelv)<\/div>\n<div class=\"w-100\">angol (t\u00e1rgyal\u00e1si szint)<\/div>\n<div class=\"w-100\">n\u00e9met (alapfok)<\/div>\n<div class=\"w-100\">\u00a0<\/div>\n<div class=\"w-100\"><strong>PhD-fokozatot szerzett hallgat\u00f3im<\/strong><\/div>\n<div class=\"w-100\">B\u00e1lint L\u00e1szl\u00f3 (2020)<\/div>\n<div class=\"w-100\">Sz\u0151ke D\u00e1niel (2023)<\/div>\n<div class=\"w-100\">Aradi Petra (2024)<\/div>\n<div class=\"w-100\">Carolin Christ (2025)<\/div>\n<div class=\"w-100\">\u00a0<\/div>\n<div class=\"w-100\"><strong>Oktat\u00e1si tev\u00e9kenys\u00e9g<\/strong><\/div>\n<div class=\"w-100\">2014 \u00f3ta PhD hallgat\u00f3k munk\u00e1j\u00e1nak az ir\u00e1ny\u00edt\u00e1sa a Semmelweis Egyetem \u00c9lettani Int\u00e9zet\u00e9ben<\/div>\n<div class=\"w-100\">Eddig 10 PhD hallgat\u00f3 szakmai fel\u00fcgyelete<\/div>\n<div class=\"w-100\">\u00a0<\/div>\n<div class=\"w-100\">2008 \u00f3ta r\u00e9szv\u00e9tel PhD-kurzusok tart\u00e1s\u00e1ban, 2016-t\u00f3l pedig kurzusvezet\u0151k\u00e9nt<\/div>\n<div class=\"w-100\">\u00a0<\/div>\n<div class=\"w-100\">2002 \u00f3ta Tudom\u00e1nyos Di\u00e1kk\u00f6r\u00f6s hallgat\u00f3k munk\u00e1j\u00e1nak ir\u00e1ny\u00edt\u00e1sa t\u00e9mavezet\u0151k\u00e9nt a Semmelweis Egyetem \u00c9lettani Int\u00e9zet\u00e9ben<\/div>\n<div class=\"w-100\">\u00a0<\/div>\n<div class=\"w-100\">2007 \u00f3ta az Orvosi \u00c9lettan tant\u00e1rgy el\u0151ad\u00f3ja a Semmelweis Egyetem \u00c9lettani Int\u00e9zet\u00e9ben<\/div>\n<div class=\"w-100\">2002 \u00f3ta az Orvosi \u00c9lettan tant\u00e1rgy oktat\u00f3ja a Semmelweis Egyetem \u00c9lettani Int\u00e9zet\u00e9ben<\/div>\n<div class=\"w-100\">\u00a0<\/div>\n<div class=\"w-100\"><strong>Tudom\u00e1nyos ismeretterjeszt\u0151 tev\u00e9kenys\u00e9g<\/strong><\/div>\n<div class=\"w-100\">2016 \u00f3ta kb. 7 db ismeretterjeszt\u0151 el\u0151ad\u00e1s (gimn\u00e1ziumok, egy\u00e9b)<\/div>\n<div class=\"w-100\">\u00a0<\/div>\n<div class=\"w-100\">Eddig \u00f6sszesen 28 tudom\u00e1nyos di\u00e1kk\u00f6ri hallgat\u00f3m volt, akik az \u00e9vek alatt 44 db el\u0151ad\u00e1st tartottak a Tudom\u00e1nyos Di\u00e1kk\u00f6ri konferenci\u00e1kon (egyetemi \u00e9s orsz\u00e1gos), \u00e9s az al\u00e1bbi d\u00edjakat nyert\u00e9k el:<\/div>\n<div class=\"w-100\">\u00a0<\/div>\n<div class=\"w-100\">Egyetemi Tudom\u00e1nyos Di\u00e1kk\u00f6ri Konferencia<\/div>\n<div class=\"w-100\">I. d\u00edj: 11 db<\/div>\n<div class=\"w-100\">II. d\u00edj: 8 db<\/div>\n<div class=\"w-100\">III. d\u00edj: 9 db<\/div>\n<div class=\"w-100\">\u00a0<\/div>\n<div class=\"w-100\">Orsz\u00e1gos Tudom\u00e1nyos Di\u00e1kk\u00f6ri Konferencia<\/div>\n<div class=\"w-100\">I. d\u00edj: 2 db<\/div>\n<div class=\"w-100\">II. d\u00edj: 1 db<\/div>\n<div class=\"w-100\">III. d\u00edj: 1 db<\/div>\n<div class=\"w-100\">K\u00fcl\u00f6nd\u00edj: 2 db<\/div>\n<div class=\"w-100\">\u00a0<\/div>\n<div class=\"w-100\">Kor\u00e1nyi Frigyes Tudom\u00e1nyos F\u00f3rumon<\/div>\n<div class=\"w-100\">II. d\u00edj: 3 db<\/div>\n<div class=\"w-100\">III. d\u00edj: 1 db<\/div>\n<div class=\"w-100\">K\u00fcl\u00f6nd\u00edj: 2 db<\/div>\n<div class=\"w-100\">\u00a0<\/div>\n<div class=\"w-100\"><strong>Kutat\u00e1si t\u00e1mogat\u00e1sok<\/strong><\/div>\n<div class=\"w-100\">2014-2019 MTA Lend\u00fclet kutat\u00e1si t\u00e1mogat\u00e1s<\/div>\n<div class=\"w-100\">2017\u20142021 NVKP_16 &#8211; Nemzeti versenyk\u00e9pess\u00e9gi \u00e9s kiv\u00e1l\u00f3s\u00e1gi program<\/div>\n<div class=\"w-100\">2017\u20142023 VEKOP 2.3.2-16 &#8211; Strat\u00e9giai K+F m\u0171helyek kiv\u00e1l\u00f3s\u00e1ga<\/div>\n<div class=\"w-100\">2017\u20142023 VEKOP 2.3.3-15 &#8211; Kutat\u00e1si infrastrukt\u00fara meger\u0151s\u00edt\u00e9se \u2013 nemzetk\u00f6ziesed\u00e9s, h\u00e1l\u00f3zatosod\u00e1s<\/div>\n<div class=\"w-100\">2021-2026 K21 \u2013 Kutat\u00e1si t\u00e9map\u00e1ly\u00e1zat<\/div>\n<div class=\"w-100\">2021-2022 Osztr\u00e1k-Magyar Akci\u00f3 Alap\u00edtv\u00e1ny<\/div>\n<div class=\"w-100\">2021-2022 Scientific and Innovative Research Fund of the Semmelweis University<\/div>\n<div class=\"w-100\">2021-2026 MOLORVKIV<\/div>\n<div class=\"w-100\">2021-2026 SEMTRHEUM<\/div>\n<div class=\"w-100\">\u00a0<\/div>\n<div class=\"w-100\"><strong>Tudom\u00e1nymetriai adatok<\/strong><\/div>\n<div class=\"w-100\">\u00d6sszes\u00edtett impakt faktor: 386<\/div>\n<div class=\"w-100\">\u00d6sszes hivatkoz\u00e1s sz\u00e1ma: 2698<\/div>\n<div class=\"w-100\">Hirsch-index: 24<\/div>\n<div class=\"w-100\">\u00a0<\/div>\n<div class=\"w-100\"><strong>Szerkeszt\u0151bizotts\u00e1gi tags\u00e1g<\/strong><\/div>\n<div class=\"w-100\">Frontiers in Cell and Developmental Biology<\/div>\n<div class=\"w-100\">\u00a0<\/div>\n<div class=\"w-100\"><strong>Tudom\u00e1nyos k\u00f6zlem\u00e9nyek b\u00edr\u00e1l\u00f3ja<\/strong><\/div>\n<div class=\"w-100\">Journal of Clinical Investigation<\/div>\n<div class=\"w-100\">Blood<\/div>\n<div class=\"w-100\">Science Signaling<\/div>\n<div class=\"w-100\">Arteriosclerosis, Thrombosis, and Vascular Biology<\/div>\n<div class=\"w-100\">Journal of Immunology<\/div>\n<div class=\"w-100\">Journal of Leukocyte Biology<\/div>\n<div class=\"w-100\">Immunology Letters<\/div>\n<div class=\"w-100\">FEBS Open Bio<\/div>\n<div class=\"w-100\">Frontiers in Immunology<\/div>\n<div class=\"w-100\">Molecular Immunology<\/div>\n<div class=\"w-100\">JOVE<\/div>\n<div class=\"w-100\">Development, Growth &amp; Differentiation<\/div>\n<div class=\"w-100\">Journal of Inflammation Research<\/div>\n<div class=\"w-100\">Nature Nanotechnology<\/div>\n<div class=\"w-100\">Lymphatic Research and Biology<\/div>\n<div class=\"w-100\">International Journal of Molecular Sciences<\/div>\n<div class=\"w-100\">Pharmaceutics<\/div>\n<div class=\"w-100\">Biology<\/div>\n<div class=\"w-100\">\u00a0<\/div>\n<div class=\"w-100\"><strong>Kutat\u00e1si p\u00e1ly\u00e1zatok b\u00edr\u00e1l\u00f3ja<\/strong><\/div>\n<div class=\"w-100\">UK Research and Innovation<\/div>\n<div class=\"w-100\">National Scientific Research Fund (OTKA; Hungary)<\/div>\n<div class=\"w-100\">Reumafonds (Dutch Arthritis Foundation)<\/div>\n<div class=\"w-100\">NKFIH<\/div>\n<div class=\"w-100\">\u00a0<\/div>\n<div class=\"w-100\"><strong>R\u00e9szletes publik\u00e1ci\u00f3s lista:<\/strong><\/div>\n<div class=\"w-100\">https:\/\/m2.mtmt.hu\/gui2\/?type=authors&amp;mode=browse&amp;sel=10000650<\/div>\n<div class=\"w-100\">\u00a0<\/div>\n<div class=\"w-100\">ORCID ID: https:\/\/orcid.org\/0000-0002-6304-2369<\/div>\n<p>&nbsp;<\/p>\n<p>&nbsp;<\/p>\n","protected":false},"excerpt":{"rendered":"<p>Dr. Jakus Zolt\u00e1n P\u00e9ter habilit\u00e1lt egyetemi docens Semmelweis Egyetem \u00c1OK, \u00c9lettani Int\u00e9zet kutat\u00f3csoport-vezet\u0151 &#8211; Nyirok\u00e9lettani Kutat\u00f3csoport \u00a0 Postac\u00edm: 1094 Budapest, T\u0171zolt\u00f3 utca 37-47. Levelez\u00e9si c\u00edm: 1444 Budapest Pf: 259 Tel: +36-1-459-1500 x60-429 Email: jakus.zoltan@semmelweis.hu \u00a0 &hellip;<\/p>\n","protected":false},"author":40,"featured_media":0,"parent":0,"menu_order":0,"comment_status":"closed","ping_status":"closed","template":"","meta":{"footnotes":""},"class_list":["post-2","page","type-page","status-publish","hentry"],"_links":{"self":[{"href":"https:\/\/scholar.semmelweis.hu\/jakuszoltan\/wp-json\/wp\/v2\/pages\/2"}],"collection":[{"href":"https:\/\/scholar.semmelweis.hu\/jakuszoltan\/wp-json\/wp\/v2\/pages"}],"about":[{"href":"https:\/\/scholar.semmelweis.hu\/jakuszoltan\/wp-json\/wp\/v2\/types\/page"}],"author":[{"embeddable":true,"href":"https:\/\/scholar.semmelweis.hu\/jakuszoltan\/wp-json\/wp\/v2\/users\/40"}],"replies":[{"embeddable":true,"href":"https:\/\/scholar.semmelweis.hu\/jakuszoltan\/wp-json\/wp\/v2\/comments?post=2"}],"version-history":[{"count":18,"href":"https:\/\/scholar.semmelweis.hu\/jakuszoltan\/wp-json\/wp\/v2\/pages\/2\/revisions"}],"predecessor-version":[{"id":184,"href":"https:\/\/scholar.semmelweis.hu\/jakuszoltan\/wp-json\/wp\/v2\/pages\/2\/revisions\/184"}],"wp:attachment":[{"href":"https:\/\/scholar.semmelweis.hu\/jakuszoltan\/wp-json\/wp\/v2\/media?parent=2"}],"curies":[{"name":"wp","href":"https:\/\/api.w.org\/{rel}","templated":true}]}}