{"id":100,"date":"2016-08-17T11:43:51","date_gmt":"2016-08-17T09:43:51","guid":{"rendered":"http:\/\/scholar.semmelweis.hu\/jakuszoltan\/?page_id=100"},"modified":"2025-10-08T22:20:12","modified_gmt":"2025-10-08T20:20:12","slug":"cv","status":"publish","type":"page","link":"https:\/\/scholar.semmelweis.hu\/jakuszoltan\/en\/cv\/","title":{"rendered":"CV"},"content":{"rendered":"<p>Zolt\u00e1n Jakus MD, PhD<br \/>\nassociate professor, group leader<\/p>\n<p>Semmelweis University, Department of Physiology<br \/>\nLymphatic Physiology Research Group<br \/>\nT\u0171zolt\u00f3 utca 37-47.<br \/>\n1094 Budapest, Hungary<br \/>\nTel: +36-1-459-1500 x60-429<br \/>\nEmail: jakus.zoltan@semmelweis.hu<\/p>\n<p>EDUCATION<\/p>\n<p>2002 \u2013 2006 Semmelweis University, School of PhD Studies, Budapest, Hungary<br \/>\n1996 \u2013 2002 Semmelweis University School of Medicine, Budapest, Hungary<br \/>\n1992 \u2013 1996 Bajza J\u00f3zsef High School, Hatvan, Hungary<\/p>\n<p>DEGREES<\/p>\n<p>2023: Habilitation \u2013 Semmelweis University<\/p>\n<p>2006: PhD in Cellular and Molecular Physiology<br \/>\nSemmelweis University School of PhD Studies, Budapest, Hungary<br \/>\nQualification: Summa cum laude<\/p>\n<p>2002: MD in General Medicine<br \/>\nSemmelweis University School of Medicine, Budapest, Hungary<br \/>\nQualification: Summa cum laude<\/p>\n<p>CURRENT POSITION(S)<\/p>\n<p>2017 \u2013 present associate professor, group leader<br \/>\nDepartment of Physiology, Semmelweis University, Budapest, Hungary<\/p>\n<p>PREVIOUS POSITIONS<\/p>\n<p>2014 \u2013 2017 assistant professor, junior group leader<br \/>\nDepartment of Physiology, Semmelweis University, Budapest, Hungary<\/p>\n<p>2010- 2014 postdoctoral fellow<br \/>\nDepartment of Medicine, Cardiovascular Institute, University of Pennsylvania, PA, USA<br \/>\n(mentor: Mark L. Kahn MD, professor of medicine)<\/p>\n<p>2008 \u2013 2010 assistant professor<br \/>\nDepartment of Physiology, Semmelweis University, Budapest, Hungary<\/p>\n<p>2006 \u2013 2008 junior assistant professor<br \/>\nDepartment of Physiology, Semmelweis University, Budapest, Hungary<\/p>\n<p>2002 \u2013 2006 PhD student<br \/>\nDepartment of Physiology, Semmelweis University, Budapest, Hungary<\/p>\n<p>1998 \u2013 2002 research student<br \/>\nDepartment of Physiology, Semmelweis University, Budapest, Hungary<\/p>\n<p>SCIENTIFIC EXPERIENCE OUTSIDE OF HUNGARY<\/p>\n<p>2010 \u2013 2014 Department of Medicine, Cardiovascular Institute, University of Pennsylvania, USA<br \/>\nLaboratory of Mark L. Kahn<\/p>\n<p>2004 Department of Laboratory Medicine, University of California San Francisco, USA<br \/>\n(Laboratory of Clifford A. Lowell)<\/p>\n<p>2001 Department of Laboratory Medicine, University of California San Francisco, USA<br \/>\n(Laboratory of Clifford A. Lowell)<\/p>\n<p>TEACHING ACTIVITIES<\/p>\n<p>1999 \u2013 present Medical physiology course instructor at the Department of Physiology, Semmelweis University<\/p>\n<p>2007 \u2013 present Medical physiology lecturer at the Department of Physiology, Semmelweis University<\/p>\n<p>2002 \u2013 present Mentoring research students at the Department of Physiology of the Semmelweis University<\/p>\n<p>SUPERVISION OF GRADUATE STUDENTS<\/p>\n<p>2014 \u2013 present Mentoring 10 PhD students at the Department of Physiology of the Semmelweis University<\/p>\n<p>COMPLETED THEIR PHD STUDIES IN MY LABORATORY<\/p>\n<p>L\u00e1szl\u00f3 B\u00e1lint (2020)<br \/>\nD\u00e1niel Sz\u0151ke (2023)<br \/>\nPetra Aradi (2024)<br \/>\nCarolin Christ (2025)<\/p>\n<p>AWARDS, RESEARCH FELLOWSHIPS, GRANTS AND OTHER HONORS<\/p>\n<p>2025 Excellent PhD Supervisor Award \u2013 Doctoral Council, Semmelweis University<br \/>\n2025 Merit Award of the Semmelweis University &#8211; scientific work<br \/>\n2024 Invited Speaker \u2013 47th European Society of Lymphology Congress, Istanbul, Turkey<br \/>\n2024 Invited Speaker \u2013 mRNA Conference by the Novo Nordisk Foundation, Szeged, Hungary<br \/>\n2024 Rector\u2019s Commendation \u2013 Semmelweis University<br \/>\n2024 Mentor of the Month \u2013 National Academy of Scientist Education<br \/>\n2023 Habilitation \u2013 Semmelweis University<br \/>\n2023 Merit Award of the Semmelweis University &#8211; scientific work<br \/>\n2022 Bolyai Research Fellowship, Hungarian Academy of Sciences<br \/>\n2022 mentor of the National Academy of Scientist Education<br \/>\n2022 invited speaker at seminar series of the European Vascular Biology Organization (EVBO)<br \/>\n2021 invited speaker at the 9th International mRNA Health Conference in Berlin<br \/>\n2021 Hope award of the Pro Scientia Society was awarded to G\u00e1bor Kov\u00e1cs as a research student <br \/>\n2020 Outstanding Research Student Supervisor Award, Semmelweis University<br \/>\n2016 Merit Award of the Semmelweis University &#8211; scientific work<br \/>\n2014 Momentum program of the Hungarian Academy of Sciences<br \/>\n2014 Lymphatic Education &amp; Research Network Young Investigator Conference Scholarship Award<br \/>\n2014 Travel Award from the Biomedical Postdoctoral Programs of the University of Pennsylvania<br \/>\n2011 Junior Prima Prize for exceptional scientific achievement in Hungarian science category<br \/>\n2009 Bio-Science Award for outstanding publication, XXXVIII Annual Meeting of the Hungarian Immunological Society<br \/>\n2009 Richter Award for outstanding publications<br \/>\n2009: \u201eMust Read\u201d, Faculty of 1000 \u2013 Biology (Re: Jakus et al., J Exp Med 2009)<br \/>\n2009: Featured in Nature\u2019s SciBX (Science-Business eXchange) (Re: Jakus et al., J Exp Med 2009)<br \/>\n2008 Semmelweis University Institutional Research Grant<br \/>\nTitle: Characterization of the role of Phospholipase C\u03b32 in neutrophils and autoimmune arthritis<br \/>\n2008 Best presentation in clinical immunology, Backhausz Award, XXXVII Annual Meeting of the Hungarian Immunological Society<br \/>\n2008 Research fellowship for young scientists at the Semmelweis University<br \/>\n2008 Gy\u00f6rgy Mikl\u00f3s Award from Section of Medical Sciences, Hungarian Academy of Sciences<br \/>\n2007-2010 Bolyai Research Fellowship, Hungarian Academy of Sciences (excellent final report)<br \/>\nTitle: Characterization of the role of Phospholipase C\u03b32 in neutrophils<br \/>\n2007 Outstanding Young Researcher Award, Annual Meeting of the Hungarian Physiological Society<br \/>\n2007 Traveling Fellowship of Hungarian Physiological Society<br \/>\n2006 \u201cHottest paper of the week\u201d, Nature Signaling Gateway (M\u00f3csai et al., Nat Immunol 2006)<br \/>\n2005 First Prize, Veritas et Virtus Foundation Award for Outstanding PhD Studies<br \/>\n2004 Best presentation, Sigma-Aldrich Hungary Award, Annual Meeting of the Hungarian Immunological Society<\/p>\n<p>SCIENTIFIC INTERESTS<\/p>\n<p>2010 \u2013 present \u2013 Organ-specific lymphatic development and function<br \/>\n2007 \u2013 present \u2013 Molecular mechanisms in autoimmune arthritis<br \/>\n2002 \u2013 present \u2013 Signaling pathways in neutrophils<\/p>\n<p>LANGUAGES SPOKEN<\/p>\n<p>Hungarian (native language)<br \/>\nEnglish (negotiation level)<br \/>\nGerman (beginner level)<\/p>\n<p>MEMBERSHIPS OF SCIENTIFIC SOCIETIES<\/p>\n<p>2023 Member, Senate of the Semmelweis University<br \/>\n2019 Hungarian Immunological Society, Supervisory Board Member<br \/>\n2019 Member, European Vascular Biology Organization<br \/>\n2013 Member, North American Vascular Biology Organization<br \/>\n2006 Member, European Society for Clinical Investigation<br \/>\n2005 Member, Hungarian Physiological Society<br \/>\n2005 Member, Hungarian Immunological Society<\/p>\n<p>GRANTS<\/p>\n<p>2014-2017 Momentum program of the Hungarian Academy of Sciences<br \/>\n2017\u20142021 NVKP 16-1-2016-0039<br \/>\n2017\u20142022 VEKOP 2.3.2-16<br \/>\n2017\u20142022 VEKOP 2.3.3-15<br \/>\n2021-2025 K20 NKFIH research grant<br \/>\n2021-2022 Austrian-Hungarian Action Foundation<br \/>\n2021-2022 Scientific and Innovative Research Fund of the Semmelweis University<br \/>\n2021-2025 MOLORVKIV <br \/>\n2021-2025 SEMTRHEUM<\/p>\n<p>AD HOC GRANT REVIEWER FOR THE FOLLOWING ORGANIZATIONS<\/p>\n<p>National Scientific Research Fund (OTKA; Hungary)<br \/>\nReumafonds (Dutch Arthritis Foundation)<br \/>\nNKFIH<\/p>\n<p>AD HOC MANUSCRIPT REVIEWER FOR THE FOLLOWING JOURNALS<\/p>\n<p>Journal of Clinical Investigation<br \/>\nBlood<br \/>\nScience Signaling<br \/>\nArteriosclerosis, Thrombosis, and Vascular Biology<br \/>\nJournal of Immunology<br \/>\nJournal of Leukocyte Biology<br \/>\nImmunology Letters<br \/>\nFEBS Open Bio<br \/>\nFrontiers in Immunology<br \/>\nMolecular Immunology<br \/>\nJOVE<br \/>\nDevelopment, Growth &amp; Differentiation<br \/>\nJournal of Inflammation Research<br \/>\nNature Nanotechnology<br \/>\nLymphatic Research and Biology<br \/>\nInternational Journal of Molecular Sciences<br \/>\nPharmaceutics<br \/>\nBiology<\/p>\n<p>PUBLICATIONS in the MTMT database<\/p>\n<p><a href=\"https:\/\/m2.mtmt.hu\/gui2\/?type=authors&amp;mode=browse&amp;sel=10000650\">https:\/\/m2.mtmt.hu\/gui2\/?type=authors&amp;mode=browse&amp;sel=10000650<\/a><\/p>\n<p>ORCID ID: <a href=\"https:\/\/orcid.org\/0000-0002-6304-2369\">https:\/\/orcid.org\/0000-0002-6304-2369<\/a><\/p>\n<p>SCIENTOMETRIC PARAMETERS<\/p>\n<p>Cumulative impact factor: 386<br \/>\nCitations: 2698<br \/>\nHirsch-index: 24<\/p>\n","protected":false},"excerpt":{"rendered":"<p>Zolt\u00e1n Jakus MD, PhD associate professor, group leader Semmelweis University, Department of Physiology Lymphatic Physiology Research Group T\u0171zolt\u00f3 utca 37-47. 1094 Budapest, Hungary Tel: +36-1-459-1500 x60-429 Email: jakus.zoltan@semmelweis.hu EDUCATION 2002 \u2013 2006 Semmelweis University, School &hellip;<\/p>\n","protected":false},"author":40,"featured_media":0,"parent":0,"menu_order":0,"comment_status":"closed","ping_status":"closed","template":"","meta":{"footnotes":""},"class_list":["post-100","page","type-page","status-publish","hentry"],"_links":{"self":[{"href":"https:\/\/scholar.semmelweis.hu\/jakuszoltan\/wp-json\/wp\/v2\/pages\/100"}],"collection":[{"href":"https:\/\/scholar.semmelweis.hu\/jakuszoltan\/wp-json\/wp\/v2\/pages"}],"about":[{"href":"https:\/\/scholar.semmelweis.hu\/jakuszoltan\/wp-json\/wp\/v2\/types\/page"}],"author":[{"embeddable":true,"href":"https:\/\/scholar.semmelweis.hu\/jakuszoltan\/wp-json\/wp\/v2\/users\/40"}],"replies":[{"embeddable":true,"href":"https:\/\/scholar.semmelweis.hu\/jakuszoltan\/wp-json\/wp\/v2\/comments?post=100"}],"version-history":[{"count":12,"href":"https:\/\/scholar.semmelweis.hu\/jakuszoltan\/wp-json\/wp\/v2\/pages\/100\/revisions"}],"predecessor-version":[{"id":201,"href":"https:\/\/scholar.semmelweis.hu\/jakuszoltan\/wp-json\/wp\/v2\/pages\/100\/revisions\/201"}],"wp:attachment":[{"href":"https:\/\/scholar.semmelweis.hu\/jakuszoltan\/wp-json\/wp\/v2\/media?parent=100"}],"curies":[{"name":"wp","href":"https:\/\/api.w.org\/{rel}","templated":true}]}}