{"id":1,"date":"2015-06-18T13:44:01","date_gmt":"2015-06-18T11:44:01","guid":{"rendered":"http:\/\/scholar.semmelweis.hu\/jakuszoltan\/elerhetoseg\/"},"modified":"2020-08-11T10:11:27","modified_gmt":"2020-08-11T08:11:27","slug":"elerhetoseg","status":"publish","type":"page","link":"https:\/\/scholar.semmelweis.hu\/jakuszoltan\/hu\/elerhetoseg\/","title":{"rendered":"El\u00e9rhet\u0151s\u00e9g"},"content":{"rendered":"<p><strong>Nyirok\u00e9lettani Kutat\u00f3csoport<\/strong><\/p>\n<p>Semmelweis Egyetem<br \/>\n\u00c9lettani Int\u00e9zet<\/p>\n<p><strong>C\u00edm:<\/strong> 1094 Budapest, T\u0171zolt\u00f3 utca 37-47<\/p>\n<p><strong>Telefon:<\/strong>(+36-1)-459-1500 x60-429<\/p>\n<p><strong>Fax:<\/strong> (+36-1) 266-7480<\/p>\n<p><strong>E-mail:<\/strong> <a href=\"mailto:jakus.zoltan@med.semmelweis-univ.hu\">jakus.zoltan@med.semmelweis-univ.hu<\/a><\/p>\n<p>&nbsp;<\/p>\n","protected":false},"excerpt":{"rendered":"<p>Nyirok\u00e9lettani Kutat\u00f3csoport<br \/>\nSemmelweis Egyetem<br \/>\n\u00c9lettani Int\u00e9zet<br \/>\nC\u00edm: 1094 Budapest, T\u0171zolt\u00f3 utca 37-47<br \/>\nTelefon:(+36-1)-459-1500 x60-429<br \/>\nFax: (+36-1) 266-7480<br \/>\nE-mail: <a href=\"mailto:jakus.zoltan@med.semmelweis-univ.hu\">jakus.zoltan@med.semmelweis-univ.hu<\/a><br \/>\n&nbsp;<\/p>\n","protected":false},"author":40,"featured_media":0,"parent":0,"menu_order":0,"comment_status":"closed","ping_status":"closed","template":"","meta":{"footnotes":""},"class_list":["post-1","page","type-page","status-publish","hentry"],"_links":{"self":[{"href":"https:\/\/scholar.semmelweis.hu\/jakuszoltan\/wp-json\/wp\/v2\/pages\/1"}],"collection":[{"href":"https:\/\/scholar.semmelweis.hu\/jakuszoltan\/wp-json\/wp\/v2\/pages"}],"about":[{"href":"https:\/\/scholar.semmelweis.hu\/jakuszoltan\/wp-json\/wp\/v2\/types\/page"}],"author":[{"embeddable":true,"href":"https:\/\/scholar.semmelweis.hu\/jakuszoltan\/wp-json\/wp\/v2\/users\/40"}],"replies":[{"embeddable":true,"href":"https:\/\/scholar.semmelweis.hu\/jakuszoltan\/wp-json\/wp\/v2\/comments?post=1"}],"version-history":[{"count":6,"href":"https:\/\/scholar.semmelweis.hu\/jakuszoltan\/wp-json\/wp\/v2\/pages\/1\/revisions"}],"predecessor-version":[{"id":139,"href":"https:\/\/scholar.semmelweis.hu\/jakuszoltan\/wp-json\/wp\/v2\/pages\/1\/revisions\/139"}],"wp:attachment":[{"href":"https:\/\/scholar.semmelweis.hu\/jakuszoltan\/wp-json\/wp\/v2\/media?parent=1"}],"curies":[{"name":"wp","href":"https:\/\/api.w.org\/{rel}","templated":true}]}}