{"id":2,"date":"2017-03-20T11:52:07","date_gmt":"2017-03-20T10:52:07","guid":{"rendered":"http:\/\/scholar.semmelweis.hu\/igazpeter\/cv\/"},"modified":"2025-11-18T13:37:31","modified_gmt":"2025-11-18T12:37:31","slug":"cv","status":"publish","type":"page","link":"https:\/\/scholar.semmelweis.hu\/igazpeter\/cv\/","title":{"rendered":"CV"},"content":{"rendered":"<h3>Qualifications: \u00a0\u00a0\u00a0\u00a0\u00a0<\/h3>\n<ol>\n<li>Physician, MD (1997)<\/li>\n<li>PhD (1999)<\/li>\n<li>Biologist, MSc (specialisation: molecular biology) (1999)<\/li>\n<li>Board certificate in internal medicine (2002)<\/li>\n<li>Jurist, JD (2005)<\/li>\n<li>Board certificate in endocrinology (2005)<\/li>\n<li>Board certificate in clinical genetics (2008)<\/li>\n<li>\n<p>Board certificate in clinical oncology (2024)<\/p>\n<\/li>\n<li>European Board Examination in Endocrinology, Diabetology and Metabolism (EBEEDM) (2019)<\/li>\n<li>Habilitation (internal medicine, Semmelweis University) (2012)<\/li>\n<li>Doctor of the Hungarian Academy of Sciences (DSc) (2013)<\/li>\n<\/ol>\n<h3>\u00a0 My 10 major scientific results since obtaining the PhD degree:<\/h3>\n<ol>\n<li>Exploration of the cytokine and cytokine receptor expression pattern of hypothalamic GnRH neurons and the functional role of oncostatin M (results of my study trip in Switzerland)<\/li>\n<li>Description of microRNA expression of adrenocortical and adrenomedullary tumors among the first world-wide<\/li>\n<li>Novel tissue and circulating microRNA markers of adrenal tumors, and identification of novel circulating microRNA markers for adrenocortical malignancy and primary aldosteronism.<\/li>\n<li>The first functional genomics meta-analysis on adrenocortical tumors<\/li>\n<li>Raising the potential novel treatment option of 9-cis retinoic acid in adrenocortical cancer<\/li>\n<li>Showing the relevance of histamine in adrenocortical tumors<\/li>\n<li>Novel genetic polymorphisms by <em>in silico<\/em> approaches<\/li>\n<li>Description of novel clinical phenotypes of multiple endocrine neoplasia type 2<\/li>\n<li>Novel hypotheses on the biological relevance of circulating microRNAs (a. circulating microRNAs as tumor suppressors, b. tissue specific action of microRNA as a defense mechanism against circulating microRNA)<\/li>\n<li>Showing the efficacy of somatostatin peptide radionuclide treatment among the neuroendocrine tumor patients of 2<sup>nd<\/sup> Department of Medicine<\/li>\n<\/ol>\n<h3>\u03a3 Impact Factor (by the IF-s in the year of publication):\u00a0<\/h3>\n<div class=\"keretes w-100\">\n<h5>Scientometric data:<\/h5>\n<ul>\n<li>\n<p>\u03a3 Impact Factor (\u03a3IF): 455.227,\u00a0\u03a3IF of first- and last-authored journal articles: 206.905,\u00a0\u03a3IF of original manuscripts: 323.001<\/p>\n<\/li>\n<li>\n<p>\u03a3IF of first- and last-authored original journal articles: 121.783<\/p>\n<\/li>\n<li>\n<p>H-index Web of Science: 28, Scopus: 29\u00a0(H-index Google Scholar: 36)<\/p>\n<\/li>\n<\/ul>\n<\/div>\n<h3>My 7 PhD students who have already been awarded the PhD:<\/h3>\n<ul>\n<li>\n<p><strong>Dr. Peter M\u00e1rton Szab\u00f3 MD PhD 2011 <\/strong><span style=\"font-size: 1rem;\">(Title of Dissertation: Exploring the molecular patomechanism of adrenocortical tumors, <\/span><em style=\"font-size: 1rem;\">Hungarian: <\/em><em style=\"font-size: 1rem;\">A mell\u00e9kvesek\u00e9reg-daganatok molekul\u00e1ris patogenezis\u00e9nek vizsg\u00e1lata<\/em><span style=\"font-size: 1rem;\">)<\/span><\/p>\n<\/li>\n<li>\n<p><strong>Dr. Zs\u00f3fia T\u00f6mb\u00f6l MD PhD 2011 <\/strong>(Title of Dissertation: Exploring the expression patterns and pathogenic relevance of microRNAs in adrenal tumours, <em>Hungarian: <\/em><em>MikroRNS-ek expresszi\u00f3s mint\u00e1zat\u00e1nak \u00e9s patogenetikai szerep\u00e9nek vizsg\u00e1lata a mell\u00e9kvese daganataiban<\/em>)<\/p>\n<\/li>\n<li>\n<p><strong>Dr. Zsippai Adrienn PhD 2013<\/strong> (Title of Dissertation: Analysis of the effects of mitotane on gene expression and the pathways affected by microRNAs in adrenocortical carcinoma; <em>Hungarian: A mitot\u00e1n g\u00e9nexpresszi\u00f3s hat\u00e1sainak \u00e9s a mikroRNS-ek \u00e1ltal befoly\u00e1solt \u00fatvonalak vizsg\u00e1lata mell\u00e9kvesek\u00e9reg carcinom\u00e1ban)<\/em> \u00a0<\/p>\n<\/li>\n<li>\n<p><strong>Dr. Zolt\u00e1n Nagy MD PhD 2017<\/strong> <strong>Title of Dissertation:\u00a0<\/strong>Antitumoral effects of 9-cis retinoic acid and mitotane and evaluation of microRNAs in adrenocortical\u00a0cancer xenograft models; <em>Hungarian: A 9-cisz retinsav \u00e9s a mitot\u00e1n tumorellenes hat\u00e1sainak \u00e9s a mikroRNS-ek vizsg\u00e1lata mell\u00e9kvesek\u00e9reg-r\u00e1k xenograft modelljein\u00a0<\/em>\u00a0<\/p>\n<\/li>\n<li>\n<p><strong>Dr. <\/strong><strong>P\u00e1l <\/strong><strong>Perge\u00a0 MD PhD 2018<\/strong> <strong>Title of Dissertation:<\/strong> Evaluation of circulating extracellular vesicle-associated microRNAs in patients with adrenocortical tumors; <em>Hungarian; Kering\u0151 extracellul\u00e1ris vezikula-asszoci\u00e1lt mikroRNS-ek expresszi\u00f3j\u00e1nak vizsg\u00e1lata mell\u00e9kvesek\u00e9reg-daganatban szenved\u0151 betegekben<\/em><\/p>\n<\/li>\n<li>\n<p><strong>Dr. \u00c1bel Decmann MD PhD 2020 <\/strong> <strong>Title of Dissertation:<\/strong> Analysis of circulating microRNAs in the benign and malignant adrenal tumors <em>Hungarian; Kering\u0151 mikroRNS-ek vizsg\u00e1lata j\u00f3- \u00e9s rosszindulat\u00fa mell\u00e9kvese daganatokban<\/em> \u00a0<\/p>\n<\/li>\n<li>\n<p><strong>Dr. Peter I Turai MD- PhD 2023\u00a0<\/strong>[Investigation of non-coding tissue RNAs in benign and malignant adrenal cortex tumors ]\u00a0<em>Hungarian; Nem k\u00f3dol\u00f3 sz\u00f6veti RNS-ek vizsg\u00e1lata j\u00f3- \u00e9s rosszindulat\u00fa mell\u00e9kvesek\u00e9reg daganatokban<\/em><\/p>\n<\/li>\n<\/ul>\n<div class=\"fontos_div\">\n<p><strong>Current PhD student:<\/strong> Dr. Balint V\u00e9kony<\/p>\n<\/div>\n<h3>Research projects supervised as Principal Investigator:<\/h3>\n<ol>\n<li><strong>ETT<\/strong> \u201eFunkcion\u00e1lis genomikai vizsg\u00e1latok a mell\u00e9kvesek\u00e9reg daganatainak patogenezis\u00e9ben \u2013 k\u00fcl\u00f6n\u00f6s tekintettel a citokinek \u00e9s receptoraik expresszi\u00f3j\u00e1ra\u201d (<em>Functional genomics studies on the pathogenesis of adrenocortical tumours \u2013 focusing ont he expression of cytokines and cytokine receptors<\/em>) 2006-2008 \u2013 <strong>ETT 089\/2006<\/strong><\/li>\n<li><strong>Semmelweis University Research Fund<\/strong> \u201dFunkcion\u00e1lis genomikai vizsg\u00e1latok a mell\u00e9kvesek\u00e9reg daganatok patogenezis\u00e9nek vizsg\u00e1lat\u00e1ban, k\u00fcl\u00f6n\u00f6s hangs\u00fallyal az immunrendszeri medi\u00e1torok szerep\u00e9nek vizsg\u00e1lat\u00e1ra.\u201d (<em>Studies on the pathogenesis of adrenocortical tumours by functional.genomics approaches, focusing on the expression of cytokines and their receptors<\/em>) 2006<\/li>\n<li><strong>OTKA PD project 2008-2010<\/strong> \u201eFunkcion\u00e1lis genomikai, mikroRNS \u00e9s feh\u00e9rje szint\u0171 vizsg\u00e1latok sporadikus mell\u00e9kvese daganatokban, gy\u00f3gyszeresen befoly\u00e1solhat\u00f3 patomechanizmusok felder\u00edt\u00e9s\u00e9re. (<em>Functional genomics, microRNA and protein level studies on sporadic adrenal tumor pathogenesis in search for novel pathomechanisms.<\/em>)\u201d <strong>PD72306 \u2013 scoring: 9 (excellent)<\/strong><\/li>\n<li><strong>OTKA K project<\/strong> 2012-2015.\u00a0 \u201eGy\u00f3gyszeresen befoly\u00e1solhat\u00f3 patomechanizmusok vizsg\u00e1lata a mell\u00e9kvesek\u00e9reg, mell\u00e9kvesevel\u0151 \u00e9s m\u00e1s endokrin szervek daganataiban\u201d (<em>Search for druggable pathomechanisms in adrenocortical, adrenomedullary and other endocrine tumors<\/em>) <strong>K100295 \u2013 scoring: 10 (excellent)<\/strong><\/li>\n<li><strong>OTKA (NKFIH) K project<\/strong> 2015-2019. \u201eKering\u0151 mikroRNS-ek \u00e9s extracellul\u00e1ris vezikul\u00e1k vizsg\u00e1lata a mell\u00e9kvese-daganatok diagn\u00f3zis\u00e1ban\u201d (<em>Studies on circulating microRNA and extracellular vesicles for the diagnosis of adrenal tumours<\/em>)<strong> K115398<\/strong><\/li>\n<li><strong>OTKA (NKFIH) K project 2020-2024<\/strong> &#8220;Studies on non-coding RNA in endocrine tumors&#8221; <strong>K134215<\/strong><\/li>\n<li><strong>OTKA (NKFIH) K project<\/strong> <strong>(2024-2028)<\/strong> &#8220;Search for treatment predictive molecular biomarkers in endocrine tumors by the help of artificial intelligence&#8221;<\/li>\n<\/ol>\n<h3>Languages spoken:<\/h3>\n<ul>\n<li>English (Cambridge Proficiency gr. C)<\/li>\n<li>German (Goethe Institut Zentrale Oberstufe, Gr. C2)<\/li>\n<li>French (DALF (Diplome approfondi de la Langue Francaise), Gr. C2)<\/li>\n<li>Russian (Hungarian Exam of Superior Level, Gr. C1)<\/li>\n<li>Spanish (Hungarian Exam of Medium Level, Gr. B2) \u00a0<\/li>\n<\/ul>\n<h3>Invited speaker at international congresses\/symposia\/university seminars: \u00a0<\/h3>\n<p style=\"padding-left: 40px;\"><strong><em>1. 10-11. Oct. 2024. Endocrinology Update \u2013 Polish-Romanian-Hungarian Scientific Symposium, Gdansk, Poland <\/em><\/strong><strong>Igaz P: <\/strong>Recent advances in primary aldosteronism<\/p>\n<p style=\"padding-left: 40px;\"><strong><em>2. <\/em><\/strong><strong><em>2-4. Oct. 2024.The Joint 23rd ENS@T and 3rd COST Harmonis@tion meeting \u201eFighting Adrenal Tumors Together\u201d \u2013 COST Harmonis@tion Adrenal Tumour Masterclass \u2013 Mallorca, Spain\u00a0<\/em><\/strong><strong>Igaz P: <\/strong>Are microRNAs helpful to predict metastases in ACC and PPGL?<\/p>\n<p style=\"padding-left: 40px;\"><strong><em>3. Feb. 2024. <\/em><\/strong>ACC Summit Webinar \u2013 Connecting minds: Sharing experience from around the world<br \/>\n<strong>Igaz P:<\/strong>\u00a0 Experience with adrenocortical cancer in Hungary<\/p>\n<p style=\"padding-left: 40px;\"><strong><em>4. <\/em><\/strong><strong><em>25-28. June 2023 31. Romanian Congress of Endocrinology, Oradea, Romania<br \/>\n<\/em><\/strong><strong>Igaz P:<\/strong> How to differentiate between benign and malignant adrenal tumors?<\/p>\n<p style=\"padding-left: 40px;\"><strong><em>5. <\/em><\/strong><strong><em>Apr 2023. Novel insights in the genetics and genomics of adrenocortical tumors and pheochromocytomas<br \/>\n<\/em><\/strong><strong><em>Webinar \u2013 organised by MDPI\/Cancers<br \/>\n<\/em><\/strong><strong>Igaz P: <\/strong>Non-coding RNAs in the differential diagnosis of adrenocortical tumors<\/p>\n<p style=\"padding-left: 40px;\"><strong><em>6. <\/em><\/strong><strong><em>May 2022. On-line Seminar in the Precision Medicine PhD programme at the Univ. of Brescia \u2013 on-line<br \/>\n<\/em><\/strong><strong>Igaz P: <\/strong>Non-coding RNAs in adrenocortical tumors with a focus on microRNAs: biomarkers or even potential treatment targets?<\/p>\n<p style=\"padding-left: 40px;\"><strong><em>7. <\/em><\/strong><strong><em>Sep. 2021.-2. Oct. 2021. 8th Adrenal Cancer Symposium, Brescia \u2013 on-line<br \/>\n<\/em><\/strong><strong>Igaz P: <\/strong>Liquid biopsy in the assessment of adrenocortical carcinoma heterogeneity: where are we now?<\/p>\n<p style=\"padding-left: 40px;\"><strong><em>8. 06.2021. 29th Congress of the Romanian Society of Endocerinology \u2013 on-line<br \/>\n<\/em><\/strong><strong>Igaz P:<\/strong> Non-coding RNAs in the diagnosis of adrenal tumors<\/p>\n<p style=\"padding-left: 40px;\"><strong><em>\u00a09. <\/em><\/strong><strong><em>06.2021. Webinar &#8211; Euro-Endo ERN \u2013 European Reference Network for rare or Low prevalence complex diseases<br \/>\n<\/em><\/strong><strong>Igaz P:<\/strong> Clinical and genetic aspects of pheochromocytoma<\/p>\n<p style=\"padding-left: 40px;\"><strong><em>10. <\/em><\/strong><strong><em>European Congress of Endocrinology (ECE 2020) \u2013 Prague \u2013 5-9. September 2020 \u2013 on-line<br \/>\n<\/em><\/strong><strong>Symposium on Adrenocortical Carcinoma: Igaz P: <\/strong>S6.3 Circulating microRNAs in the differential diagnosis of benign and malignant adrenocortical tumours<\/p>\n<p style=\"padding-left: 40px;\"><strong><em>11. <\/em><\/strong><strong><em>Progress in Primary Aldosteronism 6 (PIPA-6) \u2013 Munich, 14-15. <\/em><\/strong><strong><em>October 2019<br \/>\n<\/em><\/strong><strong>Igaz P: <\/strong>Potential roles for microRNAs in primary aldosteronism<\/p>\n<p style=\"padding-left: 40px;\"><strong>\u00a012. <\/strong><strong><em>Adrenal Cancer Symposium \u2013 Clermont Ferrand (27-28 September 2019)<br \/>\n<\/em><\/strong><strong>Igaz P:<\/strong> Circulating microRNAs for the diagnosis of adrenocortical tumors<\/p>\n<p style=\"padding-left: 40px;\"><strong><em>\u00a013. <\/em><\/strong><strong><em>Oct. 2018. IPSEN Oncology Meeting Bucharest (Roumania)<br \/>\n<\/em><\/strong>Overview on NET and somatostatin analogues<\/p>\n<p style=\"padding-left: 40px;\"><strong><em>\u00a014. <\/em><\/strong><strong><em>21-22. June 2018. 5th Central-Eastern European Congress on Cell-Free Nucleic Acids, Debrecen, Hungary <br \/>\n<\/em><\/strong>Igaz P: Circulating microRNAs and tumors<\/p>\n<p style=\"padding-left: 40px;\"><strong><em>\u00a015. <\/em><\/strong><strong><em>19-22. May 2018. 20th European Congress of Endocrinology, ECE2018, Barcelona, Spain<br \/>\n<\/em><\/strong><strong>New Scientific Approach 5 (22. May) &#8211; Igaz P: <\/strong>Circulating miRNAs in endocrine tumors<\/p>\n<p style=\"padding-left: 40px;\"><strong><em>16. <\/em><\/strong><strong><em>22-25. Feb. 2018. 22nd European Society of Endocrinology, Postgraduate Clinical Course on Endocrinology, Diabetes and Metabolism, Visegr\u00e1d, Hungary <br \/>\n<\/em><\/strong>Igaz P. Establishment of malignancy in adrenocortical tumours<\/p>\n<p style=\"padding-left: 40px;\"><strong><em>17. <\/em><\/strong><strong><em>Jan. 2018 Laboratory Seminar at the University of Z\u00fcrich<\/em><\/strong>, Klinik f\u00fcr Endokrinologie, Diabetologie und Klinische Ern\u00e4hrung &#8211; 9 cis retinoic acid and circulating microRNAs in adrenocortical tumors<\/p>\n<p style=\"padding-left: 40px;\"><strong><em>18. <\/em><\/strong><strong><em>Jul. 2017. University Seminar at the University of Brescia, Italy<\/em><\/strong><strong>: <br \/>\nIgaz P:<\/strong> Circulating miRNA in the diagnosis and prognosis of adrenocortical carcinoma<\/p>\n<p style=\"padding-left: 40px;\"><strong><em>19. <\/em><\/strong><strong><em>8-10. Feb. 2017. European Society of Endocrinology Basic Course, Budapest<br \/>\n<\/em><\/strong><strong>Igaz P:<\/strong> MicroRNAs as biomarkers in adrenocortical cancer<\/p>\n<p style=\"padding-left: 40px;\"><strong><em>20. <\/em><\/strong><strong><em>16. May \u2013 20.\u00a0 May 2015. 17<sup>th<\/sup><\/em><\/strong><strong> <em>European Congress of Endocrinology, Dublin<br \/>\n<\/em><\/strong><strong>Symposium 16.3. Igaz P: <\/strong>miRNA as biomarkers in adrenal cancer?<\/p>\n<p style=\"padding-left: 40px;\"><strong>\u00a021. <\/strong><strong>27. Apr. \u2013 1. May 2013. <em>15<sup>th<\/sup> European Congress of Endocrinology, Copenhagen<br \/>\n<\/em><\/strong>Symposium 19.3 &#8211; <strong>Igaz P:<\/strong> MicroRNAs and gene expression patterns in adrenal tumours<\/p>\n<p style=\"padding-left: 40px;\"><strong>22. <\/strong><strong>22-23 Feb. 2013. Fourth International Symposium on Adrenal Cancer (FISAC2013,)<br \/>\n<\/strong><strong>Igaz P:<\/strong> Tissue miRNome as potential biomarkers for adrenocortical cancer<\/p>\n<p style=\"padding-left: 40px;\"><strong>23. Dec. 2012.\u00a0 1<sup>st<\/sup> ComitNET Meeting (Prague) \u2013 Meeting host and five oral presentations<\/strong><\/p>\n<p style=\"padding-left: 40px;\"><strong>24. 22-24. March 2012. 46th Annual Scientific Meeting of the European Society for Clinical Investigation (ESCI2012) <br \/>\n<\/strong>Symposium: Igaz P: Analysis of microRNAs in adrenal tumors<\/p>\n<p style=\"padding-left: 40px;\"><strong>25. <\/strong><strong>19-22. March 2012. Society for Endocrinology, BES2012, Harrogate, UK<br \/>\n<\/strong><strong>Symposium: \u00a0\u00a0 Igaz P:<\/strong> MicroRNAs in the diagnosis and therapy of endocrine cancers<\/p>\n<p style=\"padding-left: 40px;\"><strong>26. 30. Apr\u20134. May 2011. 13<sup>th<\/sup> European Congress of Endocrinology, Rotterdam<br \/>\n<\/strong>Symposium 27 \u2013 <strong>Igaz P:<\/strong> Transcriptome analysis and microRNAs in adrenal tumours<\/p>\n<h3>Membership in International Scientific Committees:<\/h3>\n<p style=\"padding-left: 40px;\"><strong><em>2011-2016 <\/em><\/strong><strong>ESE-ENDO IESP<\/strong> \u2013 European Society of Endocrinology \u2013 Endocrine Society International endocrine scholars programme \u2013 Selection Committee member (Grant selection) <strong><em>2015-2018<\/em><\/strong> \u2013 <strong>ENS@T <\/strong>(European Network for the Study of Adrenal Tumors), <strong>Adrenocortical Cancer Workgroup Scientific Board<\/strong> \u2013 member<\/p>\n<p style=\"padding-left: 40px;\"><strong><em>2016. <\/em><\/strong><strong>European Society of Endocrinology Finance Committee<\/strong> (member)<\/p>\n<p style=\"padding-left: 40px;\"><strong><em>2022-<\/em><\/strong> COST Action \u201eHarmonizing clinical care and research on adrenal tumours in European countries\u201d Working Group 4 (Harmonizing legal and ethical aspects) \u2013 vice chairman<\/p>\n<p style=\"padding-left: 40px;\"><strong><em>2022<\/em><\/strong>&#8211; ENS@T: Aldosterone producing adenoma Working Group \u2013 scientific board member, 2025- Working Group head<\/p>\n<p style=\"padding-left: 40px;\"><strong><em>2023<\/em><\/strong>&#8211; ENETS (European Neuroendocrine Tumor Society) Scientific Advisory Board Member<\/p>\n<p style=\"padding-left: 40px;\"><strong><em>2023<\/em><\/strong>&#8211; ESE Education Committee member<\/p>\n<h3>Scientific decorations, Prizes:<\/h3>\n<ul>\n<li><u>1994-1997<\/u> Hungarian Republican Scholarhip<\/li>\n<li>1997 Abstract Award of the Hungarian Society for Immunology, 2<sup>nd<\/sup> Prize<\/li>\n<li><u>1998<\/u>. Babics Award for article written in Hungarian (divided)<\/li>\n<li><u>1999:<\/u> Youth Award of the Hungarian Society for Endocrinology and Metabolism for article in the field of Neuroendocrinology<\/li>\n<li><u>2001-2003<\/u> <strong><em>Hungarian Academy of Sciences J\u00e1nos Bolyai Postdoctoral Research Scholarship (2 years)<\/em><\/strong><\/li>\n<li><u>May 2002.<\/u> Award for the best oral presentation at the XIX. Congress of Hungarian Society for Endocrinology and Metabolism<\/li>\n<li><u>2006-2007<\/u> <strong><em>Hungarian Academy of Sciences J\u00e1nos Bolyai Postdoctoral Research Scholarship (1 year)<\/em><\/strong><\/li>\n<li><strong>2006 <\/strong>Markusovszky Lajos Award for an article published in the Hungarian Medical Journal (Orvosi Hetilap)<\/li>\n<li><u>2006:<\/u> Youth Award of the Hungarian Society for Endocrinology and Metabolism for article in the field of Neuroendocrinology.<\/li>\n<li><u>2008:<\/u> Novartis award for poster on neuroendocrine tumors<\/li>\n<li><u>2008:<\/u> <strong><em>Gedeon Richter Ltd. Research Award<\/em><\/strong><\/li>\n<li><u>2009:<\/u> <strong><em>Gedeon Richter Ltd. Publication Award<\/em><\/strong><\/li>\n<li><u>2012:<\/u> Merit Award of Semmelweis University<\/li>\n<li>2013 Markusovszky Lajos Award for an article published in the Hungarian Medical Journal (Orvosi Hetilap)<\/li>\n<li><u>2013:<\/u> <strong><em>Jendrassik Ern\u0151 Award and Plaquet from Semmelweis University<\/em><\/strong><\/li>\n<li>2018:<u><\/u> Markusovszky Lajos Award for an article published in the Hungarian Medical Journal\u00a0<\/li>\n<li>2022: <em><strong>Flerk\u00f3-B\u00e1rdos A<span style=\"font-size: 1rem;\">ward and Plaquet<\/span><\/strong><\/em><\/li>\n<\/ul>\n<h3>Editorial Membership in Journal Editorial Boards:<\/h3>\n<ul>\n<li><strong>2006-<\/strong> onward: member of the Editorial Board of the \u201eHungarian Medical Journal\u201d<\/li>\n<li><strong>2010<\/strong>&#8211; Associate Editorial Board Member, American Journal of Cancer Research\u00a0<\/li>\n<li>2020- Associate Editor, Frontiers in Genetics (section RNA), Guest Editor: Frontiers in Endocrinology,<\/li>\n<li>2019, <a href=\"http:\/\/www.frontiersin.org\/Journal\/SpecialTopicDetail.aspx?s=695&amp;name=Molecular%20and%20Structural%20Endocrinology&amp;st=8550&amp;sname=Endocrine_Forms_of_Hypertension_Clinical_and_Emerging_Molecular_Aspects\">Endocrine Forms of Hypertension: Clinical and Emerging Molecular Aspects <\/a>\u00a0&#8211; Guest Editors: Teresa M. Seccia and Peter Igaz <em>IF (2019): 3.644<\/em> Guest Editor: Cancers (IF: 6.575), 2021 &#8211; New Insights in the Genetics and Genomics of Adrenocortical Tumors and Pheochromocytomas , 2024. Dec. &#8211; Associate Editor &#8211; Endocrine Related Cancer (Q1 Journal, IF: 4.1)<\/li>\n<\/ul>\n<h3>Awards of PhD-students under my tutorship: PhD students:<\/h3>\n<ol>\n<li>2022. Best poster in Adrenocortical cancer &#8211; ENSAT &#8211; Peter Turai MD<\/li>\n<li>2022. Youth Award of the Hungarian Society for Endocrinology and Metabolism: Peter Turai MD<\/li>\n<li>2019. Youth Award of the Hungarian Society for Endocrinology and Metabolism: Abel Decmann MD<\/li>\n<li><strong><em>2018. ENSAT (European Network for the Study of Adrenal Tumors) \u2013 NAPACA (non-aldosterone producing adenoma) award: \u00c1bel Decmann MD<\/em><\/strong><\/li>\n<li>2018. Semmelweis University PhD conference: P\u00e1l Perge MD \u2013 special award<\/li>\n<li>2015. Semmelweis University PhD conference: Zolt\u00e1n Nagy MD \u2013 III. award<\/li>\n<li>2014. Youth Award of the Hungarian Society for Endocrinology and Metabolism: Diana Rita Szab\u00f3<\/li>\n<li><strong><em>2012. 8th YSA-PhD-Symposium, Vienna: Diana Rita Szab\u00f3 \u2013 award for the best poster in section 22.<\/em><\/strong><\/li>\n<li>2012. Semmelweis University PhD conference: Diana Rita Szab\u00f3 \u2013 special award<\/li>\n<li>2010. Youth Award of the Hungarian Society for Endocrinology and Metabolism: Peter M Szab\u00f3 MD<\/li>\n<li>2010. Semmelweis University PhD conference: Zs\u00f3fia T\u00f6mb\u00f6l MD \u2013 special award<\/li>\n<li><strong><em>2009. European Society of Endocrinology Young Investigator Award \u2013 <\/em><\/strong><strong style=\"font-size: 1rem;\"><em>Zs\u00f3fia T\u00f6mb\u00f6l MD<\/em><\/strong><\/li>\n<li><span style=\"font-size: 1rem;\">2009. Semmelweis University, Excellent PhD Student Award \u2013 Zs\u00f3fia T\u00f6mb\u00f6l MD <\/span><\/li>\n<li><span style=\"font-size: 1rem;\">\u00a02008. Semmelweis University PhD conference: Zs\u00f3fia T\u00f6mb\u00f6l MD \u2013 special award<\/span><\/li>\n<\/ol>\n","protected":false},"excerpt":{"rendered":"<p>Qualifications: \u00a0\u00a0\u00a0\u00a0\u00a0 Physician, MD (1997) PhD (1999) Biologist, MSc (specialisation: molecular biology) (1999) Board certificate in internal medicine (2002) Jurist, JD (2005) Board certificate in endocrinology (2005) Board certificate in clinical genetics (2008) Board certificate &hellip;<\/p>\n","protected":false},"author":93,"featured_media":0,"parent":0,"menu_order":0,"comment_status":"closed","ping_status":"closed","template":"","meta":{"footnotes":""},"class_list":["post-2","page","type-page","status-publish","hentry"],"_links":{"self":[{"href":"https:\/\/scholar.semmelweis.hu\/igazpeter\/wp-json\/wp\/v2\/pages\/2"}],"collection":[{"href":"https:\/\/scholar.semmelweis.hu\/igazpeter\/wp-json\/wp\/v2\/pages"}],"about":[{"href":"https:\/\/scholar.semmelweis.hu\/igazpeter\/wp-json\/wp\/v2\/types\/page"}],"author":[{"embeddable":true,"href":"https:\/\/scholar.semmelweis.hu\/igazpeter\/wp-json\/wp\/v2\/users\/93"}],"replies":[{"embeddable":true,"href":"https:\/\/scholar.semmelweis.hu\/igazpeter\/wp-json\/wp\/v2\/comments?post=2"}],"version-history":[{"count":18,"href":"https:\/\/scholar.semmelweis.hu\/igazpeter\/wp-json\/wp\/v2\/pages\/2\/revisions"}],"predecessor-version":[{"id":71,"href":"https:\/\/scholar.semmelweis.hu\/igazpeter\/wp-json\/wp\/v2\/pages\/2\/revisions\/71"}],"wp:attachment":[{"href":"https:\/\/scholar.semmelweis.hu\/igazpeter\/wp-json\/wp\/v2\/media?parent=2"}],"curies":[{"name":"wp","href":"https:\/\/api.w.org\/{rel}","templated":true}]}}