{"id":1,"date":"2016-06-28T09:47:02","date_gmt":"2016-06-28T07:47:02","guid":{"rendered":"http:\/\/scholar.semmelweis.hu\/horvathklara\/elerhetoseg\/"},"modified":"2025-12-01T14:28:11","modified_gmt":"2025-12-01T13:28:11","slug":"elerhetoseg","status":"publish","type":"page","link":"https:\/\/scholar.semmelweis.hu\/horvathklara\/elerhetoseg\/","title":{"rendered":"El\u00e9rhet\u0151s\u00e9g"},"content":{"rendered":"<p><strong>Dr. Horv\u00e1th Kl\u00e1ra, PhD<\/strong><\/p>\n<p>adjunktus<\/p>\n<p>csecsem\u0151- \u00e9s gyermekgy\u00f3gy\u00e1sz szakorvos<\/p>\n<p>csecsem\u0151- \u00e9s gyermekintenz\u00edv ter\u00e1pi\u00e1s szakorvos<\/p>\n<p><strong>Int\u00e9zet<\/strong>: Semmelweis Egyetem, Gyermekgy\u00f3gy\u00e1szati Klinika<br \/>\n<strong>C\u00edm<\/strong>: 1094 Budapest, T\u0171zolt\u00f3 u. 7-9.<br \/>\n<strong>Tel.:<\/strong>\u00a006-1-215-1380<br \/>\n<strong>Email<\/strong>: horvath.klara@semmelweis.hu<\/p>\n<p>&nbsp;<\/p>\n","protected":false},"excerpt":{"rendered":"<p>Dr. Horv\u00e1th Kl\u00e1ra, PhD<br \/>\nadjunktus<br \/>\ncsecsem\u0151- \u00e9s gyermekgy\u00f3gy\u00e1sz szakorvos<br \/>\ncsecsem\u0151- \u00e9s gyermekintenz\u00edv ter\u00e1pi\u00e1s szakorvos<br \/>\nInt\u00e9zet: Semmelweis Egyetem, Gyermekgy\u00f3gy\u00e1szati Klinika<br \/>\nC\u00edm: 1094 Budapest, T\u0171zolt\u00f3 u. 7-9.<br \/>\nTel.:\u00a006-1-215-1380<br \/>\nEmail: horvath.klara@semmelweis.hu<br \/>\n&nbsp;<\/p>\n","protected":false},"author":88,"featured_media":0,"parent":0,"menu_order":0,"comment_status":"closed","ping_status":"closed","template":"","meta":{"footnotes":""},"class_list":["post-1","page","type-page","status-publish","hentry"],"_links":{"self":[{"href":"https:\/\/scholar.semmelweis.hu\/horvathklara\/wp-json\/wp\/v2\/pages\/1"}],"collection":[{"href":"https:\/\/scholar.semmelweis.hu\/horvathklara\/wp-json\/wp\/v2\/pages"}],"about":[{"href":"https:\/\/scholar.semmelweis.hu\/horvathklara\/wp-json\/wp\/v2\/types\/page"}],"author":[{"embeddable":true,"href":"https:\/\/scholar.semmelweis.hu\/horvathklara\/wp-json\/wp\/v2\/users\/88"}],"replies":[{"embeddable":true,"href":"https:\/\/scholar.semmelweis.hu\/horvathklara\/wp-json\/wp\/v2\/comments?post=1"}],"version-history":[{"count":4,"href":"https:\/\/scholar.semmelweis.hu\/horvathklara\/wp-json\/wp\/v2\/pages\/1\/revisions"}],"predecessor-version":[{"id":34,"href":"https:\/\/scholar.semmelweis.hu\/horvathklara\/wp-json\/wp\/v2\/pages\/1\/revisions\/34"}],"wp:attachment":[{"href":"https:\/\/scholar.semmelweis.hu\/horvathklara\/wp-json\/wp\/v2\/media?parent=1"}],"curies":[{"name":"wp","href":"https:\/\/api.w.org\/{rel}","templated":true}]}}