{"id":5,"date":"2022-06-16T09:18:56","date_gmt":"2022-06-16T07:18:56","guid":{"rendered":"https:\/\/scholar.semmelweis.hu\/hegeduskatalin\/bemutatkozas\/"},"modified":"2025-03-26T14:20:36","modified_gmt":"2025-03-26T13:20:36","slug":"bemutatkozas","status":"publish","type":"page","link":"https:\/\/scholar.semmelweis.hu\/hegeduskatalin\/","title":{"rendered":"Bemutatkoz\u00e1s"},"content":{"rendered":"<p>38 \u00e9ve dolgozom a Semmelweis Egyetemen oktat\u00f3k\u00e9nt \u00e9s kutat\u00f3k\u00e9nt. A Magatart\u00e1studom\u00e1nyi Int\u00e9zet egyik alap\u00edt\u00f3 tagjak\u00e9nt 17 \u00e9vig az Int\u00e9zet oktat\u00e1si igazgat\u00f3helyettesek\u00e9nt is tev\u00e9kenykedtem. 2016-ban eg\u00e9szs\u00e9gpszichol\u00f3gi\u00e1b\u00f3l habilit\u00e1ltam a Semmelweis Egyetemen. A hal\u00e1l, haldokl\u00e1s \u00e9s gy\u00e1sz etikai, kommunik\u00e1ci\u00f3s \u00e9s ment\u00e1lhigi\u00e9n\u00e9s aspektusait vizsg\u00e1l\u00f3 t\u00e9m\u00e1ban vezetem a Tanatol\u00f3gia kutat\u00f3csoportot. 6 v\u00e9gzett \u00e9s 4 akt\u00edv PhD hallgat\u00f3m van. Az \u00c1ltal\u00e1nos Orvostudom\u00e1nyi Kar hallgat\u00f3i sz\u00e1m\u00e1ra 21 \u00e9ve minden f\u00e9l\u00e9vben indul a Tanatol\u00f3giai ismeretek c\u00edm\u0171 kurzusom.<\/p>\n","protected":false},"excerpt":{"rendered":"<p>38 \u00e9ve dolgozom a Semmelweis Egyetemen oktat\u00f3k\u00e9nt \u00e9s kutat\u00f3k\u00e9nt. A Magatart\u00e1studom\u00e1nyi Int\u00e9zet egyik alap\u00edt\u00f3 tagjak\u00e9nt 17 \u00e9vig az Int\u00e9zet oktat\u00e1si igazgat\u00f3helyettesek\u00e9nt is tev\u00e9kenykedtem. 2016-ban eg\u00e9szs\u00e9gpszichol\u00f3gi\u00e1b\u00f3l habilit\u00e1ltam a Semmelweis Egyetemen. A hal\u00e1l, haldokl\u00e1s \u00e9s gy\u00e1sz etikai, &hellip;<\/p>\n","protected":false},"author":151,"featured_media":0,"parent":0,"menu_order":0,"comment_status":"closed","ping_status":"closed","template":"","meta":{"footnotes":""},"class_list":["post-5","page","type-page","status-publish","hentry"],"_links":{"self":[{"href":"https:\/\/scholar.semmelweis.hu\/hegeduskatalin\/wp-json\/wp\/v2\/pages\/5"}],"collection":[{"href":"https:\/\/scholar.semmelweis.hu\/hegeduskatalin\/wp-json\/wp\/v2\/pages"}],"about":[{"href":"https:\/\/scholar.semmelweis.hu\/hegeduskatalin\/wp-json\/wp\/v2\/types\/page"}],"author":[{"embeddable":true,"href":"https:\/\/scholar.semmelweis.hu\/hegeduskatalin\/wp-json\/wp\/v2\/users\/151"}],"replies":[{"embeddable":true,"href":"https:\/\/scholar.semmelweis.hu\/hegeduskatalin\/wp-json\/wp\/v2\/comments?post=5"}],"version-history":[{"count":6,"href":"https:\/\/scholar.semmelweis.hu\/hegeduskatalin\/wp-json\/wp\/v2\/pages\/5\/revisions"}],"predecessor-version":[{"id":41,"href":"https:\/\/scholar.semmelweis.hu\/hegeduskatalin\/wp-json\/wp\/v2\/pages\/5\/revisions\/41"}],"wp:attachment":[{"href":"https:\/\/scholar.semmelweis.hu\/hegeduskatalin\/wp-json\/wp\/v2\/media?parent=5"}],"curies":[{"name":"wp","href":"https:\/\/api.w.org\/{rel}","templated":true}]}}