{"id":4,"date":"2022-06-16T09:18:56","date_gmt":"2022-06-16T07:18:56","guid":{"rendered":"https:\/\/scholar.semmelweis.hu\/hegeduskatalin\/cv\/"},"modified":"2025-03-26T14:12:42","modified_gmt":"2025-03-26T13:12:42","slug":"cv","status":"publish","type":"page","link":"https:\/\/scholar.semmelweis.hu\/hegeduskatalin\/cv\/","title":{"rendered":"CV"},"content":{"rendered":"<p><strong>Dr. Heged\u00fcs Katalin<\/strong><\/p>\n<p><strong>Tanulm\u00e1nyok:<\/strong>\u00a0\u00a0\u00a0\u00a0\u00a0\u00a0\u00a0\u00a0\u00a0\u00a0\u00a0\u00a0\u00a0\u00a0\u00a0\u00a0\u00a0\u00a0\u00a0\u00a0\u00a0<\/p>\n<p>1971-1976 ELTE BTK, magyar szakos k\u00f6z\u00e9piskolai tan\u00e1r<\/p>\n<p>1989-1992 MTA tov\u00e1bbk\u00e9pz\u00e9si \u00f6szt\u00f6nd\u00edjas<\/p>\n<p>1994-1997 Semmelweis Egyetem, ment\u00e1lhigi\u00e9n\u00e9s szakember<\/p>\n<p>1994-1999 Magyar Pszichodr\u00e1ma Egyes\u00fclet, pszichodr\u00e1ma vezet\u0151<\/p>\n<p>2015-2019\u00a0 Magyar Csal\u00e1dter\u00e1pi\u00e1s Egyes\u00fclet, csal\u00e1dterapeuta<\/p>\n<p><strong>Tov\u00e1bbk\u00e9pz\u00e9sek: <\/strong>\u00a0\u00a0\u00a0\u00a0\u00a0\u00a0\u00a0\u00a0\u00a0\u00a0\u00a0\u00a0\u00a0\u00a0\u00a0<\/p>\n<p>1993-1994 Hospiz Graz, hospice tan\u00e1csad\u00f3<\/p>\n<p>1998-1999 Gy\u00e1sztan\u00e1csad\u00f3<\/p>\n<p>2005-2006 Life Skills\u2013kommunik\u00e1ci\u00f3s tr\u00e9ner, facilit\u00e1tor<\/p>\n<p>2016 Gy\u00e1szfeldolgoz\u00e1s m\u00f3dszer specialista (Grief Recovery Institute)<\/p>\n<p><strong>\u00a0Min\u0151s\u00edt\u00e9sek:<\/strong> \u00a0\u00a0\u00a0\u00a0\u00a0\u00a0\u00a0\u00a0\u00a0\u00a0\u00a0\u00a0\u00a0\u00a0\u00a0\u00a0\u00a0\u00a0\u00a0\u00a0\u00a0\u00a0 1987 egyetemi doktor<\/p>\n<p>\u00a0\u00a0\u00a0\u00a0\u00a0\u00a0\u00a0\u00a0\u00a0\u00a0\u00a0\u00a0\u00a0\u00a0\u00a0\u00a0\u00a0\u00a0\u00a0\u00a0\u00a0\u00a0\u00a0\u00a0\u00a0\u00a0\u00a0\u00a0\u00a0\u00a0\u00a0\u00a0\u00a0\u00a0\u00a0\u00a0\u00a0\u00a0\u00a0\u00a0\u00a0\u00a0\u00a0\u00a0\u00a0\u00a0 1994\u00a0 kandid\u00e1tus (PhD)<\/p>\n<p>\u00a0\u00a0\u00a0\u00a0\u00a0\u00a0\u00a0\u00a0\u00a0\u00a0\u00a0\u00a0\u00a0\u00a0\u00a0\u00a0\u00a0\u00a0\u00a0\u00a0\u00a0\u00a0\u00a0\u00a0\u00a0\u00a0\u00a0\u00a0\u00a0\u00a0\u00a0\u00a0\u00a0\u00a0\u00a0\u00a0\u00a0\u00a0\u00a0\u00a0\u00a0\u00a0\u00a0\u00a0\u00a0\u00a0 2015\u00a0 habilit\u00e1lt doktor (eg\u00e9szs\u00e9gpszichol\u00f3gia)<\/p>\n<p><strong>\u00a0Munkahelyek:\u00a0\u00a0\u00a0\u00a0\u00a0\u00a0\u00a0\u00a0\u00a0 <\/strong>\u00a0\u00a0\u00a0\u00a0\u00a0\u00a0\u00a0\u00a0\u00a0<\/p>\n<p>1976-1984 ELTE K\u00f6nyvt\u00e1ra, Budapest<\/p>\n<p>1984-1987 Agr\u00e1rtudom\u00e1nyi Egyetem, G\u00f6d\u00f6ll\u0151, Filoz\u00f3fia-Szociol\u00f3gia Tansz\u00e9k<\/p>\n<p>1987-\u00a0 Semmelweis Orvostudom\u00e1nyi Egyetem,<\/p>\n<p>T\u00e1rsadalomtudom\u00e1nyi Int\u00e9zet, majd \u00a0\u00a0\u00a0\u00a0\u00a0\u00a0\u00a0\u00a0\u00a0\u00a0<\/p>\n<p>Magatart\u00e1studom\u00e1nyi Int\u00e9zet<\/p>\n<p><strong>Beoszt\u00e1sok:\u00a0\u00a0 <\/strong>\u00a0\u00a0\u00a0\u00a0\u00a0\u00a0\u00a0\u00a0\u00a0\u00a0\u00a0\u00a0\u00a0\u00a0\u00a0\u00a0\u00a0\u00a0\u00a0\u00a0\u00a0\u00a0\u00a0<\/p>\n<p>1976-1984 k\u00f6nyvt\u00e1ros-dokument\u00e1tor<\/p>\n<p>1984-1994 egyetemi tan\u00e1rseg\u00e9d<\/p>\n<p>1994-2011 egyetemi adjunktus<\/p>\n<p>2001-2017 oktat\u00e1si igazgat\u00f3helyettes<\/p>\n<p>2011 \u2013 egyetemi docens<\/p>\n<p>2015 \u2013 habilit\u00e1lt egyetemi docens<\/p>\n<p>2019 \u2013 ny. habilit\u00e1lt egyetemi docens<\/p>\n<p><strong>Oktat\u00f3i tev\u00e9kenys\u00e9g:<\/strong><\/p>\n<ul>\n<li>el\u0151ad\u00e1sok \u00e9s gyakorlatok vezet\u00e9se orvosi kommunik\u00e1ci\u00f3 \u00e9s orvosi etika tant\u00e1rgyakb\u00f3l<\/li>\n<li>Tanatol\u00f3gia szabadon v\u00e1laszthat\u00f3 kurzus vezet\u00e9se (2004-t\u0151l)<\/li>\n<li>folyamatos oktat\u00e1s \u00e9s kommunik\u00e1ci\u00f3s tr\u00e9ningek vezet\u00e9se orvos- \u00e9s \u00e1pol\u00f3 tov\u00e1bbk\u00e9pz\u00e9seken<\/li>\n<\/ul>\n<p><strong>Kutat\u00e1si programok vezet\u00e9se:<\/strong><\/p>\n<ol>\n<li>A haldokl\u00f3k jogai, az eutan\u00e1zia k\u00e9rd\u00e9sei. A haldokl\u00e1s \u00e9s gy\u00e1sz kommunik\u00e1ci\u00f3s \u00e9s ment\u00e1lhigi\u00e9n\u00e9s aspektusai. A haldokl\u00f3 betegek hospice szellem\u0171 ell\u00e1t\u00e1sa.<\/li>\n<li>A s\u00falyos betegekkel foglalkoz\u00f3k testi \u00e9s lelki \u00e1llapota. Ki\u00e9getts\u00e9g \u00e9s munkahelyi stressz.<\/li>\n<\/ol>\n<p>Sz\u00e9chenyi Professzori \u00d6szt\u00f6nd\u00edj elnyer\u00e9se &#8222;A haldokl\u00f3 daganatos betegek hospice szellem\u0171 gondoz\u00e1sa&#8221; c. kutat\u00e1si t\u00e9m\u00e1ban (1997-2000).<\/p>\n<p>TDK \u00e9s PhD t\u00e9mavezet\u0151i tev\u00e9kenys\u00e9g a fenti t\u00e9m\u00e1kban. (4 jelenlegi, 6 v\u00e9gzett PhD hallgat\u00f3, sz\u00e1mos d\u00edjazott TDK hallgat\u00f3)<\/p>\n<p>A Semmelweis Egyetem Doktori iskol\u00e1j\u00e1nak tagja.<\/p>\n<p><strong>Tudom\u00e1nyos publik\u00e1ci\u00f3k sz\u00e1ma (MTMT alapj\u00e1n): 573<\/strong><\/p>\n<p>F\u00fcggetlen id\u00e9zetts\u00e9g:1089<\/p>\n<p>Hirsch Index: 14<\/p>\n<p>MTMT link: https:\/\/m2.mtmt.hu\/gui2\/?type=authors&amp;mode=browse&amp;sel=authors10023071<\/p>\n<p><strong>Klinikai gyakorlat:<\/strong><\/p>\n<p>1992-1993\u00a0\u00a0\u00a0\u00a0\u00a0 \u00dajpesti V\u00e1rosi K\u00f3rh\u00e1z (hospice \u00f6nk\u00e9ntes)<\/p>\n<p>1994-1998\u00a0\u00a0\u00a0\u00a0\u00a0 Szent Istv\u00e1n K\u00f3rh\u00e1z, Szent L\u00e1szl\u00f3 K\u00f3rh\u00e1z, (ment\u00e1lhigi\u00e9nikus)<\/p>\n<p>2001- 2004\u00a0\u00a0 \u00a0 MAZSIHISZ Szeretetk\u00f3rh\u00e1z, Hospice mobil team (vezet\u0151)<\/p>\n<p>2004-\u00a0\u00a0\u00a0\u00a0\u00a0\u00a0\u00a0\u00a0\u00a0\u00a0\u00a0\u00a0\u00a0 Hospice- \u00e9s gy\u00e1sztan\u00e1csad\u00f3i ment\u00e1lhigi\u00e9n\u00e9s tev\u00e9kenys\u00e9g (Gy\u00e1szfeldolgoz\u00e1s M\u00f3dszer, Antropos Ment\u00e1lhigi\u00e9n\u00e9s M\u00f3dszertani K\u00f6zpont)<\/p>\n<p>2019-\u00a0\u00a0\u00a0\u00a0\u00a0\u00a0\u00a0\u00a0\u00a0\u00a0\u00a0\u00a0 Csal\u00e1d- \u00e9s p\u00e1rter\u00e1pia (Antropos Ment\u00e1lhigi\u00e9n\u00e9s M\u00f3dszertani K\u00f6zpont) \u00a0\u00a0\u00a0\u00a0<\/p>\n<p><strong>Nyelvismeret:<\/strong> francia (C t\u00edpus\u00fa k\u00f6z\u00e9pfok\u00fa nyelvvizsga), angol (t\u00e1rsalg\u00e1si szint\u0171)<\/p>\n<p><strong>T\u00e1rsas\u00e1gokban, egyes\u00fcletekben val\u00f3 r\u00e9szv\u00e9tel: <\/strong><\/p>\n<ul>\n<li>European Association for Palliative Care<\/li>\n<li>Magyar Hospice-Palliat\u00edv Egyes\u00fclet<\/li>\n<li>Magyar Pszichoonkol\u00f3giai T\u00e1rsas\u00e1g<\/li>\n<li>Selye Magatart\u00e1studom\u00e1nyi T\u00e1rsas\u00e1g<\/li>\n<li>Magyar Csal\u00e1dter\u00e1pi\u00e1s Egyes\u00fclet<\/li>\n<\/ul>\n<p><strong>Szak\u00e9rt\u0151i tev\u00e9kenys\u00e9g: <\/strong><\/p>\n<ul>\n<li>Orsz\u00e1gos szak\u00e9rt\u0151i \u00e9s vizsgaeln\u00f6ki tev\u00e9kenys\u00e9g hospice\/palliat\u00edv t\u00e9m\u00e1ban<\/li>\n<li>Eur\u00f3pa Tan\u00e1cs, Committee of Expert on the Organization of Palliative Care<\/li>\n<li>Hospice-Palliat\u00edv Szakmai Koll\u00e9gium, tan\u00e1csad\u00f3<\/li>\n<\/ul>\n<p><strong>Foly\u00f3ratok szerkeszt\u0151bizotts\u00e1g\u00e1ban val\u00f3 r\u00e9szv\u00e9tel:<\/strong><\/p>\n<ul>\n<li>Lege Artis Medicinae<\/li>\n<li>Khar\u00f3n Thanatol\u00f3giai Szemle (f\u0151szerkeszt\u0151)<\/li>\n<li>Orvosi Hetilap<\/li>\n<li>Palliative Medicine in Practice<\/li>\n<li>Psychoonkologia<\/li>\n<li>Health Psychology Report<\/li>\n<\/ul>\n<p><strong>Kit\u00fcntet\u00e9sek, d\u00edjak:<\/strong><\/p>\n<ul>\n<li>Sz\u00e9chenyi Professzori \u00d6szt\u00f6nd\u00edj (1997-2000)<\/li>\n<li>LAM d\u00edj (2008)<\/li>\n<li>Batthy\u00e1ny Strattmann L\u00e1szl\u00f3 d\u00edj (2012)<\/li>\n<li>Polcz Alaine eml\u00e9k\u00e9rem (2014)<\/li>\n<\/ul>\n<p>&nbsp;<\/p>\n","protected":false},"excerpt":{"rendered":"<p>Dr. Heged\u00fcs Katalin Tanulm\u00e1nyok:\u00a0\u00a0\u00a0\u00a0\u00a0\u00a0\u00a0\u00a0\u00a0\u00a0\u00a0\u00a0\u00a0\u00a0\u00a0\u00a0\u00a0\u00a0\u00a0\u00a0\u00a0 1971-1976 ELTE BTK, magyar szakos k\u00f6z\u00e9piskolai tan\u00e1r 1989-1992 MTA tov\u00e1bbk\u00e9pz\u00e9si \u00f6szt\u00f6nd\u00edjas 1994-1997 Semmelweis Egyetem, ment\u00e1lhigi\u00e9n\u00e9s szakember 1994-1999 Magyar Pszichodr\u00e1ma Egyes\u00fclet, pszichodr\u00e1ma vezet\u0151 2015-2019\u00a0 Magyar Csal\u00e1dter\u00e1pi\u00e1s Egyes\u00fclet, csal\u00e1dterapeuta Tov\u00e1bbk\u00e9pz\u00e9sek: \u00a0\u00a0\u00a0\u00a0\u00a0\u00a0\u00a0\u00a0\u00a0\u00a0\u00a0\u00a0\u00a0\u00a0\u00a0 1993-1994 Hospiz &hellip;<\/p>\n","protected":false},"author":151,"featured_media":0,"parent":0,"menu_order":0,"comment_status":"closed","ping_status":"closed","template":"","meta":{"footnotes":""},"class_list":["post-4","page","type-page","status-publish","hentry"],"_links":{"self":[{"href":"https:\/\/scholar.semmelweis.hu\/hegeduskatalin\/wp-json\/wp\/v2\/pages\/4"}],"collection":[{"href":"https:\/\/scholar.semmelweis.hu\/hegeduskatalin\/wp-json\/wp\/v2\/pages"}],"about":[{"href":"https:\/\/scholar.semmelweis.hu\/hegeduskatalin\/wp-json\/wp\/v2\/types\/page"}],"author":[{"embeddable":true,"href":"https:\/\/scholar.semmelweis.hu\/hegeduskatalin\/wp-json\/wp\/v2\/users\/151"}],"replies":[{"embeddable":true,"href":"https:\/\/scholar.semmelweis.hu\/hegeduskatalin\/wp-json\/wp\/v2\/comments?post=4"}],"version-history":[{"count":8,"href":"https:\/\/scholar.semmelweis.hu\/hegeduskatalin\/wp-json\/wp\/v2\/pages\/4\/revisions"}],"predecessor-version":[{"id":37,"href":"https:\/\/scholar.semmelweis.hu\/hegeduskatalin\/wp-json\/wp\/v2\/pages\/4\/revisions\/37"}],"wp:attachment":[{"href":"https:\/\/scholar.semmelweis.hu\/hegeduskatalin\/wp-json\/wp\/v2\/media?parent=4"}],"curies":[{"name":"wp","href":"https:\/\/api.w.org\/{rel}","templated":true}]}}