{"id":15,"date":"2022-06-23T09:19:50","date_gmt":"2022-06-23T07:19:50","guid":{"rendered":"https:\/\/scholar.semmelweis.hu\/hegeduskatalin\/?page_id=15"},"modified":"2022-06-23T09:20:50","modified_gmt":"2022-06-23T07:20:50","slug":"bemutatkozas-2","status":"publish","type":"page","link":"https:\/\/scholar.semmelweis.hu\/hegeduskatalin\/bemutatkozas-2\/","title":{"rendered":"Bemutatkoz\u00e1s"},"content":{"rendered":"<p>35 \u00e9ve dolgozom a Semmelweis Egyetemen oktat\u00f3k\u00e9nt \u00e9s kutat\u00f3k\u00e9nt. A Magatart\u00e1studom\u00e1nyi Int\u00e9zet egyik alap\u00edt\u00f3 tagjak\u00e9nt 17 \u00e9vig az Int\u00e9zet oktat\u00e1si igazgat\u00f3helyettesek\u00e9nt is tev\u00e9kenykedtem. A hal\u00e1l, haldokl\u00e1s \u00e9s gy\u00e1sz etikai, kommunik\u00e1ci\u00f3s \u00e9s ment\u00e1lhigi\u00e9n\u00e9s aspektusait vizsg\u00e1l\u00f3 t\u00e9m\u00e1ban vezetem a Tanatol\u00f3gia kutat\u00f3csoportot. 5 v\u00e9gzett \u00e9s 4 akt\u00edv PhD hallgat\u00f3m van. Az \u00c1ltal\u00e1nos Orvostudom\u00e1nyi Kar hallgat\u00f3i sz\u00e1m\u00e1ra 18 \u00e9ve minden f\u00e9l\u00e9vben indul a Tanatol\u00f3gia kurzusom.<\/p>\n","protected":false},"excerpt":{"rendered":"<p>35 \u00e9ve dolgozom a Semmelweis Egyetemen oktat\u00f3k\u00e9nt \u00e9s kutat\u00f3k\u00e9nt. A Magatart\u00e1studom\u00e1nyi Int\u00e9zet egyik alap\u00edt\u00f3 tagjak\u00e9nt 17 \u00e9vig az Int\u00e9zet oktat\u00e1si igazgat\u00f3helyettesek\u00e9nt is tev\u00e9kenykedtem. A hal\u00e1l, haldokl\u00e1s \u00e9s gy\u00e1sz etikai, kommunik\u00e1ci\u00f3s \u00e9s ment\u00e1lhigi\u00e9n\u00e9s aspektusait vizsg\u00e1l\u00f3 t\u00e9m\u00e1ban &hellip;<\/p>\n","protected":false},"author":151,"featured_media":0,"parent":0,"menu_order":0,"comment_status":"closed","ping_status":"closed","template":"","meta":{"footnotes":""},"class_list":["post-15","page","type-page","status-publish","hentry"],"_links":{"self":[{"href":"https:\/\/scholar.semmelweis.hu\/hegeduskatalin\/wp-json\/wp\/v2\/pages\/15"}],"collection":[{"href":"https:\/\/scholar.semmelweis.hu\/hegeduskatalin\/wp-json\/wp\/v2\/pages"}],"about":[{"href":"https:\/\/scholar.semmelweis.hu\/hegeduskatalin\/wp-json\/wp\/v2\/types\/page"}],"author":[{"embeddable":true,"href":"https:\/\/scholar.semmelweis.hu\/hegeduskatalin\/wp-json\/wp\/v2\/users\/151"}],"replies":[{"embeddable":true,"href":"https:\/\/scholar.semmelweis.hu\/hegeduskatalin\/wp-json\/wp\/v2\/comments?post=15"}],"version-history":[{"count":2,"href":"https:\/\/scholar.semmelweis.hu\/hegeduskatalin\/wp-json\/wp\/v2\/pages\/15\/revisions"}],"predecessor-version":[{"id":17,"href":"https:\/\/scholar.semmelweis.hu\/hegeduskatalin\/wp-json\/wp\/v2\/pages\/15\/revisions\/17"}],"wp:attachment":[{"href":"https:\/\/scholar.semmelweis.hu\/hegeduskatalin\/wp-json\/wp\/v2\/media?parent=15"}],"curies":[{"name":"wp","href":"https:\/\/api.w.org\/{rel}","templated":true}]}}