{"id":3,"date":"2016-05-10T14:04:19","date_gmt":"2016-05-10T12:04:19","guid":{"rendered":"http:\/\/scholar.semmelweis.hu\/hamarpeter\/bemutatkozas\/"},"modified":"2025-12-02T16:55:41","modified_gmt":"2025-12-02T15:55:41","slug":"bemutatkozas","status":"publish","type":"page","link":"https:\/\/scholar.semmelweis.hu\/hamarpeter\/","title":{"rendered":"Bemutatkoz\u00e1s"},"content":{"rendered":"<p style=\"text-align: justify\">A Semmelweis Egyetem \u00c1ltal\u00e1nos Orvosi Kar\u00e1n v\u00e9geztem. Vesebetegs\u00e9gek \u00e1llatk\u00eds\u00e9rletes modelljeivel di\u00e1kk\u00f6r\u00f6s koromban kezdtem foglalkozni. Az Egyetem ut\u00e1n 2 \u00e9vig N\u00e9metorsz\u00e1gban (1995-96), Uwe Heemann laborj\u00e1ban a vese\u00e1t\u00fcltet\u00e9st k\u00f6vet\u0151 kil\u00f6k\u0151d\u00e9si reakci\u00f3k patomechanizmusa, gy\u00f3gyszeres befoly\u00e1sol\u00e1s\u00e1nak lehet\u0151s\u00e9geivel foglalkoztam. Ebb\u0151l a t\u00e9m\u00e1b\u00f3l szereztem PhD fokozatomat (1999). K\u00e9s\u0151bb a Harvard Egyetemen Judy Liebermannal egy\u00fcttm\u0171k\u00f6d\u00e9sben els\u0151k\u00e9nt alkalmaztuk az RNS interferenci\u00e1t ves\u00e9ben, eg\u00e9rmodellen. Ezt a munk\u00e1t a PNAS-ben k\u00f6z\u00f6lt\u00fck. Akad\u00e9miai doktori fokozatomat (DSc) a kis RNS-ek vesebetegs\u00e9gekben j\u00e1tszott szerep\u00e9nek kutat\u00e1s\u00e1r\u00f3l sz\u00f3l\u00f3 \u00e9rtekez\u00e9sem\u00e9rt kaptam (2011). 2014-ben Fulbright professzori \u00f6szt\u00f6nd\u00edjjal f\u00e9l \u00e9vet t\u00f6lt\u00f6ttem bostoni kollabor\u00e1torunkn\u00e1l, ahol a kis RNS-ek r\u00e1kos betegs\u00e9gekben j\u00e1tszott k\u00f6zponti szerep\u00e9t vizsg\u00e1ltuk h\u00e1romszoros negat\u00edv eml\u0151r\u00e1k (TNBC) \u00e1tt\u00e9tk\u00e9pz\u00e9s\u00e9ben. Az eg\u00e9rmodell hazai adapt\u00e1ci\u00f3j\u00e1val elnyert\u00fcnk egy NVKP nagyp\u00e1ly\u00e1zatot melynek seg\u00edts\u00e9g\u00e9vel a modul\u00e1lt elektro-hipertermia onko-immunol\u00f3giai hat\u00e1sait vizsg\u00e1ltuk. Jelenleg k\u00e9t <a href=\"https:\/\/semmelweis.hu\/immun-patofiziologia\/\">kutat\u00f3csoport<\/a>ot vezetek melyek els\u0151sorban az akut f\u00e1zis feh\u00e9rj\u00e9k szerep\u00e9t vizsg\u00e1j\u00e1k az akut iszk\u00e9mi\u00e1s vesek\u00e1rosod\u00e1s induk\u00e1lta vesefibr\u00f3zis patomechanizmus\u00e1ban \u00e9s az eml\u0151r\u00e1k modul\u00e1lt elektro-hipertemi\u00e1val t\u00f6rt\u00e9n\u0151 kezel\u00e9s\u00e9ben.<\/p>\n","protected":false},"excerpt":{"rendered":"<p>A Semmelweis Egyetem \u00c1ltal\u00e1nos Orvosi Kar\u00e1n v\u00e9geztem. Vesebetegs\u00e9gek \u00e1llatk\u00eds\u00e9rletes modelljeivel di\u00e1kk\u00f6r\u00f6s koromban kezdtem foglalkozni. Az Egyetem ut\u00e1n 2 \u00e9vig N\u00e9metorsz\u00e1gban (1995-96), Uwe Heemann laborj\u00e1ban a vese\u00e1t\u00fcltet\u00e9st k\u00f6vet\u0151 kil\u00f6k\u0151d\u00e9si reakci\u00f3k patomechanizmusa, gy\u00f3gyszeres befoly\u00e1sol\u00e1s\u00e1nak lehet\u0151s\u00e9geivel foglalkoztam. Ebb\u0151l &hellip;<\/p>\n","protected":false},"author":76,"featured_media":0,"parent":0,"menu_order":0,"comment_status":"closed","ping_status":"closed","template":"","meta":{"footnotes":""},"class_list":["post-3","page","type-page","status-publish","hentry"],"_links":{"self":[{"href":"https:\/\/scholar.semmelweis.hu\/hamarpeter\/wp-json\/wp\/v2\/pages\/3"}],"collection":[{"href":"https:\/\/scholar.semmelweis.hu\/hamarpeter\/wp-json\/wp\/v2\/pages"}],"about":[{"href":"https:\/\/scholar.semmelweis.hu\/hamarpeter\/wp-json\/wp\/v2\/types\/page"}],"author":[{"embeddable":true,"href":"https:\/\/scholar.semmelweis.hu\/hamarpeter\/wp-json\/wp\/v2\/users\/76"}],"replies":[{"embeddable":true,"href":"https:\/\/scholar.semmelweis.hu\/hamarpeter\/wp-json\/wp\/v2\/comments?post=3"}],"version-history":[{"count":7,"href":"https:\/\/scholar.semmelweis.hu\/hamarpeter\/wp-json\/wp\/v2\/pages\/3\/revisions"}],"predecessor-version":[{"id":50,"href":"https:\/\/scholar.semmelweis.hu\/hamarpeter\/wp-json\/wp\/v2\/pages\/3\/revisions\/50"}],"wp:attachment":[{"href":"https:\/\/scholar.semmelweis.hu\/hamarpeter\/wp-json\/wp\/v2\/media?parent=3"}],"curies":[{"name":"wp","href":"https:\/\/api.w.org\/{rel}","templated":true}]}}