{"id":1,"date":"2016-05-10T14:04:18","date_gmt":"2016-05-10T12:04:18","guid":{"rendered":"http:\/\/scholar.semmelweis.hu\/hamarpeter\/elerhetoseg\/"},"modified":"2025-12-02T16:19:25","modified_gmt":"2025-12-02T15:19:25","slug":"elerhetoseg","status":"publish","type":"page","link":"https:\/\/scholar.semmelweis.hu\/hamarpeter\/elerhetoseg\/","title":{"rendered":"El\u00e9rhet\u0151s\u00e9g"},"content":{"rendered":"<p><strong>Email c\u00edm:<\/strong> hamar.peter@semmelweis.hu<\/p>\n<p><strong>Telefonsz\u00e1m:<\/strong> +36 20 825 9751<\/p>\n<p><strong>C\u00edm:<\/strong> Semmelweis Egyetem, Transzl\u00e1ci\u00f3s Medicina Int\u00e9zet<br \/>\n1094 Budapest, T\u0171zolt\u00f3 utca 37-47. III. emelet<\/p>\n<p>&nbsp;<\/p>\n<p>&nbsp;<\/p>\n","protected":false},"excerpt":{"rendered":"<p>Email c\u00edm: hamar.peter@semmelweis.hu<br \/>\nTelefonsz\u00e1m: +36 20 825 9751<br \/>\nC\u00edm: Semmelweis Egyetem, Transzl\u00e1ci\u00f3s Medicina Int\u00e9zet<br \/>\n1094 Budapest, T\u0171zolt\u00f3 utca 37-47. III. emelet<br \/>\n&nbsp;<br \/>\n&nbsp;<\/p>\n","protected":false},"author":76,"featured_media":0,"parent":0,"menu_order":0,"comment_status":"closed","ping_status":"closed","template":"","meta":{"footnotes":""},"class_list":["post-1","page","type-page","status-publish","hentry"],"_links":{"self":[{"href":"https:\/\/scholar.semmelweis.hu\/hamarpeter\/wp-json\/wp\/v2\/pages\/1"}],"collection":[{"href":"https:\/\/scholar.semmelweis.hu\/hamarpeter\/wp-json\/wp\/v2\/pages"}],"about":[{"href":"https:\/\/scholar.semmelweis.hu\/hamarpeter\/wp-json\/wp\/v2\/types\/page"}],"author":[{"embeddable":true,"href":"https:\/\/scholar.semmelweis.hu\/hamarpeter\/wp-json\/wp\/v2\/users\/76"}],"replies":[{"embeddable":true,"href":"https:\/\/scholar.semmelweis.hu\/hamarpeter\/wp-json\/wp\/v2\/comments?post=1"}],"version-history":[{"count":6,"href":"https:\/\/scholar.semmelweis.hu\/hamarpeter\/wp-json\/wp\/v2\/pages\/1\/revisions"}],"predecessor-version":[{"id":45,"href":"https:\/\/scholar.semmelweis.hu\/hamarpeter\/wp-json\/wp\/v2\/pages\/1\/revisions\/45"}],"wp:attachment":[{"href":"https:\/\/scholar.semmelweis.hu\/hamarpeter\/wp-json\/wp\/v2\/media?parent=1"}],"curies":[{"name":"wp","href":"https:\/\/api.w.org\/{rel}","templated":true}]}}