{"id":3,"date":"2015-06-11T15:59:37","date_gmt":"2015-06-11T13:59:37","guid":{"rendered":"http:\/\/scholar.semmelweis.hu\/giriczz\/bemutatkozas\/"},"modified":"2026-01-09T13:15:02","modified_gmt":"2026-01-09T12:15:02","slug":"bemutatkozas","status":"publish","type":"page","link":"https:\/\/scholar.semmelweis.hu\/giriczz\/hu\/bemutatkozas\/","title":{"rendered":"\u00d6n\u00e9letrajz"},"content":{"rendered":"<p><strong>V\u00e9gzetts\u00e9gek, fokozatok:<\/strong><br \/>\n2012 PharmD, Szegedi Tudom\u00e1nyegyetem<br \/>\n2006 PhD, Szegedi Tudom\u00e1nyegyetem<br \/>\n2001 gy\u00f3gyszer\u00e9sz, Szegedi Tudom\u00e1nyegyetem<\/p>\n<p><strong>El\u0151z\u0151 munkahelyek:<\/strong><br \/>\n2009-2011 research fellow, Bioscience Center, San Diego State University, San Diego, California, USA<br \/>\n2007-2008 research fellow, Department of Biochemistry and National Centre for Biomedical Engineering Science, National University of Ireland, Galway<br \/>\n2004-2006 tudom\u00e1nyos munkat\u00e1rs, Szegedi Tudom\u00e1nyegyetem, Orvostudom\u00e1nyi Kar, Biok\u00e9miai Int\u00e9zet<\/p>\n<p><strong>Oktat\u00e1si tev\u00e9kenys\u00e9gek:<\/strong><br \/>\n<em>Gradu\u00e1lis:<\/em><br \/>\n2000-2006 biok\u00e9mia, Szegedi Tudom\u00e1nyegyetem, Orvostudom\u00e1nyi \u00e9s Gy\u00f3gyszer\u00e9sztudom\u00e1nyi Karok<br \/>\n<em>Posztgradu\u00e1lis:<\/em><br \/>\n2012- &#8222;Pharmacodynamics I. New targets and mechanism in pharmacotherapy&#8221; PhD kurzus oktat\u00f3ja<br \/>\n2013- PhD mentor, Gy\u00f3gyszertudom\u00e1nyok Doktori Iskola, Semmelweis Egyetem (4 jelenlegi hallgat\u00f3)<\/p>\n<p><strong>Kutat\u00e1si ter\u00fclet:<\/strong><\/p>\n<dl>\n<dt>Kardiovaszkul\u00e1ris farmakol\u00f3gia \u00e9s biok\u00e9mia:<\/dt>\n<\/dl>\n<ul>\n<li>Sz\u00edvinfarktus ellenes ter\u00e1pia fejleszt\u00e9se metabolikus szindr\u00f3m\u00e1ban<\/li>\n<li>Az endog\u00e9n kardioprotekci\u00f3 farmako-biok\u00e9mi\u00e1ja<\/li>\n<li>Az extracellul\u00e1ris vezikul\u00e1k szerepe kardioprotekci\u00f3ban<\/li>\n<\/ul>\n<p>&nbsp;<\/p>\n<p><strong>Publik\u00e1ci\u00f3k:<\/strong><br \/>\n<a href=\"https:\/\/scholar.google.com\/citations?user=GxWbUygAAAAJ&amp;hl=en\" target=\"_blank\" rel=\"noopener\">Google scholar profil<\/a>, <a href=\"http:\/\/www.scopus.com\/authid\/detail.url?authorId=6506196778\" target=\"_blank\" rel=\"noopener\">Scopus profil<\/a>, <a href=\"http:\/\/orcid.org\/0000-0003-2036-8665\">Orcid profil<\/a><\/p>\n<p>&nbsp;<\/p>\n<p><strong>P\u00e1ly\u00e1zatok, D\u00edjak:<\/strong><\/p>\n<table border=\"1\">\n<tbody>\n<tr style=\"height: 25px\">\n<td style=\"width: 365px;height: 25px\">Szlov\u00e9n-Magyar T\u00e9T p\u00e1ly\u00e1zat<\/td>\n<td style=\"width: 227px;height: 25px\">2017-2018<\/td>\n<td style=\"width: 17.3833px;height: 25px\">t\u00e9mavezet\u0151<\/td>\n<\/tr>\n<tr style=\"height: 25px\">\n<td style=\"width: 365px;height: 25px\">OTKA-PD 109051<\/td>\n<td style=\"width: 227px;height: 25px\">2013-2017<\/td>\n<td style=\"width: 17.3833px;height: 25px\">t\u00e9mavezet\u0151<\/td>\n<\/tr>\n<tr style=\"height: 25px\">\n<td style=\"width: 365px;height: 25px\">OMAA T\u00e9map\u00e1ly\u00e1zat 2014<\/td>\n<td style=\"width: 227px;height: 25px\">2014-2015<\/td>\n<td style=\"width: 17.3833px;height: 25px\">t\u00e9mavezet\u0151<\/td>\n<\/tr>\n<tr style=\"height: 25px\">\n<td style=\"width: 365px;height: 25px\">EFSD New Horizons Programme 2013<\/td>\n<td style=\"width: 227px;height: 25px\">2013-2015<\/td>\n<td style=\"width: 17.3833px;height: 25px\">r\u00e9sztvev\u0151<\/td>\n<\/tr>\n<tr style=\"height: 25px\">\n<td style=\"width: 365px;height: 25px\">OTKA-FWF 107803<\/td>\n<td style=\"width: 227px;height: 25px\">2013-2016<\/td>\n<td style=\"width: 17.3833px;height: 25px\">r\u00e9sztvev\u0151<\/td>\n<\/tr>\n<tr style=\"height: 1px\">\n<td style=\"width: 365px;height: 1px\">MTA Bolyai \u00d6szt\u00f6nd\u00edj<\/td>\n<td style=\"width: 227px;height: 1px;vertical-align: middle\">2012-2015, 2017-2020<\/td>\n<td style=\"width: 17.3833px;height: 1px\">\u00f6szt\u00f6nd\u00edjas<\/td>\n<\/tr>\n<tr style=\"height: 25px\">\n<td style=\"width: 365px;height: 25px\">ISHR-NA Young Investigator Bursary<\/td>\n<td style=\"width: 227px;height: 25px\">2011<\/td>\n<td style=\"width: 17.3833px;height: 25px\">d\u00edjazott<\/td>\n<\/tr>\n<tr style=\"height: 48px\">\n<td style=\"width: 365px;height: 48px\">Richter Gedeon Rt. Szakmai tov\u00e1bbk\u00e9pz\u00e9si t\u00e1mogat\u00e1s<\/td>\n<td style=\"width: 227px;height: 48px\">2006<\/td>\n<td style=\"width: 17.3833px;height: 48px\">d\u00edjazott<\/td>\n<\/tr>\n<tr style=\"height: 25px\">\n<td style=\"width: 365px;height: 25px\">FEBS Young Scientists Fellowship<\/td>\n<td style=\"width: 227px;height: 25px\">2005<\/td>\n<td style=\"width: 17.3833px;height: 25px\">d\u00edjazott<\/td>\n<\/tr>\n<tr style=\"height: 25px\">\n<td style=\"width: 365px;height: 25px\">OTKA K46417<\/td>\n<td style=\"width: 227px;height: 25px\">2004-2008<\/td>\n<td style=\"width: 17.3833px;height: 25px\">r\u00e9sztvev\u0151<\/td>\n<\/tr>\n<\/tbody>\n<\/table>\n<p>&nbsp;<\/p>\n<p><strong>Tags\u00e1gok:<\/strong><br \/>\n2001- Magyar Kardiol\u00f3giai T\u00e1rsas\u00e1g<br \/>\n2001- International Society for Heart Research (ISHR)<br \/>\n2003- Magyar Biok\u00e9miai Egyes\u00fclet<br \/>\n2013- International Society for Extracellular Vesicles (ISEV)<\/p>\n","protected":false},"excerpt":{"rendered":"<p>V\u00e9gzetts\u00e9gek, fokozatok: 2012 PharmD, Szegedi Tudom\u00e1nyegyetem 2006 PhD, Szegedi Tudom\u00e1nyegyetem 2001 gy\u00f3gyszer\u00e9sz, Szegedi Tudom\u00e1nyegyetem El\u0151z\u0151 munkahelyek: 2009-2011 research fellow, Bioscience Center, San Diego State University, San Diego, California, USA 2007-2008 research fellow, Department of Biochemistry &hellip;<\/p>\n","protected":false},"author":24,"featured_media":0,"parent":0,"menu_order":0,"comment_status":"closed","ping_status":"closed","template":"","meta":{"footnotes":""},"class_list":["post-3","page","type-page","status-publish","hentry"],"_links":{"self":[{"href":"https:\/\/scholar.semmelweis.hu\/giriczz\/wp-json\/wp\/v2\/pages\/3"}],"collection":[{"href":"https:\/\/scholar.semmelweis.hu\/giriczz\/wp-json\/wp\/v2\/pages"}],"about":[{"href":"https:\/\/scholar.semmelweis.hu\/giriczz\/wp-json\/wp\/v2\/types\/page"}],"author":[{"embeddable":true,"href":"https:\/\/scholar.semmelweis.hu\/giriczz\/wp-json\/wp\/v2\/users\/24"}],"replies":[{"embeddable":true,"href":"https:\/\/scholar.semmelweis.hu\/giriczz\/wp-json\/wp\/v2\/comments?post=3"}],"version-history":[{"count":14,"href":"https:\/\/scholar.semmelweis.hu\/giriczz\/wp-json\/wp\/v2\/pages\/3\/revisions"}],"predecessor-version":[{"id":69,"href":"https:\/\/scholar.semmelweis.hu\/giriczz\/wp-json\/wp\/v2\/pages\/3\/revisions\/69"}],"wp:attachment":[{"href":"https:\/\/scholar.semmelweis.hu\/giriczz\/wp-json\/wp\/v2\/media?parent=3"}],"curies":[{"name":"wp","href":"https:\/\/api.w.org\/{rel}","templated":true}]}}