{"id":1,"date":"2015-06-11T15:59:37","date_gmt":"2015-06-11T13:59:37","guid":{"rendered":"http:\/\/scholar.semmelweis.hu\/giriczz\/elerhetoseg\/"},"modified":"2026-01-09T13:13:44","modified_gmt":"2026-01-09T12:13:44","slug":"elerhetoseg","status":"publish","type":"page","link":"https:\/\/scholar.semmelweis.hu\/giriczz\/hu\/elerhetoseg\/","title":{"rendered":"El\u00e9rhet\u0151s\u00e9g"},"content":{"rendered":"<p>Iroda: 1089 Budapest, Nagyv\u00e1rad t\u00e9r 4, IV. emelet, 412. szoba<\/p>\n<p>Telefon: +36(1)210-4416 Mell\u00e9k: 56329, 56334<\/p>\n<p>Email: giricz.zoltan@semmelweis.hu<\/p>\n","protected":false},"excerpt":{"rendered":"<p>Iroda: 1089 Budapest, Nagyv\u00e1rad t\u00e9r 4, IV. emelet, 412. szoba<br \/>\nTelefon: +36(1)210-4416 Mell\u00e9k: 56329, 56334<br \/>\nEmail: giricz.zoltan@semmelweis.hu<\/p>\n","protected":false},"author":24,"featured_media":0,"parent":0,"menu_order":0,"comment_status":"closed","ping_status":"closed","template":"","meta":{"footnotes":""},"class_list":["post-1","page","type-page","status-publish","hentry"],"_links":{"self":[{"href":"https:\/\/scholar.semmelweis.hu\/giriczz\/wp-json\/wp\/v2\/pages\/1"}],"collection":[{"href":"https:\/\/scholar.semmelweis.hu\/giriczz\/wp-json\/wp\/v2\/pages"}],"about":[{"href":"https:\/\/scholar.semmelweis.hu\/giriczz\/wp-json\/wp\/v2\/types\/page"}],"author":[{"embeddable":true,"href":"https:\/\/scholar.semmelweis.hu\/giriczz\/wp-json\/wp\/v2\/users\/24"}],"replies":[{"embeddable":true,"href":"https:\/\/scholar.semmelweis.hu\/giriczz\/wp-json\/wp\/v2\/comments?post=1"}],"version-history":[{"count":4,"href":"https:\/\/scholar.semmelweis.hu\/giriczz\/wp-json\/wp\/v2\/pages\/1\/revisions"}],"predecessor-version":[{"id":67,"href":"https:\/\/scholar.semmelweis.hu\/giriczz\/wp-json\/wp\/v2\/pages\/1\/revisions\/67"}],"wp:attachment":[{"href":"https:\/\/scholar.semmelweis.hu\/giriczz\/wp-json\/wp\/v2\/media?parent=1"}],"curies":[{"name":"wp","href":"https:\/\/api.w.org\/{rel}","templated":true}]}}