{"id":2,"date":"2015-06-12T15:59:46","date_gmt":"2015-06-12T13:59:46","guid":{"rendered":"http:\/\/scholar.semmelweis.hu\/fustagnes\/cv\/"},"modified":"2025-03-29T08:59:47","modified_gmt":"2025-03-29T07:59:47","slug":"cv","status":"publish","type":"page","link":"https:\/\/scholar.semmelweis.hu\/fustagnes\/cv\/","title":{"rendered":"CV"},"content":{"rendered":"<p style=\"text-align: center\"><strong>SZAKMAI \u00d6N\u00c9LETRAJZ<\/strong><\/p>\n<p>&nbsp;<\/p>\n<p><strong>N\u00e9v:<\/strong> dr. F\u00fcst \u00c1gnes<\/p>\n<p><strong>Sz\u00fclet\u00e9si hely, id\u0151<\/strong>: Budapest, 1967. m\u00e1jus 5.<\/p>\n<p><strong>\u00a0\u00a0<\/strong><\/p>\n<p><strong>DIPLOMA:<\/strong><\/p>\n<p><strong>\u00a0 <\/strong><strong style=\"font-size: 1rem\">\u00a0 \u00a0 \u00a0<\/strong><span style=\"font-size: 1rem\">Semmelweis Orvostudom\u00e1nyi Egyetem, Budapest, \u00c1ltal\u00e1nos Orvostudom\u00e1nyi kar,\u00a0<\/span><\/p>\n<p>\u00a0\u00a0\u00a0\u00a0\u00a0\u00a0 (Summa cum laude min\u0151s\u00edt\u00e9s), 1991<\/p>\n<p>&nbsp;<\/p>\n<p><strong>SZAKMAI TEV\u00c9KENYS\u00c9G:<\/strong><\/p>\n<p><strong>Munkahely:<\/strong> &#8211; Szent-Gy\u00f6rgyi Albert Orvostudom\u00e1nyi Egyetem, Szeged, Szem\u00e9szeti<br \/>\n\u00a0\u00a0\u00a0\u00a0\u00a0\u00a0\u00a0\u00a0\u00a0\u00a0\u00a0\u00a0\u00a0\u00a0\u00a0\u00a0\u00a0\u00a0\u00a0\u00a0\u00a0\u00a0\u00a0\u00a0\u00a0\u00a0 Klinika <br \/>\n\u00a0\u00a0\u00a0\u00a0\u00a0\u00a0\u00a0\u00a0\u00a0\u00a0\u00a0\u00a0\u00a0\u00a0\u00a0\u00a0\u00a0\u00a0\u00a0\u00a0\u00a0\u00a0\u00a0\u00a0\u00a0\u00a0\u00a0\u00a0\u00a0\u00a0\u00a0\u00a0\u00a0\u00a0\u00a0 -1991-1992, TMB \u00f6szt\u00f6nd\u00edjask\u00e9nt<\/p>\n<p>\u00a0\u00a0\u00a0\u00a0\u00a0\u00a0\u00a0\u00a0\u00a0\u00a0\u00a0\u00a0\u00a0\u00a0\u00a0\u00a0\u00a0\u00a0\u00a0 &#8211; Semmelweis Egyetem, Budapest, 1.sz. Szem\u00e9szeti Klinika (2006-t\u00f3l a <br \/>\n\u00a0\u00a0\u00a0\u00a0\u00a0\u00a0\u00a0\u00a0\u00a0\u00a0\u00a0\u00a0\u00a0\u00a0\u00a0\u00a0\u00a0\u00a0\u00a0\u00a0 Szem\u00e9szeti Klinika T\u00f6m\u0151 utcai r\u00e9szlege, 2013-t\u00f3l a Szem\u00e9szeti Klinika)<\/p>\n<p>\u00a0\u00a0\u00a0\u00a0\u00a0\u00a0\u00a0\u00a0\u00a0\u00a0\u00a0\u00a0\u00a0\u00a0\u00a0\u00a0\u00a0\u00a0\u00a0\u00a0\u00a0\u00a0\u00a0\u00a0\u00a0\u00a0\u00a0\u00a0\u00a0\u00a0\u00a0\u00a0\u00a0 &#8211; 1993 \u2013 1994. TMB \u00f6szt\u00f6nd\u00edjas<\/p>\n<p>\u00a0\u00a0\u00a0\u00a0\u00a0\u00a0\u00a0\u00a0\u00a0\u00a0\u00a0\u00a0\u00a0\u00a0\u00a0\u00a0\u00a0\u00a0\u00a0\u00a0\u00a0\u00a0\u00a0\u00a0\u00a0\u00a0\u00a0\u00a0\u00a0\u00a0\u00a0\u00a0\u00a0 &#8211; 1994 &#8211; 1997: klinikai orvos<\/p>\n<p>\u00a0\u00a0\u00a0\u00a0\u00a0\u00a0\u00a0\u00a0\u00a0\u00a0\u00a0\u00a0\u00a0\u00a0\u00a0\u00a0\u00a0 \u00a0\u00a0\u00a0\u00a0\u00a0\u00a0\u00a0\u00a0\u00a0\u00a0\u00a0\u00a0\u00a0\u00a0\u00a0\u00a0&#8211; 1997 &#8211;\u00a0 2005: egyetemi tan\u00e1rseg\u00e9d<\/p>\n<p>\u00a0\u00a0\u00a0\u00a0\u00a0\u00a0\u00a0\u00a0\u00a0\u00a0\u00a0\u00a0\u00a0\u00a0\u00a0\u00a0\u00a0\u00a0\u00a0\u00a0\u00a0\u00a0\u00a0\u00a0\u00a0\u00a0\u00a0\u00a0\u00a0\u00a0\u00a0\u00a0\u00a0 &#8211; 2005. okt.1-t\u0151l egyetemi adjunktus<\/p>\n<p>&nbsp;<\/p>\n<p>\u00a0<strong><em>Gy\u00f3gy\u00edt\u00f3 tev\u00e9kenys\u00e9g<\/em><\/strong>\u00a0\u00a0\u00a0<\/p>\n<ul>\n<li><em>a klinikai oszt\u00e1lyokon, a klinika \u00e1ltal\u00e1nos szem\u00e9szeti ambulanci\u00e1j\u00e1n:<\/em> <br \/>\n\u00a0\u00a0\u00a0\u00a0\u00a0\u00a0\u00a0\u00a0\u00a0\u00a0\u00a0\u00a0\u00a0\u00a0 szakorvosi tev\u00e9kenys\u00e9g, m\u0171t\u00e9tek v\u00e9gz\u00e9se<\/li>\n<li><em>a klinika speci\u00e1lis szaruh\u00e1rtya- \u00e9s szemfelsz\u00edni ambulanci\u00e1j\u00e1n \u00e9s fekv\u0151beteg <br \/>\noszt\u00e1ly\u00e1n:<\/em> gy\u00f3gy\u00edt\u00f3 munka, konzult\u00e1ci\u00f3 a Klinik\u00e1n \u00e9s az orsz\u00e1g m\u00e1s <br \/>\n\u00a0\u00a0\u00a0\u00a0\u00a0\u00a0\u00a0\u00a0\u00a0\u00a0\u00a0\u00a0\u00a0\u00a0 int\u00e9zm\u00e9nyeiben dolgoz\u00f3 orvosok sz\u00e1m\u00e1ra, m\u0171t\u00e9ti tev\u00e9kenys\u00e9g, r\u00e9szv\u00e9tel \u00faj <br \/>\n\u00a0\u00a0\u00a0\u00a0\u00a0\u00a0\u00a0\u00a0\u00a0\u00a0\u00a0\u00a0\u00a0\u00a0 m\u0171t\u00e9ti elj\u00e1r\u00e1sok hazai meghonos\u00edt\u00e1s\u00e1ban<\/li>\n<\/ul>\n<p>&nbsp;<\/p>\n<p><strong><em>\u00a0Oktat\u00e1s, tudom\u00e1nyos t\u00e9mavezet\u00e9s<\/em><\/strong>\u00a0\u00a0\u00a0\u00a0\u00a0\u00a0\u00a0<\/p>\n<ul>\n<li>r\u00e9szv\u00e9tel a magyar \u00e9s angol nyelv\u0171 medikusoktat\u00e1sban el\u0151ad\u00f3k\u00e9nt, <br \/>\ngyakorlatvezet\u0151k\u00e9nt, vizsg\u00e1ztat\u00f3k\u00e9nt, szakdolgozat-konzulensk\u00e9nt<\/li>\n<li>tudom\u00e1nyos di\u00e1kk\u00f6r\u00f6s t\u00e9mavezet\u00e9s, konferenci\u00e1ra felk\u00e9sz\u00edt\u00e9s<\/li>\n<li>r\u00e9szv\u00e9tel a rezidensek k\u00e9pz\u00e9s\u00e9ben tutork\u00e9nt, el\u0151ad\u00f3k\u00e9nt<\/li>\n<li>r\u00e9szv\u00e9tel fiatal szakorvosok k\u00e9pz\u00e9s\u00e9ben a szemfelsz\u00edni-\u00e9s corneabetegs\u00e9gek <br \/>\nszakter\u00fclet\u00e9n<\/li>\n<li>el\u0151ad\u00e1sok tart\u00e1sa posztgradu\u00e1lis tov\u00e1bbk\u00e9pz\u0151 tanfolyamokon<\/li>\n<li>posztgradu\u00e1lis tov\u00e1bbk\u00e9pz\u0151 tanfolyam szervez\u00e9se<\/li>\n<li>meghirdetett kutat\u00e1si t\u00e9ma 2023 els\u0151 f\u00e9l\u00e9v\u00e9t\u0151l a R\u00e1cz K\u00e1roly Klinikai <br \/>\nOrvostudom\u00e1nyok Doktori Iskol\u00e1ban<\/li>\n<\/ul>\n<p>&nbsp;<\/p>\n<p><strong><em>Klinikai funkci\u00f3k <\/em><\/strong><\/p>\n<ul>\n<li>Magyar gradu\u00e1lis oktat\u00e1s tanulm\u00e1ny felel\u0151se 2006-t\u00f3l 2020-ig<\/li>\n<li>Gy\u00f3gyszerfelel\u0151s 2007. \u00e9s 2013. k\u00f6z\u00f6tt<\/li>\n<li>Infektol\u00f3giai H\u00e1l\u00f3zatban a klinika k\u00e9pvisel\u0151je 2007-t\u0151l 2009-ig<\/li>\n<li>Oszt\u00e1lyvezet\u0151 2013. febru\u00e1r \u00e9s 2014. augusztus k\u00f6z\u00f6tt<\/li>\n<li>Semmelweis Corneabank vezet\u0151je 2007 \u00f3ta<\/li>\n<li>\u00c1ltal\u00e1nos ambulancia vezet\u0151je 2020 \u00f3ta<\/li>\n<\/ul>\n<p>&nbsp;<\/p>\n<p><strong><em>Egy\u00e9b szakmai tev\u00e9kenys\u00e9g<\/em><\/strong><\/p>\n<ul>\n<li>2023-24: A szem\u00e9szeti szakter\u00fclet fejleszt\u0151 csapat\u00e1nak vezet\u00e9se a <br \/>\n\u00a0\u00a0\u00a0\u00a0\u00a0\u00a0\u00a0\u00a0\u00a0\u00a0\u00a0 Semmelweis Help t\u00fcnetellen\u0151rz\u0151 alkalmaz\u00e1s feln\u0151tt modulj\u00e1t kifejleszt\u0151 <br \/>\n\u00a0\u00a0\u00a0\u00a0\u00a0\u00a0\u00a0\u00a0\u00a0\u00a0\u00a0 projektben<\/li>\n<li>Semmelweis Egyetem Tudom\u00e1nyos Di\u00e1kk\u00f6ri Konferenci\u00e1n r\u00e9szv\u00e9tel a zs\u0171ri <br \/>\nmunk\u00e1j\u00e1ban zs\u0171ritagk\u00e9nt t\u00f6bb \u00e9ven kereszt\u00fcl<\/li>\n<li>2021: Szakmai ir\u00e1nyelv egyik kidolgoz\u00f3ja (A feln\u0151ttkori fert\u0151z\u00e9ses eredet\u0171 keratitisek diagnosztik\u00e1j\u00e1r\u00f3l \u00e9s kezel\u00e9s\u00e9r\u0151l, jelenleg \u00e9rv\u00e9nyes verzi\u00f3)<\/li>\n<li>2000-es \u00e9vek: Sj\u00f6gren szindr\u00f3m\u00e1s betegek komplex gondoz\u00e1s\u00e1nak megszervez\u00e9se egy\u00fcttm\u0171k\u00f6d\u00e9sben a Fogorvostudom\u00e1nyi Kar Or\u00e1lis Diagnosztikai Klinik\u00e1j\u00e1val \u00e9s az Orsz\u00e1gos Reumatol\u00f3giai \u00e9s Fizioter\u00e1pi\u00e1s Int\u00e9zettel (az\u00f3ta folyamatosan m\u0171k\u00f6dik)<\/li>\n<\/ul>\n<p>&nbsp;<\/p>\n<p><strong>\u00a0<\/strong><strong>SZAKVIZSGA:<\/strong>\u00a0\u00a0<\/p>\n<p>\u00a0\u00a0\u00a0\u00a0\u00a0\u00a0\u00a0\u00a0 &#8211; Szem\u00e9szet szakvizsga, 1995<\/p>\n<p>\u00a0\u00a0\u00a0\u00a0\u00a0\u00a0\u00a0\u00a0 &#8211; Nemzetk\u00f6zi szem\u00e9szeti alapvizsga (Basic Science Assessment for <br \/>\n\u00a0\u00a0\u00a0\u00a0\u00a0\u00a0\u00a0\u00a0\u00a0\u00a0\u00a0\u00a0\u00a0\u00a0\u00a0\u00a0\u00a0\u00a0 Ophthalmologists), 1996<\/p>\n<p>\u00a0\u00a0\u00a0\u00a0\u00a0\u00a0\u00a0\u00a0 &#8211; Nemzetk\u00f6zi szem\u00e9szeti klinikai szakvizsga (Clinical Science <br \/>\n\u00a0\u00a0\u00a0\u00a0\u00a0\u00a0\u00a0\u00a0\u00a0\u00a0\u00a0\u00a0\u00a0\u00a0\u00a0\u00a0\u00a0\u00a0 Assessment for Ophthalmologists), 2001<\/p>\n<p>&nbsp;<\/p>\n<p><strong>TANULM\u00c1NYUTAK:<\/strong><\/p>\n<p><strong>Belf\u00f6ldi tanulm\u00e1ny\u00fat<\/strong>: &#8211; Debrecen, 1 h\u00e9t, 1992<\/p>\n<p><strong>K\u00fclf\u00f6ldi tanulm\u00e1ny\u00fat: <\/strong><\/p>\n<p>\u00a0\u00a0\u00a0\u00a0\u00a0\u00a0\u00a0\u00a0\u00a0\u00a0\u00a0\u00a0\u00a0\u00a0 &#8211; Universit\u00e4tsklinik f\u00fcr Augenheilkunde,\u00a0 Ausztria, Landeskrankenhaus<br \/>\n\u00a0\u00a0\u00a0\u00a0\u00a0\u00a0\u00a0\u00a0\u00a0\u00a0\u00a0\u00a0\u00a0\u00a0\u00a0\u00a0\u00a0\u00a0\u00a0\u00a0\u00a0\u00a0\u00a0\u00a0 Innsbruck, Ausztria, 3 h\u00f3nap, 1995.<\/p>\n<p>\u00a0\u00a0\u00a0\u00a0\u00a0\u00a0\u00a0\u00a0\u00a0\u00a0\u00a0\u00a0\u00a0\u00a0 &#8211; Corneal Department, Eye Hospital Rotterdam, Hollandia, 3 h\u00f3nap, 1996.<\/p>\n<p>\u00a0\u00a0\u00a0\u00a0\u00a0\u00a0\u00a0\u00a0\u00a0\u00a0\u00a0\u00a0\u00a0\u00a0 &#8211; Cornea Department, Villa Serena Hospital, Forl\u00ed, Olaszorsz\u00e1g, 2 h\u00e9t, 2007.<\/p>\n<p>\u00a0\u00a0\u00a0\u00a0\u00a0\u00a0\u00a0\u00a0\u00a0\u00a0\u00a0 \u00a0\u00a0\u00a0\u00a0\u00a0\u00a0\u00a0\u00a0\u00a0\u00a0\u00a0\u00a0\u00a0\u00a0 &#8211; Corneal and External Diseases Department, Moorfields eye Hospital,<br \/>\n\u00a0\u00a0\u00a0\u00a0\u00a0\u00a0\u00a0\u00a0\u00a0\u00a0\u00a0\u00a0\u00a0\u00a0\u00a0\u00a0\u00a0\u00a0\u00a0\u00a0 London, Nagy Britannia, 1 h\u00e9t, 2017.<\/p>\n<p>&nbsp;<\/p>\n<p><strong>SZAKMAI T\u00c1RSAS\u00c1GI TAGS\u00c1G:<\/strong>\u00a0<\/p>\n<p>\u00a0\u00a0\u00a0\u00a0\u00a0\u00a0\u00a0\u00a0 &#8211;\u00a0 Magyar Szemorvost\u00e1rsas\u00e1g (1992-t\u0151l)<br \/>\n\u00a0\u00a0\u00a0\u00a0\u00a0\u00a0\u00a0\u00a0\u00a0\u00a0\u00a0\u00a0\u00a0\u00a0\u00a0\u00a0\u00a0\u00a0\u00a0\u00a0\u00a0\u00a0\u00a0 2014-t\u0151l vezet\u0151s\u00e9gi tags\u00e1g<\/p>\n<p>\u00a0\u00a0\u00a0\u00a0\u00a0\u00a0\u00a0\u00a0 &#8211;\u00a0 Magyar Szemorvost\u00e1rsas\u00e1g Cornea szekci\u00f3ja (2006-t\u00f3l)<\/p>\n<p>\u00a0\u00a0\u00a0\u00a0\u00a0\u00a0\u00a0\u00a0\u00a0\u00a0\u00a0 \u00a0\u00a0\u00a0\u00a0\u00a0\u00a0\u00a0\u00a0 &#8211; Magyar Gyermekszem\u00e9szek \u00e9s Strabol\u00f3gusok T\u00e1rsas\u00e1ga (2018-t\u00f3l)<\/p>\n<p><strong>\u00a0\u00a0\u00a0\u00a0\u00a0\u00a0\u00a0\u00a0\u00a0\u00a0\u00a0 \u00a0\u00a0\u00a0\u00a0\u00a0\u00a0\u00a0\u00a0\u00a0\u00a0\u00a0 &#8211;\u00a0 <\/strong>EuCornea Eur\u00f3pai Corneat\u00e1rsas\u00e1g (2013-t\u00f3l)<\/p>\n<p>\u00a0\u00a0\u00a0\u00a0\u00a0\u00a0\u00a0\u00a0\u00a0\u00a0\u00a0 \u00a0\u00a0\u00a0\u00a0\u00a0\u00a0\u00a0\u00a0 &#8211;\u00a0 European Eye Bank Association (2010-t\u0151l 2024-ig)\u00a0\u00a0\u00a0\u00a0\u00a0\u00a0\u00a0\u00a0\u00a0\u00a0\u00a0 <strong>\u00a0\u00a0\u00a0\u00a0\u00a0\u00a0\u00a0\u00a0\u00a0\u00a0\u00a0 <\/strong><\/p>\n<p>&nbsp;<\/p>\n<p><strong>P\u00c1LY\u00c1ZATOK, D\u00cdJAK:<\/strong><\/p>\n<p>1997\u00a0\u00a0\u00a0\u00a0\u00a0\u00a0\u00a0\u00a0\u00a0\u00a0\u00a0 M\u00e1rcius 15-e szem\u00e9szeti p\u00e1ly\u00e1zat, dics\u00e9ret<\/p>\n<p>2018 \u00a0\u00a0 \u00a0\u00a0\u00a0\u00a0\u00a0\u00a0\u00a0\u00a0Eucornea kongresszus, Best Poster Award<\/p>\n<p>&nbsp;<\/p>\n<p><strong>NYELVTUD\u00c1S:<\/strong><\/p>\n<p>\u00a0\u00a0\u00a0\u00a0\u00a0\u00a0\u00a0\u00a0\u00a0 &#8211; angol, szakmaival b\u0151v\u00edtett k\u00f6z\u00e9pfok\u00fa nyelvvizsga, 1989<\/p>\n<p>\u00a0\u00a0\u00a0\u00a0\u00a0\u00a0\u00a0\u00a0\u00a0 &#8211; n\u00e9met alapfok\u00fa, C t\u00edpus\u00fa nyelvvizsga, 1992<\/p>\n<p>&nbsp;<\/p>\n<p><strong>TUDOM\u00c1NYOS TEV\u00c9KENYS\u00c9G:<\/strong><\/p>\n<p>1991-1992\u00a0\u00a0\u00a0\u00a0 &#8211; TMB \u00f6szt\u00f6nd\u00edj, Szent-Gy\u00f6rgyi Albert Orvostudom\u00e1nyi Egyetem, <br \/>\n\u00a0\u00a0\u00a0\u00a0\u00a0\u00a0\u00a0\u00a0\u00a0\u00a0\u00a0\u00a0\u00a0\u00a0\u00a0\u00a0\u00a0\u00a0\u00a0\u00a0\u00a0\u00a0\u00a0 Szeged, Szem\u00e9szeti Klinika<\/p>\n<p>1991-2003.\u00a0\u00a0\u00a0\u00a0 &#8211; Kutat\u00f3munka t\u00e9m\u00e1ja: Az excimer l\u00e9zerkezel\u00e9s hat\u00e1sa a szaruh\u00e1rtya <br \/>\n\u00a0\u00a0\u00a0\u00a0\u00a0\u00a0\u00a0\u00a0\u00a0\u00a0\u00a0\u00a0\u00a0\u00a0\u00a0\u00a0\u00a0\u00a0\u00a0\u00a0\u00a0\u00a0\u00a0\u00a0 sz\u00f6veteire. T\u00e9mavezet\u0151: Prof. S\u00fcveges Ildik\u00f3<\/p>\n<ul>\n<li>&#8211; OTKA ifj\u00fas\u00e1g p\u00e1ly\u00e1zat, (3 \u00e9ves, \u00e9vi 230eFt). Sz\u00e1ma: F012735<\/li>\n<\/ul>\n<ol start=\"2003\">\n<li>&#8211; Ph.D. fokozat megszerz\u00e9se. (diploma sz\u00e1ma: 664\/2003.). T\u00e9zisek <br \/>\nc\u00edme: A felsz\u00edni excimer l\u00e9zerkezel\u00e9s hat\u00e1sa a szaruh\u00e1rty\u00e1ra \u00e9s <br \/>\n\u00a0\u00a0\u00a0\u00a0\u00a0\u00a0\u00a0\u00a0\u00a0\u00a0\u00a0\u00a0\u00a0\u00a0\u00a0\u00a0\u00a0\u00a0\u00a0\u00a0\u00a0\u00a0\u00a0\u00a0\u00a0 k\u00f6rnyezet\u00e9re &#8211; k\u00eds\u00e9rletes \u00e9s klinikai tanulm\u00e1ny<\/li>\n<\/ol>\n<p>2004-t\u0151l\u00a0\u00a0\u00a0\u00a0\u00a0\u00a0\u00a0\u00a0\u00a0 &#8211; r\u00e9szv\u00e9tel \u00faj diagnosztikus \u00e9s m\u0171t\u00e9ti m\u00f3dszerek bevezet\u00e9s\u00e9ben a <br \/>\n\u00a0\u00a0\u00a0\u00a0\u00a0\u00a0 \u00a0\u00a0\u00a0\u00a0\u00a0\u00a0\u00a0\u00a0\u00a0\u00a0\u00a0\u00a0\u00a0\u00a0\u00a0\u00a0\u00a0\u00a0\u00a0szaruh\u00e1rtya-betegs\u00e9gek \u00e9s szemfelsz\u00edni betegs\u00e9gek kezel\u00e9s\u00e9ben a <br \/>\n\u00a0\u00a0\u00a0\u00a0\u00a0\u00a0\u00a0\u00a0\u00a0\u00a0\u00a0\u00a0\u00a0\u00a0\u00a0\u00a0\u00a0\u00a0\u00a0\u00a0\u00a0\u00a0\u00a0\u00a0\u00a0 klinik\u00e1n<br \/>\n\u00a0\u00a0\u00a0\u00a0\u00a0\u00a0\u00a0\u00a0\u00a0\u00a0\u00a0\u00a0\u00a0\u00a0\u00a0\u00a0\u00a0\u00a0\u00a0\u00a0\u00a0\u00a0 &#8211; a k\u00f6nny \u00e9s a csarnokv\u00edz gyullad\u00e1sos elemeinek vizsg\u00e1lata k\u00fcl\u00f6nb\u00f6z\u0151 <br \/>\n\u00a0\u00a0\u00a0\u00a0\u00a0\u00a0\u00a0\u00a0\u00a0\u00a0\u00a0\u00a0\u00a0\u00a0\u00a0\u00a0\u00a0\u00a0\u00a0\u00a0\u00a0\u00a0\u00a0\u00a0\u00a0 szemfelsz\u00edni betegs\u00e9gekben<\/p>\n<p>\u00a0\u00a0\u00a0\u00a0\u00a0\u00a0\u00a0\u00a0\u00a0\u00a0\u00a0 \u00a0\u00a0\u00a0\u00a0\u00a0\u00a0\u00a0\u00a0\u00a0\u00a0\u00a0\u00a0\u00a0\u00a0\u00a0\u00a0\u00a0\u00a0\u00a0\u00a0\u00a0\u00a0 &#8211; a k\u00f6nnyfilm \u00e9s a szemfelsz\u00edn vizsg\u00e1lata szaruh\u00e1rtya-betegs\u00e9gekben<\/p>\n<p>\u00a0\u00a0\u00a0\u00a0\u00a0\u00a0\u00a0\u00a0\u00a0\u00a0\u00a0\u00a0\u00a0\u00a0\u00a0\u00a0\u00a0\u00a0\u00a0\u00a0\u00a0\u00a0 &#8211; szemfelsz\u00edni betegs\u00e9gek vizsg\u00e1lata modern vizsg\u00e1l\u00f3 m\u00f3dszerekkel<\/p>\n<p>\u00a0\u00a0\u00a0\u00a0\u00a0\u00a0\u00a0\u00a0\u00a0\u00a0\u00a0 \u00a0\u00a0\u00a0\u00a0\u00a0\u00a0\u00a0\u00a0\u00a0\u00a0\u00a0\u00a0\u00a0\u00a0\u00a0\u00a0\u00a0\u00a0\u00a0\u00a0\u00a0\u00a0 &#8211; tudom\u00e1nyos di\u00e1kk\u00f6r\u00f6s hallgat\u00f3k t\u00e9mavezet\u00e9se<br \/>\n\u00a0\u00a0\u00a0\u00a0\u00a0\u00a0\u00a0\u00a0\u00a0\u00a0\u00a0 \u00a0\u00a0\u00a0\u00a0\u00a0\u00a0\u00a0\u00a0\u00a0\u00a0 &#8211; b\u00edr\u00e1latok, opponensi v\u00e9lem\u00e9nyek k\u00e9sz\u00edt\u00e9se PhD disszert\u00e1ci\u00f3kr\u00f3l, <br \/>\n\u00a0\u00a0\u00a0\u00a0\u00a0\u00a0\u00a0\u00a0\u00a0\u00a0\u00a0\u00a0\u00a0\u00a0\u00a0\u00a0\u00a0\u00a0\u00a0\u00a0\u00a0\u00a0\u00a0\u00a0 szigorlati- \u00e9s b\u00edr\u00e1l\u00f3 bizotts\u00e1gi tags\u00e1g PhD v\u00e9d\u00e9seken<br \/>\n\u00a0\u00a0\u00a0\u00a0\u00a0\u00a0\u00a0\u00a0\u00a0\u00a0\u00a0 \u00a0\u00a0\u00a0\u00a0\u00a0\u00a0\u00a0\u00a0\u00a0\u00a0 &#8211; lektori tev\u00e9kenys\u00e9g hazai \u00e9s nemzetk\u00f6zi foly\u00f3iratokban<\/p>\n<p>&nbsp;<\/p>\n<p>K\u00f6zlem\u00e9nyek: MTMT2: https:\/\/m2.mtmt.hu\/gui2\/?type=authors&amp;mode=browse&amp;sel=10024588<\/p>\n<p>&nbsp;<\/p>\n","protected":false},"excerpt":{"rendered":"<p>SZAKMAI \u00d6N\u00c9LETRAJZ &nbsp; N\u00e9v: dr. F\u00fcst \u00c1gnes Sz\u00fclet\u00e9si hely, id\u0151: Budapest, 1967. m\u00e1jus 5. \u00a0\u00a0 DIPLOMA: \u00a0 \u00a0 \u00a0 \u00a0Semmelweis Orvostudom\u00e1nyi Egyetem, Budapest, \u00c1ltal\u00e1nos Orvostudom\u00e1nyi kar,\u00a0 \u00a0\u00a0\u00a0\u00a0\u00a0\u00a0 (Summa cum laude min\u0151s\u00edt\u00e9s), 1991 &nbsp; SZAKMAI TEV\u00c9KENYS\u00c9G: &hellip;<\/p>\n","protected":false},"author":33,"featured_media":0,"parent":0,"menu_order":0,"comment_status":"closed","ping_status":"closed","template":"","meta":{"footnotes":""},"class_list":["post-2","page","type-page","status-publish","hentry"],"_links":{"self":[{"href":"https:\/\/scholar.semmelweis.hu\/fustagnes\/wp-json\/wp\/v2\/pages\/2"}],"collection":[{"href":"https:\/\/scholar.semmelweis.hu\/fustagnes\/wp-json\/wp\/v2\/pages"}],"about":[{"href":"https:\/\/scholar.semmelweis.hu\/fustagnes\/wp-json\/wp\/v2\/types\/page"}],"author":[{"embeddable":true,"href":"https:\/\/scholar.semmelweis.hu\/fustagnes\/wp-json\/wp\/v2\/users\/33"}],"replies":[{"embeddable":true,"href":"https:\/\/scholar.semmelweis.hu\/fustagnes\/wp-json\/wp\/v2\/comments?post=2"}],"version-history":[{"count":4,"href":"https:\/\/scholar.semmelweis.hu\/fustagnes\/wp-json\/wp\/v2\/pages\/2\/revisions"}],"predecessor-version":[{"id":40,"href":"https:\/\/scholar.semmelweis.hu\/fustagnes\/wp-json\/wp\/v2\/pages\/2\/revisions\/40"}],"wp:attachment":[{"href":"https:\/\/scholar.semmelweis.hu\/fustagnes\/wp-json\/wp\/v2\/media?parent=2"}],"curies":[{"name":"wp","href":"https:\/\/api.w.org\/{rel}","templated":true}]}}