{"id":5,"date":"2022-04-25T14:20:10","date_gmt":"2022-04-25T12:20:10","guid":{"rendered":"https:\/\/scholar.semmelweis.hu\/dobrossybencemarton\/bemutatkozas\/"},"modified":"2025-11-26T11:31:16","modified_gmt":"2025-11-26T10:31:16","slug":"bemutatkozas","status":"publish","type":"page","link":"https:\/\/scholar.semmelweis.hu\/dobrossybencemarton\/","title":{"rendered":"Bemutatkoz\u00e1s"},"content":{"rendered":"<p style=\"text-align: justify\">Angli\u00e1ban, a Royal Holloway and Bedford New College, University of Londonban szereztem mesterfokozatot orvos- eg\u00e9szs\u00e9g\u00fcgyi szociol\u00f3gi\u00e1b\u00f3l 1991-ben.<\/p>\n<p style=\"text-align: justify\">1993 \u00f3ta tan\u00edtom a t\u00e1rgyat Debrecenben \u00e9s a 2009 \u00f3ta a Semmelweis Egyetemen is. Izgalmas kih\u00edv\u00e1s sz\u00e1momra k\u00f6z\u00e9rthet\u0151en bemutatni hallgat\u00f3knak a szociol\u00f3gia n\u00e9z\u0151pontj\u00e1b\u00f3l azt a val\u00f3s\u00e1got, amiben majd dolgozni fognak.<\/p>\n<p style=\"text-align: justify\">Megtiszteltet\u00e9s, hogy az angol szociol\u00f3gia t\u00e1rgy tanulm\u00e1nyi felel\u0151se lehetek.\u00a0 Szociol\u00f3gia mellett tanitok komunik\u00e1ci\u00f3t is gy\u00f3gyszer\u00e9sz hallgat\u00f3knak. Felel\u0151se vagyok az Intercultural Healthcare- integrated course k\u00f6telez\u0151en v\u00e1laszthat\u00f3 t\u00e1rgynak is. Akt\u00edvan dolgozom a mentor programban.<\/p>\n<p style=\"text-align: justify\">Folyamatban l\u00e9v\u0151 PhD t\u00e9m\u00e1m a telemedicina szab\u00e1lyoz\u00e1sa \u00e9s haszn\u00e1lati tendenci\u00e1i.<\/p>\n<p style=\"text-align: justify\">Tagja vagyok a Digit\u00e1lis Eg\u00e9szs\u00e9g\u00fcgyi Megold\u00e1sok az Orvosl\u00e1sban munkacsoportnak. \u00a0 <a href=\"https:\/\/semmelweis.hu\/digitalhealth\/\">https:\/\/semmelweis.hu\/digitalhealth\/<\/a><\/p>\n<p style=\"text-align: justify\">\u00d6sszes\u00edtett Impakt Faktorom 34.7<\/p>\n","protected":false},"excerpt":{"rendered":"<p>Angli\u00e1ban, a Royal Holloway and Bedford New College, University of Londonban szereztem mesterfokozatot orvos- eg\u00e9szs\u00e9g\u00fcgyi szociol\u00f3gi\u00e1b\u00f3l 1991-ben. 1993 \u00f3ta tan\u00edtom a t\u00e1rgyat Debrecenben \u00e9s a 2009 \u00f3ta a Semmelweis Egyetemen is. Izgalmas kih\u00edv\u00e1s sz\u00e1momra k\u00f6z\u00e9rthet\u0151en &hellip;<\/p>\n","protected":false},"author":142,"featured_media":0,"parent":0,"menu_order":0,"comment_status":"closed","ping_status":"closed","template":"","meta":{"footnotes":""},"class_list":["post-5","page","type-page","status-publish","hentry"],"_links":{"self":[{"href":"https:\/\/scholar.semmelweis.hu\/dobrossybencemarton\/wp-json\/wp\/v2\/pages\/5"}],"collection":[{"href":"https:\/\/scholar.semmelweis.hu\/dobrossybencemarton\/wp-json\/wp\/v2\/pages"}],"about":[{"href":"https:\/\/scholar.semmelweis.hu\/dobrossybencemarton\/wp-json\/wp\/v2\/types\/page"}],"author":[{"embeddable":true,"href":"https:\/\/scholar.semmelweis.hu\/dobrossybencemarton\/wp-json\/wp\/v2\/users\/142"}],"replies":[{"embeddable":true,"href":"https:\/\/scholar.semmelweis.hu\/dobrossybencemarton\/wp-json\/wp\/v2\/comments?post=5"}],"version-history":[{"count":4,"href":"https:\/\/scholar.semmelweis.hu\/dobrossybencemarton\/wp-json\/wp\/v2\/pages\/5\/revisions"}],"predecessor-version":[{"id":21,"href":"https:\/\/scholar.semmelweis.hu\/dobrossybencemarton\/wp-json\/wp\/v2\/pages\/5\/revisions\/21"}],"wp:attachment":[{"href":"https:\/\/scholar.semmelweis.hu\/dobrossybencemarton\/wp-json\/wp\/v2\/media?parent=5"}],"curies":[{"name":"wp","href":"https:\/\/api.w.org\/{rel}","templated":true}]}}