{"id":4,"date":"2022-04-25T14:20:10","date_gmt":"2022-04-25T12:20:10","guid":{"rendered":"https:\/\/scholar.semmelweis.hu\/dobrossybencemarton\/cv\/"},"modified":"2022-06-12T17:11:08","modified_gmt":"2022-06-12T15:11:08","slug":"cv","status":"publish","type":"page","link":"https:\/\/scholar.semmelweis.hu\/dobrossybencemarton\/cv\/","title":{"rendered":"CV"},"content":{"rendered":"<p><strong>Szem\u00e9lyes adatok<\/strong><\/p>\n<p>Sz\u00fclet\u00e9si hely, id\u0151: Budapest, 1967.12.01.<\/p>\n<p>E-mail:<strong>\u00a0 \u00a0 \u00a0 \u00a0 \u00a0 \u00a0 \u00a0 \u00a0 \u00a0 <\/strong><a href=\"mailto:dobrossybence@gmail.com\">dobrossybence@gmail.com<\/a><\/p>\n<p>Beoszt\u00e1s: \u00a0\u00a0\u00a0\u00a0\u00a0\u00a0\u00a0\u00a0\u00a0\u00a0\u00a0\u00a0\u00a0 egyetemi tan\u00e1rseg\u00e9d<\/p>\n<p>&nbsp;<\/p>\n<p><strong>Tanulm\u00e1nyok<\/strong><\/p>\n<p><em>2015-\u00a0\u00a0\u00a0\u00a0\u00a0\u00a0\u00a0\u00a0\u00a0\u00a0\u00a0\u00a0\u00a0 PhD, <\/em>PTE Eg\u00e9szs\u00e9gtudom\u00e1nyi Doktori Iskola, P\u00e9cs (folyamatban)<\/p>\n<p>1990-1991\u00a0\u00a0\u00a0\u00a0\u00a0 <em>Sociology with special reference to the Sociology of Medicine<\/em><em> MSc, <\/em>University of London, Royal Holloway\u00a0 \u00a0 \u00a0 \u00a0 \u00a0 \u00a0 \u00a0 \u00a0 \u00a0 \u00a0 \u00a0 \u00a0 \u00a0 \u00a0and Bedford New College, Egham, Anglia<\/p>\n<p>1987-1990\u00a0\u00a0\u00a0\u00a0\u00a0 <em>Sociology BA, <\/em>University of Reading, Reading, Anglia<\/p>\n<p><strong>Munkahelyek<\/strong><\/p>\n<p><em>2017-\u00a0\u00a0\u00a0\u00a0\u00a0\u00a0\u00a0\u00a0\u00a0\u00a0\u00a0\u00a0\u00a0 <\/em>Semmelweis Egyetem, Magatart\u00e1studom\u00e1nyi Int\u00e9zet- egyetemi tan\u00e1rseg\u00e9d<\/p>\n<p>2020,05-2020,08<em>\u00a0<\/em>Nemzeti N\u00e9peg\u00e9szs\u00e9g\u00fcgyi K\u00f6zpont-vezet\u0151 sz\u0171r\u00e9si szak\u00e9rt\u0151 a \u201e Komplex n\u00e9peg\u00e9szs\u00e9g\u00fcgyi sz\u0171r\u00e9sek\u201d c.\u00a0 \u00a0 \u00a0 \u00a0 \u00a0 \u00a0 \u00a0 \u00a0 \u00a0 \u00a0 \u00a0 \u00a0 \u00a0 \u00a0 \u00a0 \u00a0projekt keret\u00e9ben<\/p>\n<p>2009- 2017\u00a0\u00a0\u00a0\u00a0 Semmelweis Egyetem, Budapest- \u00f3raad\u00f3: orvosi szociol\u00f3gia<\/p>\n<p>1993-\u00a0\u00a0\u00a0\u00a0\u00a0\u00a0\u00a0\u00a0\u00a0\u00a0\u00a0\u00a0\u00a0 Debreceni Orvos \u00e9s Eg\u00e9szs\u00e9gtudom\u00e1nyi Centrum, Debrecen- \u00f3raad\u00f3: orvosi szociol\u00f3gia<\/p>\n<p>1994-1995\u00a0\u00a0\u00a0\u00a0\u00a0 Szegedi Orvostudom\u00e1nyi Egyetem- \u00f3raad\u00f3: szociol\u00f3gia<\/p>\n<p>1992-2000\u00a0\u00a0\u00a0\u00a0\u00a0 Nemzeti Eg\u00e9szs\u00e9gv\u00e9delmi Int\u00e9zet, Budapest- szakel\u0151ad\u00f3: nemzetk\u00f6zi kapcsolattart\u00e1s, m\u00f3dszertani\u00a0 \u00a0 \u00a0 \u00a0 \u00a0 \u00a0 \u00a0 \u00a0 \u00a0 \u00a0 \u00a0 \u00a0 \u00a0 \u00a0 \u00a0 \u00a0 \u00a0 \u00a0 \u00a0 \u00a0feladatok\u00a0 ell\u00e1t\u00e1sa<\/p>\n<p><strong>Feladatk\u00f6r<\/strong><\/p>\n<p>&#8211; orvosi szociol\u00f3gia oktat\u00e1sa h\u00e1rom karon, magyar \u00e9s angol nyelven.<\/p>\n<p>&#8211; kutat\u00f3munka<\/p>\n<p><strong>Kutat\u00e1si ter\u00fclet:<\/strong><\/p>\n<p>Orvosi szociol\u00f3gia<\/p>\n<p>Mammogr\u00e1fi\u00e1s eml\u0151sz\u0171r\u00e9s<\/p>\n<p>Digit\u00e1lis eg\u00e9szs\u00e9g\u00fcgy<\/p>\n<p><strong>Nyelvtud\u00e1s: <\/strong><\/p>\n<p>Angol C1<\/p>\n<p><strong>Publik\u00e1ci\u00f3k: <\/strong><\/p>\n<p><a href=\"https:\/\/m2.mtmt.hu\/gui2\/?type=authors&amp;mode=browse&amp;sel=10051131\">https:\/\/m2.mtmt.hu\/gui2\/?type=authors&amp;mode=browse&amp;sel=10051131<\/a><\/p>\n<p>&nbsp;<\/p>\n<p>&nbsp;<\/p>\n<p>&nbsp;<\/p>\n","protected":false},"excerpt":{"rendered":"<p>Szem\u00e9lyes adatok Sz\u00fclet\u00e9si hely, id\u0151: Budapest, 1967.12.01. E-mail:\u00a0 \u00a0 \u00a0 \u00a0 \u00a0 \u00a0 \u00a0 \u00a0 \u00a0 <a href=\"mailto:dobrossybence@gmail.com\">dobrossybence@gmail.com<\/a> Beoszt\u00e1s: \u00a0\u00a0\u00a0\u00a0\u00a0\u00a0\u00a0\u00a0\u00a0\u00a0\u00a0\u00a0\u00a0 egyetemi tan\u00e1rseg\u00e9d &nbsp; Tanulm\u00e1nyok 2015-\u00a0\u00a0\u00a0\u00a0\u00a0\u00a0\u00a0\u00a0\u00a0\u00a0\u00a0\u00a0\u00a0 PhD, PTE Eg\u00e9szs\u00e9gtudom\u00e1nyi Doktori Iskola, P\u00e9cs (folyamatban) 1990-1991\u00a0\u00a0\u00a0\u00a0\u00a0 Sociology with special reference &hellip;<\/p>\n","protected":false},"author":142,"featured_media":0,"parent":0,"menu_order":0,"comment_status":"closed","ping_status":"closed","template":"","meta":{"footnotes":""},"class_list":["post-4","page","type-page","status-publish","hentry"],"_links":{"self":[{"href":"https:\/\/scholar.semmelweis.hu\/dobrossybencemarton\/wp-json\/wp\/v2\/pages\/4"}],"collection":[{"href":"https:\/\/scholar.semmelweis.hu\/dobrossybencemarton\/wp-json\/wp\/v2\/pages"}],"about":[{"href":"https:\/\/scholar.semmelweis.hu\/dobrossybencemarton\/wp-json\/wp\/v2\/types\/page"}],"author":[{"embeddable":true,"href":"https:\/\/scholar.semmelweis.hu\/dobrossybencemarton\/wp-json\/wp\/v2\/users\/142"}],"replies":[{"embeddable":true,"href":"https:\/\/scholar.semmelweis.hu\/dobrossybencemarton\/wp-json\/wp\/v2\/comments?post=4"}],"version-history":[{"count":4,"href":"https:\/\/scholar.semmelweis.hu\/dobrossybencemarton\/wp-json\/wp\/v2\/pages\/4\/revisions"}],"predecessor-version":[{"id":19,"href":"https:\/\/scholar.semmelweis.hu\/dobrossybencemarton\/wp-json\/wp\/v2\/pages\/4\/revisions\/19"}],"wp:attachment":[{"href":"https:\/\/scholar.semmelweis.hu\/dobrossybencemarton\/wp-json\/wp\/v2\/media?parent=4"}],"curies":[{"name":"wp","href":"https:\/\/api.w.org\/{rel}","templated":true}]}}