{"id":1,"date":"2016-05-10T13:30:16","date_gmt":"2016-05-10T11:30:16","guid":{"rendered":"http:\/\/scholar.semmelweis.hu\/dobolyiarpad\/elerhetoseg\/"},"modified":"2026-01-15T16:03:11","modified_gmt":"2026-01-15T15:03:11","slug":"elerhetoseg","status":"publish","type":"page","link":"https:\/\/scholar.semmelweis.hu\/dobolyiarpad\/elerhetoseg\/","title":{"rendered":"El\u00e9rhet\u0151s\u00e9g"},"content":{"rendered":"<p><strong>Semmelweis Egyetem, Anat\u00f3miai, Sz\u00f6vet- \u00e9s Fejl\u0151d\u00e9stani Int\u00e9zet<\/strong><\/p>\n<p>1094 Budapest, T\u0171zolt\u00f3 u. 58.<\/p>\n<p>&nbsp;<\/p>\n<p>Ideiglenes c\u00edm:<\/p>\n<p>1089 Budapest, Nagyv\u00e1rad t\u00e9r 4. (Orczy \u00fat 2-4.)<\/p>\n<p>SE Nagyv\u00e1rad t\u00e9ri Elm\u00e9leti T\u00f6mb, 9. emelet, 0919 szoba<\/p>\n<p>&nbsp;<\/p>\n<p>e-mail: <a href=\"mailto:dobolyi.arpad@semmelweis.hu\">dobolyi.arpad@semmelweis.hu<\/a><\/p>\n","protected":false},"excerpt":{"rendered":"<p>Semmelweis Egyetem, Anat\u00f3miai, Sz\u00f6vet- \u00e9s Fejl\u0151d\u00e9stani Int\u00e9zet<br \/>\n1094 Budapest, T\u0171zolt\u00f3 u. 58.<br \/>\n&nbsp;<br \/>\nIdeiglenes c\u00edm:<br \/>\n1089 Budapest, Nagyv\u00e1rad t\u00e9r 4. (Orczy \u00fat 2-4.)<br \/>\nSE Nagyv\u00e1rad t\u00e9ri Elm\u00e9leti T\u00f6mb, 9. emelet, 0919 szoba<br \/>\n&nbsp;<br \/>\ne-mail: <a href=\"mailto:dobolyi.arpad@semmelweis.hu\">dobolyi.arpad@semmelweis.hu<\/a><\/p>\n","protected":false},"author":75,"featured_media":0,"parent":0,"menu_order":0,"comment_status":"closed","ping_status":"closed","template":"","meta":{"footnotes":""},"class_list":["post-1","page","type-page","status-publish","hentry"],"_links":{"self":[{"href":"https:\/\/scholar.semmelweis.hu\/dobolyiarpad\/wp-json\/wp\/v2\/pages\/1"}],"collection":[{"href":"https:\/\/scholar.semmelweis.hu\/dobolyiarpad\/wp-json\/wp\/v2\/pages"}],"about":[{"href":"https:\/\/scholar.semmelweis.hu\/dobolyiarpad\/wp-json\/wp\/v2\/types\/page"}],"author":[{"embeddable":true,"href":"https:\/\/scholar.semmelweis.hu\/dobolyiarpad\/wp-json\/wp\/v2\/users\/75"}],"replies":[{"embeddable":true,"href":"https:\/\/scholar.semmelweis.hu\/dobolyiarpad\/wp-json\/wp\/v2\/comments?post=1"}],"version-history":[{"count":9,"href":"https:\/\/scholar.semmelweis.hu\/dobolyiarpad\/wp-json\/wp\/v2\/pages\/1\/revisions"}],"predecessor-version":[{"id":50,"href":"https:\/\/scholar.semmelweis.hu\/dobolyiarpad\/wp-json\/wp\/v2\/pages\/1\/revisions\/50"}],"wp:attachment":[{"href":"https:\/\/scholar.semmelweis.hu\/dobolyiarpad\/wp-json\/wp\/v2\/media?parent=1"}],"curies":[{"name":"wp","href":"https:\/\/api.w.org\/{rel}","templated":true}]}}