{"id":57,"date":"2024-01-16T20:00:04","date_gmt":"2024-01-16T19:00:04","guid":{"rendered":"https:\/\/scholar.semmelweis.hu\/danoskornel\/?page_id=57"},"modified":"2025-11-11T06:57:49","modified_gmt":"2025-11-11T05:57:49","slug":"idopontfoglalas","status":"publish","type":"page","link":"https:\/\/scholar.semmelweis.hu\/danoskornel\/idopontfoglalas\/","title":{"rendered":"Id\u0151pontfoglal\u00e1s"},"content":{"rendered":"<p>Az al\u00e1bbi lapon tud id\u0151pontot foglalni <strong>fej-nyakseb\u00e9szet<\/strong>i\/<strong>pajzsmirigyseb\u00e9szet<\/strong>i vizsg\u00e1latra.<\/p>\n<p>\u00c1ltal\u00e1nos f\u00fcl-orr-g\u00e9g\u00e9szeti probl\u00e9m\u00e1k (f\u00fclpanaszok, orrdugul\u00e1s stb.) keresse klinik\u00e1nk \u00e1ltal\u00e1nos ambulanci\u00e1j\u00e1t (20-825-0722)<\/p>\n<p><strong><a href=\"https:\/\/outlook.office365.com\/owa\/calendar\/Ambulnseljegyzs@unisemmelweis.onmicrosoft.com\/bookings\/\">EL\u0150JEGYZ\u00c9SI NAPT\u00c1R<\/a><\/strong><\/p>\n<p>A vizsg\u00e1lat helysz\u00edne a Semmelweis Egyetem F\u00fcl-Orr-G\u00e9g\u00e9szeti \u00e9s Fej-Nyakseb\u00e9szeti Klinik\u00e1j\u00e1nak ambulanci\u00e1ja.<\/p>\n<p><span style=\"text-decoration: underline\">1083 Budapest Szigony u. 36.<\/span><\/p>\n<p>Amennyiben t\u00f6rt\u00e9nt k\u00e9palkot\u00f3 vizsg\u00e1lat (<strong>CT, MRI<\/strong>), annak a k\u00e9panyag\u00e1t lehet\u0151s\u00e9g szerint ne lemezen, hanem <strong>pendrive<\/strong>-on hozza mag\u00e1val!<\/p>\n<p>Felh\u00edvjuk a figyelm\u00e9t, hogy az aktu\u00e1lis <strong>konzult\u00e1ci\u00f3s id\u0151pont<\/strong> az akut esetek\/m\u0171t\u00e9ti program f\u00fcggv\u00e9ny\u00e9ben v\u00e1ltozhat, \u00edgy az <strong>t\u00e1j\u00e9koztat\u00f3 jelleg\u0171<\/strong>.<\/p>\n<p>Mag\u00e1nrendel\u00e9sre egy\u00e9b honlapokon (pl. CMC) van lehet\u0151s\u00e9g id\u0151pontot foglalni.<\/p>\n","protected":false},"excerpt":{"rendered":"<p>Az al\u00e1bbi lapon tud id\u0151pontot foglalni fej-nyakseb\u00e9szeti\/pajzsmirigyseb\u00e9szeti vizsg\u00e1latra. \u00c1ltal\u00e1nos f\u00fcl-orr-g\u00e9g\u00e9szeti probl\u00e9m\u00e1k (f\u00fclpanaszok, orrdugul\u00e1s stb.) keresse klinik\u00e1nk \u00e1ltal\u00e1nos ambulanci\u00e1j\u00e1t (20-825-0722) <a href=\"https:\/\/outlook.office365.com\/owa\/calendar\/Ambulnseljegyzs@unisemmelweis.onmicrosoft.com\/bookings\/\">EL\u0150JEGYZ\u00c9SI NAPT\u00c1R<\/a> A vizsg\u00e1lat helysz\u00edne a Semmelweis Egyetem F\u00fcl-Orr-G\u00e9g\u00e9szeti \u00e9s Fej-Nyakseb\u00e9szeti Klinik\u00e1j\u00e1nak ambulanci\u00e1ja. 1083 Budapest Szigony u. 36. &hellip;<\/p>\n","protected":false},"author":160,"featured_media":0,"parent":0,"menu_order":0,"comment_status":"closed","ping_status":"closed","template":"","meta":{"footnotes":""},"class_list":["post-57","page","type-page","status-publish","hentry"],"_links":{"self":[{"href":"https:\/\/scholar.semmelweis.hu\/danoskornel\/wp-json\/wp\/v2\/pages\/57"}],"collection":[{"href":"https:\/\/scholar.semmelweis.hu\/danoskornel\/wp-json\/wp\/v2\/pages"}],"about":[{"href":"https:\/\/scholar.semmelweis.hu\/danoskornel\/wp-json\/wp\/v2\/types\/page"}],"author":[{"embeddable":true,"href":"https:\/\/scholar.semmelweis.hu\/danoskornel\/wp-json\/wp\/v2\/users\/160"}],"replies":[{"embeddable":true,"href":"https:\/\/scholar.semmelweis.hu\/danoskornel\/wp-json\/wp\/v2\/comments?post=57"}],"version-history":[{"count":11,"href":"https:\/\/scholar.semmelweis.hu\/danoskornel\/wp-json\/wp\/v2\/pages\/57\/revisions"}],"predecessor-version":[{"id":92,"href":"https:\/\/scholar.semmelweis.hu\/danoskornel\/wp-json\/wp\/v2\/pages\/57\/revisions\/92"}],"wp:attachment":[{"href":"https:\/\/scholar.semmelweis.hu\/danoskornel\/wp-json\/wp\/v2\/media?parent=57"}],"curies":[{"name":"wp","href":"https:\/\/api.w.org\/{rel}","templated":true}]}}