{"id":4,"date":"2023-10-25T10:38:08","date_gmt":"2023-10-25T08:38:08","guid":{"rendered":"https:\/\/scholar.semmelweis.hu\/danoskornel\/cv\/"},"modified":"2025-11-11T06:46:50","modified_gmt":"2025-11-11T05:46:50","slug":"cv","status":"publish","type":"page","link":"https:\/\/scholar.semmelweis.hu\/danoskornel\/cv\/","title":{"rendered":"Betegell\u00e1t\u00e1s"},"content":{"rendered":"<p>F\u0151 ter\u00e1pi\u00e1s ter\u00fcletek:<\/p>\n<ul>\n<li>pajzsmirigy-, \u00e9s mell\u00e9kpajzsmirigyseb\u00e9szet<\/li>\n<li>fej-nyaki daganatok seb\u00e9szi ter\u00e1pi\u00e1ja\n<ul>\n<li>sz\u00e1j\u00fcregi, garat-, \u00e9s g\u00e9ger\u00e1k seb\u00e9szi ter\u00e1pi\u00e1ja<\/li>\n<\/ul>\n<\/li>\n<li>fej-nyaki b\u0151rdaganatok seb\u00e9szi ter\u00e1pi\u00e1ja rekonstrukci\u00f3val<\/li>\n<li>ny\u00e1lmirigyseb\u00e9szet<\/li>\n<li>fej-nyaki daganatok komplex onkoter\u00e1pi\u00e1ja, onkol\u00f3giai konzult\u00e1ci\u00f3ja<\/li>\n<\/ul>\n<p>Ambul\u00e1ns vizsg\u00e1latra id\u0151pontot az &#8222;Id\u0151pont-foglal\u00e1s&#8221; men\u00fcpont alatt tudnak egyeztetni. A vizsg\u00e1lat helye a Semmelweis Egyetem F\u00fcl-Orr-G\u00e9g\u00e9szeti \u00e9s Fej-Nyakseb\u00e9szeti Klinika ambulanci\u00e1ja.<\/p>\n","protected":false},"excerpt":{"rendered":"<p>F\u0151 ter\u00e1pi\u00e1s ter\u00fcletek: pajzsmirigy-, \u00e9s mell\u00e9kpajzsmirigyseb\u00e9szet fej-nyaki daganatok seb\u00e9szi ter\u00e1pi\u00e1ja sz\u00e1j\u00fcregi, garat-, \u00e9s g\u00e9ger\u00e1k seb\u00e9szi ter\u00e1pi\u00e1ja fej-nyaki b\u0151rdaganatok seb\u00e9szi ter\u00e1pi\u00e1ja rekonstrukci\u00f3val ny\u00e1lmirigyseb\u00e9szet fej-nyaki daganatok komplex onkoter\u00e1pi\u00e1ja, onkol\u00f3giai konzult\u00e1ci\u00f3ja Ambul\u00e1ns vizsg\u00e1latra id\u0151pontot az &#8222;Id\u0151pont-foglal\u00e1s&#8221; men\u00fcpont alatt &hellip;<\/p>\n","protected":false},"author":160,"featured_media":0,"parent":0,"menu_order":0,"comment_status":"closed","ping_status":"closed","template":"","meta":{"footnotes":""},"class_list":["post-4","page","type-page","status-publish","hentry"],"_links":{"self":[{"href":"https:\/\/scholar.semmelweis.hu\/danoskornel\/wp-json\/wp\/v2\/pages\/4"}],"collection":[{"href":"https:\/\/scholar.semmelweis.hu\/danoskornel\/wp-json\/wp\/v2\/pages"}],"about":[{"href":"https:\/\/scholar.semmelweis.hu\/danoskornel\/wp-json\/wp\/v2\/types\/page"}],"author":[{"embeddable":true,"href":"https:\/\/scholar.semmelweis.hu\/danoskornel\/wp-json\/wp\/v2\/users\/160"}],"replies":[{"embeddable":true,"href":"https:\/\/scholar.semmelweis.hu\/danoskornel\/wp-json\/wp\/v2\/comments?post=4"}],"version-history":[{"count":4,"href":"https:\/\/scholar.semmelweis.hu\/danoskornel\/wp-json\/wp\/v2\/pages\/4\/revisions"}],"predecessor-version":[{"id":88,"href":"https:\/\/scholar.semmelweis.hu\/danoskornel\/wp-json\/wp\/v2\/pages\/4\/revisions\/88"}],"wp:attachment":[{"href":"https:\/\/scholar.semmelweis.hu\/danoskornel\/wp-json\/wp\/v2\/media?parent=4"}],"curies":[{"name":"wp","href":"https:\/\/api.w.org\/{rel}","templated":true}]}}