{"id":33,"date":"2023-10-25T22:02:09","date_gmt":"2023-10-25T20:02:09","guid":{"rendered":"https:\/\/scholar.semmelweis.hu\/danoskornel\/?page_id=33"},"modified":"2026-03-21T11:09:11","modified_gmt":"2026-03-21T10:09:11","slug":"cv-2","status":"publish","type":"page","link":"https:\/\/scholar.semmelweis.hu\/danoskornel\/cv-2\/","title":{"rendered":"CV"},"content":{"rendered":"<p style=\"font-weight: 400\"><strong>V\u00c9GZETTS\u00c9G:<\/strong><\/p>\n<table style=\"border-collapse: collapse;width: 100%\">\n<tbody>\n<tr>\n<td style=\"width: 7.619047%\">2012<\/td>\n<td style=\"width: 55.680272%\"><strong>\u00a0\u00e1ltal\u00e1nos orvos<\/strong> (dr. med.)<\/td>\n<td style=\"width: 36.70068%\">Semmelweis Egyetem<\/td>\n<\/tr>\n<tr>\n<td style=\"width: 7.619047%\">2015<\/td>\n<td style=\"width: 55.680272%\"><strong>Ph.D.<\/strong><\/td>\n<td style=\"width: 36.70068%\">Semmelweis Egyetem<\/td>\n<\/tr>\n<tr>\n<td style=\"width: 7.619047%\">2019<\/td>\n<td style=\"width: 55.680272%\"><strong>F\u00fcl-orr-g\u00e9gegy\u00f3gy\u00e1szat szakvizsga<\/strong><\/td>\n<td style=\"width: 36.70068%\">Semmelweis Egyetem<\/td>\n<\/tr>\n<tr>\n<td style=\"width: 7.619047%\">2025<\/td>\n<td style=\"width: 55.680272%\"><strong>Nemzetk\u00f6zi fej-nyak seb\u00e9szeti licensz<\/strong> &#8211; <em>International Fellow in Head and Neck Surgery<\/em><\/td>\n<td style=\"width: 36.70068%\">\n<p>International Federation of Head and Neck Oncologic Societies (IFHNOS)<\/p>\n<\/td>\n<\/tr>\n<tr>\n<td style=\"width: 7.619047%\">2026<\/td>\n<td style=\"width: 55.680272%\"><strong>Habilit\u00e1ci\u00f3<\/strong><\/td>\n<td style=\"width: 36.70068%\">\n<p>Semmelweis Egyetem<\/p>\n<\/td>\n<\/tr>\n<\/tbody>\n<\/table>\n<p style=\"font-weight: 400\"><strong>\u00a0 \u00a0 \u00a0 \u00a0 \u00a0 \u00a0<\/strong><\/p>\n<p style=\"font-weight: 400\"><strong>SZAKMAI GYAKORLAT, EGY\u00c9B SZAKMAI TEV\u00c9KENYS\u00c9G:<\/strong><\/p>\n<table style=\"border-collapse: collapse;width: 100%\">\n<tbody>\n<tr>\n<td style=\"width: 33.333333%\"><strong>2008 &#8211; 2010<\/strong><\/td>\n<td style=\"width: 33.333333%\">Klinikai K\u00eds\u00e9rleti Kutat\u00f3 \u00e9s Hum\u00e1n \u00c9lettani Int\u00e9zet, Semmelweis Egyetem<\/td>\n<td style=\"width: 33.333333%\">d\u00edjas demonstrator<\/td>\n<\/tr>\n<tr>\n<td style=\"width: 33.333333%\"><strong>2009 \u2013 2012<\/strong><\/td>\n<td style=\"width: 33.333333%\">Jahn Ferenc D\u00e9l-pesti K\u00f3rh\u00e1z F\u00fcl-Orr-G\u00e9g\u00e9szeti oszt\u00e1ly<\/td>\n<td style=\"width: 33.333333%\">klinikai gyakorlat<\/td>\n<\/tr>\n<tr>\n<td style=\"width: 33.333333%\"><strong>2009 &#8211; 2012<\/strong><\/td>\n<td style=\"width: 33.333333%\">F\u00fcl-Orr-G\u00e9g\u00e9szeti \u00e9s Fej-Nyakseb\u00e9szeti Klinika, Semmelweis Egyetem<\/td>\n<td style=\"width: 33.333333%\">tudom\u00e1nyos di\u00e1kk\u00f6ri hallgat\u00f3<\/td>\n<\/tr>\n<tr>\n<td style=\"width: 33.333333%\"><strong>2017<\/strong>\u00a0<\/td>\n<td style=\"width: 33.333333%\">Universitatsklinikum Freiburg (Freiburg, N\u00e9metorsz\u00e1g)<\/td>\n<td style=\"width: 33.333333%\">2 hetes f\u00fcl-orr-g\u00e9g\u00e9szeti gyakorlat<\/td>\n<\/tr>\n<tr>\n<td style=\"width: 33.333333%\"><strong>2019<\/strong><\/td>\n<td style=\"width: 33.333333%\">University of Texas MD Anderson Cancer Center (Houston, TX, USA)<\/td>\n<td style=\"width: 33.333333%\">1 h\u00f3napos fej-nyakseb\u00e9szeti gyakorlat<\/td>\n<\/tr>\n<\/tbody>\n<\/table>\n<p style=\"font-weight: 400\">\u00a0<\/p>\n<p style=\"font-weight: 400\"><strong>MUNKAHELY: <\/strong><\/p>\n<p style=\"font-weight: 400\"><strong>2012 &#8211; <\/strong>F\u00fcl-Orr-G\u00e9g\u00e9szeti \u00e9s Fej-Nyakseb\u00e9szeti Klinika, Semmelweis Egyetem<\/p>\n<p style=\"font-weight: 400\">\u00a0\u00a0\u00a0\u00a0\u00a0\u00a0\u00a0\u00a0\u00a0\u00a0\u00a0 Jelenlegi beoszt\u00e1s: egyetemi adjunktus<\/p>\n","protected":false},"excerpt":{"rendered":"<p>V\u00c9GZETTS\u00c9G: 2012 \u00a0\u00e1ltal\u00e1nos orvos (dr. med.) Semmelweis Egyetem 2015 Ph.D. Semmelweis Egyetem 2019 F\u00fcl-orr-g\u00e9gegy\u00f3gy\u00e1szat szakvizsga Semmelweis Egyetem 2025 Nemzetk\u00f6zi fej-nyak seb\u00e9szeti licensz &#8211; International Fellow in Head and Neck Surgery International Federation of Head and &hellip;<\/p>\n","protected":false},"author":160,"featured_media":0,"parent":0,"menu_order":0,"comment_status":"closed","ping_status":"closed","template":"","meta":{"footnotes":""},"class_list":["post-33","page","type-page","status-publish","hentry"],"_links":{"self":[{"href":"https:\/\/scholar.semmelweis.hu\/danoskornel\/wp-json\/wp\/v2\/pages\/33"}],"collection":[{"href":"https:\/\/scholar.semmelweis.hu\/danoskornel\/wp-json\/wp\/v2\/pages"}],"about":[{"href":"https:\/\/scholar.semmelweis.hu\/danoskornel\/wp-json\/wp\/v2\/types\/page"}],"author":[{"embeddable":true,"href":"https:\/\/scholar.semmelweis.hu\/danoskornel\/wp-json\/wp\/v2\/users\/160"}],"replies":[{"embeddable":true,"href":"https:\/\/scholar.semmelweis.hu\/danoskornel\/wp-json\/wp\/v2\/comments?post=33"}],"version-history":[{"count":6,"href":"https:\/\/scholar.semmelweis.hu\/danoskornel\/wp-json\/wp\/v2\/pages\/33\/revisions"}],"predecessor-version":[{"id":96,"href":"https:\/\/scholar.semmelweis.hu\/danoskornel\/wp-json\/wp\/v2\/pages\/33\/revisions\/96"}],"wp:attachment":[{"href":"https:\/\/scholar.semmelweis.hu\/danoskornel\/wp-json\/wp\/v2\/media?parent=33"}],"curies":[{"name":"wp","href":"https:\/\/api.w.org\/{rel}","templated":true}]}}