{"id":3,"date":"2023-10-25T10:38:08","date_gmt":"2023-10-25T08:38:08","guid":{"rendered":"https:\/\/scholar.semmelweis.hu\/danoskornel\/elerhetoseg\/"},"modified":"2024-01-16T20:58:12","modified_gmt":"2024-01-16T19:58:12","slug":"elerhetoseg","status":"publish","type":"page","link":"https:\/\/scholar.semmelweis.hu\/danoskornel\/elerhetoseg\/","title":{"rendered":"M\u00e9diamegjelen\u00e9sek"},"content":{"rendered":"<p><a href=\"https:\/\/index.hu\/belfold\/2023\/11\/19\/szures-megelozes-ferfiak-garat-gegerak-ful-orr-gegesz\/\">https:\/\/index.hu\/belfold\/2023\/11\/19\/szures-megelozes-ferfiak-garat-gegerak-ful-orr-gegesz\/<\/a><\/p>\n<p><iframe loading=\"lazy\" title=\"A HPV elleni v\u00e9dekez\u00e9s legfontosabb eszk\u00f6zei: V\u00e9d\u0151olt\u00e1s \u00e9s sz\u0171r\u0151vizsg\u00e1lat\" width=\"753\" height=\"424\" src=\"https:\/\/www.youtube.com\/embed\/pX6_j970NmU?feature=oembed\" frameborder=\"0\" allow=\"accelerometer; autoplay; clipboard-write; encrypted-media; gyroscope; picture-in-picture; web-share\" allowfullscreen><\/iframe><\/p>\n<p><iframe loading=\"lazy\" title=\"G\u00e9ger\u00e1k - dr. D\u00e1nos Korn\u00e9l\" width=\"753\" height=\"424\" src=\"https:\/\/www.youtube.com\/embed\/iZopcECJq28?feature=oembed\" frameborder=\"0\" allow=\"accelerometer; autoplay; clipboard-write; encrypted-media; gyroscope; picture-in-picture; web-share\" allowfullscreen><\/iframe><\/p>\n<p><iframe loading=\"lazy\" title=\"Sz\u00e1jgaratr\u00e1k - dr. D\u00e1nos Korn\u00e9l\" width=\"753\" height=\"424\" src=\"https:\/\/www.youtube.com\/embed\/5qVPmdMTG_s?feature=oembed\" frameborder=\"0\" allow=\"accelerometer; autoplay; clipboard-write; encrypted-media; gyroscope; picture-in-picture; web-share\" allowfullscreen><\/iframe><\/p>\n","protected":false},"excerpt":{"rendered":"<p><a href=\"https:\/\/index.hu\/belfold\/2023\/11\/19\/szures-megelozes-ferfiak-garat-gegerak-ful-orr-gegesz\/\">https:\/\/index.hu\/belfold\/2023\/11\/19\/szures-megelozes-ferfiak-garat-gegerak-ful-orr-gegesz\/<\/a><\/p>\n","protected":false},"author":160,"featured_media":0,"parent":0,"menu_order":0,"comment_status":"closed","ping_status":"closed","template":"","meta":{"footnotes":""},"class_list":["post-3","page","type-page","status-publish","hentry"],"_links":{"self":[{"href":"https:\/\/scholar.semmelweis.hu\/danoskornel\/wp-json\/wp\/v2\/pages\/3"}],"collection":[{"href":"https:\/\/scholar.semmelweis.hu\/danoskornel\/wp-json\/wp\/v2\/pages"}],"about":[{"href":"https:\/\/scholar.semmelweis.hu\/danoskornel\/wp-json\/wp\/v2\/types\/page"}],"author":[{"embeddable":true,"href":"https:\/\/scholar.semmelweis.hu\/danoskornel\/wp-json\/wp\/v2\/users\/160"}],"replies":[{"embeddable":true,"href":"https:\/\/scholar.semmelweis.hu\/danoskornel\/wp-json\/wp\/v2\/comments?post=3"}],"version-history":[{"count":2,"href":"https:\/\/scholar.semmelweis.hu\/danoskornel\/wp-json\/wp\/v2\/pages\/3\/revisions"}],"predecessor-version":[{"id":54,"href":"https:\/\/scholar.semmelweis.hu\/danoskornel\/wp-json\/wp\/v2\/pages\/3\/revisions\/54"}],"wp:attachment":[{"href":"https:\/\/scholar.semmelweis.hu\/danoskornel\/wp-json\/wp\/v2\/media?parent=3"}],"curies":[{"name":"wp","href":"https:\/\/api.w.org\/{rel}","templated":true}]}}