{"id":27,"date":"2023-10-25T21:48:56","date_gmt":"2023-10-25T19:48:56","guid":{"rendered":"https:\/\/scholar.semmelweis.hu\/danoskornel\/?page_id=27"},"modified":"2025-11-11T06:52:00","modified_gmt":"2025-11-11T05:52:00","slug":"oktatasi-tevekenyseg","status":"publish","type":"page","link":"https:\/\/scholar.semmelweis.hu\/danoskornel\/oktatasi-tevekenyseg\/","title":{"rendered":"Oktat\u00e1si Tev\u00e9kenys\u00e9g"},"content":{"rendered":"<p>Oktat\u00e1si tev\u00e9kenys\u00e9g:<\/p>\n<ul style=\"list-style-type: disc\">\n<li>Gradu\u00e1lis oktat\u00e1s\n<ul>\n<li>2012 \u00f3ta <em>F\u00fcl-orr-g\u00e9g\u00e9szet<\/em> gradu\u00e1lis tant\u00e1rgy, Semmelweis Egyetem \u00c1ltal\u00e1nos Orvostudom\u00e1nyi Kar, angol \u00e9s magyar\n<ul>\n<li>Gyakorlatvezet\u0151<\/li>\n<li>Tantermi el\u0151ad\u00f3<\/li>\n<\/ul>\n<\/li>\n<li>2012 \u00f3ta <em>F\u00fcl-orr-g\u00e9g\u00e9szet<\/em> gradu\u00e1lis tant\u00e1rgy, Semmelweis Egyetem Fogorvostudom\u00e1nyi Kar, angol \u00e9s magyar\n<ul>\n<li>Gyakorlatvezet\u0151<\/li>\n<li>El\u0151ad\u00f3<\/li>\n<\/ul>\n<\/li>\n<li>2015 \u00f3ta <em>Fej-nyakseb\u00e9szet<\/em> k\u00f6telez\u0151en v\u00e1laszthat\u00f3 tant\u00e1rgy, Semmelweis Egyetem \u00c1ltal\u00e1nos Orvostudom\u00e1nyi Kar, valamint Doktori Iskola (posztgradu\u00e1lis)\n<ul>\n<li>El\u0151ad\u00f3<\/li>\n<\/ul>\n<\/li>\n<li>2021 \u00f3ta <em>Szexu\u00e1lis \u00faton terjed\u0151 betegs\u00e9gek \u2013 STD \u2013 az \u00e1ltal\u00e1nos orvosi gyakorlatban<\/em>, v\u00e1laszthat\u00f3 tant\u00e1rgy, Semmelweis Egyetem \u00c1ltal\u00e1nos Orvostudom\u00e1nyi Kar, valamint Doktori Iskola (posztgradu\u00e1lis)\n<ul>\n<li>El\u0151ad\u00f3<\/li>\n<\/ul>\n<\/li>\n<li>Oftexen akkredit\u00e1lt kurzusok:<\/li>\n<li>2017: <em>A<\/em> <em>fej<\/em><em>&#8211;<\/em><em>nyaki<\/em> <em>daganatok<\/em> <em>multidiszciplin\u00e1ris<\/em> <em>kezel\u00e9se<\/em> (szervez\u0151, el\u0151ad\u00f3)<\/li>\n<li>2018: <em>A<\/em> <em>fej<\/em><em>&#8211;<\/em><em>nyaki<\/em> <em>daganatok<\/em> <em>multidiszciplin\u00e1ris<\/em> <em>kezel\u00e9se<\/em> (szervez\u0151, el\u0151ad\u00f3)<\/li>\n<li>2019: <em>A<\/em> <em>g\u00e9ger\u00e1k<\/em> <em>multidiszciplin\u00e1ris<\/em> <em>megk\u00f6zel\u00edt\u00e9se <\/em>(szervez\u0151, el\u0151ad\u00f3)<\/li>\n<li>2021: <em>A<\/em> <em>fej<\/em><em>&#8211;<\/em><em>nyaki<\/em> <em>daganatok<\/em> <em>multidiszciplin\u00e1ris<\/em> <em>kezel\u00e9se<\/em> <em>megk\u00f6zel\u00edt\u00e9se <\/em>(szervez\u0151, el\u0151ad\u00f3)<\/li>\n<li>2022: <em>A<\/em> <em>fej<\/em><em>&#8211;<\/em><em>nyaki<\/em> <em>daganatok<\/em> <em>multidiszciplin\u00e1ris<\/em> <em>kezel\u00e9se<\/em> <em>megk\u00f6zel\u00edt\u00e9se <\/em>(szervez\u0151, el\u0151ad\u00f3)<\/li>\n<li>2023: <em>A<\/em> <em>fej<\/em><em>&#8211;<\/em><em>nyaki<\/em> <em>daganatok<\/em> <em>multidiszciplin\u00e1ris<\/em> <em>kezel\u00e9se<\/em> <em>megk\u00f6zel\u00edt\u00e9se <\/em>(szervez\u0151, el\u0151ad\u00f3)<\/li>\n<li>2024: <em>A<\/em> <em>fej<\/em><em>&#8211;<\/em><em>nyaki<\/em> <em>daganatok<\/em> <em>multidiszciplin\u00e1ris<\/em> <em>kezel\u00e9se<\/em> <em>megk\u00f6zel\u00edt\u00e9se <\/em>(szervez\u0151, el\u0151ad\u00f3)<\/li>\n<li>\u00a0<\/li>\n<\/ul>\n<\/li>\n<li>Konferencia-szervez\u00e9s:<\/li>\n<\/ul>\n<ul style=\"list-style-type: circle\">\n<li><em>2017 Budapesti<\/em> <em>F\u00fcl<\/em><em>&#8211;<\/em><em>Orr<\/em><em>&#8211;<\/em><em>G\u00e9g\u00e9szeti<\/em> <em>\u00e9s<\/em> <em>Fej<\/em><em>&#8211;<\/em><em>Nyakseb\u00e9szeti<\/em> <em>Napok<\/em> <em>II<\/em>.<\/li>\n<li><em>2018 Budapesti<\/em> <em>F\u00fcl<\/em><em>&#8211;<\/em><em>Orr<\/em><em>&#8211;<\/em><em>G\u00e9g\u00e9szeti<\/em> <em>\u00e9s<\/em> <em>Fej<\/em><em>&#8211;<\/em><em>Nyakseb\u00e9szeti<\/em> <em>Napok<\/em> <em>III<\/em>.<\/li>\n<li><em>2019 Budapesti<\/em> <em>F\u00fcl<\/em><em>&#8211;<\/em><em>Orr<\/em><em>&#8211;<\/em><em>G\u00e9g\u00e9szeti<\/em> <em>\u00e9s<\/em> <em>Fej<\/em><em>&#8211;<\/em><em>Nyakseb\u00e9szeti<\/em> <em>Napok<\/em> <em>IV<\/em>.<\/li>\n<li><em>2020 Budapesti<\/em> <em>F\u00fcl<\/em><em>&#8211;<\/em><em>Orr<\/em><em>&#8211;<\/em><em>G\u00e9g\u00e9szeti<\/em> <em>\u00e9s<\/em> <em>Fej<\/em><em>&#8211;<\/em><em>Nyakseb\u00e9szeti<\/em> <em>Napok<\/em> <em>V<\/em>.<\/li>\n<li><em>2021 Budapesti<\/em> <em>F\u00fcl<\/em><em>&#8211;<\/em><em>Orr<\/em><em>&#8211;<\/em><em>G\u00e9g\u00e9szeti<\/em> <em>\u00e9s<\/em> <em>Fej<\/em><em>&#8211;<\/em><em>Nyakseb\u00e9szeti<\/em> <em>Napok<\/em> <em>VI<\/em>.<\/li>\n<li><em>2022 Budapesti<\/em> <em>F\u00fcl<\/em><em>&#8211;<\/em><em>Orr<\/em><em>&#8211;<\/em><em>G\u00e9g\u00e9szeti<\/em> <em>\u00e9s<\/em> <em>Fej<\/em><em>&#8211;<\/em><em>Nyakseb\u00e9szeti<\/em> <em>Napok<\/em> <em>VII<\/em><\/li>\n<li><em>2023 Budapesti<\/em> <em>F\u00fcl<\/em><em>&#8211;<\/em><em>Orr<\/em><em>&#8211;<\/em><em>G\u00e9g\u00e9szeti<\/em> <em>\u00e9s<\/em> <em>Fej<\/em><em>&#8211;<\/em><em>Nyakseb\u00e9szeti<\/em> <em>Napok<\/em> <em>VIII<\/em><\/li>\n<li><em>2024 Budapesti<\/em> <em>F\u00fcl<\/em><em>&#8211;<\/em><em>Orr<\/em><em>&#8211;<\/em><em>G\u00e9g\u00e9szeti<\/em> <em>\u00e9s<\/em> <em>Fej<\/em><em>&#8211;<\/em><em>Nyakseb\u00e9szeti<\/em> <em>Napok<\/em> IX<\/li>\n<li><em>2025 Budapesti<\/em> <em>F\u00fcl<\/em><em>&#8211;<\/em><em>Orr<\/em><em>&#8211;<\/em><em>G\u00e9g\u00e9szeti<\/em> <em>\u00e9s<\/em> <em>Fej<\/em><em>&#8211;<\/em><em>Nyakseb\u00e9szeti<\/em> <em>Napok<\/em> <em>X.<\/em><\/li>\n<\/ul>\n<p style=\"font-weight: 400\">\u00a0<\/p>\n<ul>\n<li>2024 A Magyar F\u00fcl-Orr-G\u00e9ge \u00e9s Fej-Nyakseb\u00e9sz Orvosok Egyes\u00fclete \u00e9ves nemzeti kongresszusa (Eger)<\/li>\n<li>2022 A Magyar F\u00fcl-Orr-G\u00e9ge \u00e9s Fej-Nyakseb\u00e9sz Orvosok Egyes\u00fclete \u00e9ves nemzeti kongresszusa (Eger)<\/li>\n<li>2021 A Magyar F\u00fcl-Orr-G\u00e9ge \u00e9s Fej-Nyakseb\u00e9sz Orvosok Egyes\u00fclete \u00e9ves nemzeti kongresszusa (Sopron)<\/li>\n<\/ul>\n","protected":false},"excerpt":{"rendered":"<p>Oktat\u00e1si tev\u00e9kenys\u00e9g: Gradu\u00e1lis oktat\u00e1s 2012 \u00f3ta F\u00fcl-orr-g\u00e9g\u00e9szet gradu\u00e1lis tant\u00e1rgy, Semmelweis Egyetem \u00c1ltal\u00e1nos Orvostudom\u00e1nyi Kar, angol \u00e9s magyar Gyakorlatvezet\u0151 Tantermi el\u0151ad\u00f3 2012 \u00f3ta F\u00fcl-orr-g\u00e9g\u00e9szet gradu\u00e1lis tant\u00e1rgy, Semmelweis Egyetem Fogorvostudom\u00e1nyi Kar, angol \u00e9s magyar Gyakorlatvezet\u0151 El\u0151ad\u00f3 2015 &hellip;<\/p>\n","protected":false},"author":160,"featured_media":0,"parent":0,"menu_order":0,"comment_status":"closed","ping_status":"closed","template":"","meta":{"footnotes":""},"class_list":["post-27","page","type-page","status-publish","hentry"],"_links":{"self":[{"href":"https:\/\/scholar.semmelweis.hu\/danoskornel\/wp-json\/wp\/v2\/pages\/27"}],"collection":[{"href":"https:\/\/scholar.semmelweis.hu\/danoskornel\/wp-json\/wp\/v2\/pages"}],"about":[{"href":"https:\/\/scholar.semmelweis.hu\/danoskornel\/wp-json\/wp\/v2\/types\/page"}],"author":[{"embeddable":true,"href":"https:\/\/scholar.semmelweis.hu\/danoskornel\/wp-json\/wp\/v2\/users\/160"}],"replies":[{"embeddable":true,"href":"https:\/\/scholar.semmelweis.hu\/danoskornel\/wp-json\/wp\/v2\/comments?post=27"}],"version-history":[{"count":4,"href":"https:\/\/scholar.semmelweis.hu\/danoskornel\/wp-json\/wp\/v2\/pages\/27\/revisions"}],"predecessor-version":[{"id":90,"href":"https:\/\/scholar.semmelweis.hu\/danoskornel\/wp-json\/wp\/v2\/pages\/27\/revisions\/90"}],"wp:attachment":[{"href":"https:\/\/scholar.semmelweis.hu\/danoskornel\/wp-json\/wp\/v2\/media?parent=27"}],"curies":[{"name":"wp","href":"https:\/\/api.w.org\/{rel}","templated":true}]}}