{"id":24,"date":"2023-10-25T21:45:25","date_gmt":"2023-10-25T19:45:25","guid":{"rendered":"https:\/\/scholar.semmelweis.hu\/danoskornel\/?page_id=24"},"modified":"2025-11-11T06:49:56","modified_gmt":"2025-11-11T05:49:56","slug":"tudomanyos-tevekenyseg","status":"publish","type":"page","link":"https:\/\/scholar.semmelweis.hu\/danoskornel\/tudomanyos-tevekenyseg\/","title":{"rendered":"Tudom\u00e1nyos tev\u00e9kenys\u00e9g"},"content":{"rendered":"<p style=\"font-weight: 400\"><strong>KUTAT\u00c1SI TER\u00dcLET<\/strong>:<\/p>\n<ul>\n<li>A pajzsmirigym\u0171t\u00e9tek sikeress\u00e9g\u00e9t meghat\u00e1roz\u00f3 t\u00e9nyez\u0151k vizsg\u00e1lata<\/li>\n<li>A huma\u0301n papillomavi\u0301rusok okozta fej-nyaki megbetegede\u0301sek patogenezise\u0301nek e\u0301s klinikai jelento\u030bse\u0301ge\u0301nek vizsga\u0301lata (<a href=\"https:\/\/doktori.hu\/index.php?menuid=192&amp;lang=HU&amp;sz_ID=1595\">https:\/\/doktori.hu\/index.php?menuid=192&amp;lang=HU&amp;sz_ID=1595<\/a>)<\/li>\n<li>A fej-nyaki daganatok progresszi\u00f3s \u00e9s prognosztikai faktorainak vizsg\u00e1lata<\/li>\n<\/ul>\n<p style=\"font-weight: 400\"><strong>Publik\u00e1ci\u00f3k<\/strong><\/p>\n<p>ORCID: <a href=\"https:\/\/orcid.org\/0000-0002-3829-8266\">https:\/\/orcid.org\/0000-0002-3829-8266<\/a><\/p>\n<p style=\"font-weight: 400\">MTMT: <span style=\"font-size: 12pt\"><a href=\"https:\/\/m2.mtmt.hu\/gui2\/?type=authors&amp;mode=browse&amp;sel=authors10038518\">https:\/\/m2.mtmt.hu\/gui2\/?type=authors&amp;mode=browse&amp;sel=authors10038518<\/a><\/span><\/p>\n<div class=\"JournalArticle Publication short-list\">\u00a0<\/div>\n<div class=\"pub-end\">\u00a0<\/div>\n","protected":false},"excerpt":{"rendered":"<p>KUTAT\u00c1SI TER\u00dcLET: A pajzsmirigym\u0171t\u00e9tek sikeress\u00e9g\u00e9t meghat\u00e1roz\u00f3 t\u00e9nyez\u0151k vizsg\u00e1lata A huma\u0301n papillomavi\u0301rusok okozta fej-nyaki megbetegede\u0301sek patogenezise\u0301nek e\u0301s klinikai jelento\u030bse\u0301ge\u0301nek vizsga\u0301lata ( <a href=\"https:\/\/doktori.hu\/index.php?menuid=192&amp;lang=HU&amp;sz_ID=1595\">https:\/\/doktori.hu\/index.php?menuid=192&amp;lang=HU&amp;sz_ID=1595<\/a> ) A fej-nyaki daganatok progresszi\u00f3s \u00e9s prognosztikai faktorainak vizsg\u00e1lata Publik\u00e1ci\u00f3k ORCID: <a href=\"https:\/\/orcid.org\/0000-0002-3829-8266\">https:\/\/orcid.org\/0000-0002-3829-8266<\/a> MTMT: <a href=\"https:\/\/m2.mtmt.hu\/gui2\/?type=authors&amp;mode=browse&amp;sel=authors10038518\">https:\/\/m2.mtmt.hu\/gui2\/?type=authors&amp;mode=browse&amp;sel=authors10038518<\/a> \u00a0 &hellip;<\/p>\n","protected":false},"author":160,"featured_media":0,"parent":0,"menu_order":0,"comment_status":"closed","ping_status":"closed","template":"","meta":{"footnotes":""},"class_list":["post-24","page","type-page","status-publish","hentry"],"_links":{"self":[{"href":"https:\/\/scholar.semmelweis.hu\/danoskornel\/wp-json\/wp\/v2\/pages\/24"}],"collection":[{"href":"https:\/\/scholar.semmelweis.hu\/danoskornel\/wp-json\/wp\/v2\/pages"}],"about":[{"href":"https:\/\/scholar.semmelweis.hu\/danoskornel\/wp-json\/wp\/v2\/types\/page"}],"author":[{"embeddable":true,"href":"https:\/\/scholar.semmelweis.hu\/danoskornel\/wp-json\/wp\/v2\/users\/160"}],"replies":[{"embeddable":true,"href":"https:\/\/scholar.semmelweis.hu\/danoskornel\/wp-json\/wp\/v2\/comments?post=24"}],"version-history":[{"count":6,"href":"https:\/\/scholar.semmelweis.hu\/danoskornel\/wp-json\/wp\/v2\/pages\/24\/revisions"}],"predecessor-version":[{"id":89,"href":"https:\/\/scholar.semmelweis.hu\/danoskornel\/wp-json\/wp\/v2\/pages\/24\/revisions\/89"}],"wp:attachment":[{"href":"https:\/\/scholar.semmelweis.hu\/danoskornel\/wp-json\/wp\/v2\/media?parent=24"}],"curies":[{"name":"wp","href":"https:\/\/api.w.org\/{rel}","templated":true}]}}