{"id":252,"date":"2019-03-19T16:54:51","date_gmt":"2019-03-19T16:54:51","guid":{"rendered":"http:\/\/scholar.semmelweis.hu\/czirjakgabor\/?page_id=252"},"modified":"2021-04-09T14:10:27","modified_gmt":"2021-04-09T14:10:27","slug":"kutato-allashirdetes","status":"publish","type":"page","link":"https:\/\/scholar.semmelweis.hu\/czirjakgabor\/kutato-allashirdetes\/","title":{"rendered":"Tansz\u00e9ki M\u00e9rn\u00f6k\/PhD hallgat\u00f3 \u00e1ll\u00e1shirdet\u00e9s"},"content":{"rendered":"<h4>Az \u00c9lettani Int\u00e9zet Ioncsatorna \u00e9s Molekul\u00e1ris Biol\u00f3gia Laborat\u00f3rium kutat\u00f3i \u00e1ll\u00e1st hirdet<\/h4>\n<p>2021. 04. 09.<\/p>\n<p>Fels\u0151fok\u00fa v\u00e9gezetts\u00e9ggel rendelkez\u0151 molekul\u00e1ris biol\u00f3gus\/cellul\u00e1ris elektrofiziol\u00f3gus munkat\u00e1rsat keres\u00fcnk teljes \u00e1ll\u00e1s bet\u00f6lt\u00e9s\u00e9re. A munkak\u00f6r hivatalos megnevez\u00e9se &#8222;tansz\u00e9ki m\u00e9rn\u00f6k&#8221;, a d\u00edjaz\u00e1s 350.000 Ft\/h\u00f3 brutt\u00f3, ami legal\u00e1bb 2 \u00e9v id\u0151tartamra biztos\u00edtott p\u00e1ly\u00e1zati (NKFIH) forr\u00e1sb\u00f3l. Azonnali kezd\u00e9s lehets\u00e9ges.<\/p>\n<p>Az \u00faj munkat\u00e1rs a h\u00e1tt\u00e9r K<sup>+<\/sup> csatorn\u00e1k (pl. TRESK) \u00e9s TMEM175 vizsg\u00e1lata sor\u00e1n j\u00e1rtass\u00e1got szerezhet az alapvet\u0151 molekul\u00e1ris biol\u00f3giai k\u00eds\u00e9rletek (pl. RT-PCR, szubkl\u00f3noz\u00e1s plazmidba, in vitro ir\u00e1ny\u00edtott mutagenezis, cRNS szint\u00e9zis) \u00e9s a cellul\u00e1ris elektrofiziol\u00f3gia (pl. k\u00e9t elektr\u00f3dos fesz\u00fclts\u00e9g clamp\/patch clamp) ter\u00fclet\u00e9n.<\/p>\n<p>Az \u00e1ll\u00e1sra az alapkutat\u00e1s ir\u00e1nt elk\u00f6telezett fiatal munkat\u00e1rsat keres\u00fcnk, aki kitart\u00f3an \u00e9s megb\u00edzhat\u00f3an dolgozik \u00e9s j\u00f3 probl\u00e9mamegold\u00f3 k\u00e9pess\u00e9ggel rendelkezik. El\u0151nyt jelentenek a kor\u00e1bbi molekul\u00e1ris biol\u00f3giai\/elektrofiziol\u00f3giai tanulm\u00e1nyok \u00e9s laborat\u00f3riumi tapasztalatok. Els\u0151sorban olyan jelentkez\u0151ket v\u00e1runk, akik a k\u00e9t \u00e9v letelt\u00e9vel (vagy ak\u00f6zben) sz\u00edvesen csatlakoznak a Semmelweis Egyetem PhD k\u00e9pz\u00e9s\u00e9hez.\u00a0\u00a0<\/p>\n<p>A jelentkez\u00e9s felt\u00e9telei:<\/p>\n<ul>\n<li>szakir\u00e1ny\u00fa diploma: pl. orvos, biol\u00f3gus, fogorvos, \u00e1llatorvos, gy\u00f3gyszer\u00e9sz, molekul\u00e1ris bionikus, biom\u00e9rn\u00f6k<\/li>\n<li>angol nyelvtud\u00e1s (legal\u00e1bb k\u00f6z\u00e9pfok\u00fa nyelvvizsga)<\/li>\n<li>alap felhaszn\u00e1l\u00f3i szint\u0171 sz\u00e1m\u00edt\u00f3g\u00e9p ismeret (pl. Word, Excel, PowerPoint)<\/li>\n<\/ul>\n<p>\nAmennyiben \u00e9rdekl\u0151dik a lehet\u0151s\u00e9g ir\u00e1nt \u00e9s a felt\u00e9teleknek megfelel, k\u00fcldje el a szakmai \u00f6n\u00e9letrajz\u00e1t az al\u00e1bbi e-mail c\u00edmre. Egyeztet\u00fcnk id\u0151pontot \u00e9s a r\u00e9szleteket szem\u00e9lyesen megbesz\u00e9lj\u00fck.<\/p>\n<p>czirjak.gabor@med.semmelweis-univ.hu<\/p>\n<p>A megel\u0151z\u0151 k\u00e9t v\u00e9gzett PhD hallgat\u00f3m k\u00f6zlem\u00e9nyei az \u00c9lettani Int\u00e9zetb\u0151l:<\/p>\n<p><strong>Pergel E<\/strong>, Lengyel M, Enyedi P, Czirj\u00e1k G.: TRESK (K2P18.1) Background Potassium Channel Is Activated by Novel-Type Protein Kinase C via Dephosphorylation. Mol Pharmacol. 2019 Jun;95(6):661-672. PMID: 30992311<\/p>\n<p>Lengyel M, Erd\u00e9lyi F, <strong>Pergel E<\/strong>, B\u00e1lint-Polonka \u00c1, Dobolyi A, Bozsaki P, Dux M, Kir\u00e1ly K, Heged\u0171s T, Czirj\u00e1k G, M\u00e1tyus P, Enyedi P.: Chemically Modified Derivatives of the Activator Compound Cloxyquin Exert Inhibitory Effect on TRESK (K2P18.1) Background Potassium Channel. Mol Pharmacol. 2019 Jun;95(6):652-660. PMID: 30979812<\/p>\n<p><strong>Braun G<\/strong>, Lengyel M, Enyedi P, Czirj\u00e1k G. Differential sensitivity of TREK-1,<br \/>\nTREK-2 and TRAAK background potassium channels to the polycationic dye ruthenium <br \/>\nred. Br J Pharmacol. 2015 Apr; 172(7):1728-38. PMID: 25409575<\/p>\n<p>Enyedi P, Veres I, <strong>Braun G<\/strong>, Czirj\u00e1k G. Tubulin binds to the cytoplasmic loop<br \/>\nof TRESK background K\u207a channel in vitro. PLoS One. 2014 May 15; 9(5):e97854.<br \/>\nPMID: 24830385<\/p>\n<p>Enyedi P, <strong>Braun G<\/strong>, Czirj\u00e1k G. TRESK: the lone ranger of two-pore domain<br \/>\npotassium channels. Mol Cell Endocrinol. 2012 Apr 28; 353(1-2):75-81.<br \/>\nPMID: 22115960<\/p>\n<p><strong>Braun G<\/strong>, Nemcsics B, Enyedi P, Czirj\u00e1k G. TRESK background K\u207a\u00a0channel is<br \/>\ninhibited by PAR-1\/MARK microtubule affinity-regulating kinases in Xenopus<br \/>\noocytes. PLoS One. 2011; 6(12):e28119. PMID: 22145024<\/p>\n<p>dr. Czirj\u00e1k G\u00e1bor <br \/>\negyetemi docens <br \/>\nSemmelweis Egyetem, \u00c9lettani Int\u00e9zet<\/p>\n","protected":false},"excerpt":{"rendered":"<p>Az \u00c9lettani Int\u00e9zet Ioncsatorna \u00e9s Molekul\u00e1ris Biol\u00f3gia Laborat\u00f3rium kutat\u00f3i \u00e1ll\u00e1st hirdet 2021. 04. 09. Fels\u0151fok\u00fa v\u00e9gezetts\u00e9ggel rendelkez\u0151 molekul\u00e1ris biol\u00f3gus\/cellul\u00e1ris elektrofiziol\u00f3gus munkat\u00e1rsat keres\u00fcnk teljes \u00e1ll\u00e1s bet\u00f6lt\u00e9s\u00e9re. A munkak\u00f6r hivatalos megnevez\u00e9se &#8222;tansz\u00e9ki m\u00e9rn\u00f6k&#8221;, a d\u00edjaz\u00e1s 350.000 Ft\/h\u00f3 &hellip;<\/p>\n","protected":false},"author":4,"featured_media":0,"parent":0,"menu_order":0,"comment_status":"closed","ping_status":"closed","template":"fullwidth-page.php","meta":{"footnotes":""},"class_list":["post-252","page","type-page","status-publish","hentry"],"_links":{"self":[{"href":"https:\/\/scholar.semmelweis.hu\/czirjakgabor\/wp-json\/wp\/v2\/pages\/252"}],"collection":[{"href":"https:\/\/scholar.semmelweis.hu\/czirjakgabor\/wp-json\/wp\/v2\/pages"}],"about":[{"href":"https:\/\/scholar.semmelweis.hu\/czirjakgabor\/wp-json\/wp\/v2\/types\/page"}],"author":[{"embeddable":true,"href":"https:\/\/scholar.semmelweis.hu\/czirjakgabor\/wp-json\/wp\/v2\/users\/4"}],"replies":[{"embeddable":true,"href":"https:\/\/scholar.semmelweis.hu\/czirjakgabor\/wp-json\/wp\/v2\/comments?post=252"}],"version-history":[{"count":19,"href":"https:\/\/scholar.semmelweis.hu\/czirjakgabor\/wp-json\/wp\/v2\/pages\/252\/revisions"}],"predecessor-version":[{"id":297,"href":"https:\/\/scholar.semmelweis.hu\/czirjakgabor\/wp-json\/wp\/v2\/pages\/252\/revisions\/297"}],"wp:attachment":[{"href":"https:\/\/scholar.semmelweis.hu\/czirjakgabor\/wp-json\/wp\/v2\/media?parent=252"}],"curies":[{"name":"wp","href":"https:\/\/api.w.org\/{rel}","templated":true}]}}