{"id":2,"date":"2015-05-19T12:57:43","date_gmt":"2015-05-19T12:57:43","guid":{"rendered":"http:\/\/scholar.semmelweis.hu\/czirjakgabor\/?page_id=2"},"modified":"2025-12-16T14:57:36","modified_gmt":"2025-12-16T14:57:36","slug":"bemutatkozas","status":"publish","type":"page","link":"https:\/\/scholar.semmelweis.hu\/czirjakgabor\/","title":{"rendered":"Bemutatkoz\u00e1s"},"content":{"rendered":"<p><strong>Prof. Dr. Czirj\u00e1k G\u00e1bor , Ph.D., D.Sc.<\/strong><br \/>\n<strong>egyetemi tan\u00e1r, <\/strong><br \/>\n<strong>Semmelweis Egyetem, \u00c9lettani Int\u00e9zet<\/strong><\/p>\n<p>A tudom\u00e1nyos \u00e9rdekl\u0151d\u00e9s\u00fcnk k\u00f6z\u00e9ppontj\u00e1ban a K<sup>+<\/sup> csatorn\u00e1k \u00e1llnak, ezen bel\u00fcl els\u0151sorban az alegys\u00e9genk\u00e9nt k\u00e9t p\u00f3rusdom\u00e9nnal rendelkez\u0151 (K<sub>2P<\/sub>) h\u00e1tt\u00e9r K<sup>+<\/sup> csatorn\u00e1k. Az elm\u00falt 25 \u00e9vben v\u00e9gzett k\u00eds\u00e9rletekkel \u00e9s k\u00f6zlem\u00e9nysorozattal \u00e1tfog\u00f3 le\u00edr\u00e1s\u00e1t adtuk a TRESK (K<sub>2P<\/sub>18.1) csatorna szab\u00e1lyoz\u00e1s\u00e1nak. Els\u0151k\u00e9nt ismert\u00fck fel a K<sub>2P<\/sub> csatorna alegys\u00e9gek heterodimeriz\u00e1ci\u00f3j\u00e1t a TASK-1\/TASK-3 (K<sub>2P<\/sub>3.1\/K<sub>2P<\/sub>9.1) p\u00e9ld\u00e1j\u00e1n. Vizsg\u00e1ltuk a Kv8.2 fesz\u00fclts\u00e9gf\u00fcgg\u0151 k\u00e1lium csatorna alegys\u00e9get \u00e9s a TMEM175 lizoszom\u00e1lis H<sup>+<\/sup>\/K<sup>+<\/sup> csatorn\u00e1t is. Munk\u00e1nk eredm\u00e9nyek\u00e9nt siker\u00fclt sokkal jobban meg\u00e9rteni a TRESK csatorna m\u0171k\u00f6d\u00e9s\u00e9t, azonban a K<sub>2P<\/sub> ter\u00fcleten sok izgalmas nyitott k\u00e9rd\u00e9s maradt, amelyeket tov\u00e1bbi k\u00eds\u00e9rletek seg\u00edts\u00e9g\u00e9vel szeretn\u00e9nk megv\u00e1laszolni.<\/p>\n","protected":false},"excerpt":{"rendered":"<p>Prof. Dr. Czirj\u00e1k G\u00e1bor , Ph.D., D.Sc. egyetemi tan\u00e1r, Semmelweis Egyetem, \u00c9lettani Int\u00e9zet A tudom\u00e1nyos \u00e9rdekl\u0151d\u00e9s\u00fcnk k\u00f6z\u00e9ppontj\u00e1ban a K+ csatorn\u00e1k \u00e1llnak, ezen bel\u00fcl els\u0151sorban az alegys\u00e9genk\u00e9nt k\u00e9t p\u00f3rusdom\u00e9nnal rendelkez\u0151 (K2P) h\u00e1tt\u00e9r K+ csatorn\u00e1k. Az elm\u00falt &hellip;<\/p>\n","protected":false},"author":2,"featured_media":0,"parent":0,"menu_order":0,"comment_status":"open","ping_status":"open","template":"","meta":{"footnotes":""},"class_list":["post-2","page","type-page","status-publish","hentry"],"_links":{"self":[{"href":"https:\/\/scholar.semmelweis.hu\/czirjakgabor\/wp-json\/wp\/v2\/pages\/2"}],"collection":[{"href":"https:\/\/scholar.semmelweis.hu\/czirjakgabor\/wp-json\/wp\/v2\/pages"}],"about":[{"href":"https:\/\/scholar.semmelweis.hu\/czirjakgabor\/wp-json\/wp\/v2\/types\/page"}],"author":[{"embeddable":true,"href":"https:\/\/scholar.semmelweis.hu\/czirjakgabor\/wp-json\/wp\/v2\/users\/2"}],"replies":[{"embeddable":true,"href":"https:\/\/scholar.semmelweis.hu\/czirjakgabor\/wp-json\/wp\/v2\/comments?post=2"}],"version-history":[{"count":60,"href":"https:\/\/scholar.semmelweis.hu\/czirjakgabor\/wp-json\/wp\/v2\/pages\/2\/revisions"}],"predecessor-version":[{"id":333,"href":"https:\/\/scholar.semmelweis.hu\/czirjakgabor\/wp-json\/wp\/v2\/pages\/2\/revisions\/333"}],"wp:attachment":[{"href":"https:\/\/scholar.semmelweis.hu\/czirjakgabor\/wp-json\/wp\/v2\/media?parent=2"}],"curies":[{"name":"wp","href":"https:\/\/api.w.org\/{rel}","templated":true}]}}