{"id":175,"date":"2015-12-26T04:20:27","date_gmt":"2015-12-26T04:20:27","guid":{"rendered":"http:\/\/scholar.semmelweis.hu\/czirjakgabor\/?page_id=175"},"modified":"2016-11-05T22:00:15","modified_gmt":"2016-11-05T22:00:15","slug":"allashirdetes","status":"publish","type":"page","link":"https:\/\/scholar.semmelweis.hu\/czirjakgabor\/allashirdetes\/","title":{"rendered":"PhD hallgat\u00f3 \u00e1ll\u00e1shirdet\u00e9s"},"content":{"rendered":"<h4>Az \u00c9lettani Int\u00e9zet Ioncsatorna \u00e9s Molekul\u00e1ris Biol\u00f3gia Laborat\u00f3rium\u00a0PhD hallgat\u00f3 \u00e1ll\u00e1st hirdet\u00a0<\/h4>\n<p>2016. 11. 05.<\/p>\n<p>Prof. Enyedi P\u00e9ter laborat\u00f3rium\u00e1ba, dr. Czirj\u00e1k G\u00e1bor t\u00e9mavezet\u00e9s\u00e9vel keres\u00fcnk fiatal kutat\u00f3t. A kutat\u00e1si t\u00e9ma a k\u00e9t p\u00f3rusdom\u00e9nnal rendelkez\u0151 h\u00e1tt\u00e9r k\u00e1lium csatorn\u00e1k vizsg\u00e1lata, ami a laborat\u00f3rium f\u0151 ir\u00e1nyvonala. A t\u00e9ma a\u00a0<a href=\"http:\/\/semmelweis.hu\/molekularis-orvostudomanyok\/\" target=\"_blank\">Molekul\u00e1ris Orvostudom\u00e1nyok Tudom\u00e1ny\u00e1gi Doktori Iskola<\/a>, <a href=\"http:\/\/semmelweis.hu\/molekularis-orvostudomanyok\/programok\/cme\/\" target=\"_blank\">Cellul\u00e1ris \u00e9s Molekul\u00e1ris \u00c9lettan <\/a>programba tartozik. A jelenlegi \u00e1ll\u00e1saj\u00e1nlat k\u00fcl\u00f6n\u00f6sen el\u0151ny\u00f6s, mert lehet\u0151s\u00e9g van egy el\u0151rehaladott kutat\u00e1si\u00a0project \u00e1tv\u00e9tel\u00e9re. Ez val\u00f3sz\u00edn\u0171s\u00edti\u00a0az els\u0151 szerz\u0151s k\u00f6zlem\u00e9ny korai meg\u00edr\u00e1s\u00e1t, ami a PhD fokozat megszerz\u00e9s\u00e9t jelent\u0151sen el\u0151seg\u00edti.<\/p>\n<p>Az \u00e1ll\u00e1sra az alapkutat\u00e1s ir\u00e1nt elk\u00f6telezett munkat\u00e1rsat keres\u00fcnk, aki a hivatalosan el\u0151\u00edrt\u00a04 \u00e9ves PhD k\u00e9pz\u00e9st v\u00e1llalja. El\u0151nyt jelentenek a kor\u00e1bbi \u00e9lettani, molekul\u00e1ris biol\u00f3giai vagy cellul\u00e1ris elektrofiziol\u00f3giai tanulm\u00e1nyok.\u00a0A PhD hallgat\u00f3 a laborat\u00f3riumunkban gyakorlatot szerez molekul\u00e1ris biol\u00f3giai (pl. RT-PCR, in vitro ir\u00e1ny\u00edtott mutagenezis) \u00e9s elektrofiziol\u00f3giai (pl. k\u00e9t elektr\u00f3dos voltage-clamp <em>Xenopus<\/em> petesejten, patch-clamp) m\u00f3dszerek ter\u00fclet\u00e9n.<\/p>\n<p>A jelentkez\u00e9s felt\u00e9telei:<\/p>\n<ul>\n<li>szakir\u00e1ny\u00fa diploma (vagy annak v\u00e1rom\u00e1nyosa a doktori szab\u00e1lyzat szerint): pl. orvos, biol\u00f3gus,\u00a0fogorvos, \u00e1llatorvos, gy\u00f3gyszer\u00e9sz, molekul\u00e1ris bionikus, biom\u00e9rn\u00f6k<\/li>\n<li>angol nyelvtud\u00e1s (legal\u00e1bb k\u00f6z\u00e9pfok)<\/li>\n<li>felhaszn\u00e1l\u00f3i szint\u0171 sz\u00e1m\u00edt\u00f3g\u00e9p ismeret (pl. Word, Excel, PowerPoint)<\/li>\n<\/ul>\n<p>\n Amennyiben \u00e9rdekl\u0151dik a lehet\u0151s\u00e9g ir\u00e1nt \u00e9s a felt\u00e9teleknek megfelel, k\u00fcldje el a szakmai \u00f6n\u00e9letrajz\u00e1t az al\u00e1bbi e-mail c\u00edmre. Egyeztet\u00fcnk egy id\u0151pontot \u00e9s a r\u00e9szleteket szem\u00e9lyesen megbesz\u00e9lj\u00fck.<\/p>\n<p>czirjak.gabor@med.semmelweis-univ.hu<\/p>\n<p>A jelenlegi \u00e9s az \u0151t megel\u0151z\u0151\u00a0PhD hallgat\u00f3nk k\u00f6zlem\u00e9nyei:<\/p>\n<p><strong>Lengyel M<\/strong>, Czirj\u00e1k G, Enyedi P. Formation of Functional Heterodimers by TREK-1<br \/>\n and TREK-2 Two-pore Domain Potassium Channel Subunits. J Biol Chem. 2016 Jun<br \/>\n 24; 291(26):13649-61. PMID: 27129242<\/p>\n<p><strong>Braun G<\/strong>, <strong>Lengyel M<\/strong>, Enyedi P, Czirj\u00e1k G. Differential sensitivity of TREK-1,<br \/>\n TREK-2 and TRAAK background potassium channels to the polycationic dye ruthenium <br \/>\n red. Br J Pharmacol. 2015 Apr; 172(7):1728-38. PMID: 25409575<\/p>\n<p>Enyedi P, Veres I, <strong>Braun G<\/strong>, Czirj\u00e1k G. Tubulin binds to the cytoplasmic loop<br \/>\n of TRESK background K\u207a channel in vitro. PLoS One. 2014 May 15; 9(5):e97854.<br \/>\n PMID: 24830385<\/p>\n<p>Enyedi P, <strong>Braun G<\/strong>, Czirj\u00e1k G. TRESK: the lone ranger of two-pore domain<br \/>\n potassium channels. Mol Cell Endocrinol. 2012 Apr 28; 353(1-2):75-81.<br \/>\n PMID: 22115960<\/p>\n<p><strong>Braun G<\/strong>, Nemcsics B, Enyedi P, Czirj\u00e1k G. TRESK background K\u207a\u00a0channel is<br \/>\n inhibited by PAR-1\/MARK microtubule affinity-regulating kinases in Xenopus<br \/>\n oocytes. PLoS One. 2011; 6(12):e28119. PMID: 22145024<\/p>\n<p>&nbsp;<\/p>\n<p>dr. Czirj\u00e1k G\u00e1bor<\/p>\n<p>egyetemi docens<\/p>\n<p>Semmelweis Egyetem,<\/p>\n<p>\u00c9lettani Int\u00e9zet<\/p>\n<p>&nbsp;<\/p>\n<p>&nbsp;<\/p>\n<p>&nbsp;<\/p>\n<p>&nbsp;<\/p>\n","protected":false},"excerpt":{"rendered":"<p>Az \u00c9lettani Int\u00e9zet Ioncsatorna \u00e9s Molekul\u00e1ris Biol\u00f3gia Laborat\u00f3rium\u00a0PhD hallgat\u00f3 \u00e1ll\u00e1st hirdet\u00a0 2016. 11. 05. Prof. Enyedi P\u00e9ter laborat\u00f3rium\u00e1ba, dr. Czirj\u00e1k G\u00e1bor t\u00e9mavezet\u00e9s\u00e9vel keres\u00fcnk fiatal kutat\u00f3t. A kutat\u00e1si t\u00e9ma a k\u00e9t p\u00f3rusdom\u00e9nnal rendelkez\u0151 h\u00e1tt\u00e9r k\u00e1lium csatorn\u00e1k &hellip;<\/p>\n","protected":false},"author":4,"featured_media":0,"parent":0,"menu_order":0,"comment_status":"closed","ping_status":"closed","template":"fullwidth-page.php","meta":{"footnotes":""},"class_list":["post-175","page","type-page","status-publish","hentry"],"_links":{"self":[{"href":"https:\/\/scholar.semmelweis.hu\/czirjakgabor\/wp-json\/wp\/v2\/pages\/175"}],"collection":[{"href":"https:\/\/scholar.semmelweis.hu\/czirjakgabor\/wp-json\/wp\/v2\/pages"}],"about":[{"href":"https:\/\/scholar.semmelweis.hu\/czirjakgabor\/wp-json\/wp\/v2\/types\/page"}],"author":[{"embeddable":true,"href":"https:\/\/scholar.semmelweis.hu\/czirjakgabor\/wp-json\/wp\/v2\/users\/4"}],"replies":[{"embeddable":true,"href":"https:\/\/scholar.semmelweis.hu\/czirjakgabor\/wp-json\/wp\/v2\/comments?post=175"}],"version-history":[{"count":21,"href":"https:\/\/scholar.semmelweis.hu\/czirjakgabor\/wp-json\/wp\/v2\/pages\/175\/revisions"}],"predecessor-version":[{"id":206,"href":"https:\/\/scholar.semmelweis.hu\/czirjakgabor\/wp-json\/wp\/v2\/pages\/175\/revisions\/206"}],"wp:attachment":[{"href":"https:\/\/scholar.semmelweis.hu\/czirjakgabor\/wp-json\/wp\/v2\/media?parent=175"}],"curies":[{"name":"wp","href":"https:\/\/api.w.org\/{rel}","templated":true}]}}