{"id":172,"date":"2015-12-25T23:45:02","date_gmt":"2015-12-25T23:45:02","guid":{"rendered":"http:\/\/scholar.semmelweis.hu\/czirjakgabor\/?page_id=172"},"modified":"2021-08-01T01:11:46","modified_gmt":"2021-08-01T01:11:46","slug":"okt","status":"publish","type":"page","link":"https:\/\/scholar.semmelweis.hu\/czirjakgabor\/okt\/","title":{"rendered":"\u00c1ll\u00e1shirdet\u00e9s"},"content":{"rendered":"<p>Tansz\u00e9ki m\u00e9rn\u00f6k\/PhD hallgat\u00f3 \u00e1ll\u00e1shirdet\u00e9s &#8212; \u00e1ll\u00e1s bet\u00f6ltve!<\/p>\n<p>PhD hallgat\u00f3 r\u00e9sz\u00e9re \u00e1ll\u00e1shirdet\u00e9s\u00a0&#8212; \u00e1ll\u00e1s bet\u00f6ltve!<\/p>\n<p>&nbsp;<\/p>\n","protected":false},"excerpt":{"rendered":"<p>Tansz\u00e9ki m\u00e9rn\u00f6k\/PhD hallgat\u00f3 \u00e1ll\u00e1shirdet\u00e9s &#8212; \u00e1ll\u00e1s bet\u00f6ltve!<br \/>\nPhD hallgat\u00f3 r\u00e9sz\u00e9re \u00e1ll\u00e1shirdet\u00e9s\u00a0&#8212; \u00e1ll\u00e1s bet\u00f6ltve!<br \/>\n&nbsp;<\/p>\n","protected":false},"author":4,"featured_media":0,"parent":0,"menu_order":0,"comment_status":"closed","ping_status":"closed","template":"fullwidth-page.php","meta":{"footnotes":""},"class_list":["post-172","page","type-page","status-publish","hentry"],"_links":{"self":[{"href":"https:\/\/scholar.semmelweis.hu\/czirjakgabor\/wp-json\/wp\/v2\/pages\/172"}],"collection":[{"href":"https:\/\/scholar.semmelweis.hu\/czirjakgabor\/wp-json\/wp\/v2\/pages"}],"about":[{"href":"https:\/\/scholar.semmelweis.hu\/czirjakgabor\/wp-json\/wp\/v2\/types\/page"}],"author":[{"embeddable":true,"href":"https:\/\/scholar.semmelweis.hu\/czirjakgabor\/wp-json\/wp\/v2\/users\/4"}],"replies":[{"embeddable":true,"href":"https:\/\/scholar.semmelweis.hu\/czirjakgabor\/wp-json\/wp\/v2\/comments?post=172"}],"version-history":[{"count":15,"href":"https:\/\/scholar.semmelweis.hu\/czirjakgabor\/wp-json\/wp\/v2\/pages\/172\/revisions"}],"predecessor-version":[{"id":305,"href":"https:\/\/scholar.semmelweis.hu\/czirjakgabor\/wp-json\/wp\/v2\/pages\/172\/revisions\/305"}],"wp:attachment":[{"href":"https:\/\/scholar.semmelweis.hu\/czirjakgabor\/wp-json\/wp\/v2\/media?parent=172"}],"curies":[{"name":"wp","href":"https:\/\/api.w.org\/{rel}","templated":true}]}}