{"id":13,"date":"2015-05-20T09:43:28","date_gmt":"2015-05-20T09:43:28","guid":{"rendered":"http:\/\/scholar.semmelweis.hu\/czirjakgabor\/?page_id=13"},"modified":"2025-09-25T13:21:05","modified_gmt":"2025-09-25T13:21:05","slug":"elerhetoseg","status":"publish","type":"page","link":"https:\/\/scholar.semmelweis.hu\/czirjakgabor\/elerhetoseg\/","title":{"rendered":"El\u00e9rhet\u0151s\u00e9g"},"content":{"rendered":"<p class=\"nev\"><strong>Prof. Dr. Czirj\u00e1k G\u00e1bor, PhD, DSc<\/strong><br \/>\n<strong>egyetemi tan\u00e1r<\/strong><\/p>\n<p>Int\u00e9zet: Semmelweis Egyetem, \u00c1ltal\u00e1nos Orvostudom\u00e1nyi Kar, \u00c9lettani Int\u00e9zet<br \/>\nC\u00edm: 1094 Budapest, T\u0171zolt\u00f3 utca 37-43. (Elm\u00e9leti Orvostudom\u00e1nyi K\u00f6zpont)<br \/>\nEmail: <a href=\"mailto:czirjak.gabor@semmelweis.hu\">czirjak.gabor@semmelweis.hu<\/a><br \/>\nTelefonsz\u00e1m: +36-1-459-1500\/60433<br \/>\nSzoba: 3.446<\/p>\n","protected":false},"excerpt":{"rendered":"<p>Prof. Dr. Czirj\u00e1k G\u00e1bor, PhD, DSc<br \/>\negyetemi tan\u00e1r<br \/>\nInt\u00e9zet: Semmelweis Egyetem, \u00c1ltal\u00e1nos Orvostudom\u00e1nyi Kar, \u00c9lettani Int\u00e9zet<br \/>\nC\u00edm: 1094 Budapest, T\u0171zolt\u00f3 utca 37-43. (Elm\u00e9leti Orvostudom\u00e1nyi K\u00f6zpont)<br \/>\nEmail: <a href=\"mailto:czirjak.gabor@semmelweis.hu\">czirjak.gabor@semmelweis.hu<\/a><br \/>\nTelefonsz\u00e1m: +36-1-459-1500\/60433<br \/>\nSzoba: 3.446<\/p>\n","protected":false},"author":2,"featured_media":0,"parent":0,"menu_order":0,"comment_status":"open","ping_status":"open","template":"","meta":{"footnotes":""},"class_list":["post-13","page","type-page","status-publish","hentry"],"_links":{"self":[{"href":"https:\/\/scholar.semmelweis.hu\/czirjakgabor\/wp-json\/wp\/v2\/pages\/13"}],"collection":[{"href":"https:\/\/scholar.semmelweis.hu\/czirjakgabor\/wp-json\/wp\/v2\/pages"}],"about":[{"href":"https:\/\/scholar.semmelweis.hu\/czirjakgabor\/wp-json\/wp\/v2\/types\/page"}],"author":[{"embeddable":true,"href":"https:\/\/scholar.semmelweis.hu\/czirjakgabor\/wp-json\/wp\/v2\/users\/2"}],"replies":[{"embeddable":true,"href":"https:\/\/scholar.semmelweis.hu\/czirjakgabor\/wp-json\/wp\/v2\/comments?post=13"}],"version-history":[{"count":15,"href":"https:\/\/scholar.semmelweis.hu\/czirjakgabor\/wp-json\/wp\/v2\/pages\/13\/revisions"}],"predecessor-version":[{"id":329,"href":"https:\/\/scholar.semmelweis.hu\/czirjakgabor\/wp-json\/wp\/v2\/pages\/13\/revisions\/329"}],"wp:attachment":[{"href":"https:\/\/scholar.semmelweis.hu\/czirjakgabor\/wp-json\/wp\/v2\/media?parent=13"}],"curies":[{"name":"wp","href":"https:\/\/api.w.org\/{rel}","templated":true}]}}