{"id":11,"date":"2015-05-20T09:42:58","date_gmt":"2015-05-20T09:42:58","guid":{"rendered":"http:\/\/scholar.semmelweis.hu\/czirjakgabor\/?page_id=11"},"modified":"2025-09-25T13:53:24","modified_gmt":"2025-09-25T13:53:24","slug":"cv","status":"publish","type":"page","link":"https:\/\/scholar.semmelweis.hu\/czirjakgabor\/cv\/","title":{"rendered":"CV"},"content":{"rendered":"<h4><strong>SZAKMAI \u00d6N\u00c9LETRAJZ<\/strong><\/h4>\n<p><strong>Tanulm\u00e1nyok<\/strong><br \/>\n\u00a01988-92:<br \/>\n\u00a0\u00a0\u00a0F\u0151v\u00e1rosi Fazekas Mih\u00e1ly Gyakorl\u00f3 Gimn\u00e1zium, speci\u00e1lis matematika tanterv\u0171 oszt\u00e1ly (C)<br \/>\n\u00a01992-98:<br \/>\n\u00a0 \u00a0Semmelweis\u00a0Egyetem, \u00c1ltal\u00e1nos Orvostudom\u00e1nyi Kar<br \/>\n\u00a01998-2001:<br \/>\n\u00a0 \u00a0Semmelweis Egyetem, Doktori Iskola, Cellul\u00e1ris \u00e9s molekul\u00e1ris \u00e9lettan program<\/p>\n<p><strong>Munkahely<\/strong><br \/>\n\u00a0Semmelweis Egyetem, \u00c9lettani Int\u00e9zet<br \/>\n\u00a0\u00a0\u00a0\u00a0 1998-2001: \u00f6szt\u00f6nd\u00edjas PhD hallgat\u00f3<br \/>\n\u00a0\u00a0\u00a0\u00a0\u00a02001-2006: egyetemi tan\u00e1rseg\u00e9d<br \/>\n\u00a0\u00a0\u00a0\u00a0\u00a02006-2014: egyetemi adjunktus<br \/>\n\u00a0\u00a0\u00a0\u00a0\u00a02014-2025: egyetemi docens<br \/>\n\u00a0 \u00a0 \u00a02025-: egyetemi tan\u00e1r<\/p>\n<p><strong>Oktat\u00e1s<\/strong><br \/>\n\u00a0<em>Semmelweis Egyetem, \u00c9lettani Int\u00e9zet<\/em><br \/>\n\u00a0\u00a0\u00a0\u00a0 1995-98: D\u00edjas demonstr\u00e1tor <br \/>\n\u00a0\u00a0\u00a0\u00a0 1998-t\u00f3l: Gyakorlatvezet\u0151 (\u00c1ltal\u00e1nos Orvosi Kar)<br \/>\n\u00a0\u00a0\u00a0\u00a0 2001-t\u0151l: El\u0151ad\u00f3 magyar nyelven<br \/>\n\u00a0\u00a0\u00a0\u00a0 2010-t\u0151l: El\u0151ad\u00f3 angol nyelven<br \/>\n\u00a0<em>P\u00e1zm\u00e1ny P\u00e9ter Katolikus Egyetem, Inform\u00e1ci\u00f3s Technol\u00f3giai Kar<\/em><br \/>\n\u00a0\u00a0\u00a0\u00a0 2012-2018: Hum\u00e1n \u00c9lettan tant\u00e1rgy el\u0151ad\u00f3<\/p>\n<p><strong>Kutat\u00e1s, tudom\u00e1nyos \u00e9rdekl\u0151d\u00e9s<\/strong><br \/>\n\u00a0\u00a0\u00a0\u00a0\u00a0Cellul\u00e1ris \u00e9s molekul\u00e1ris \u00e9lettan,<br \/>\n\u00a0\u00a0\u00a0\u00a0\u00a0Ioncsatorn\u00e1k m\u0171k\u00f6d\u00e9se \u00e9s szab\u00e1lyoz\u00e1sa,<br \/>\n\u00a0\u00a0\u00a0\u00a0 K<sup>+<\/sup> csatorn\u00e1k vizsg\u00e1lata,<br \/>\n\u00a0\u00a0\u00a0\u00a0 K\u00e9t p\u00f3rusdom\u00e9nnal rendelkez\u0151 (K2P) h\u00e1tt\u00e9r K<sup>+<\/sup> csatorn\u00e1k<\/p>\n<p><strong>Szakdolgozat (1998)<\/strong><br \/>\n\u00a0 &#8222;Az ioncsatorn\u00e1k m\u0171k\u00f6d\u00e9se: szerkezet \u00e9s funkci\u00f3 k\u00f6z\u00f6tti \u00f6sszef\u00fcgg\u00e9s &#8211; A molekul\u00e1ris biol\u00f3gia jelent\u0151s\u00e9ge a fesz\u00fclts\u00e9gf\u00fcgg\u0151 ioncsatorn\u00e1k szerkezet\u00e9nek \u00e9s funkci\u00f3j\u00e1nak vizsg\u00e1lat\u00e1ban&#8221;<\/p>\n<p><strong>PhD \u00e9rtekez\u00e9s (2002)<br \/>\n<\/strong>\u00a0 &#8222;A TASK-1 h\u00e1tt\u00e9r K<sup>+<\/sup> csatorna \u00e9s receptor medi\u00e1lt szab\u00e1lyoz\u00e1sa&#8221;<\/p>\n<p><strong>Tags\u00e1gok, tiszts\u00e9gek<\/strong><br \/>\n\u00a0\u00a0\u00a0\u00a0 2001-t\u0151l a Magyar Endokrinol\u00f3giai \u00e9s Anyagcsere T\u00e1rsas\u00e1g tagja <br \/>\n\u00a0\u00a0\u00a0\u00a0 2002-t\u0151l a Magyar \u00c9lettani T\u00e1rsas\u00e1g tagja<br \/>\n\u00a0\u00a0\u00a0\u00a0\u00a02006-2018: a Magyar \u00c9lettani T\u00e1rsas\u00e1g titk\u00e1ra<\/p>\n<p><strong>Kutat\u00e1si t\u00e1mogat\u00e1sok<\/strong><br \/>\n\u00a0\u00a0\u00a0\u00a0 2007-2008. Semmelweis Kutat\u00e1si T\u00e1mogat\u00e1s (6 MFt\/2\u00e9v)<br \/>\n\u00a0\u00a0\u00a0\u00a0\u00a02007-2010. OTKA fiatal kutat\u00f3 p\u00e1ly\u00e1zat (15 MFt\/3\u00e9v)<br \/>\n\u00a0 \u00a0 \u00a02018-2024. OTKA kutat\u00f3i p\u00e1ly\u00e1zat (47.94 MFt\/6\u00e9v)<\/p>\n<p><strong>Elnyert \u00f6szt\u00f6nd\u00edjak<\/strong><\/p>\n<ul>\n<li>2004. szept. 1.-2007. aug. 31.: A Magyar Tudom\u00e1nyos Akad\u00e9mia Bolyai \u00d6szt\u00f6nd\u00edja, 3 \u00e9v id\u0151tartamra.<\/li>\n<li>2008. szept. 1.-2011. aug. 31.: A Magyar Tudom\u00e1nyos Akad\u00e9mia Bolyai \u00d6szt\u00f6nd\u00edja, 3 \u00e9v id\u0151tartamra.<\/li>\n<li>2012. aug. 29.: Semmelweis Egyetem Merit D\u00edj, 2 \u00e9v id\u0151tartamra<\/li>\n<li>2014. szept. 1.: Semmelweis Egyetem Merit D\u00edj, 2 \u00e9v id\u0151tartamra<\/li>\n<li>2016. jan. 1.: Semmelweis Egyetem Merit D\u00edj, 2 \u00e9v id\u0151tartamra<\/li>\n<li>2019. jan. 1.: Semmelweis Egyetem Kari Kiv\u00e1l\u00f3s\u00e1gi Merit D\u00edj, 2 \u00e9v id\u0151tartamra<\/li>\n<\/ul>\n<p><strong>D\u00edjak, kit\u00fcntet\u00e9sek<\/strong><\/p>\n<ul>\n<li>1993: F\u0151v\u00e1rosi Fazekas Mih\u00e1ly Gimn\u00e1zium eml\u00e9k\u00e9rem<\/li>\n<li>1996, 97, 98: SOTE TDK Konferenci\u00e1n: I. helyez\u00e9s<\/li>\n<li>1997,99: OTDK: III., majd II. helyez\u00e9s<\/li>\n<li>2000. Magyar Biok\u00e9miai Egyes\u00fclet Molekul\u00e1ris Biol\u00f3gia Szakoszt\u00e1ly 5. Munka\u00e9rtekezlet\u00e9n (Sopron), a legjobb fiatal el\u0151ad\u00f3 d\u00edja.<\/li>\n<li>2000. Az ifj. dr. Farkas Zsolt eml\u00e9k\u00e9re \u201cVeritas et Virtus\u201d Alap\u00edtv\u00e1ny Kurat\u00f3riuma \u00e1ltal meghirdetett p\u00e1ly\u00e1zaton I. d\u00edj.<\/li>\n<li>2001. Magyar Endokrinol\u00f3giai \u00e9s Anyagcsere T\u00e1rsas\u00e1g Ifj\u00fas\u00e1gi D\u00edja.<\/li>\n<li>2005. SIGMA d\u00edj<\/li>\n<li>2006. Award of a Burgen Scholarship from the Academia Europaea.<\/li>\n<li>2007. Magyar \u00c9lettani T\u00e1rsas\u00e1g Biomedica ifj\u00fas\u00e1gi d\u00edj\u00a0(F\u00c9K, Fiatal \u00c9lettudom\u00e1nyi Kutat\u00f3k F\u00f3ruma)<\/li>\n<li>2011. Magyar Fels\u0151oktat\u00e1s\u00e9rt Eml\u00e9kplakett (Magyar K\u00f6zt\u00e1rsas\u00e1g)<\/li>\n<li>2023. A H\u00f3nap Szent-Gy\u00f6rgyi Mentora (okt\u00f3ber) (Nemzeti Tud\u00f3sk\u00e9pz\u0151 Akad\u00e9mia, NTA)<\/li>\n<li>2024. Pro Educatione-d\u00edj (oktat\u00e1si elismer\u00e9s, Semmelweis Egyetem, Rektor)<\/li>\n<\/ul>\n<p><strong>TDK hallgat\u00f3k eredm\u00e9nyei<\/strong><br \/>\n\u00a0\u00a0\u00a02006. Vuity Drazsen: A TRESK h\u00e1tt\u00e9r k\u00e1lium csatorna feh\u00e9rje-feh\u00e9rje interakci\u00f3n alapul\u00f3 szab\u00e1lyoz\u00e1sa, Semmelweis TDK konf. I. d\u00edj<br \/>\n\u00a0\u00a0\u00a02007. Vuity Drazsen: TRESK h\u00e1tt\u00e9r k\u00e1liumcsatorna foszforil\u00e1ci\u00f3n alapul\u00f3 szab\u00e1lyoz\u00e1s\u00e1nak vizsg\u00e1lata, Semmelweis TDK konf. II. d\u00edj<br \/>\n\u00a0\u00a0\u00a02012. Nemcsics Bal\u00e1zs: A MARK2 g\u00e1tl\u00f3 hat\u00e1sa a TRESK k\u00e9t p\u00f3rus dom\u00e9n\u00fb h\u00e1tt\u00e9r k\u00e1lium csatorn\u00e1ra, Semmelweis TDK konf. I. d\u00edj<br \/>\n\u00a0 \u00a02018. Bozsaki P\u00e9ter: Extracellul\u00e1risan jel\u00f6lt TRESK h\u00e1tt\u00e9r k\u00e1liumcsatorna l\u00e9trehoz\u00e1sa, Semmelweis TDK konf. II. d\u00edj<br \/>\n\u00a0\u00a0\u00a02022. Csigi Gergely Imre: A TMEM175 lizosz\u00f3m\u00e1lis k\u00e1lium csatorna vizsg\u00e1lata, Semmelweis TDK konf. I. d\u00edj<br \/>\n\u00a0\u00a0\u00a02024. Debreczeni Dorina: A hum\u00e1n TRESK iCtr m\u00f3dos\u00edt\u00e1sai hatnak a csatorna expresszi\u00f3ra \u00e9s aktivit\u00e1sra, Semmelweis TDK konf. I. d\u00edj<br \/>\n\u00a0 \u00a02025. Debreczeni Dorina: A hum\u00e1n TRESK h\u00e1tt\u00e9r k\u00e1liumcsatorna interakci\u00f3s partnereinek azonos\u00edt\u00e1sa, Semmelweis TDK konf. III. d\u00edj<br \/>\n\u00a0 \u00a02025. Debreczeni Dorina: A hum\u00e1n TRESK iCtr m\u00f3dos\u00edt\u00e1sai hatnak a csatorna expresszi\u00f3ra \u00e9s aktivit\u00e1sra, Orsz\u00e1gos TDK konf. (P\u00e9cs) I. d\u00edj\u00a0 \u00a0 \u00a0\u00a0<\/p>\n<p><strong>Orvostanhallgat\u00f3 szakdolgozat<\/strong><\/p>\n<p>\u00a0 \u00a02007.\u00a0Vuity Drazsen:\u00a0A foszfoinoztitidek szerepe az ioncsatorn\u00e1k<br \/>\n\u00a0 \u00a0 \u00a0 \u00a0 \u00a0 \u00a0 \u00a0szab\u00e1lyoz\u00e1s\u00e1ban<br \/>\n\u00a0\u00a0 2015. Nemcsics Bal\u00e1zs: A mikrotubulus-affinit\u00e1s regul\u00e1l\u00f3 kin\u00e1z<br \/>\n\u00a0\u00a0\u00a0\u00a0\u00a0\u00a0\u00a0\u00a0\u00a0\u00a0\u00a0 (MARK) \u00e9lettani jelent\u0151s\u00e9ge (Konzulens: Dr. Czirj\u00e1k G\u00e1bor)<\/p>\n<p><strong>PhD hallgat\u00f3<\/strong><br \/>\n\u00a0\u00a0 dr. Braun Gabriella (v\u00e9d\u00e9s id\u0151pontja: 2016.01.06.)<br \/>\n\u00a0\u00a0\u00a0\u00a0 \u201cA h\u00e1ts\u00f3 gy\u00f6ki ganglionban kifejez\u0151d\u0151 TREK-2 \u00e9s TRESK k\u00e9t<br \/>\n\u00a0\u00a0\u00a0\u00a0\u00a0\u00a0 p\u00f3rusdom\u00e9n\u0171 K<sup>+<\/sup> csatorn\u00e1k vizsg\u00e1lata\u201d<br \/>\n\u00a0\u00a0 Pergel Enik\u0151 (v\u00e9d\u00e9s id\u0151pontja: 2020.02.06.)<br \/>\n\u00a0 \u00a0 \u00a0\u201cA TRESK h\u00e1tt\u00e9r K<sup>+<\/sup> csatorna protein kin\u00e1z C \u00e1ltali <br \/>\n\u00a0 \u00a0 \u00a0 \u00a0szab\u00e1lyoz\u00e1s\u00e1nak vizsg\u00e1lata\u201d<br \/>\n\u00a0 \u00a0Bauk\u00e1l D\u00f3ra Zsuzsanna (folyamatban)<\/p>\n<p>&nbsp;<\/p>\n","protected":false},"excerpt":{"rendered":"<p>SZAKMAI \u00d6N\u00c9LETRAJZ Tanulm\u00e1nyok \u00a01988-92: \u00a0\u00a0\u00a0F\u0151v\u00e1rosi Fazekas Mih\u00e1ly Gyakorl\u00f3 Gimn\u00e1zium, speci\u00e1lis matematika tanterv\u0171 oszt\u00e1ly (C) \u00a01992-98: \u00a0 \u00a0Semmelweis\u00a0Egyetem, \u00c1ltal\u00e1nos Orvostudom\u00e1nyi Kar \u00a01998-2001: \u00a0 \u00a0Semmelweis Egyetem, Doktori Iskola, Cellul\u00e1ris \u00e9s molekul\u00e1ris \u00e9lettan program Munkahely \u00a0Semmelweis Egyetem, \u00c9lettani &hellip;<\/p>\n","protected":false},"author":2,"featured_media":0,"parent":0,"menu_order":0,"comment_status":"open","ping_status":"open","template":"","meta":{"footnotes":""},"class_list":["post-11","page","type-page","status-publish","hentry"],"_links":{"self":[{"href":"https:\/\/scholar.semmelweis.hu\/czirjakgabor\/wp-json\/wp\/v2\/pages\/11"}],"collection":[{"href":"https:\/\/scholar.semmelweis.hu\/czirjakgabor\/wp-json\/wp\/v2\/pages"}],"about":[{"href":"https:\/\/scholar.semmelweis.hu\/czirjakgabor\/wp-json\/wp\/v2\/types\/page"}],"author":[{"embeddable":true,"href":"https:\/\/scholar.semmelweis.hu\/czirjakgabor\/wp-json\/wp\/v2\/users\/2"}],"replies":[{"embeddable":true,"href":"https:\/\/scholar.semmelweis.hu\/czirjakgabor\/wp-json\/wp\/v2\/comments?post=11"}],"version-history":[{"count":14,"href":"https:\/\/scholar.semmelweis.hu\/czirjakgabor\/wp-json\/wp\/v2\/pages\/11\/revisions"}],"predecessor-version":[{"id":330,"href":"https:\/\/scholar.semmelweis.hu\/czirjakgabor\/wp-json\/wp\/v2\/pages\/11\/revisions\/330"}],"wp:attachment":[{"href":"https:\/\/scholar.semmelweis.hu\/czirjakgabor\/wp-json\/wp\/v2\/media?parent=11"}],"curies":[{"name":"wp","href":"https:\/\/api.w.org\/{rel}","templated":true}]}}