{"id":5,"date":"2022-05-19T14:38:27","date_gmt":"2022-05-19T12:38:27","guid":{"rendered":"https:\/\/scholar.semmelweis.hu\/csapodytamas\/bemutatkozas\/"},"modified":"2026-01-29T09:48:11","modified_gmt":"2026-01-29T08:48:11","slug":"bemutatkozas","status":"publish","type":"page","link":"https:\/\/scholar.semmelweis.hu\/csapodytamas\/","title":{"rendered":"Bemutatkoz\u00e1s"},"content":{"rendered":"<p>A budapesti ELTE \u00c1llam- \u00e9s Jogtudom\u00e1nyi Kar\u00e1n szereztem diplom\u00e1t. Els\u0151sorban a jogelm\u00e9leti \u00e9s t\u00e1rsadalomfiloz\u00f3fia, valamint a b\u00fcntet\u0151jogi \u00e9s kriminol\u00f3giai k\u00e9rd\u00e9sek foglalkoztattak. Egyetemi \u00e9veim alatt fontosnak tartottam akt\u00edvan r\u00e9szt venni a Bihari Mih\u00e1ly \u00e1ltal megalap\u00edtott Politol\u00f3gia Tansz\u00e9ki Csoport \u00e9s a G\u00f6ncz\u00f6l Katalin fiatalkor\u00fa b\u0171nelk\u00f6vet\u0151ket felkarol\u00f3 t\u00e1rsadalmi ut\u00f3gondoz\u00f3 munk\u00e1j\u00e1ban.<\/p>\n<p>A t\u00e1rsadalomtudom\u00e1nyok ir\u00e1nti \u00e9rdekl\u0151d\u00e9semben \u00e9s az emberi jogok ir\u00e1nti elk\u00f6telez\u0151d\u00e9semben fontos szerepet j\u00e1tszottak S\u00f3lyom L\u00e1szl\u00f3 el\u0151ad\u00e1sai \u00e9s term\u00e9szetesen a Bib\u00f3 Istv\u00e1n Szakkoll\u00e9giumba t\u00f6rt\u00e9n\u0151 felv\u00e9telem. R\u00e9szt vehettem a Szakkoll\u00e9gium alap\u00edt\u00e1s\u00e1ban \u00e9s az ott t\u00f6lt\u00f6tt \u00e9vek alatt a demokratikus m\u0171k\u00f6d\u00e9s \u00e9s a civil szervezetek alap\u00edt\u00e1s\u00e1nak alapszab\u00e1lyait egyar\u00e1nt megismerhettem.<\/p>\n<p>A diploma megszerz\u00e9s\u00e9t k\u00f6vet\u0151en \u00e9rdekl\u0151d\u00e9sem k\u00f6z\u00e9ppontj\u00e1ba a pszichol\u00f3gia \u00e9s a szociol\u00f3gia ker\u00fclt. Seg\u00e9d\u00e1pol\u00f3 lettem a Hidas Gy\u00f6rgy \u00e1ltal ir\u00e1ny\u00edtott T\u00fcnd\u00e9rhegyi Pszichoszomatikus Int\u00e9zetben \u00e9s ezzel p\u00e1rhuzamosan elv\u00e9geztem a Ferge Zsuzsa vezette ELTE szociol\u00f3gia szakot. Nevel\u0151i \u00e9s oktat\u00f3i munk\u00e1mat a Bib\u00f3 Istv\u00e1n Szakkoll\u00e9gium nevel\u0151tan\u00e1rak\u00e9nt majd igazgat\u00f3jak\u00e9nt kezdtem el. Ekkorra m\u00e1r kialakult bennem a m\u00e1ig meghat\u00e1roz\u00f3, er\u0151szakmentess\u00e9g elm\u00e9leti \u00e9s ennek gyakorlati k\u00e9rd\u00e9sei ir\u00e1nti elk\u00f6telez\u0151d\u00e9sem.<\/p>\n<p>A hazai katonai szol\u00e1glatmegtagad\u00e1s kutat\u00e1sa mellett tanulm\u00e1nyozhattam az Amerika Egyes\u00fclt \u00c1llamokban \u00e9l\u0151 Hutterian Brethrein protest\u00e1ns gy\u00f6ker\u0171 kommuna er\u0151szakmentes \u00e9letform\u00e1j\u00e1t is. A Semmelweis Orvostudom\u00e1nyi Egyetem Magatart\u00e1studom\u00e1nyi Int\u00e9zet\u00e9be Kopp M\u00e1ria h\u00edv\u00e1s\u00e1ra j\u00f6ttem. Az Egyetemen eddig elt\u00f6lt\u00f6tt 29 \u00e9v alatt a kezdetekben orvosi szociol\u00f3gi\u00e1t oktattam, majd pedig a bioetika oktat\u00e1s\u00e1ban veszek r\u00e9szt.<\/p>\n<p>Kutat\u00e1saim sor\u00e1n \u00e9s az oktat\u00f3i munk\u00e1mban egyar\u00e1nt a magatart\u00e1studom\u00e1nyok interdiszciplin\u00e1ris megk\u00f6zel\u00edt\u00e9s\u00e9t tartom a legfontosabbnak. Habilit\u00e1lt egyetemi docensk\u00e9nt els\u0151sorban a bioetika, jog, szociol\u00f3gia, politikatudom\u00e1ny \u00e9s t\u00f6rt\u00e9nettudom\u00e1ny integrat\u00edv megk\u00f6zel\u00edt\u00e9s\u00e9t r\u00e9szes\u00edtem el\u0151nyben a traumatikus esem\u00e9nyek, a transzgener\u00e1ci\u00f3s \u00e9s t\u00f6rt\u00e9nelmi traum\u00e1k valamint az etnikai \u00e9s vall\u00e1si konfliktusok kutat\u00e1sa sor\u00e1n. A bioetika szerves r\u00e9sz\u00e9t k\u00e9pez\u0151 orvost\u00f6rt\u00e9neti kutat\u00e1saim alkalm\u00e1val a konfliktuskezel\u00e9si m\u00f3dszerek valamint az egy\u00e9ni \u00e9s t\u00e1rsadalmi megk\u00fczd\u00e9si strat\u00e9gi\u00e1k \u00e9rdekelnek.<\/p>\n<p>Az egy\u00e9ni \u00e9letutakon kereszt\u00fcl megjelen\u0151 traumatikus esem\u00e9nyek feldolgoz\u00e1s\u00e1nak s\u00e9m\u00e1i valamint az an\u00f3mia \u00e9s a devi\u00e1ns viselked\u00e9si form\u00e1k elker\u00fcl\u00e9s\u00e9nek lehet\u0151s\u00e9gei foglalkoztatnak. Munk\u00e1m fontos r\u00e9sze a t\u00e1rsadalmi integr\u00e1ci\u00f3 \u00e9s moderniz\u00e1ci\u00f3 a civil t\u00e1rsadalom kereszt\u00fcl, bele\u00e9rtve az eg\u00e9szs\u00e9g\u00fcgyi szervezetek szerep\u00e9t is. A klasszikus bioetikai k\u00e9rd\u00e9sek k\u00f6z\u00fcl az \u00e1lorvosi k\u00eds\u00e9rletek, a t\u00e1j\u00e9kozott beleegyez\u00e9s, az \u00e1llatk\u00eds\u00e9rletek etikai k\u00e9rd\u00e9sei \u00e9s a kegyeleti jogok k\u00e9pezik kutat\u00e1saim t\u00e1rgy\u00e1t, amelyeket t\u00f6rt\u00e9nelmi kontextusban vizsg\u00e1lok. Az ut\u00f3bbi \u00e9vekben pedig fogorvos- \u00e9s orvostanhallgat\u00f3kkal egy pest megyei roma telepen eg\u00e9szs\u00e9gfejleszt\u0151 programot \u00e9s terepmunk\u00e1t kezdt\u00fcnk.<\/p>\n","protected":false},"excerpt":{"rendered":"<p>A budapesti ELTE \u00c1llam- \u00e9s Jogtudom\u00e1nyi Kar\u00e1n szereztem diplom\u00e1t. Els\u0151sorban a jogelm\u00e9leti \u00e9s t\u00e1rsadalomfiloz\u00f3fia, valamint a b\u00fcntet\u0151jogi \u00e9s kriminol\u00f3giai k\u00e9rd\u00e9sek foglalkoztattak. Egyetemi \u00e9veim alatt fontosnak tartottam akt\u00edvan r\u00e9szt venni a Bihari Mih\u00e1ly \u00e1ltal megalap\u00edtott Politol\u00f3gia &hellip;<\/p>\n","protected":false},"author":143,"featured_media":0,"parent":0,"menu_order":0,"comment_status":"closed","ping_status":"closed","template":"","meta":{"footnotes":""},"class_list":["post-5","page","type-page","status-publish","hentry"],"_links":{"self":[{"href":"https:\/\/scholar.semmelweis.hu\/csapodytamas\/wp-json\/wp\/v2\/pages\/5"}],"collection":[{"href":"https:\/\/scholar.semmelweis.hu\/csapodytamas\/wp-json\/wp\/v2\/pages"}],"about":[{"href":"https:\/\/scholar.semmelweis.hu\/csapodytamas\/wp-json\/wp\/v2\/types\/page"}],"author":[{"embeddable":true,"href":"https:\/\/scholar.semmelweis.hu\/csapodytamas\/wp-json\/wp\/v2\/users\/143"}],"replies":[{"embeddable":true,"href":"https:\/\/scholar.semmelweis.hu\/csapodytamas\/wp-json\/wp\/v2\/comments?post=5"}],"version-history":[{"count":3,"href":"https:\/\/scholar.semmelweis.hu\/csapodytamas\/wp-json\/wp\/v2\/pages\/5\/revisions"}],"predecessor-version":[{"id":46,"href":"https:\/\/scholar.semmelweis.hu\/csapodytamas\/wp-json\/wp\/v2\/pages\/5\/revisions\/46"}],"wp:attachment":[{"href":"https:\/\/scholar.semmelweis.hu\/csapodytamas\/wp-json\/wp\/v2\/media?parent=5"}],"curies":[{"name":"wp","href":"https:\/\/api.w.org\/{rel}","templated":true}]}}