{"id":3,"date":"2022-05-19T14:38:27","date_gmt":"2022-05-19T12:38:27","guid":{"rendered":"https:\/\/scholar.semmelweis.hu\/csapodytamas\/elerhetoseg\/"},"modified":"2026-01-29T09:49:55","modified_gmt":"2026-01-29T08:49:55","slug":"elerhetoseg","status":"publish","type":"page","link":"https:\/\/scholar.semmelweis.hu\/csapodytamas\/elerhetoseg\/","title":{"rendered":"El\u00e9rhet\u0151s\u00e9g"},"content":{"rendered":"<p>csapody.tamas@semmelweis.hu<\/p>\n<p><a href=\"https:\/\/semmelweis.hu\/telefonkonyv\/?emp_id=1655\" target=\"_blank\" rel=\"noopener\">Adataim a Semmelweis Egyetem online telefonk\u00f6nyv\u00e9ben \u2192<\/a><\/p>\n","protected":false},"excerpt":{"rendered":"<p>csapody.tamas@semmelweis.hu<br \/>\n<a href=\"https:\/\/semmelweis.hu\/telefonkonyv\/?emp_id=1655\" target=\"_blank\" rel=\"noopener\">Adataim a Semmelweis Egyetem online telefonk\u00f6nyv\u00e9ben \u2192<\/a><\/p>\n","protected":false},"author":143,"featured_media":0,"parent":0,"menu_order":0,"comment_status":"closed","ping_status":"closed","template":"","meta":{"footnotes":""},"class_list":["post-3","page","type-page","status-publish","hentry"],"_links":{"self":[{"href":"https:\/\/scholar.semmelweis.hu\/csapodytamas\/wp-json\/wp\/v2\/pages\/3"}],"collection":[{"href":"https:\/\/scholar.semmelweis.hu\/csapodytamas\/wp-json\/wp\/v2\/pages"}],"about":[{"href":"https:\/\/scholar.semmelweis.hu\/csapodytamas\/wp-json\/wp\/v2\/types\/page"}],"author":[{"embeddable":true,"href":"https:\/\/scholar.semmelweis.hu\/csapodytamas\/wp-json\/wp\/v2\/users\/143"}],"replies":[{"embeddable":true,"href":"https:\/\/scholar.semmelweis.hu\/csapodytamas\/wp-json\/wp\/v2\/comments?post=3"}],"version-history":[{"count":4,"href":"https:\/\/scholar.semmelweis.hu\/csapodytamas\/wp-json\/wp\/v2\/pages\/3\/revisions"}],"predecessor-version":[{"id":48,"href":"https:\/\/scholar.semmelweis.hu\/csapodytamas\/wp-json\/wp\/v2\/pages\/3\/revisions\/48"}],"wp:attachment":[{"href":"https:\/\/scholar.semmelweis.hu\/csapodytamas\/wp-json\/wp\/v2\/media?parent=3"}],"curies":[{"name":"wp","href":"https:\/\/api.w.org\/{rel}","templated":true}]}}