{"id":419,"date":"2015-07-28T21:57:50","date_gmt":"2015-07-28T19:57:50","guid":{"rendered":"http:\/\/scholar.semmelweis.hu\/bodorc\/?page_id=419"},"modified":"2025-03-17T14:41:07","modified_gmt":"2025-03-17T13:41:07","slug":"phd-hallgatok","status":"publish","type":"page","link":"https:\/\/scholar.semmelweis.hu\/bodorc\/phd-hallgatok\/","title":{"rendered":"Kutat\u00f3k \u00e9s PhD hallgat\u00f3k"},"content":{"rendered":"<h2>PhD hallgat\u00f3k:<\/h2>\n<h4><strong><img loading=\"lazy\" decoding=\"async\" class=\"alignright size-medium wp-image-1202\" src=\"https:\/\/scholar.semmelweis.hu\/bodorc\/wp-content\/uploads\/sites\/40\/2022\/11\/307950472_1477294912737059_4148338176297452364_n-225x300.jpeg\" alt=\"\" width=\"225\" height=\"300\" srcset=\"https:\/\/scholar.semmelweis.hu\/bodorc\/wp-content\/uploads\/sites\/40\/2022\/11\/307950472_1477294912737059_4148338176297452364_n-225x300.jpeg 225w, https:\/\/scholar.semmelweis.hu\/bodorc\/wp-content\/uploads\/sites\/40\/2022\/11\/307950472_1477294912737059_4148338176297452364_n-768x1024.jpeg 768w, https:\/\/scholar.semmelweis.hu\/bodorc\/wp-content\/uploads\/sites\/40\/2022\/11\/307950472_1477294912737059_4148338176297452364_n-1152x1536.jpeg 1152w, https:\/\/scholar.semmelweis.hu\/bodorc\/wp-content\/uploads\/sites\/40\/2022\/11\/307950472_1477294912737059_4148338176297452364_n-753x1004.jpeg 753w, https:\/\/scholar.semmelweis.hu\/bodorc\/wp-content\/uploads\/sites\/40\/2022\/11\/307950472_1477294912737059_4148338176297452364_n.jpeg 1500w\" sizes=\"(max-width: 225px) 100vw, 225px\" \/>Bek\u0151 Anna<\/strong><\/h4>\n<p style=\"text-align: justify;\">Anna 2022 \u0151sz\u00e9n kezdte meg PhD tanulm\u00e1nyait kutat\u00f3csoportunkban. T\u00e9m\u00e1ja az akut limfoblasztos leuk\u00e9mi\u00e1s gyermekek blaszt sejtjeiben megjelen\u0151 struktur\u00e1lis vari\u00e1nsok, illetve k\u00f3piasz\u00e1m-elt\u00e9r\u00e9sek \u00faj-gener\u00e1ci\u00f3s citogenetikai m\u00f3dszerrel val\u00f3 felt\u00e9rk\u00e9pez\u00e9se, ami hozz\u00e1j\u00e1rulhat a betegs\u00e9g diagnosztik\u00e1j\u00e1ban alkalmazott, genetikai aberr\u00e1ci\u00f3k meghat\u00e1roz\u00e1s\u00e1ban szerepet j\u00e1tsz\u00f3 elj\u00e1r\u00e1sok hossz\u00fat\u00e1v\u00fa fejleszt\u00e9s\u00e9hez.<\/p>\n<hr \/>\n<h4><strong><img loading=\"lazy\" decoding=\"async\" class=\" wp-image-1201 alignleft\" src=\"https:\/\/scholar.semmelweis.hu\/bodorc\/wp-content\/uploads\/sites\/40\/2022\/11\/307931881_488978349507670_2106014675881151926_n-225x300.jpeg\" alt=\"\" width=\"213\" height=\"284\" srcset=\"https:\/\/scholar.semmelweis.hu\/bodorc\/wp-content\/uploads\/sites\/40\/2022\/11\/307931881_488978349507670_2106014675881151926_n-225x300.jpeg 225w, https:\/\/scholar.semmelweis.hu\/bodorc\/wp-content\/uploads\/sites\/40\/2022\/11\/307931881_488978349507670_2106014675881151926_n-768x1024.jpeg 768w, https:\/\/scholar.semmelweis.hu\/bodorc\/wp-content\/uploads\/sites\/40\/2022\/11\/307931881_488978349507670_2106014675881151926_n-1152x1536.jpeg 1152w, https:\/\/scholar.semmelweis.hu\/bodorc\/wp-content\/uploads\/sites\/40\/2022\/11\/307931881_488978349507670_2106014675881151926_n-753x1004.jpeg 753w, https:\/\/scholar.semmelweis.hu\/bodorc\/wp-content\/uploads\/sites\/40\/2022\/11\/307931881_488978349507670_2106014675881151926_n.jpeg 1500w\" sizes=\"(max-width: 213px) 100vw, 213px\" \/>Varga Luca<\/strong><\/h4>\n<p style=\"text-align: justify;\">Luca 2022. febru\u00e1rj\u00e1ban kezdte PhD tanulm\u00e1nyait az egyetemen, a kutat\u00f3csoportunkhoz 2022. szeptember\u00e9ben csatlakozott. Kutat\u00e1si t\u00e9m\u00e1ja a magyarorsz\u00e1gi diff\u00faz nagy B-sejtes lymphoma (DLBCL) esetek genomikai \u00e9s transzkriptomikai elemz\u00e9se \u00fajgener\u00e1ci\u00f3s szekven\u00e1l\u00e1s seg\u00edts\u00e9g\u00e9vel. A c\u00e9l \u00faj prognosztikus markerek beazonos\u00edt\u00e1sa, valamint a betegs\u00e9g genomikai h\u00e1tter\u00e9nek tov\u00e1bbi kutat\u00e1sa molekul\u00e1ris \u00e9s bioinformatikai m\u00f3dszerekkel.<\/p>\n<hr \/>\n<h4><strong><img loading=\"lazy\" decoding=\"async\" class=\"alignright  wp-image-1200\" src=\"https:\/\/scholar.semmelweis.hu\/bodorc\/wp-content\/uploads\/sites\/40\/2022\/11\/308129930_779503609995384_5795297084203534674_n-225x300.jpeg\" alt=\"\" width=\"220\" height=\"293\" srcset=\"https:\/\/scholar.semmelweis.hu\/bodorc\/wp-content\/uploads\/sites\/40\/2022\/11\/308129930_779503609995384_5795297084203534674_n-225x300.jpeg 225w, https:\/\/scholar.semmelweis.hu\/bodorc\/wp-content\/uploads\/sites\/40\/2022\/11\/308129930_779503609995384_5795297084203534674_n-768x1024.jpeg 768w, https:\/\/scholar.semmelweis.hu\/bodorc\/wp-content\/uploads\/sites\/40\/2022\/11\/308129930_779503609995384_5795297084203534674_n-1152x1536.jpeg 1152w, https:\/\/scholar.semmelweis.hu\/bodorc\/wp-content\/uploads\/sites\/40\/2022\/11\/308129930_779503609995384_5795297084203534674_n-753x1004.jpeg 753w, https:\/\/scholar.semmelweis.hu\/bodorc\/wp-content\/uploads\/sites\/40\/2022\/11\/308129930_779503609995384_5795297084203534674_n.jpeg 1500w\" sizes=\"(max-width: 220px) 100vw, 220px\" \/>L\u00e1szl\u00f3 Tam\u00e1s<\/strong><\/h4>\n<p style=\"text-align: justify;\">Tam\u00e1s 2021 szeptember\u00e9ben csatlakozott a kutat\u00f3csoportunkhoz doktori k\u00e9pz\u00e9s keretein bel\u00fcl. F\u0151 t\u00e9m\u00e1ja az \u00faj c\u00e9lzott ter\u00e1pi\u00e1kban r\u00e9szes\u00fcl\u0151, kr\u00f3nikus limfocit\u00e1s leuk\u00e9mi\u00e1ban (CLL) szenved\u0151 betegek ter\u00e1pi\u00e1s m\u00e9lys\u00e9g\u00e9nek meghat\u00e1roz\u00e1sa, \u00fajgener\u00e1ci\u00f3s-szekven\u00e1l\u00e1s alkalmaz\u00e1s\u00e1val. Mindemellett a CLL-ben, valamint k\u00f6penysejtes limf\u00f3m\u00e1ban alkalmazott c\u00e9lzott kezel\u00e9sek hat\u00e1s\u00e1ra kialakul\u00f3 rezisztencia-mechanizmusok molekul\u00e1ris h\u00e1tter\u00e9t vizsg\u00e1lja.<\/p>\n<hr \/>\n<h4><strong><img loading=\"lazy\" decoding=\"async\" class=\" wp-image-1199 alignleft\" src=\"https:\/\/scholar.semmelweis.hu\/bodorc\/wp-content\/uploads\/sites\/40\/2022\/11\/Pe\u0301terffy-Borba\u0301la_laboros-ke\u0301p-225x300.jpg\" alt=\"\" width=\"206\" height=\"275\" srcset=\"https:\/\/scholar.semmelweis.hu\/bodorc\/wp-content\/uploads\/sites\/40\/2022\/11\/Pe\u0301terffy-Borba\u0301la_laboros-ke\u0301p-225x300.jpg 225w, https:\/\/scholar.semmelweis.hu\/bodorc\/wp-content\/uploads\/sites\/40\/2022\/11\/Pe\u0301terffy-Borba\u0301la_laboros-ke\u0301p-768x1024.jpg 768w, https:\/\/scholar.semmelweis.hu\/bodorc\/wp-content\/uploads\/sites\/40\/2022\/11\/Pe\u0301terffy-Borba\u0301la_laboros-ke\u0301p-1152x1536.jpg 1152w, https:\/\/scholar.semmelweis.hu\/bodorc\/wp-content\/uploads\/sites\/40\/2022\/11\/Pe\u0301terffy-Borba\u0301la_laboros-ke\u0301p-1536x2048.jpg 1536w, https:\/\/scholar.semmelweis.hu\/bodorc\/wp-content\/uploads\/sites\/40\/2022\/11\/Pe\u0301terffy-Borba\u0301la_laboros-ke\u0301p-753x1004.jpg 753w, https:\/\/scholar.semmelweis.hu\/bodorc\/wp-content\/uploads\/sites\/40\/2022\/11\/Pe\u0301terffy-Borba\u0301la_laboros-ke\u0301p-scaled.jpg 1920w\" sizes=\"(max-width: 206px) 100vw, 206px\" \/>Dr. P\u00e9terffy Borb\u00e1la<\/strong><\/h4>\n<p style=\"text-align: justify;\">Borb\u00e1la 2021. szeptember\u00e9ben csatlakozott a munkacsoporthoz, PhD hallgat\u00f3k\u00e9nt. Kutat\u00e1s\u00e1nak f\u0151 t\u00e9m\u00e1ja a gyermekkori akut limfoblasztos leuk\u00e9mia genomikai \u00e9s transzkriptomikai h\u00e1tter\u00e9nek vizsg\u00e1lata, \u00faj gener\u00e1ci\u00f3s szekven\u00e1l\u00e1ssal. A kutat\u00e1s c\u00e9lja, a rizik\u00f3adapt\u00e1lt ter\u00e1pi\u00e1s d\u00f6nt\u00e9shozatal t\u00e1mogat\u00e1sa, illetve esetleges \u00faj ter\u00e1pi\u00e1s c\u00e9lpontok azonos\u00edt\u00e1sa korszer\u0171, nagy \u00e1tereszt\u0151k\u00e9pess\u00e9g\u0171 m\u00f3dszerekkel.<\/p>\n<hr \/>\n<h4><strong style=\"font-size: 1rem;\">Dr. Bedics G\u00e1bor <\/strong><\/h4>\n<p><span style=\"font-size: 1rem;\"><img loading=\"lazy\" decoding=\"async\" class=\"wp-image-1016 alignright\" src=\"http:\/\/scholar.semmelweis.hu\/bodorc\/wp-content\/uploads\/sites\/40\/2020\/03\/profil_BG-610x1024.jpg\" alt=\"\" width=\"219\" height=\"367\" srcset=\"https:\/\/scholar.semmelweis.hu\/bodorc\/wp-content\/uploads\/sites\/40\/2020\/03\/profil_BG-610x1024.jpg 610w, https:\/\/scholar.semmelweis.hu\/bodorc\/wp-content\/uploads\/sites\/40\/2020\/03\/profil_BG-179x300.jpg 179w, https:\/\/scholar.semmelweis.hu\/bodorc\/wp-content\/uploads\/sites\/40\/2020\/03\/profil_BG-768x1289.jpg 768w, https:\/\/scholar.semmelweis.hu\/bodorc\/wp-content\/uploads\/sites\/40\/2020\/03\/profil_BG-915x1536.jpg 915w, https:\/\/scholar.semmelweis.hu\/bodorc\/wp-content\/uploads\/sites\/40\/2020\/03\/profil_BG-1220x2048.jpg 1220w, https:\/\/scholar.semmelweis.hu\/bodorc\/wp-content\/uploads\/sites\/40\/2020\/03\/profil_BG-scaled.jpg 1525w\" sizes=\"(max-width: 219px) 100vw, 219px\" \/><em>(t\u00e9mavezet\u0151k: Dr. Alp\u00e1r Don\u00e1t \u00e9s Dr. Sebesty\u00e9n Endre)<\/em><\/span><\/p>\n<p style=\"text-align: justify;\">Dr. Bedics G\u00e1bor (t\u00e9mavezet\u0151k: Dr. Alp\u00e1r Don\u00e1t \u00e9s Dr. Sebesty\u00e9n Endre)<br \/>\nG\u00e1bor 2019 szeptember\u00e9ben kezdte PhD tanulm\u00e1nyait csoportunkban, illetveint\u00e9zet\u00fcnk Bioinformatika csoportj\u00e1ban. T\u00e9m\u00e1ja a hazai akut lymphoblasztos leuk\u00e9mi\u00e1ban szenved\u0151 gyermekek genomikai \u00e9s transzkriptomikai profiljainak felt\u00e9rk\u00e9pez\u00e9se, valamint azon mint\u00e1zatok \u00e9s szomatikus evol\u00faci\u00f3s folyamatok azonos\u00edt\u00e1sa, melyek a betegs\u00e9g progresszi\u00f3j\u00e1hoz vezetnek. Mindehhez f\u0151 eszk\u00f6ze az \u00faj gener\u00e1ci\u00f3s szekven\u00e1l\u00e1si m\u00f3dszerek alkalmaz\u00e1sa \u00e9s az \u00edgy nyert adatok bioinformatikai anal\u00edzise.<\/p>\n<hr \/>\n<h4><strong><img loading=\"lazy\" decoding=\"async\" class=\"alignleft size-medium wp-image-1064\" src=\"https:\/\/scholar.semmelweis.hu\/bodorc\/wp-content\/uploads\/sites\/40\/2020\/12\/Bence_labor_k\u00e9p-225x300.jpg\" alt=\"\" width=\"225\" height=\"300\" srcset=\"https:\/\/scholar.semmelweis.hu\/bodorc\/wp-content\/uploads\/sites\/40\/2020\/12\/Bence_labor_k\u00e9p-225x300.jpg 225w, https:\/\/scholar.semmelweis.hu\/bodorc\/wp-content\/uploads\/sites\/40\/2020\/12\/Bence_labor_k\u00e9p-768x1024.jpg 768w, https:\/\/scholar.semmelweis.hu\/bodorc\/wp-content\/uploads\/sites\/40\/2020\/12\/Bence_labor_k\u00e9p-1152x1536.jpg 1152w, https:\/\/scholar.semmelweis.hu\/bodorc\/wp-content\/uploads\/sites\/40\/2020\/12\/Bence_labor_k\u00e9p-1536x2048.jpg 1536w, https:\/\/scholar.semmelweis.hu\/bodorc\/wp-content\/uploads\/sites\/40\/2020\/12\/Bence_labor_k\u00e9p-scaled.jpg 1920w\" sizes=\"(max-width: 225px) 100vw, 225px\" \/>Dr. B\u00e1tai Bence<\/strong>\u00a0<\/h4>\n<p style=\"text-align: justify;\"><span class=\"s3\">Bence 2019 \u0151sz\u00e9n kezdte meg a PhD k\u00e9pz\u00e9st a Semmelweis Egyetem MD-PhD programj\u00e1nak keret\u00e9ben. Kutat\u00e1si t\u00e9m\u00e1ja a follicularis lymphoma h\u00e1tter\u00e9ben \u00e1ll\u00f3 genetikai elt\u00e9r\u00e9sek felt\u00e9rk\u00e9pez\u00e9se, valamint a k\u00f3rlefoly\u00e1s sor\u00e1n jelentkez\u0151 tumor evol\u00faci\u00f3 \u00e9s t\u00e9rbeli heterogenit\u00e1s vizsg\u00e1lata<\/span><span class=\"s3\"> folyad\u00e9k-<\/span><span class=\"s3\">biopszi\u00e1s<\/span><span class=\"s3\">mint\u00e1k \u00faj-gener\u00e1ci\u00f3s <\/span><span class=\"s3\">szekven\u00e1l\u00e1son<\/span> <span class=\"s3\">alapul\u00f3 vizsg\u00e1lata<\/span><span class=\"s3\">seg\u00edts\u00e9g\u00e9vel<\/span><span class=\"s3\">, ami hozz\u00e1j\u00e1rulhat a betegs\u00e9g diagnosztikus \u00e9s ter\u00e1pi\u00e1s eszk\u00f6zt\u00e1r\u00e1nak b\u0151v\u00fcl\u00e9s\u00e9hez.<\/span><\/p>\n<hr \/>\n<h4 style=\"text-align: justify;\"><strong>Dr. Kotmayer Lili<\/strong><\/h4>\n<p style=\"text-align: justify;\"><strong><img loading=\"lazy\" decoding=\"async\" class=\"alignright size-medium wp-image-1054\" src=\"https:\/\/scholar.semmelweis.hu\/bodorc\/wp-content\/uploads\/sites\/40\/2020\/12\/A9982770-9FE1-4BED-9828-1F0BF76F6BDA-225x300.jpeg\" alt=\"\" width=\"225\" height=\"300\" srcset=\"https:\/\/scholar.semmelweis.hu\/bodorc\/wp-content\/uploads\/sites\/40\/2020\/12\/A9982770-9FE1-4BED-9828-1F0BF76F6BDA-225x300.jpeg 225w, https:\/\/scholar.semmelweis.hu\/bodorc\/wp-content\/uploads\/sites\/40\/2020\/12\/A9982770-9FE1-4BED-9828-1F0BF76F6BDA-768x1024.jpeg 768w, https:\/\/scholar.semmelweis.hu\/bodorc\/wp-content\/uploads\/sites\/40\/2020\/12\/A9982770-9FE1-4BED-9828-1F0BF76F6BDA-1152x1536.jpeg 1152w, https:\/\/scholar.semmelweis.hu\/bodorc\/wp-content\/uploads\/sites\/40\/2020\/12\/A9982770-9FE1-4BED-9828-1F0BF76F6BDA-1536x2048.jpeg 1536w, https:\/\/scholar.semmelweis.hu\/bodorc\/wp-content\/uploads\/sites\/40\/2020\/12\/A9982770-9FE1-4BED-9828-1F0BF76F6BDA-scaled.jpeg 1920w\" sizes=\"(max-width: 225px) 100vw, 225px\" \/><\/strong>Lili 2016-ban els\u0151\u00e9ves orvostanhallgat\u00f3k\u00e9nt csatlakozott kutat\u00f3csoportunkhoz. Jelenleg az Egyetem MD-PhD programj\u00e1nak keretein bel\u00fcl PhD hallgat\u00f3k\u00e9nt a kr\u00f3nikus lymphocyt\u00e1s leuk\u00e9mia (CLL) genetikai h\u00e1tter\u00e9nek vizsg\u00e1lat\u00e1val foglalkozik. F\u0151 kutat\u00e1si ter\u00fclete a CLL-ben c\u00e9lzott ter\u00e1pia hat\u00e1s\u00e1ra megjelen\u0151 gy\u00f3gyszerrezisztencia kialakul\u00e1s\u00e1nak \u00e9s mechanizmus\u00e1nak vizsg\u00e1lata. Mindemellett egy nemzetk\u00f6zi konzorcium keret\u00e9ben a gyermekkori akut myeloid leuk\u00e9mi\u00e1ban azonos\u00edthat\u00f3 GATA2 mut\u00e1ci\u00f3kat \u00e9s a kapcsol\u00f3d\u00f3 klinikai manifeszt\u00e1ci\u00f3kat vizsg\u00e1lja hazai \u00e9s nemzetk\u00f6zi betegcsoportokban.<\/p>\n<hr \/>\n<h2>Kor\u00e1bbi PhD hallgat\u00f3k<\/h2>\n<h4 style=\"text-align: justify;\"><strong><img loading=\"lazy\" decoding=\"async\" class=\"wp-image-895 alignleft\" src=\"http:\/\/scholar.semmelweis.hu\/bodorc\/wp-content\/uploads\/sites\/40\/2018\/11\/K\u00e9p5.jpg\" alt=\"\" width=\"277\" height=\"310\" srcset=\"https:\/\/scholar.semmelweis.hu\/bodorc\/wp-content\/uploads\/sites\/40\/2018\/11\/K\u00e9p5.jpg 768w, https:\/\/scholar.semmelweis.hu\/bodorc\/wp-content\/uploads\/sites\/40\/2018\/11\/K\u00e9p5-268x300.jpg 268w\" sizes=\"(max-width: 277px) 100vw, 277px\" \/>Dr. Krizs\u00e1n Szilvia <\/strong><\/h4>\n<p style=\"text-align: justify;\">Szilvi 2018 \u0151sz\u00e9n kezdte meg PhD tanulm\u00e1nyait. Doktori kutat\u00e1si t\u00e9m\u00e1ja a gyermekkori akut mieloid leuk\u00e9mia kialakul\u00e1s\u00e1ban szerepet j\u00e1tsz\u00f3\u00a0<span style=\"text-align: justify;\">genetikai elt\u00e9r\u00e9sek vizsg\u00e1lata valamint a mut\u00e1ci\u00f3s profil \u00e9s a klinikum alapj\u00e1n a betegs\u00e9g k\u00f3rlefoly\u00e1s\u00e1nak pontosabb meghat\u00e1roz\u00e1s\u00e1ra alkalmas klinikogenetikai rizik\u00f3modell megalkot\u00e1sa.<\/span><\/p>\n<hr \/>\n<h4 style=\"text-align: justify;\"><strong><img loading=\"lazy\" decoding=\"async\" class=\"wp-image-894  alignright\" src=\"http:\/\/scholar.semmelweis.hu\/bodorc\/wp-content\/uploads\/sites\/40\/2018\/11\/K\u00e9p4.jpg\" alt=\"\" width=\"276\" height=\"309\" srcset=\"https:\/\/scholar.semmelweis.hu\/bodorc\/wp-content\/uploads\/sites\/40\/2018\/11\/K\u00e9p4.jpg 768w, https:\/\/scholar.semmelweis.hu\/bodorc\/wp-content\/uploads\/sites\/40\/2018\/11\/K\u00e9p4-268x300.jpg 268w\" sizes=\"(max-width: 276px) 100vw, 276px\" \/>Dr. Nagy \u00c1kos <\/strong><\/h4>\n<p style=\"text-align: justify;\">\u00c1kos 2018 \u0151sz\u00e9n csatlakozott doktori k\u00e9pz\u00e9s keretein bel\u00fcl kutat\u00f3csoportunkhoz. PhD t\u00e9m\u00e1ja \u00faj ter\u00e1pi\u00e1s c\u00e9lpontok azonos\u00edt\u00e1sa \u00e9s nyomonk\u00f6vet\u00e9se folyad\u00e9k-biopszi\u00e1s mint\u00e1kb\u00f3l follicul\u00e1ris lymphom\u00e1ban (FL). Ennek a kutat\u00e1snak a c\u00e9lja FL-es betegek kering\u0151, szabad DNS-\u00e9b\u0151l FL-re jellemz\u0151 g\u00e9nmut\u00e1ci\u00f3k azonos\u00edt\u00e1sa \u00e9s ezek felhaszn\u00e1l\u00e1s\u00e1val molekul\u00e1ris monitoroz\u00e1si rendszer kidolgoz\u00e1sa FL-ben.<\/p>\n<hr \/>\n<h4><strong><img loading=\"lazy\" decoding=\"async\" class=\"wp-image-898 alignleft\" src=\"http:\/\/scholar.semmelweis.hu\/bodorc\/wp-content\/uploads\/sites\/40\/2018\/11\/K\u00e9p1-1.jpg\" alt=\"\" width=\"275\" height=\"308\" srcset=\"https:\/\/scholar.semmelweis.hu\/bodorc\/wp-content\/uploads\/sites\/40\/2018\/11\/K\u00e9p1-1.jpg 768w, https:\/\/scholar.semmelweis.hu\/bodorc\/wp-content\/uploads\/sites\/40\/2018\/11\/K\u00e9p1-1-268x300.jpg 268w\" sizes=\"(max-width: 275px) 100vw, 275px\" \/>Dr. Nagy No\u00e9mi <\/strong><\/h4>\n<p style=\"text-align: justify;\">No\u00e9mi 2017 \u00f3ta a kutat\u00f3labor posztdoktor kutat\u00f3ja. Kor\u00e1bban az Int\u00e9zet PhD hallgat\u00f3jak\u00e9nt az mTOR jel\u00e1tviteli \u00fatvonal aktivit\u00e1s\u00e1t vizsg\u00e1lta Hodgkin lymphom\u00e1kban. Jelenleg a follicularis lyphom\u00e1k epigenetikai v\u00e1ltoz\u00e1sait \u00e9s \u00faj ter\u00e1pi\u00e1s c\u00e9lpontok azonos\u00edt\u00e1s\u00e1t kutatja.<\/p>\n<hr \/>\n<h4><strong><a href=\"http:\/\/scholar.semmelweis.hu\/bodorc\/wp-content\/uploads\/sites\/40\/2015\/06\/DSC_0265.jpg\"><img loading=\"lazy\" decoding=\"async\" class=\"wp-image-265 size-medium alignright\" src=\"http:\/\/scholar.semmelweis.hu\/bodorc\/wp-content\/uploads\/sites\/40\/2015\/06\/DSC_0265-300x209.jpg\" alt=\"Kir\u00e1ly P\u00e9ter\" width=\"300\" height=\"209\" srcset=\"https:\/\/scholar.semmelweis.hu\/bodorc\/wp-content\/uploads\/sites\/40\/2015\/06\/DSC_0265-300x209.jpg 300w, https:\/\/scholar.semmelweis.hu\/bodorc\/wp-content\/uploads\/sites\/40\/2015\/06\/DSC_0265-1024x713.jpg 1024w\" sizes=\"(max-width: 300px) 100vw, 300px\" \/><\/a>Dr. Kir\u00e1ly P\u00e9ter Attila <\/strong><\/h4>\n<p style=\"text-align: justify;\">P\u00e9ter 2013-2016 k\u00f6z\u00f6tt volt kutat\u00f3csoportunk PhD hallgat\u00f3ja. Kutat\u00e1si t\u00e9m\u00e1ja a famili\u00e1ris myeloid daganatok eset\u00e9ben megismert cs\u00edravonalbeli genetikai elt\u00e9r\u00e9sek anal\u00edzis\u00e9t foglalta mag\u00e1ba. P\u00e9ter sikeresen z\u00e1rta tanulm\u00e1nyait, \u00e9rtekez\u00e9s\u00e9t 2017 okt\u00f3ber\u00e9ben v\u00e9dte meg.<\/p>\n<hr \/>\n<h4><strong><img loading=\"lazy\" decoding=\"async\" class=\"alignleft wp-image-991 size-medium\" src=\"http:\/\/scholar.semmelweis.hu\/bodorc\/wp-content\/uploads\/sites\/40\/2020\/01\/mozes_reka-223x300.jpg\" alt=\"\" width=\"223\" height=\"300\" srcset=\"https:\/\/scholar.semmelweis.hu\/bodorc\/wp-content\/uploads\/sites\/40\/2020\/01\/mozes_reka-223x300.jpg 223w, https:\/\/scholar.semmelweis.hu\/bodorc\/wp-content\/uploads\/sites\/40\/2020\/01\/mozes_reka-768x1034.jpg 768w, https:\/\/scholar.semmelweis.hu\/bodorc\/wp-content\/uploads\/sites\/40\/2020\/01\/mozes_reka-761x1024.jpg 761w\" sizes=\"(max-width: 223px) 100vw, 223px\" \/>Dr. M\u00f3ze<\/strong><strong>s R\u00e9ka<\/strong><\/h4>\n<p style=\"text-align: justify;\">R\u00e9ka Int\u00e9zet\u00fcnk patol\u00f3gus szakorvosa. PhD munk\u00e1ja sor\u00e1n a hazai Philadelphia kromosz\u00f3ma negat\u00edv myeloproliferat\u00edv neoplazm\u00e1kban szenved\u0151 betegek mut\u00e1ci\u00f3s profilj\u00e1t hat\u00e1rozta meg \u00e9s a klinikum sz\u00e1m\u00e1ra is hasznos \u00f6sszef\u00fcgg\u00e9seket t\u00e1rt fel a mut\u00e1ci\u00f3k mennyis\u00e9gi megjelen\u00e9se kapcs\u00e1n. \u00c9rtekez\u00e9s\u00e9t 2019 j\u00fanius\u00e1ban v\u00e9dte meg.<\/p>\n<hr \/>\n<h4><a href=\"http:\/\/scholar.semmelweis.hu\/bodorc\/wp-content\/uploads\/sites\/40\/2015\/07\/DSC_0257.jpg\"><img loading=\"lazy\" decoding=\"async\" class=\"wp-image-421 size-medium alignright\" src=\"http:\/\/scholar.semmelweis.hu\/bodorc\/wp-content\/uploads\/sites\/40\/2015\/07\/DSC_0257-300x212.jpg\" alt=\"Marosv\u00e1ri D\u00f3ra\" width=\"300\" height=\"212\" srcset=\"https:\/\/scholar.semmelweis.hu\/bodorc\/wp-content\/uploads\/sites\/40\/2015\/07\/DSC_0257-300x212.jpg 300w, https:\/\/scholar.semmelweis.hu\/bodorc\/wp-content\/uploads\/sites\/40\/2015\/07\/DSC_0257-1024x723.jpg 1024w\" sizes=\"(max-width: 300px) 100vw, 300px\" \/><\/a><strong>Dr. Marosv\u00e1ri D\u00f3ra <\/strong><\/h4>\n<p><em>(k\u00f6z\u00f6s t\u00e9mavezet\u00e9s Dr. Reiniger Lill\u00e1val)<\/em><\/p>\n<p style=\"text-align: justify;\">D\u00f3ri 2014-ben kezdte PhD tanulm\u00e1nyait. Kutat\u00e1si t\u00e9m\u00e1ja a primer k\u00f6zponti idegrendszeri lymphom\u00e1k kialakul\u00e1s\u00e1ban szerepet j\u00e1tsz\u00f3 k\u00fcl\u00f6nb\u00f6z\u0151 jel\u00e1tviteli \u00fatvonalak, valamint a kr\u00f3nikus lymphocyt\u00e1s leuk\u00e9mia (CLL) c\u00e9lzott ter\u00e1pi\u00e1j\u00e1ban jelent\u0151s\u00e9ggel b\u00edr\u00f3 \u00fajonnan le\u00edrt genetikai elt\u00e9r\u00e9sek vizsg\u00e1lat\u00e1t c\u00e9lozta. \u00c9rtekez\u00e9s\u00e9t 2020 nyar\u00e1n v\u00e9dte meg.<\/p>\n<hr \/>\n<p style=\"text-align: justify;\"><strong><img loading=\"lazy\" decoding=\"async\" class=\"wp-image-892  alignleft\" src=\"http:\/\/scholar.semmelweis.hu\/bodorc\/wp-content\/uploads\/sites\/40\/2018\/11\/K\u00e9p2.jpg\" alt=\"\" width=\"276\" height=\"309\" srcset=\"https:\/\/scholar.semmelweis.hu\/bodorc\/wp-content\/uploads\/sites\/40\/2018\/11\/K\u00e9p2.jpg 768w, https:\/\/scholar.semmelweis.hu\/bodorc\/wp-content\/uploads\/sites\/40\/2018\/11\/K\u00e9p2-268x300.jpg 268w\" sizes=\"(max-width: 276px) 100vw, 276px\" \/><\/strong><\/p>\n<h4 style=\"text-align: justify;\"><strong>Dr. Kiss Rich\u00e1rd<br \/>\n<\/strong><\/h4>\n<p style=\"text-align: justify;\">Rich\u00e1rd 2016 szeptember\u00e9ben kezdte doktori k\u00e9pz\u00e9s\u00e9t. Doktori kutat\u00e1si t\u00e9m\u00e1ja az \u00faj c\u00e9lzott ter\u00e1pi\u00e1k hat\u00e1s\u00e1nak vizsg\u00e1lata a kr\u00f3nikus lymphocyt\u00e1s leuk\u00e9mia (CLL) klon\u00e1lis heterogenit\u00e1s\u00e1ra. Ez a kutat\u00e1s a CLL-es betegek c\u00e9lzott kezel\u00e9se kapcs\u00e1n megjelen\u0151 mut\u00e1ci\u00f3k jelent\u0151s\u00e9g\u00e9t \u00e9s a mindennapi diagnosztik\u00e1ban val\u00f3 alkalmaz\u00e1s\u00e1nak lehet\u0151s\u00e9g\u00e9t vizsg\u00e1lta. \u00c9rtekez\u00e9s\u00e9t 2020 december\u00e9ben v\u00e9dte meg, jelenleg Int\u00e9zet\u00fcnk rezidens orvosa.<\/p>\n<hr \/>\n<p style=\"text-align: justify;\"><strong><img loading=\"lazy\" decoding=\"async\" class=\"wp-image-893  alignright\" src=\"http:\/\/scholar.semmelweis.hu\/bodorc\/wp-content\/uploads\/sites\/40\/2018\/11\/K\u00e9p3.jpg\" alt=\"\" width=\"275\" height=\"308\" srcset=\"https:\/\/scholar.semmelweis.hu\/bodorc\/wp-content\/uploads\/sites\/40\/2018\/11\/K\u00e9p3.jpg 767w, https:\/\/scholar.semmelweis.hu\/bodorc\/wp-content\/uploads\/sites\/40\/2018\/11\/K\u00e9p3-268x300.jpg 268w\" sizes=\"(max-width: 275px) 100vw, 275px\" \/><\/strong><\/p>\n<h4 style=\"text-align: justify;\"><strong>Dr. G\u00e1ng\u00f3 Ambrus <\/strong><\/h4>\n<p style=\"text-align: justify;\">Ambrus 2016 \u0151sz\u00e9n kezdte PhD tanulm\u00e1nyait. Kutat\u00e1si t\u00e9m\u00e1ja a follicularis lymphoma genetika elt\u00e9r\u00e9seinek felt\u00e9rk\u00e9pez\u00e9s\u00e9t c\u00e9lozta. Munk\u00e1ja sor\u00e1n a betegs\u00e9gben azonos\u00edtott genetikai elt\u00e9r\u00e9sek klinikai jelent\u0151s\u00e9g\u00e9t \u00e9s a betegs\u00e9g viselked\u00e9s\u00e9vel val\u00f3 \u00f6sszef\u00fcgg\u00e9s\u00e9t vizsg\u00e1lta. Jelenleg Int\u00e9zet\u00fcnk rezidens orvosa.<\/p>\n","protected":false},"excerpt":{"rendered":"<p>PhD hallgat\u00f3k: Bek\u0151 Anna Anna 2022 \u0151sz\u00e9n kezdte meg PhD tanulm\u00e1nyait kutat\u00f3csoportunkban. T\u00e9m\u00e1ja az akut limfoblasztos leuk\u00e9mi\u00e1s gyermekek blaszt sejtjeiben megjelen\u0151 struktur\u00e1lis vari\u00e1nsok, illetve k\u00f3piasz\u00e1m-elt\u00e9r\u00e9sek \u00faj-gener\u00e1ci\u00f3s citogenetikai m\u00f3dszerrel val\u00f3 felt\u00e9rk\u00e9pez\u00e9se, ami hozz\u00e1j\u00e1rulhat a betegs\u00e9g diagnosztik\u00e1j\u00e1ban &hellip;<\/p>\n","protected":false},"author":36,"featured_media":0,"parent":0,"menu_order":0,"comment_status":"open","ping_status":"open","template":"","meta":{"footnotes":""},"class_list":["post-419","page","type-page","status-publish","hentry"],"_links":{"self":[{"href":"https:\/\/scholar.semmelweis.hu\/bodorc\/wp-json\/wp\/v2\/pages\/419"}],"collection":[{"href":"https:\/\/scholar.semmelweis.hu\/bodorc\/wp-json\/wp\/v2\/pages"}],"about":[{"href":"https:\/\/scholar.semmelweis.hu\/bodorc\/wp-json\/wp\/v2\/types\/page"}],"author":[{"embeddable":true,"href":"https:\/\/scholar.semmelweis.hu\/bodorc\/wp-json\/wp\/v2\/users\/36"}],"replies":[{"embeddable":true,"href":"https:\/\/scholar.semmelweis.hu\/bodorc\/wp-json\/wp\/v2\/comments?post=419"}],"version-history":[{"count":71,"href":"https:\/\/scholar.semmelweis.hu\/bodorc\/wp-json\/wp\/v2\/pages\/419\/revisions"}],"predecessor-version":[{"id":1250,"href":"https:\/\/scholar.semmelweis.hu\/bodorc\/wp-json\/wp\/v2\/pages\/419\/revisions\/1250"}],"wp:attachment":[{"href":"https:\/\/scholar.semmelweis.hu\/bodorc\/wp-json\/wp\/v2\/media?parent=419"}],"curies":[{"name":"wp","href":"https:\/\/api.w.org\/{rel}","templated":true}]}}