{"id":321,"date":"2015-06-25T14:02:54","date_gmt":"2015-06-25T12:02:54","guid":{"rendered":"http:\/\/scholar.semmelweis.hu\/bodorc\/?page_id=321"},"modified":"2015-12-02T01:38:03","modified_gmt":"2015-12-02T00:38:03","slug":"molekularis-vizsgalatok-listaja","status":"publish","type":"page","link":"https:\/\/scholar.semmelweis.hu\/bodorc\/molekularis-vizsgalatok-listaja\/","title":{"rendered":"Molekul\u00e1ris vizsg\u00e1latok list\u00e1ja"},"content":{"rendered":"<p>&nbsp;<\/p>\n<table style=\"height: 63px;background-color: #ffffff\" width=\"1429\">\n<tbody>\n<tr>\n<td rowspan=\"2\" width=\"414\"><strong>Klonalit\u00e1s vizsg\u00e1lat<\/strong><\/td>\n<td width=\"425\"><span style=\"color: #000000\">Immunglobulin (IgH) g\u00e9n\u00e1trendez\u0151d\u00e9s vizsg\u00e1lata<\/span><\/td>\n<\/tr>\n<tr>\n<td><span style=\"color: #000000\">T-sejt receptor (TCR) g\u00e9n\u00e1trendez\u0151d\u00e9s vizsg\u00e1lata<\/span><\/td>\n<\/tr>\n<\/tbody>\n<\/table>\n<p>&nbsp;<\/p>\n<table style=\"height: 226px;background-color: #ffffff\" width=\"1429\">\n<tbody>\n<tr>\n<td rowspan=\"7\" width=\"414\"><strong>Myeloproliferat\u00edv neoplazm\u00e1k<\/strong><br \/> <strong> molekul\u00e1ris diagnosztik\u00e1ja<\/strong><\/td>\n<td width=\"425\"><span style=\"color: #000000\">ASXL1 mut\u00e1ci\u00f3 anal\u00edzis<\/span><\/td>\n<\/tr>\n<tr>\n<td><span style=\"color: #000000\">CALRETICULIN mut\u00e1ci\u00f3 anal\u00edzis<\/span><\/td>\n<\/tr>\n<tr>\n<td><span style=\"color: #000000\">FIP1L1-PDGFRa g\u00e9nf\u00fazi\u00f3 vizsg\u00e1lata<\/span><\/td>\n<\/tr>\n<tr>\n<td><span style=\"color: #000000\">JAK2 exon 12 mut\u00e1ci\u00f3 anal\u00edzis<\/span><\/td>\n<\/tr>\n<tr>\n<td>JAK2 V617F mut\u00e1ci\u00f3 kimutat\u00e1s<\/td>\n<\/tr>\n<tr>\n<td>JAK2 V617F mut\u00e1ci\u00f3 mennyis\u00e9gi meghat\u00e1roz\u00e1sa<\/td>\n<\/tr>\n<tr>\n<td>MPL (Thormbopoetin receptor) mut\u00e1ci\u00f3 anal\u00edzis<\/td>\n<\/tr>\n<\/tbody>\n<\/table>\n<p>&nbsp;<\/p>\n<table style=\"background-color: #ffffff\" width=\"839\">\n<tbody>\n<tr>\n<td rowspan=\"3\" width=\"414\"><strong>Kr\u00f3nikus myeloid leuk\u00e9mia<br \/> molekul\u00e1ris diagnosztik\u00e1ja<\/strong><\/td>\n<td width=\"425\">ABL1 rezisztencia mut\u00e1ci\u00f3 anal\u00edzis<\/td>\n<\/tr>\n<tr>\n<td>BCR-ABL1 f\u00fazi\u00f3s g\u00e9n mennyis\u00e9gi meghat\u00e1roz\u00e1sa<\/td>\n<\/tr>\n<tr>\n<td>BCR-ABL1 f\u00fazi\u00f3s g\u00e9n min\u0151s\u00e9gi meghat\u00e1roz\u00e1sa<\/td>\n<\/tr>\n<\/tbody>\n<\/table>\n<p>&nbsp;<\/p>\n<table style=\"height: 516px;background-color: #ffffff\" width=\"1429\">\n<tbody>\n<tr>\n<td rowspan=\"16\" width=\"414\"><strong>Akut leuk\u00e9mi\u00e1k<\/strong><br \/> <strong> molekul\u00e1ris diagnosztik\u00e1ja<\/strong><\/td>\n<td width=\"425\">CEBPA mut\u00e1ci\u00f3 anal\u00edzis<\/td>\n<\/tr>\n<tr>\n<td>FLT3 mut\u00e1ci\u00f3 anal\u00edzis<\/td>\n<\/tr>\n<tr>\n<td>IDH1 \u00e9s IDH2 mut\u00e1ci\u00f3 anal\u00edzis<\/td>\n<\/tr>\n<tr>\n<td>NPM1 mut\u00e1ci\u00f3 anal\u00edzis<\/td>\n<\/tr>\n<tr>\n<td>TP53 mut\u00e1ci\u00f3 anal\u00edzis<\/td>\n<\/tr>\n<tr>\n<td>AML1-ETO (RUNX1-RUNXT1) f\u00fazi\u00f3s g\u00e9n mennyis\u00e9gi meghat\u00e1roz\u00e1sa<\/td>\n<\/tr>\n<tr>\n<td>CBFB-MYHH11 f\u00fazi\u00f3s g\u00e9n mennyis\u00e9gi meghat\u00e1roz\u00e1sa<\/td>\n<\/tr>\n<tr>\n<td>DEK-NUP214 f\u00fazi\u00f3s g\u00e9n mennyis\u00e9gi meghat\u00e1roz\u00e1sa<\/td>\n<\/tr>\n<tr>\n<td>E2A-PBX1 f\u00fazi\u00f3s g\u00e9n mennyis\u00e9gi meghat\u00e1roz\u00e1sa<\/td>\n<\/tr>\n<tr>\n<td>MLL-AF4 f\u00fazi\u00f3s g\u00e9n mennyis\u00e9gi meghat\u00e1roz\u00e1sa<\/td>\n<\/tr>\n<tr>\n<td>MLL-AFF1 f\u00fazi\u00f3s g\u00e9n mennyis\u00e9gi meghat\u00e1roz\u00e1sa<\/td>\n<\/tr>\n<tr>\n<td>MLL\u2011ELL f\u00fazi\u00f3s g\u00e9n mennyis\u00e9gi meghat\u00e1roz\u00e1sa<\/td>\n<\/tr>\n<tr>\n<td>MLL-MLLT3 f\u00fazi\u00f3s g\u00e9n mennyis\u00e9gi meghat\u00e1roz\u00e1sa<\/td>\n<\/tr>\n<tr>\n<td>MLLT1\u2011MLL f\u00fazi\u00f3s g\u00e9n mennyis\u00e9gi meghat\u00e1roz\u00e1sa<\/td>\n<\/tr>\n<tr>\n<td>PML-RARA f\u00fazi\u00f3s g\u00e9n mennyis\u00e9gi meghat\u00e1roz\u00e1sa<\/td>\n<\/tr>\n<tr>\n<td>TEL-AML1 (ETV6-RUNX1) f\u00fazi\u00f3s g\u00e9n mennyis\u00e9gi meghat\u00e1roz\u00e1sa<\/td>\n<\/tr>\n<\/tbody>\n<\/table>\n<p>&nbsp;<\/p>\n<table style=\"background-color: #ffffff\" width=\"839\">\n<tbody>\n<tr>\n<td rowspan=\"2\" width=\"414\"><strong>Hajas sejtes leuk\u00e9mia molekul\u00e1ris diagnosztik\u00e1ja<\/strong><\/td>\n<td width=\"425\">BRAF V600E mut\u00e1ci\u00f3 kimutat\u00e1sa<\/td>\n<\/tr>\n<tr>\n<td>MAP2K1 mut\u00e1ci\u00f3 kimutat\u00e1sa<\/td>\n<\/tr>\n<\/tbody>\n<\/table>\n<p>&nbsp;<\/p>\n<table style=\"background-color: #ffffff\" width=\"839\">\n<tbody>\n<tr>\n<td width=\"414\"><strong>Lymphoblastos lymphoma molekul\u00e1ris diagnosztik\u00e1ja<\/strong><\/td>\n<td width=\"425\">MYD88 L265P mut\u00e1ci\u00f3 kimutat\u00e1sa<\/td>\n<\/tr>\n<\/tbody>\n<\/table>\n<p>&nbsp;<\/p>\n<table style=\"background-color: #ffffff\" width=\"839\">\n<tbody>\n<tr>\n<td width=\"414\"><strong>Kr\u00f3nikus lymphocyt\u00e1s leuk\u00e9mia\u00a0molekul\u00e1ris diagnosztik\u00e1ja<\/strong><\/td>\n<td width=\"425\">TP53\u00a0mut\u00e1ci\u00f3k kimutat\u00e1sa<\/td>\n<\/tr>\n<\/tbody>\n<\/table>\n<p>&nbsp;<\/p>\n<table style=\"background-color: #ffffff\" width=\"839\">\n<tbody>\n<tr>\n<td rowspan=\"2\" width=\"414\"><strong>Follicularis lymphoma molekul\u00e1ris diagnosztik\u00e1ja<\/strong><\/td>\n<td width=\"425\">BCL2-IGH f\u00fazi\u00f3s g\u00e9n mennyis\u00e9gi meghat\u00e1roz\u00e1sa<\/td>\n<\/tr>\n<tr>\n<td>EZH2 mut\u00e1ci\u00f3k kimutat\u00e1sa<\/td>\n<\/tr>\n<\/tbody>\n<\/table>\n","protected":false},"excerpt":{"rendered":"<p>&nbsp; Klonalit\u00e1s vizsg\u00e1lat Immunglobulin (IgH) g\u00e9n\u00e1trendez\u0151d\u00e9s vizsg\u00e1lata T-sejt receptor (TCR) g\u00e9n\u00e1trendez\u0151d\u00e9s vizsg\u00e1lata &nbsp; Myeloproliferat\u00edv neoplazm\u00e1k molekul\u00e1ris diagnosztik\u00e1ja ASXL1 mut\u00e1ci\u00f3 anal\u00edzis CALRETICULIN mut\u00e1ci\u00f3 anal\u00edzis FIP1L1-PDGFRa g\u00e9nf\u00fazi\u00f3 vizsg\u00e1lata JAK2 exon 12 mut\u00e1ci\u00f3 anal\u00edzis JAK2 V617F mut\u00e1ci\u00f3 kimutat\u00e1s &hellip;<\/p>\n","protected":false},"author":36,"featured_media":0,"parent":0,"menu_order":3,"comment_status":"open","ping_status":"open","template":"","meta":{"footnotes":""},"class_list":["post-321","page","type-page","status-publish","hentry"],"_links":{"self":[{"href":"https:\/\/scholar.semmelweis.hu\/bodorc\/wp-json\/wp\/v2\/pages\/321"}],"collection":[{"href":"https:\/\/scholar.semmelweis.hu\/bodorc\/wp-json\/wp\/v2\/pages"}],"about":[{"href":"https:\/\/scholar.semmelweis.hu\/bodorc\/wp-json\/wp\/v2\/types\/page"}],"author":[{"embeddable":true,"href":"https:\/\/scholar.semmelweis.hu\/bodorc\/wp-json\/wp\/v2\/users\/36"}],"replies":[{"embeddable":true,"href":"https:\/\/scholar.semmelweis.hu\/bodorc\/wp-json\/wp\/v2\/comments?post=321"}],"version-history":[{"count":20,"href":"https:\/\/scholar.semmelweis.hu\/bodorc\/wp-json\/wp\/v2\/pages\/321\/revisions"}],"predecessor-version":[{"id":454,"href":"https:\/\/scholar.semmelweis.hu\/bodorc\/wp-json\/wp\/v2\/pages\/321\/revisions\/454"}],"wp:attachment":[{"href":"https:\/\/scholar.semmelweis.hu\/bodorc\/wp-json\/wp\/v2\/media?parent=321"}],"curies":[{"name":"wp","href":"https:\/\/api.w.org\/{rel}","templated":true}]}}