{"id":3,"date":"2015-06-15T08:11:07","date_gmt":"2015-06-15T06:11:07","guid":{"rendered":"http:\/\/scholar.semmelweis.hu\/bodorc\/bemutatkozas\/"},"modified":"2025-06-02T09:44:06","modified_gmt":"2025-06-02T07:44:06","slug":"bemutatkozas","status":"publish","type":"page","link":"https:\/\/scholar.semmelweis.hu\/bodorc\/","title":{"rendered":"Bemutatkoz\u00e1s"},"content":{"rendered":"<p style=\"text-align: justify\">B\u00f6d\u00f6r Csaba 2008 \u00f3ta a Patol\u00f3giai \u00e9s K\u00eds\u00e9rleti R\u00e1kkutat\u00f3 Int\u00e9zet munkat\u00e1rsa, 2022 \u00f3ta egyetemi tan\u00e1ra. Ezt megel\u0151z\u0151en tudom\u00e1nyos di\u00e1kk\u00f6ri valamint PhD hallgat\u00f3k\u00e9nt is az Int\u00e9zetben dolgozott. Ek\u00f6zben t\u00f6bb \u00e9vet t\u00f6lt\u00f6tt az Egyes\u00fclt Kir\u00e1lys\u00e1gban is az Eur\u00f3pai Hematol\u00f3gus T\u00e1rsas\u00e1g kutat\u00f3i \u00f6szt\u00f6nd\u00edj\u00e1val.<\/p>\n<p style=\"text-align: justify\">B\u00f6d\u00f6r Csaba 2020-ban Eg\u00e9szs\u00e9g\u00fcgyi szakmenedzser k\u00e9pes\u00edt\u00e9st szerzett. 2021-ben habilit\u00e1lt a Semmelweis Egyetemen. 2021-ben szerzett szakvizsg\u00e1t klinikai biok\u00e9mi\u00e1b\u00f3l, majd 2023-ban molekul\u00e1ris biol\u00f3giai diagnosztika, valamint klinikai laborat\u00f3riumi genetikus szakvizsg\u00e1t szerzett.<\/p>\n<p style=\"text-align: justify\">F\u0151 kutat\u00e1si ter\u00fclete az onkohematol\u00f3giai daganatok genetikai h\u00e1tter\u00e9nek vizsg\u00e1lata. <a href=\"https:\/\/www.hcemm.eu\/teams\/genomic-instability-and-cancer\/hcemm-su-molecular-oncohematology-research-group\/\">Munkacsoportj\u00e1nak<\/a> f\u0151 c\u00e9lkit\u0171z\u00e9se e betegs\u00e9gek kialakul\u00e1s\u00e1nak jobb meg\u00e9rt\u00e9s\u00e9n t\u00fal \u00faj biomarkerek \u00e9s ter\u00e1pi\u00e1s c\u00e9lpontok megismer\u00e9se. B\u00f6d\u00f6r Csaba az Int\u00e9zetben m\u0171k\u00f6d\u0151 Molekul\u00e1ris Patol\u00f3giai centrum\u00e1t is vezeti, amely Magyarorsz\u00e1g sz\u00e1mos onkol\u00f3giai \u00e9s hematol\u00f3giai k\u00f6zpontja sz\u00e1m\u00e1ra ny\u00fajt molekul\u00e1ris diagnosztikai ell\u00e1t\u00e1st.<\/p>\n<p style=\"text-align: justify\">Csaba r\u00e9szt vesz tov\u00e1bb\u00e1 a gradu\u00e1lis \u00e9s posztgradu\u00e1lis oktat\u00e1sban is, vezet\u0151je a Patol\u00f3giai Tudom\u00e1nyok Doktori Iskola Molekul\u00e1ris Onkol\u00f3gia programj\u00e1nak.<\/p>\n<p>B\u00f6d\u00f6r Csaba szakmai vezet\u0151je a <strong><a href=\"https:\/\/www.youtube.com\/@rakkutatok\">R\u00e1kkutat\u00f3k<\/a><\/strong> elnevez\u00e9s\u0171 online szakmai eduk\u00e1ci\u00f3s \u00e9s ismeretterjeszt\u0151 platformnak.<\/p>\n<p>&nbsp;<\/p>\n<h4><span style=\"color: #000000\"><strong>M\u00e9diasarok:<\/strong><\/span><\/h4>\n<p><a href=\"https:\/\/www.youtube.com\/watch?v=5gP7ijQgR5w\">Besz\u00e9lget\u00e9s<\/a> Friderikusz S\u00e1ndorral \u00e9s Lakatos P\u00e9terrel a Lakatos Labor podcast-ban (2025. m\u00e1jus)<\/p>\n<p><a href=\"https:\/\/www.youtube.com\/watch?v=12x4Tr0IrNw&amp;t=290s\">Podcast besz\u00e9lget\u00e9s<\/a> a B\u00e9res Alap\u00edtv\u00e1ny &#8216;Nem vagy egyed\u00fcl&#8217; podcast sorozat\u00e1ban (2023. j\u00fanius)<\/p>\n<p><a href=\"https:\/\/semmelweis.hu\/hirek\/2023\/06\/14\/genetikai-profilozas-segiti-a-leukemias-gyerekek-gyogyitasat-az-egyetemen\/\">Besz\u00e1mol\u00f3<\/a> az Egyetem holnapj\u00e1n a Magyar Gyermekonkol\u00f3giai Genomikai Profiloz\u00e1si Programr\u00f3l (2023. j\u00fanius)<\/p>\n<div class=\"xdj266r x11i5rnm xat24cr x1mh8g0r x1vvkbs x126k92a\">\n<div dir=\"auto\"><a href=\"https:\/\/www.youtube.com\/watch?v=LrqnVmfLzgE\">Ismeretterjeszt\u0151 anyag<\/a> az onkohematol\u00f3giai betegs\u00e9gek diagnosztik\u00e1j\u00e1r\u00f3l a \ufffcwebbeteg oldal\u00e1n (2023. j\u00fanius)<\/div>\n<\/div>\n<div class=\"x11i5rnm xat24cr x1mh8g0r x1vvkbs xtlvy1s x126k92a\">\u00a0<\/div>\n<p><a href=\"https:\/\/www.dropbox.com\/s\/bc3yxx0khs2vmfa\/final_sote_v3.mp4?dl=0\">Virtu\u00e1lis labors\u00e9ta<\/a>: betekint\u00e9s a kr\u00f3nikus limfocit\u00e1s leuk\u00e9mia diagnosztik\u00e1j\u00e1ba (2022. december)<\/p>\n<p><a href=\"https:\/\/www.illumina.com\/content\/dam\/illumina-marketing\/documents\/icommunity\/csaba-bodor-customer-story-m-gl-00618.pdf\">Interj\u00fa<\/a> az Illumina c\u00e9ggel az \u00c1tfog\u00f3 Genomikai Profiloz\u00e1s klinikai jelent\u0151s\u00e9g\u00e9r\u0151l (2022. j\u00fanius)<\/p>\n<p><a href=\"https:\/\/semmelweis.hu\/hirek\/2021\/01\/22\/celzott-terapiat-tamogato-molekularis-onkologiai-innovacio-a-semmelweis-egyetemen\/?fbclid=IwAR3UpAEY87jvQyFNNQbNdQADmDpZYVI26lZshBqKzgFQpQDInRse4odYTM0\">Besz\u00e1mol\u00f3<\/a> az Egyetem holnapj\u00e1n a kutat\u00f3csoportunk r\u00e9szv\u00e9tel\u00e9vel kialak\u00edtott \u00faj molekul\u00e1ris onkol\u00f3giai infrastrukt\u00far\u00e1r\u00f3l (2021. janu\u00e1r)<\/p>\n<p><a href=\"https:\/\/ozonetv.hu\/teljes-adasok\/2020\/11\/12\/leukemiakutatas\/603\">Besz\u00e9lget\u00e9s<\/a> az OzoneTv Egyenl\u00edt\u0151 c\u00edm\u0171 ad\u00e1s\u00e1ban a leuk\u00e9mia kutat\u00e1sr\u00f3l (2020. november)<\/p>\n<p><a href=\"https:\/\/semmelweis.videotorium.hu\/hu\/recordings\/39027\/korszer-molekularis-diagnosztikai-eljarasok-a-tumoros-megbetegedesekben\">El\u0151ad\u00e1s<\/a> a Semmelweis Egyetem ny\u00e1ri egyetem\u00e9n (2020. szeptember)<\/p>\n<p><a href=\"https:\/\/mta.hu\/tudomany_hirei\/az-mta-lendulet-program-uj-eredmenyei-segithetnek-a-daganatos-sejtek-gyogyszerekkel-szembeni-ellenallasanak-lekuzdeseben-110352\">Besz\u00e1mol\u00f3<\/a> az MTA oldal\u00e1n a leg\u00fajabb CLL k\u00f6zlem\u00e9ny\u00fcnkr\u0151l (2020. febru\u00e1r)<\/p>\n<p><a href=\"http:\/\/semmelweis.hu\/patologia1\/2019\/12\/16\/gyermekkori-leukemiak-genetikai-hatterenek-kutatasa-az-era-permed-program-tamogatasaval\/\">Besz\u00e1mol\u00f3<\/a> a 2019-ben indul\u00f3 ERA-PerMed konzorci\u00e1lis p\u00e1ly\u00e1zatunkr\u00f3l (2019. december)<\/p>\n<p><a href=\"https:\/\/www.youtube.com\/watch?v=C7aDFHMDJmw\">Kisfilm<\/a> kutat\u00e1sainkr\u00f3l a Semmelweis Egyetem youtube csatorn\u00e1j\u00e1n a Kutat\u00f3k a Semmelweis Egyetemen sorozatb\u00f3l (2018. \u00e1prilis)<\/p>\n<p><a href=\"https:\/\/www.youtube.com\/watch?v=PWhaejvwKCQ\">El\u0151ad\u00e1s <\/a>a hematol\u00f3giai daganatok szem\u00e9lyre szabott kezel\u00e9s\u00e9r\u0151l a Mindenki Akad\u00e9mi\u00e1ja m\u0171sor\u00e1ban (2017. janu\u00e1r)<\/p>\n<p><a href=\"http:\/\/www.eletestudomany.hu\/sok_meg_a_kihasznalatlan_lehetoseg\">Besz\u00e9lget\u00e9s<\/a> az \u00c9let \u00e9s Tudom\u00e1nyban kutat\u00f3csoportunk munk\u00e1j\u00e1r\u00f3l (2016. febru\u00e1r)<\/p>\n<p><a href=\"http:\/\/mta.hu\/tudomany_hirei\/uj-lehetosegek-rosszindulatu-daganatok-szemelyre-szabott-terapiajaban-105765\">Besz\u00e1mol\u00f3\u00a0<\/a>az MTA oldal\u00e1n leg\u00fajabb, nemzetk\u00f6zi egy\u00fcttm\u0171k\u00f6d\u00e9sben k\u00e9sz\u00fclt k\u00f6zlem\u00e9ny\u00fcnkr\u0151l\u00a0(2016. febru\u00e1r\u00a03.)<\/p>\n<p><a href=\"http:\/\/www.varoszoba.hu\/cikk\/cml-lel-egyutt-elni-hosszan-es-jol\/\">Besz\u00e9lget\u00e9s <\/a>a V\u00e1r\u00f3szoba szakmai oldalon a kr\u00f3nikus myeloid leuk\u00e9mi\u00e1r\u00f3l (2016. janu\u00e1r 8.)<\/p>\n<p><a href=\"http:\/\/semmelweis.hu\/hirek\/2015\/10\/06\/ujabb-semmelweises-kutato-alakithat-lendulet-kutatocsoportot\/\">Besz\u00e1mol\u00f3<\/a> az Egyetem honlapj\u00e1n a\u00a0Lend\u00fclet p\u00e1ly\u00e1zat elnyer\u00e9s\u00e9r\u0151l (2015. okt\u00f3ber)<\/p>\n<p><a href=\"http:\/\/www.webbeteg.hu\/cikkek\/portre\/17037\/dr_bodor_csaba_portre\">Besz\u00e9lget\u00e9s<\/a> T\u00f3th Andr\u00e1ssal a webbeteg.hu port\u00e1lon (2014. december)\u00a0<\/p>\n<p><a href=\"http:\/\/semmelweis.hu\/hirek\/2014\/12\/29\/junior-prima-dijasok-i-dr-bodor-csaba-a-tudomanyban-nehez-szunetet-tartani\/\">Besz\u00e9lget\u00e9s<\/a> az Egyetem honlapj\u00e1n a junior prima d\u00edj kapcs\u00e1n\u00a0(2014. december)<\/p>\n<p><a href=\"http:\/\/semmelweis.hu\/hirek\/2014\/01\/10\/dr-bodor-csaba-eredmenyei-kozelebb-vihetnek-a-follicularis-lymphoma-gyogyitasahoz\/\">Besz\u00e1mol\u00f3<\/a> az Egyetem honlapj\u00e1n a follicularis lymphoma transzform\u00e1ci\u00f3ja kapcs\u00e1n tett megfigyel\u00e9seinkkel kapcsolatban (2014. janu\u00e1r)<\/p>\n<p>&nbsp;<\/p>\n","protected":false},"excerpt":{"rendered":"<p>B\u00f6d\u00f6r Csaba 2008 \u00f3ta a Patol\u00f3giai \u00e9s K\u00eds\u00e9rleti R\u00e1kkutat\u00f3 Int\u00e9zet munkat\u00e1rsa, 2022 \u00f3ta egyetemi tan\u00e1ra. Ezt megel\u0151z\u0151en tudom\u00e1nyos di\u00e1kk\u00f6ri valamint PhD hallgat\u00f3k\u00e9nt is az Int\u00e9zetben dolgozott. Ek\u00f6zben t\u00f6bb \u00e9vet t\u00f6lt\u00f6tt az Egyes\u00fclt Kir\u00e1lys\u00e1gban is az &hellip;<\/p>\n","protected":false},"author":36,"featured_media":0,"parent":0,"menu_order":0,"comment_status":"closed","ping_status":"closed","template":"","meta":{"footnotes":""},"class_list":["post-3","page","type-page","status-publish","hentry"],"_links":{"self":[{"href":"https:\/\/scholar.semmelweis.hu\/bodorc\/wp-json\/wp\/v2\/pages\/3"}],"collection":[{"href":"https:\/\/scholar.semmelweis.hu\/bodorc\/wp-json\/wp\/v2\/pages"}],"about":[{"href":"https:\/\/scholar.semmelweis.hu\/bodorc\/wp-json\/wp\/v2\/types\/page"}],"author":[{"embeddable":true,"href":"https:\/\/scholar.semmelweis.hu\/bodorc\/wp-json\/wp\/v2\/users\/36"}],"replies":[{"embeddable":true,"href":"https:\/\/scholar.semmelweis.hu\/bodorc\/wp-json\/wp\/v2\/comments?post=3"}],"version-history":[{"count":35,"href":"https:\/\/scholar.semmelweis.hu\/bodorc\/wp-json\/wp\/v2\/pages\/3\/revisions"}],"predecessor-version":[{"id":1259,"href":"https:\/\/scholar.semmelweis.hu\/bodorc\/wp-json\/wp\/v2\/pages\/3\/revisions\/1259"}],"wp:attachment":[{"href":"https:\/\/scholar.semmelweis.hu\/bodorc\/wp-json\/wp\/v2\/media?parent=3"}],"curies":[{"name":"wp","href":"https:\/\/api.w.org\/{rel}","templated":true}]}}