{"id":196,"date":"2015-06-18T22:52:59","date_gmt":"2015-06-18T20:52:59","guid":{"rendered":"http:\/\/scholar.semmelweis.hu\/bodorc\/?page_id=196"},"modified":"2025-07-08T11:49:16","modified_gmt":"2025-07-08T09:49:16","slug":"tdk-hallgatok-eredmenyei","status":"publish","type":"page","link":"https:\/\/scholar.semmelweis.hu\/bodorc\/tdk-tevekenyseg\/tdk-hallgatok-eredmenyei\/","title":{"rendered":"TDK hallgat\u00f3k eredm\u00e9nyei"},"content":{"rendered":"<p><strong>Eredm\u00e9nyek 2025-ben<\/strong><\/p>\n<p>Konferenciaszerepl\u00e9sek:<\/p>\n<ul>\n<li><strong>Czirj\u00e1k Janka Lili<\/strong> (\u00c1OK, VI. \u00e9vfolyam) <em>Kutat\u00e1si t\u00e9ma:<\/em>\n<p>Gyermekkori papill\u00e1ris pajzsmirigy karcin\u00f3m\u00e1k els\u0151 \u00e1tfog\u00f3 genomikai profiloz\u00e1sa haz\u00e1nkban \u2013 \u00faton az innovat\u00edv, c\u00e9lzott g\u00e1tl\u00f3szeres kezel\u00e9s fel\u00e9<\/p>\n<\/li>\n<\/ul>\n<p style=\"padding-left: 40px\"><em>I. helyez\u00e9s<\/em>\u00a0<em>az Orsz\u00e1gos TDK konferenci\u00e1n<\/em><\/p>\n<ul>\n<li><strong>Hanza Richard<\/strong> (\u00c1OK, V. \u00e9vfolyam) <em>Kutat\u00e1si t\u00e9ma:<\/em>\n<p>Az EZH2 mut\u00e1ci\u00f3k \u00e9s progn\u00f3zis \u00f6sszef\u00fcgg\u00e9seinek vizsg\u00e1lata follikul\u00e1ris limf\u00f3m\u00e1ban \u2013 egy hazai multicentrikus betegcsoport vizsg\u00e1lat eredm\u00e9nyei<\/p>\n<\/li>\n<\/ul>\n<p style=\"padding-left: 40px\"><em>II. helyez\u00e9s<\/em> az egyetemi TDK konferenci\u00e1n<\/p>\n<p><strong>Eredm\u00e9nyek 2024-ben<\/strong><\/p>\n<p>Konferenciaszerepl\u00e9sek:<\/p>\n<ul>\n<li><strong>Czirj\u00e1k Janka Lili<\/strong> (\u00c1OK, V. \u00e9vfolyam)<\/li>\n<\/ul>\n<p style=\"padding-left: 40px\"><em>I. helyez\u00e9s<\/em> az egyetemi TDK konferenci\u00e1n<\/p>\n<ul>\n<li><strong>Hanza Richard<\/strong> (\u00c1OK, IV. \u00e9vfolyam)<\/li>\n<\/ul>\n<p style=\"padding-left: 40px\"><em>I. helyez\u00e9s<\/em> az egyetemi TDK konferenci\u00e1n<\/p>\n<p><strong>Eredm\u00e9nyek 2023-ban<\/strong><\/p>\n<p>Konferenciaszerepl\u00e9sek:<\/p>\n<ul>\n<li><strong>Cs\u00f3k\u00e1si Barbara Zo\u00e9<\/strong> (\u00c1OK, IV. \u00e9vfolyam) <em>Kutat\u00e1si t\u00e9ma:<\/em>\n<p>Venetoclax rezisztencia \u00e9s szomatikus BCL2 mut\u00e1ci\u00f3k kialakul\u00e1sa kr\u00f3nikus limfoid leuk\u00e9mi\u00e1ban<\/p>\n<\/li>\n<\/ul>\n<p style=\"padding-left: 40px\"><em>I. helyez\u00e9s<\/em> az egyetemi TDK konferenci\u00e1n<br \/>\n<em>I. helyez\u00e9s az Orsz\u00e1gos TDK konferenci\u00e1n<\/em><\/p>\n<ul>\n<li><span style=\"color: #000000\"><strong>Hanza Rich\u00e1rd<\/strong><\/span> (\u00c1OK, III. \u00e9vfolyam) <em>Kutat\u00e1si t\u00e9ma:<\/em>\n<p>\u00a0Az EZH2 mut\u00e1ci\u00f3k prognosztikus szerep\u00e9nek vizsg\u00e1lata follikul\u00e1ris limf\u00f3m\u00e1ban<\/p>\n<p><em>I. helyez\u00e9s<\/em> az egyetemi TDK konferenci\u00e1n<br \/>\n<em>K\u00fcl\u00f6nd\u00edj az Orsz\u00e1gos TDK konferenci\u00e1n<\/em><\/li>\n<\/ul>\n<p>&nbsp;<\/p>\n<ul>\n<li><span style=\"color: #000000\"><strong>Kiss Laura<\/strong><\/span> (\u00c1OK, V. \u00e9vfolyam) <em>Kutat\u00e1si t\u00e9ma:<\/em>\n<p>\u00a0Az EZH2 mut\u00e1ci\u00f3k folyad\u00e9k-biopszia alap\u00fa vizsg\u00e1lat\u00e1nak klinikai jelent\u0151s\u00e9ge follikul\u00e1ris limf\u00f3m\u00e1ban<\/p>\n<p><em>I. helyez\u00e9s<\/em> az egyetemi TDK konferenci\u00e1n<br \/>\n<em>I. helyez\u00e9s az Orsz\u00e1gos TDK konferenci\u00e1n<\/em><\/li>\n<\/ul>\n<p>&nbsp;<\/p>\n<ul>\n<li><strong>Udvari Anna<\/strong> (BME VBK IV. \u00e9vfolyam)\u00a0<em>Kutat\u00e1si t\u00e9ma:<\/em>\u00a0\n<p>Az EZH2 mut\u00e1ci\u00f3k prognosztikus szerep\u00e9nek vizsg\u00e1lata follikul\u00e1ris limf\u00f3m\u00e1ban<\/p>\n<p><em>II. helyez\u00e9s<\/em> az egyetemi TDK konferenci\u00e1n<\/li>\n<\/ul>\n<p><strong>Eredm\u00e9nyek 2022-ben<\/strong><\/p>\n<p>Konferenciaszerepl\u00e9sek:<\/p>\n<ul>\n<li><span style=\"color: #000000\"><strong>Kiss Laura<\/strong><\/span> (\u00c1OK, V. \u00e9vfolyam) <em>Kutat\u00e1si t\u00e9ma:<\/em>\n<p>EZH2 g\u00e9nmut\u00e1ci\u00f3k kimutat\u00e1sa \u00e9s nyomonk\u00f6vet\u00e9se folyad\u00e9kbiopszi\u00e1s mint\u00e1kb\u00f3l follikul\u00e1ris limf\u00f3m\u00e1ban<\/p>\n<p><em>I. helyez\u00e9s<\/em> az egyetemi TDK konferenci\u00e1n<\/li>\n<\/ul>\n<p><strong>Eredm\u00e9nyek 2021-ben<\/strong><\/p>\n<p style=\"text-align: justify\"><strong>Az Orsz\u00e1gos Tudom\u00e1nyos Di\u00e1kk\u00f6ri Tan\u00e1cs (OTDT) d\u00f6nt\u00e9se alapj\u00e1n Kotmayer Lili \u00e9s B\u00e1tai Bence 2021-ben elnyert\u00e9k a tudom\u00e1nyos di\u00e1kk\u00f6ri tev\u00e9kenys\u00e9g\u00e9rt kaphat\u00f3 legrangosabb kit\u00fcntet\u00e9st, a <a href=\"https:\/\/semmelweis.hu\/tdk\/2021\/07\/19\/pro-scientia\/\">Pro Scientia Arany\u00e9rmet<\/a>.<\/strong><\/p>\n<p>Konferenciaszerepl\u00e9sek:<\/p>\n<ul>\n<li><span style=\"color: #000000\"><strong>B\u00e1tai Bence<\/strong><\/span> (\u00c1OK, VI. \u00e9vfolyam) <em>Kutat\u00e1si t\u00e9ma:<\/em>\n<p>EZH2 mut\u00e1ci\u00f3k nyomonk\u00f6vet\u00e9se folyad\u00e9k-biopszi\u00e1s mint\u00e1kb\u00f3l a hazai follicularis lymphom\u00e1s betegek k\u00f6r\u00e9ben<\/p>\n<p><em>I. helyez\u00e9s<\/em> az egyetemi TDK konferenci\u00e1n<br \/>\n<em>K\u00fcl\u00f6nd\u00edj az Orsz\u00e1gos TDK konferenci\u00e1n<\/em><br \/>\n<em>II. helyez\u00e9s a XXV. Kor\u00e1nyi Frigyes Szakkoll\u00e9gium Tudom\u00e1nyos F\u00f3rum\u00e1n<\/em><\/li>\n<\/ul>\n<p>&nbsp;<\/p>\n<ul>\n<li>\n<p><span style=\"color: #000000\"><strong>Kotmayer Lili<\/strong><\/span> (\u00c1OK, V. \u00e9vfolyam) <em>Kutat\u00e1si t\u00e9ma:<br \/>\n<\/em>A <em>BTK<\/em><sup>C481S<\/sup> rezisztenciamut\u00e1ci\u00f3 \u00e9rz\u00e9keny kimutat\u00e1sa \u00e9s monitoroz\u00e1sa ibrutinib kezel\u00e9s sor\u00e1n ter\u00e1pia refrakter\/relab\u00e1lt kr\u00f3nikus lymphocyt\u00e1s leuk\u00e9mi\u00e1ban\u00a0<\/p>\n<p><em>II. helyez\u00e9s az egyetemi TDK konferenci\u00e1n<\/em><br \/>\n<em>I. helyez\u00e9s az Orsz\u00e1gos TDK konferenci\u00e1n<\/em><br \/>\n<em>I. helyez\u00e9s a XXV. Kor\u00e1nyi Frigyes Szakkoll\u00e9gium Tudom\u00e1nyos F\u00f3rum\u00e1n<\/em><br \/>\n<em>I. helyez\u00e9s a 17. Burdenko nemzetk\u00f6zi tudom\u00e1nyos konferenci\u00e1n<br \/>\nI. helyez\u00e9s a SCIENCE4HEALTH2021 nemzetk\u00f6zi tudom\u00e1nyos konferenci\u00e1n<\/em><\/p>\n<\/li>\n<\/ul>\n<p>&nbsp;<\/p>\n<p><strong>Eredm\u00e9nyek 2020-ban<\/strong><\/p>\n<ul>\n<li><span style=\"color: #000000\"><strong>B\u00e1tai Bence<\/strong><\/span> (\u00c1OK, VI. \u00e9vfolyam) <em>Kutat\u00e1si t\u00e9ma:<\/em> A non-invaz\u00edv betegs\u00e9g monitoroz\u00e1s \u00faj lehet\u0151s\u00e9ge follicularis lymphom\u00e1ban \u2013 az <em>EZH2<\/em> mut\u00e1ci\u00f3k nyomonk\u00f6vet\u00e9se folyad\u00e9k-biopszi\u00e1s mint\u00e1kb\u00f3l. <br \/>\n<em>I.helyez\u00e9s<\/em> az egyetemi TDK konferenci\u00e1n (Patol\u00f3gia, igazs\u00e1g\u00fcgyi orvostan, onkol\u00f3gia B szekci\u00f3)<\/li>\n<\/ul>\n<ul>\n<li><span style=\"color: #000000\"><strong>Kotmayer Lili<\/strong><\/span> (\u00c1OK, V. \u00e9vfolyam) <em>Kutat\u00e1si t\u00e9ma:<\/em> A gyermekkori akut myeloid leuk\u00e9mia genetikai h\u00e1tter\u00e9nek vizsg\u00e1lata c\u00e9lzott \u00faj-gener\u00e1ci\u00f3s szekven\u00e1l\u00e1ssal.<br \/>\n<em>II. helyez\u00e9s<\/em> az egyetemi TDK konferenci\u00e1n (Patol\u00f3gia, igazs\u00e1g\u00fcgyi orvostan, onkol\u00f3gia C szekci\u00f3)<\/li>\n<\/ul>\n<ul>\n<li><span style=\"color: #000000\"><strong>Illy\u00e9s Gabriella<\/strong><\/span> (\u00c1OK, V. \u00e9vfolyam) <em>Kutat\u00e1si t\u00e9ma:<\/em> Hajas sejtes leuk\u00e9mia (HCL) genetikai profilj\u00e1nak meghat\u00e1roz\u00e1sa \u00faj-gener\u00e1ci\u00f3s szekven\u00e1l\u00e1ssal.<br \/>\n<em>III. helyez\u00e9s<\/em> az egyetemi TDK konferenci\u00e1n (Patol\u00f3gia, igazs\u00e1g\u00fcgyi orvostan, onkol\u00f3gia B szekci\u00f3)<\/li>\n<\/ul>\n<p>&nbsp;<\/p>\n<p><strong>Eredm\u00e9nyek 2019-ben<\/strong><\/p>\n<ul>\n<li><span style=\"color: #000000\"><strong>B\u00e1tai Bence<\/strong><\/span> (\u00c1OK, IV. \u00e9vfolyam) <em><em>Kutat\u00e1si t\u00e9ma: <\/em><\/em>A c\u00e9lzott epigenetikai ter\u00e1pia lehet\u0151s\u00e9g\u00e9nek megteremt\u00e9se follicularis lymphom\u00e1ban: <em>EZH2<\/em> mut\u00e1ci\u00f3anal\u00edzis a hazai betegek k\u00f6r\u00e9ben <br \/>\n<em>I. helyez\u00e9s<\/em> az egyetemi TDK konferenci\u00e1n (Patol\u00f3gia I. szekci\u00f3) <em>\u00a0<br \/>\nI. helyez\u00e9s<\/em> az orsz\u00e1gos TDK konferenci\u00e1n (Patol\u00f3gia szekci\u00f3) <br \/>\n<em>II. helyez\u00e9s<\/em> a Kor\u00e1nyi Frigyes Tudom\u00e1nyos F\u00f3rumon<\/li>\n<\/ul>\n<ul style=\"list-style-type: disc\">\n<li>\n<p><span style=\"color: #000000\"><strong>Kotmayer Lili<\/strong><\/span> (\u00c1OK, III. \u00e9vfolyam) <em>Kutat\u00e1si t\u00e9ma: <\/em>Genomikus k\u00f3piasz\u00e1m-elt\u00e9r\u00e9sek vizsg\u00e1lata kr\u00f3nikus limfocit\u00e1s leuk\u00e9mi\u00e1ban multiplex lig\u00e1ci\u00f3f\u00fcgg\u0151 szonda- amplifik\u00e1ci\u00f3val<br \/>\n<em>I. helyez\u00e9s<\/em> az egyetemi TDK konferenci\u00e1n (Patol\u00f3gia I. szekci\u00f3)<\/p>\n<p>&nbsp;<\/p>\n<\/li>\n<\/ul>\n<p><strong>Eredm\u00e9nyek 2018-ban<\/strong><\/p>\n<ul>\n<li><span style=\"color: #000000\"><strong>Ediz Eyupoglu<\/strong><\/span>\u00a0(\u00c1OK, V. \u00e9vfolyam) <em><em>Kutat\u00e1si t\u00e9ma:\u00a0<\/em><\/em>Analysis of the Immunoglobulin Heavy Chain Variable Region Mutational Status in Chronic Lymphocytic Leukemia <em>\u00a0<br \/>\nI. helyez\u00e9s<\/em> az egyetemi TDK konferenci\u00e1n (Patol\u00f3gia I. szekci\u00f3)<\/p>\n<\/li>\n<\/ul>\n<ul style=\"list-style-type: disc\">\n<li>\n<p><span style=\"color: #000000\"><strong>Krizs\u00e1n Szilvia<\/strong><\/span>\u00a0(\u00c1OK, VI. \u00e9vfolyam) <em>Kutat\u00e1si t\u00e9ma: A wt1 mut\u00e1ci\u00f3k \u00e9s mRNS expresszi\u00f3 szerepe akut myeloid leuk\u00e9mi\u00e1ban.<\/em> <em>\u00a0 <br \/>\nII. helyez\u00e9s<\/em> a Kor\u00e1nyi Frigyes Tudom\u00e1nyos F\u00f3rumon<\/p>\n<\/li>\n<\/ul>\n<p>&nbsp;<\/p>\n<p><strong>Eredm\u00e9nyek 2017-ben<\/strong><\/p>\n<ul>\n<li><span style=\"color: #000000\"><strong>Boha Zs\u00f3fia<\/strong><\/span>\u00a0(\u00c1OK, V. \u00e9vfolyam) <em><em>Kutat\u00e1si t\u00e9ma:\u00a0<\/em><\/em><em>JAK2<\/em> V617F \u00e9s <em>CALR<\/em> vari\u00e1ns all\u00e9lfrekvencia meghat\u00e1roz\u00e1s\u00e1nak jelent\u0151s\u00e9ge myeloproliferat\u00edv neoplazm\u00e1kban.<br \/>\n<em>I. helyez\u00e9s<\/em> az egyetemi TDK konferenci\u00e1n (Patol\u00f3gia I. szekci\u00f3) <em>\u00a0 <br \/>\nII. helyez\u00e9s<\/em> az OTDK Patol\u00f3gia\u00a0szekci\u00f3j\u00e1ban <em>\u00a0 <br \/>\nII. d\u00edj\u00a0<\/em>az egyetemi rektori p\u00e1ly\u00e1zaton<\/p>\n<\/li>\n<li>\n<p><span style=\"color: #000000\"><strong>F\u00e9s\u00fcs Vikt\u00f3ria<\/strong><\/span>\u00a0(\u00c1OK, V. \u00e9vfolyam) <em>Kutat\u00e1si t\u00e9ma:\u00a0<\/em>A TP53 defektus korszer\u0171 vizsg\u00e1lata: a tp53 mut\u00e1ci\u00f3anal\u00edzis jelent\u0151s\u00e9ge kr\u00f3nikus limfocit\u00e1s leuk\u00e9mi\u00e1ban. <em>\u00a0 <br \/>\nI. helyez\u00e9s<\/em> az egyetemi TDK konferenci\u00e1n (Patol\u00f3gia II. szekci\u00f3) <em>\u00a0 <br \/>\nI. helyez\u00e9s<\/em> az OTDK Patol\u00f3gia\u00a0szekci\u00f3j\u00e1ban <em>\u00a0 <br \/>\nII. helyez\u00e9s<\/em> a Kor\u00e1nyi Frigyes Tudom\u00e1nyos F\u00f3rum Onkol\u00f3gia szekci\u00f3j\u00e1ban <em>\u00a0 <br \/>\nI. d\u00edj\u00a0<\/em>az egyetemi rektori p\u00e1ly\u00e1zaton<\/p>\n<\/li>\n<li>\n<p><span style=\"color: #000000\"><strong>Kiss Rich\u00e1rd<\/strong><\/span>\u00a0(PhD hallgat\u00f3, tavalyi OTDK kvalifik\u00e1ci\u00f3) <em>Kutat\u00e1si t\u00e9ma:\u00a0A korai \u00e9s m\u00e9ly molekul\u00e1ris v\u00e1laszok jelent\u00f5s\u00e9ge a kr\u00f3nikus myeloid leuk\u00e9mia monitoroz\u00e1s\u00e1ban a tirozinkin\u00e1z-g\u00e1tl\u00f3k kor\u00e1ban. <br \/>\nI. helyez\u00e9s az OTDK Onkol\u00f3gia szekci\u00f3j\u00e1ban<\/em><\/p>\n<p>&nbsp;<\/p>\n<\/li>\n<\/ul>\n<p><strong>Eredm\u00e9nyek 2016-ban<\/strong><\/p>\n<ul>\n<li><span style=\"color: #000000\"><strong>Boha Zs\u00f3fia<\/strong><\/span>\u00a0(\u00c1OK, IV. \u00e9vfolyam) <em>Kutat\u00e1si t\u00e9ma:\u00a0JAK2 V617F mut\u00e1ci\u00f3 kvantitat\u00edv vizsg\u00e1lata myeloproliferat\u00edv neoplazm\u00e1kban.<\/em><\/li>\n<\/ul>\n<p style=\"padding-left: 30px\"><em>I. helyez\u00e9s<\/em> az egyetemi TDK konferenci\u00e1n (Patol\u00f3gia szekci\u00f3) <br \/>\n<em>I. helyez\u00e9s<\/em> a Kor\u00e1nyi Frigyes Tudom\u00e1nyos F\u00f3rum Onkol\u00f3gia szekci\u00f3j\u00e1ban<\/p>\n<ul>\n<li><span style=\"color: #000000\"><strong>Kiss Rich\u00e1rd<\/strong><\/span>\u00a0(\u00c1OK, VI. \u00e9vfolyam) <em>Kutat\u00e1si t\u00e9ma:\u00a0A korai \u00e9s m\u00e9ly molekul\u00e1ris v\u00e1laszok jelent\u00f5s\u00e9ge a kr\u00f3nikus myeloid leuk\u00e9mia monitoroz\u00e1s\u00e1ban a tirozinkin\u00e1z-g\u00e1tl\u00f3k kor\u00e1ban.<\/em><\/li>\n<\/ul>\n<p style=\"padding-left: 30px\"><em>I. helyez\u00e9s<\/em> az egyetemi TDK konferenci\u00e1n (Anyagcsere, endokrinol\u00f3gia, hematol\u00f3gia\u00a0szekci\u00f3)<\/p>\n<ul>\n<li><span style=\"color: #000000\"><strong>Rupnik Zsuzsanna<\/strong><\/span>\u00a0(\u00c1OK, IV. \u00e9vfolyam) <em>Kutat\u00e1si t\u00e9ma:\u00a0\u00daj ter\u00e1pi\u00e1s c\u00e9lpontok azonos\u00edt\u00e1sa follicularis lymphomaban: az EZH2, RRAGC, ATP6V1B2 \u00e9s ATP6AP1 g\u00e9nek mut\u00e1ci\u00f3inak vizsg\u00e1lata<\/em><\/li>\n<\/ul>\n<p style=\"padding-left: 30px\"><em>II. helyez\u00e9s<\/em> az egyetemi TDK konferenci\u00e1n (Patol\u00f3gia szekci\u00f3)<\/p>\n<p style=\"padding-left: 30px\">\u00a0<\/p>\n<p><strong>Eredm\u00e9nyek 2015-ben<\/strong><\/p>\n<ul>\n<li><span style=\"color: #000000\"><strong>G\u00e1ng\u00f3 Ambrus<\/strong><\/span> (\u00c1OK, V. \u00e9vfolyam) <em>Kutat\u00e1si t\u00e9ma: Genetikai elt\u00e9r\u00e9sek jelent\u0151s\u00e9ge a myeloproliferat\u00edv neoplazm\u00e1k diagnosztik\u00e1j\u00e1ban<br \/>\n<\/em><em>I. helyez\u00e9s<\/em> az egyetemi TDK konferenci\u00e1n (Patol\u00f3gia szekci\u00f3) <br \/>\n<em>I. helyez\u00e9s<\/em> az OTDK Onkol\u00f3gia szekci\u00f3j\u00e1ban <br \/>\n<em>I. helyez\u00e9s<\/em> a Kor\u00e1nyi Frigyes Tudom\u00e1nyos F\u00f3rum Onkol\u00f3gia szekci\u00f3j\u00e1ban <br \/>\n<em>II. d\u00edj\u00a0<\/em>az egyetemi rektori p\u00e1ly\u00e1zaton<\/li>\n<\/ul>\n<p style=\"padding-left: 30px\">\u00a0<\/p>\n<ul>\n<li><span style=\"color: #000000\"><strong>Kiss Rich\u00e1rd<\/strong><\/span>\u00a0(\u00c1OK, V. \u00e9vfolyam) <em>Kutat\u00e1si t\u00e9ma: A korai \u00e9s m\u00e9ly molekul\u00e1ris v\u00e1laszok jelent\u0151s\u00e9ge a kr\u00f3nikus myeloid leuk\u00e9mia kezel\u00e9s\u00e9ben<br \/>\n<\/em><em>K\u00fcl\u00f6nd\u00edj<\/em>\u00a0nemzetk\u00f6zi TDK konferenci\u00e1n (Krakk\u00f3, Lengyelorsz\u00e1g) <br \/>\n<em>II. d\u00edj\u00a0<\/em>az egyetemi rektori p\u00e1ly\u00e1zaton<\/li>\n<\/ul>\n<p>&nbsp;<\/p>\n<p><strong>Kor\u00e1bbi TDK eredm\u00e9nyek:<\/strong><\/p>\n<ul>\n<li>2010: Sulyok Mih\u00e1ly (SE, \u00c1OK) I. helyez\u00e9s a helyi TDK konferenci\u00e1n<\/li>\n<li>2012: Kir\u00e1ly P\u00e9ter (SE, \u00c1OK), Kor\u00e1nyi Frigyes Tudom\u00e1nyos F\u00f3rum Magyar Patol\u00f3gus T\u00e1rsas\u00e1g k\u00fcl\u00f6nd\u00edja<\/li>\n<\/ul>\n","protected":false},"excerpt":{"rendered":"<p>Eredm\u00e9nyek 2025-ben Konferenciaszerepl\u00e9sek: Czirj\u00e1k Janka Lili (\u00c1OK, VI. \u00e9vfolyam) Kutat\u00e1si t\u00e9ma: Gyermekkori papill\u00e1ris pajzsmirigy karcin\u00f3m\u00e1k els\u0151 \u00e1tfog\u00f3 genomikai profiloz\u00e1sa haz\u00e1nkban \u2013 \u00faton az innovat\u00edv, c\u00e9lzott g\u00e1tl\u00f3szeres kezel\u00e9s fel\u00e9 I. helyez\u00e9s\u00a0az Orsz\u00e1gos TDK konferenci\u00e1n Hanza Richard &hellip;<\/p>\n","protected":false},"author":36,"featured_media":0,"parent":143,"menu_order":0,"comment_status":"open","ping_status":"open","template":"","meta":{"footnotes":""},"class_list":["post-196","page","type-page","status-publish","hentry"],"_links":{"self":[{"href":"https:\/\/scholar.semmelweis.hu\/bodorc\/wp-json\/wp\/v2\/pages\/196"}],"collection":[{"href":"https:\/\/scholar.semmelweis.hu\/bodorc\/wp-json\/wp\/v2\/pages"}],"about":[{"href":"https:\/\/scholar.semmelweis.hu\/bodorc\/wp-json\/wp\/v2\/types\/page"}],"author":[{"embeddable":true,"href":"https:\/\/scholar.semmelweis.hu\/bodorc\/wp-json\/wp\/v2\/users\/36"}],"replies":[{"embeddable":true,"href":"https:\/\/scholar.semmelweis.hu\/bodorc\/wp-json\/wp\/v2\/comments?post=196"}],"version-history":[{"count":37,"href":"https:\/\/scholar.semmelweis.hu\/bodorc\/wp-json\/wp\/v2\/pages\/196\/revisions"}],"predecessor-version":[{"id":1266,"href":"https:\/\/scholar.semmelweis.hu\/bodorc\/wp-json\/wp\/v2\/pages\/196\/revisions\/1266"}],"up":[{"embeddable":true,"href":"https:\/\/scholar.semmelweis.hu\/bodorc\/wp-json\/wp\/v2\/pages\/143"}],"wp:attachment":[{"href":"https:\/\/scholar.semmelweis.hu\/bodorc\/wp-json\/wp\/v2\/media?parent=196"}],"curies":[{"name":"wp","href":"https:\/\/api.w.org\/{rel}","templated":true}]}}