{"id":169,"date":"2015-06-18T10:46:26","date_gmt":"2015-06-18T08:46:26","guid":{"rendered":"http:\/\/scholar.semmelweis.hu\/bodorc\/?page_id=169"},"modified":"2025-03-17T14:50:27","modified_gmt":"2025-03-17T13:50:27","slug":"cv-2","status":"publish","type":"page","link":"https:\/\/scholar.semmelweis.hu\/bodorc\/en\/cv-2\/","title":{"rendered":"CV"},"content":{"rendered":"<h4><span style=\"color: #333333;\"><strong>Personal data<\/strong><\/span><\/h4>\n<p>Name: Csaba B\u00f6d\u00f6r<br \/>\nDate of birth: June 7, 1982<br \/>\nPlace of birth: Nitra<br \/>\nNationality: Hungarian<\/p>\n<h4><span style=\"color: #333333;\"><strong>Qualifications<\/strong><\/span><\/h4>\n<ul>\n<li>DSc, Doctor of Academy of Hungarian Sciences (2021)<\/li>\n<li>Habilitation (2021), Semmelweis University<\/li>\n<li>Board-certified clinical biochemist (2021), Semmelweis University, Budapest, Hungary<\/li>\n<li>MSc degree (2020): Healthcare Manager, Health Services Management Training Centre, Semmelweis University, Budapest, Hungary<\/li>\n<li>PhD degree\u00a0(2008): Molecular Oncology program, Doctoral School of Pathology, Semmelweis University, Budapest, Hungary<\/li>\n<li>MSc degree (2005): Molecular biologist, specialization: immunology, E\u00f6tv\u00f6s Lor\u00e1nd University of Natural Sciences, Budapest, Hungary<\/li>\n<\/ul>\n<h4><strong>Positions<\/strong><\/h4>\n<ul>\n<li>2022: Professor in Molecular Oncohematology,\u00a0Semmelweis University, Department of Pathology and Experimental Cancer Research<\/li>\n<li>2015-present: Group leader, MTA-SE Lendulet Molecular Oncohematology Research group<\/li>\n<li>2014-present : Semmelweis University, <a href=\"http:\/\/semmelweis.hu\/patologia1\/\">Department of Pathology and Experimental Cancer Research<\/a>\u00a0(Senior research fellow)<\/li>\n<li>2013-2016: <a href=\"http:\/\/www.bci.qmul.ac.uk\/\">Barts Cancer Institute<\/a>, Centre for Haemato-Oncology, London (Honorary research fellow)<\/li>\n<li>2010-2013: <a href=\"http:\/\/www.bci.qmul.ac.uk\/\">Barts Cancer Institute<\/a>, Centre for Haemato-Oncology, London (Postdoctoral research fellow)<\/li>\n<li>2008-2009: Semmelweis University, <a href=\"http:\/\/semmelweis.hu\/patologia1\/\">\u00a0Department of Pathology and Experimental Cancer Research<\/a>\u00a0(Research associate)<\/li>\n<li>2005-2008: Semmelweis Universtiy, <a href=\"http:\/\/semmelweis.hu\/patologia1\/\">Department of Pathology and Experimental Cancer Research<\/a>\u00a0(PhD student)<\/li>\n<\/ul>\n<h4><strong>Field of interest<\/strong><\/h4>\n<ul>\n<li>Molecular genomics and pathogenesis of lymphomas<\/li>\n<li>Genomics,\u00a0epigenetics<\/li>\n<li>Personalised medicine,\u00a0targeted therapy<\/li>\n<\/ul>\n<h4><b>Memberships<\/b><\/h4>\n<ul>\n<li>Elected board member of the Hungarian Society of Personalized Medicine (2020)<\/li>\n<li>Representative of the Semmelweis University in the Eurolife international consortium (2019)<\/li>\n<li>Elected member of the executive board of the Hungarian Society of Hematology and Transfusion (2013) and secretary (2017)<\/li>\n<li>Member of the molecular diagnostic board of the EWOG-MDS international group (2017)<\/li>\n<li>Founding member of the Molecular Pathology workgroup of the Hungarian Society of Personalized Medicine (2012)<\/li>\n<li>European Hematology Association-EHA (2010)<\/li>\n<\/ul>\n<h4><strong>Independent Grant Funding<\/strong><\/h4>\n<ul>\n<li>Epigenetic model of Follicular Lymphoma, European Hematology Assocation (EHA) post-doctoral partner fellowship, 3 years (2010-2012); 105.000 EUR.<\/li>\n<li>Aberrant epigenetic regulation in follicular lymphoma, Szent-Gy\u00f6rgyi Albert post-doctoral scholarship, 1 year (2013.05-2014-05); 20.000 EUR.<\/li>\n<li>Investigation of the genetic background of familial myelodysplastic syndromes (MDS) and acute myeloid leukaemias (AML), OTKA-PD grant, 2 years (2013.09-2015.09); 25.000 EUR<\/li>\n<li>Personalised medicine in B-cell lymphomas (MTA Momentum grant of the Hungarian Academy of Sciences) (2015-2020); 300.000 EUR.<\/li>\n<li>Liquid biopsy-based identification and monitoring of novel therapeutic targets in B-cell lymphomas. NKFIH-KH17 grant (2018-2019); 65.000 EUR<\/li>\n<li>ERA-PERMED Human disease modelling of GATA2-related Myelodysplastic Syndromes and Acute Myeloid Leukemia (2019-2022). 1.000.000 EUR.<\/li>\n<li>Liquid biopsy based genomic profiling and minimal residual disease detection in mature B-cell lymphomas. HCEMM Translational Research Group program (2021-2026).<\/li>\n<\/ul>\n<h4><strong>Additional training<\/strong><\/h4>\n<ul>\n<li>Exome sequencing and data analysis course: Imperial College London (January 2012)<\/li>\n<li>\n<p>Joint EBI-Wellcome Trust Summer school in bioinformatics, Cambridge, UK (2011)<\/p>\n<\/li>\n<\/ul>\n","protected":false},"excerpt":{"rendered":"<p>Personal data Name: Csaba B\u00f6d\u00f6r Date of birth: June 7, 1982 Place of birth: Nitra Nationality: Hungarian Qualifications DSc, Doctor of Academy of Hungarian Sciences (2021) Habilitation (2021), Semmelweis University Board-certified clinical biochemist (2021), Semmelweis &hellip;<\/p>\n","protected":false},"author":36,"featured_media":0,"parent":0,"menu_order":0,"comment_status":"closed","ping_status":"closed","template":"","meta":{"footnotes":""},"class_list":["post-169","page","type-page","status-publish","hentry"],"_links":{"self":[{"href":"https:\/\/scholar.semmelweis.hu\/bodorc\/wp-json\/wp\/v2\/pages\/169"}],"collection":[{"href":"https:\/\/scholar.semmelweis.hu\/bodorc\/wp-json\/wp\/v2\/pages"}],"about":[{"href":"https:\/\/scholar.semmelweis.hu\/bodorc\/wp-json\/wp\/v2\/types\/page"}],"author":[{"embeddable":true,"href":"https:\/\/scholar.semmelweis.hu\/bodorc\/wp-json\/wp\/v2\/users\/36"}],"replies":[{"embeddable":true,"href":"https:\/\/scholar.semmelweis.hu\/bodorc\/wp-json\/wp\/v2\/comments?post=169"}],"version-history":[{"count":22,"href":"https:\/\/scholar.semmelweis.hu\/bodorc\/wp-json\/wp\/v2\/pages\/169\/revisions"}],"predecessor-version":[{"id":1251,"href":"https:\/\/scholar.semmelweis.hu\/bodorc\/wp-json\/wp\/v2\/pages\/169\/revisions\/1251"}],"wp:attachment":[{"href":"https:\/\/scholar.semmelweis.hu\/bodorc\/wp-json\/wp\/v2\/media?parent=169"}],"curies":[{"name":"wp","href":"https:\/\/api.w.org\/{rel}","templated":true}]}}