{"id":143,"date":"2015-06-18T22:42:27","date_gmt":"2015-06-18T20:42:27","guid":{"rendered":"http:\/\/scholar.semmelweis.hu\/bodorc\/?page_id=143"},"modified":"2025-07-08T11:36:38","modified_gmt":"2025-07-08T09:36:38","slug":"tdk-tevekenyseg","status":"publish","type":"page","link":"https:\/\/scholar.semmelweis.hu\/bodorc\/tdk-tevekenyseg\/","title":{"rendered":"TDK tev\u00e9kenys\u00e9g"},"content":{"rendered":"<div class=\"keretes w-100\">\n<p style=\"text-align: justify\">A <a href=\"https:\/\/www.hcemm.eu\/teams\/genomic-instability-and-cancer\/hcemm-su-molecular-oncohematology-research-group\/\">HCEMM-SE Molekul\u00e1ris Onkohematol\u00f3gia Kutat\u00f3csoport<\/a> olyan hallgat\u00f3k jelentkez\u00e9s\u00e9t v\u00e1rja, akik \u00e9rdekl\u0151dnek a daganatkutat\u00e1s \u00e9s a szem\u00e9lyre szabott medicina ir\u00e1nt. Az onkohematol\u00f3giai betegell\u00e1t\u00e1shoz is szorosan kapcsol\u00f3d\u00f3 transzl\u00e1ci\u00f3s TDK munka sor\u00e1n a hallgat\u00f3k a hematol\u00f3giai daganatok (leuk\u00e9mi\u00e1k \u00e9s lymphom\u00e1k) genetikai h\u00e1tter\u00e9nek felt\u00e9rk\u00e9pez\u00e9s\u00e9t c\u00e9lz\u00f3 projektekben vehetnek r\u00e9szt, melyek a megbeteged\u00e9sek kialakul\u00e1s\u00e1nak jobb meg\u00e9rt\u00e9se mellett a mindennapi gyakorlatban is hasznosul\u00f3 molekul\u00e1ris elj\u00e1r\u00e1sok kidolgoz\u00e1s\u00e1t is magukba foglalj\u00e1k.<\/p>\n<\/div>\n<p style=\"text-align: justify\">A laborat\u00f3riumban dolgoz\u00f3 hallgat\u00f3k az elm\u00falt \u00e9vekben kiemelked\u0151 eredm\u00e9nyeket \u00e9rtek el az egyetemi \u00e9s orsz\u00e1gos TDK konferenci\u00e1kon, valamint a rektori p\u00e1ly\u00e1zatok verseny\u00e9n \u00e9s a k\u00e9pz\u00e9s\u00fcket lez\u00e1r\u00f3 szakdolgozat-v\u00e9d\u00e9seken is. A munkacsoport tagjainak mindemellett lehet\u0151s\u00e9g\u00fck ny\u00edlik a hazai szakmai konferenci\u00e1kon t\u00f6rt\u00e9n\u0151 r\u00e9szv\u00e9telre, el\u0151ad\u00e1sokra \u00e9s a hazai foly\u00f3iratokban megjelen\u0151 k\u00f6zlem\u00e9nyek publik\u00e1l\u00e1sa mellett t\u00e1rsszerz\u0151k\u00e9nt a kutat\u00f3csoport nemzetk\u00f6zi lapokban megjelen\u0151 k\u00f6zlem\u00e9nyeinek meg\u00edr\u00e1s\u00e1ba is bekapcsol\u00f3dhatnak.<\/p>\n<p style=\"text-align: justify\"><strong><span style=\"color: #3366ff\"><em><a href=\"http:\/\/scholar.semmelweis.hu\/bodorc\/tdk-hallgatok-eredmenyei\/\">Hallgat\u00f3ink eredm\u00e9nyei az idei konferenci\u00e1kon<\/a>\u00a0<span style=\"color: #3366ff\">(2025)\u00a0<\/span><\/em><\/span><\/strong><\/p>\n<h4><strong>TDK hallgat\u00f3ink<\/strong><\/h4>\n<ul>\n<li>Kiss Laura (\u00c1OK, VI., \u00e9vfolyam)<\/li>\n<li>M\u00e9sz\u00e1ros Bal\u00e1zs (\u00c1OK, V. \u00e9vfolyam)<\/li>\n<li>Hanza Rich\u00e1rd (\u00c1OK, II. \u00e9vfolyam)<\/li>\n<li>Szab\u00f3 Katalin (\u00c1OK, II. \u00e9vfolyam)<\/li>\n<li>Czirj\u00e1k Janka (\u00c1OK, IV \u00e9vfolyam)<\/li>\n<\/ul>\n<h4><strong>Kor\u00e1bbi TDK hallgat\u00f3k:<\/strong><\/h4>\n<ul>\n<li>Dr. G\u00e1ng\u00f3 Ambrus (SE, \u00c1OK)<\/li>\n<li>Dr. Kiss Rich\u00e1rd (SE, \u00c1OK)<\/li>\n<li>Dr. Kir\u00e1ly P\u00e9ter\u00a0(SE, \u00c1OK)<\/li>\n<li>Dr. Sulyok Mih\u00e1ly (SE, \u00c1OK)<\/li>\n<li>Dr. R\u00e1cz R\u00e9ka (SE, \u00c1OK)<\/li>\n<li>Dr. Rupnik Zsuzsanna (SE, \u00c1OK)<\/li>\n<li>Dr. Boha Zs\u00f3fia (SE, \u00c1OK)<\/li>\n<li>Dr. F\u00e9s\u00fcs Vikt\u00f3ria (SE, \u00c1OK)<\/li>\n<li>Dr. Krizs\u00e1n Szilvia (SE, \u00c1OK)<\/li>\n<li>Dr. Ediz Eyupoglu (SE, \u00c1OK)<\/li>\n<li>Dr. Gerecs Bence (SE, \u00c1OK)<\/li>\n<li>Dr. V\u00e1rnai B\u00e1lint (SE, \u00c1OK)<\/li>\n<li>Dr. B\u00e1tai Bence (SE, \u00c1OK)<\/li>\n<li>Dr. L\u00e1szl\u00f3 Tam\u00e1s (Marosv\u00e1s\u00e1rhely)<\/li>\n<li>Bek\u0151 Anna (Marosv\u00e1s\u00e1rhelyi Egyetem)<\/li>\n<li>Kotmayer Lili (SE, \u00c1OK)<\/li>\n<li>Illy\u00e9s Gabriella (SE, \u00c1OK)<\/li>\n<\/ul>\n","protected":false},"excerpt":{"rendered":"<p>A <a href=\"https:\/\/www.hcemm.eu\/teams\/genomic-instability-and-cancer\/hcemm-su-molecular-oncohematology-research-group\/\">HCEMM-SE Molekul\u00e1ris Onkohematol\u00f3gia Kutat\u00f3csoport<\/a> olyan hallgat\u00f3k jelentkez\u00e9s\u00e9t v\u00e1rja, akik \u00e9rdekl\u0151dnek a daganatkutat\u00e1s \u00e9s a szem\u00e9lyre szabott medicina ir\u00e1nt. Az onkohematol\u00f3giai betegell\u00e1t\u00e1shoz is szorosan kapcsol\u00f3d\u00f3 transzl\u00e1ci\u00f3s TDK munka sor\u00e1n a hallgat\u00f3k a hematol\u00f3giai daganatok (leuk\u00e9mi\u00e1k \u00e9s lymphom\u00e1k) genetikai h\u00e1tter\u00e9nek &hellip;<\/p>\n","protected":false},"author":36,"featured_media":0,"parent":0,"menu_order":0,"comment_status":"open","ping_status":"open","template":"","meta":{"footnotes":""},"class_list":["post-143","page","type-page","status-publish","hentry"],"_links":{"self":[{"href":"https:\/\/scholar.semmelweis.hu\/bodorc\/wp-json\/wp\/v2\/pages\/143"}],"collection":[{"href":"https:\/\/scholar.semmelweis.hu\/bodorc\/wp-json\/wp\/v2\/pages"}],"about":[{"href":"https:\/\/scholar.semmelweis.hu\/bodorc\/wp-json\/wp\/v2\/types\/page"}],"author":[{"embeddable":true,"href":"https:\/\/scholar.semmelweis.hu\/bodorc\/wp-json\/wp\/v2\/users\/36"}],"replies":[{"embeddable":true,"href":"https:\/\/scholar.semmelweis.hu\/bodorc\/wp-json\/wp\/v2\/comments?post=143"}],"version-history":[{"count":65,"href":"https:\/\/scholar.semmelweis.hu\/bodorc\/wp-json\/wp\/v2\/pages\/143\/revisions"}],"predecessor-version":[{"id":1264,"href":"https:\/\/scholar.semmelweis.hu\/bodorc\/wp-json\/wp\/v2\/pages\/143\/revisions\/1264"}],"wp:attachment":[{"href":"https:\/\/scholar.semmelweis.hu\/bodorc\/wp-json\/wp\/v2\/media?parent=143"}],"curies":[{"name":"wp","href":"https:\/\/api.w.org\/{rel}","templated":true}]}}