{"id":130,"date":"2015-06-17T12:37:47","date_gmt":"2015-06-17T10:37:47","guid":{"rendered":"http:\/\/scholar.semmelweis.hu\/bodorc\/?page_id=130"},"modified":"2025-03-17T14:20:28","modified_gmt":"2025-03-17T13:20:28","slug":"oktatas","status":"publish","type":"page","link":"https:\/\/scholar.semmelweis.hu\/bodorc\/oktatas\/","title":{"rendered":"Oktat\u00e1s"},"content":{"rendered":"<h4><strong>Oktat\u00e1si tev\u00e9kenys\u00e9g a Semmelweis Egyetemen<\/strong><\/h4>\n<h6><em>Gradu\u00e1lis oktat\u00e1s\u00a0<\/em><\/h6>\n<ul>\n<li>Tantermi el\u0151ad\u00e1sok patol\u00f3gi\u00e1b\u00f3l (\u00c1OK, III. \u00e9vfolyam) magyar \u00e9s angol nyelven<br \/>\n(2013 \u00f3ta)<\/li>\n<li>Genetika gyakorlat (\u00c1OK, III. \u00e9vfolyam) a Genetikai, Sejt- \u00e9s Immunbiol\u00f3giai Int\u00e9zetben (2013 \u00f3ta)<\/li>\n<li>Immunol\u00f3gia gyakorlat (\u00c1OK, III. \u00e9vfolyam) a Genetikai, Sejt- \u00e9s Immunbiol\u00f3giai Int\u00e9zetben (2013 \u00f3ta)<\/li>\n<\/ul>\n<h6><em>Posztgradu\u00e1lis oktat\u00e1s<\/em><\/h6>\n<ul>\n<li style=\"line-height: 1.45;\">Molekul\u00e1ris Onkol\u00f3gia kurzusvezet\u0151, Patol\u00f3giai Tudom\u00e1nyok Doktori Iskola (2013 \u00f3ta)<\/li>\n<li style=\"line-height: 1.45;\">El\u0151ad\u00e1sok szakvizsga-el\u0151k\u00e9sz\u00edt\u0151 \u00e9s tov\u00e1bbk\u00e9pz\u0151 tanfolyamokon (2009 \u00f3ta)<\/li>\n<\/ul>\n<h4 style=\"line-height: 1.45;\"><strong style=\"line-height: 1.45;\">Egy\u00e9b oktat\u00e1si tev\u00e9kenys\u00e9g<\/strong><\/h4>\n<ul>\n<li>Genomika szemin\u00e1rium: Milestone Institute, Budapest (2013-2016 k\u00f6z\u00f6tt)<\/li>\n<li>Molekul\u00e1ris biol\u00f3gia szemin\u00e1riumok: Barts Cancer Institute, London (2010-2013)<\/li>\n<li>Biol\u00f3gia oktat\u00e1s (sejtbiol\u00f3gia, molekul\u00e1ris biol\u00f3gia): College International, Budapest (2006-2009)<\/li>\n<\/ul>\n","protected":false},"excerpt":{"rendered":"<p>Oktat\u00e1si tev\u00e9kenys\u00e9g a Semmelweis Egyetemen Gradu\u00e1lis oktat\u00e1s\u00a0 Tantermi el\u0151ad\u00e1sok patol\u00f3gi\u00e1b\u00f3l (\u00c1OK, III. \u00e9vfolyam) magyar \u00e9s angol nyelven (2013 \u00f3ta) Genetika gyakorlat (\u00c1OK, III. \u00e9vfolyam) a Genetikai, Sejt- \u00e9s Immunbiol\u00f3giai Int\u00e9zetben (2013 \u00f3ta) Immunol\u00f3gia gyakorlat (\u00c1OK, &hellip;<\/p>\n","protected":false},"author":36,"featured_media":0,"parent":0,"menu_order":0,"comment_status":"open","ping_status":"open","template":"","meta":{"footnotes":""},"class_list":["post-130","page","type-page","status-publish","hentry"],"_links":{"self":[{"href":"https:\/\/scholar.semmelweis.hu\/bodorc\/wp-json\/wp\/v2\/pages\/130"}],"collection":[{"href":"https:\/\/scholar.semmelweis.hu\/bodorc\/wp-json\/wp\/v2\/pages"}],"about":[{"href":"https:\/\/scholar.semmelweis.hu\/bodorc\/wp-json\/wp\/v2\/types\/page"}],"author":[{"embeddable":true,"href":"https:\/\/scholar.semmelweis.hu\/bodorc\/wp-json\/wp\/v2\/users\/36"}],"replies":[{"embeddable":true,"href":"https:\/\/scholar.semmelweis.hu\/bodorc\/wp-json\/wp\/v2\/comments?post=130"}],"version-history":[{"count":11,"href":"https:\/\/scholar.semmelweis.hu\/bodorc\/wp-json\/wp\/v2\/pages\/130\/revisions"}],"predecessor-version":[{"id":1245,"href":"https:\/\/scholar.semmelweis.hu\/bodorc\/wp-json\/wp\/v2\/pages\/130\/revisions\/1245"}],"wp:attachment":[{"href":"https:\/\/scholar.semmelweis.hu\/bodorc\/wp-json\/wp\/v2\/media?parent=130"}],"curies":[{"name":"wp","href":"https:\/\/api.w.org\/{rel}","templated":true}]}}