{"id":1,"date":"2015-06-15T08:11:06","date_gmt":"2015-06-15T06:11:06","guid":{"rendered":"http:\/\/scholar.semmelweis.hu\/bodorc\/elerhetoseg\/"},"modified":"2025-03-17T14:22:03","modified_gmt":"2025-03-17T13:22:03","slug":"elerhetoseg","status":"publish","type":"page","link":"https:\/\/scholar.semmelweis.hu\/bodorc\/elerhetoseg\/","title":{"rendered":"El\u00e9rhet\u0151s\u00e9g"},"content":{"rendered":"<h4><b>Dr. B\u00f6d\u00f6r Csaba<br \/>\n<\/b><\/h4>\n<p><strong>C\u00edm:<\/strong><br \/>\nSemmelweis Egyetem, Patol\u00f3giai \u00e9s K\u00eds\u00e9rleti R\u00e1kkutat\u00f3 Int\u00e9zet<br \/>\n\u00dcll\u0151i \u00fat 26, Budapest 1085<\/p>\n<p><strong>Telefon:<\/strong><br \/>\n+36-1-215-7300 \/\u00a054462 mell\u00e9k<\/p>\n<p><strong>e-mail:<\/strong><br \/>\n<a href=\"mailto:bodor.csaba1@med.semmelweis-univ.hu\">bodor.csaba1@semmelweis.hu<\/a><\/p>\n<p><b>Linkedin:<br \/>\n<\/b><a class=\"pv-contact-info__contact-link link-without-visited-state t-14\" href=\"https:\/\/www.linkedin.com\/in\/csababodor82\">linkedin.com\/in\/csababodor82<\/a><\/p>\n<p>&nbsp;<\/p>\n","protected":false},"excerpt":{"rendered":"<p>Dr. B\u00f6d\u00f6r Csaba<\/p>\n<p>C\u00edm:<br \/>\nSemmelweis Egyetem, Patol\u00f3giai \u00e9s K\u00eds\u00e9rleti R\u00e1kkutat\u00f3 Int\u00e9zet<br \/>\n\u00dcll\u0151i \u00fat 26, Budapest 1085<br \/>\nTelefon:<br \/>\n+36-1-215-7300 \/\u00a054462 mell\u00e9k<br \/>\ne-mail:<br \/>\n<a href=\"mailto:bodor.csaba1@med.semmelweis-univ.hu\">bodor.csaba1@semmelweis.hu<\/a><br \/>\nLinkedin:<br \/>\n<a class=\"pv-contact-info__contact-link link-without-visited-state t-14\" href=\"https:\/\/www.linkedin.com\/in\/csababodor82\">linkedin.com\/in\/csababodor82<\/a><br \/>\n&nbsp;<\/p>\n","protected":false},"author":36,"featured_media":0,"parent":0,"menu_order":0,"comment_status":"closed","ping_status":"closed","template":"","meta":{"footnotes":""},"class_list":["post-1","page","type-page","status-publish","hentry"],"_links":{"self":[{"href":"https:\/\/scholar.semmelweis.hu\/bodorc\/wp-json\/wp\/v2\/pages\/1"}],"collection":[{"href":"https:\/\/scholar.semmelweis.hu\/bodorc\/wp-json\/wp\/v2\/pages"}],"about":[{"href":"https:\/\/scholar.semmelweis.hu\/bodorc\/wp-json\/wp\/v2\/types\/page"}],"author":[{"embeddable":true,"href":"https:\/\/scholar.semmelweis.hu\/bodorc\/wp-json\/wp\/v2\/users\/36"}],"replies":[{"embeddable":true,"href":"https:\/\/scholar.semmelweis.hu\/bodorc\/wp-json\/wp\/v2\/comments?post=1"}],"version-history":[{"count":8,"href":"https:\/\/scholar.semmelweis.hu\/bodorc\/wp-json\/wp\/v2\/pages\/1\/revisions"}],"predecessor-version":[{"id":1248,"href":"https:\/\/scholar.semmelweis.hu\/bodorc\/wp-json\/wp\/v2\/pages\/1\/revisions\/1248"}],"wp:attachment":[{"href":"https:\/\/scholar.semmelweis.hu\/bodorc\/wp-json\/wp\/v2\/media?parent=1"}],"curies":[{"name":"wp","href":"https:\/\/api.w.org\/{rel}","templated":true}]}}