{"id":5,"date":"2022-04-14T09:04:08","date_gmt":"2022-04-14T07:04:08","guid":{"rendered":"https:\/\/scholar.semmelweis.hu\/bodizsrobert\/bemutatkozas\/"},"modified":"2022-04-22T09:04:46","modified_gmt":"2022-04-22T07:04:46","slug":"bemutatkozas","status":"publish","type":"page","link":"https:\/\/scholar.semmelweis.hu\/bodizsrobert\/","title":{"rendered":"Bemutatkoz\u00e1s"},"content":{"rendered":"<p>Dr. B\u00f3dizs R\u00f3bert Kolozsv\u00e1ron a Babes-Bolyai Tudom\u00e1nyegyetem szerzett pszichol\u00f3gusi oklevelet 1997-ben. Egyetemi \u00e9vei alatt a Kolozsv\u00e1ri Biol\u00f3giai Kutat\u00f3int\u00e9zetben kezdett el interdiszciplin\u00e1ris szeml\u00e9let\u0171 kutat\u00e1sokkal, azon bel\u00fcl is els\u0151sorban alv\u00e1skutat\u00e1ssal foglalkozni. Az alv\u00e1s-\u00e9brenl\u00e9t \u00e1llapotok tudom\u00e1nyos vizsg\u00e1lat\u00e1t k\u00e9s\u0151bb doktorandusz hallgat\u00f3k\u00e9nt Budapesten, az Orsz\u00e1gos Pszichi\u00e1triai \u00e9s Neurol\u00f3giai Int\u00e9zetben, Hal\u00e1sz P\u00e9ter professzor vezet\u00e9se mellett folytatta 1998 \u00e9s 2002 k\u00f6z\u00f6tt. Doktori fokozat\u00e1nak megszerz\u00e9s\u00e9t k\u00f6vet\u0151en a Semmelweis Egyetem Magatart\u00e1studom\u00e1nyi Int\u00e9zet\u00e9ben el\u0151bb tudom\u00e1nyos munkat\u00e1rsk\u00e9nt majd tudom\u00e1nyos f\u0151munkat\u00e1rsk\u00e9nt dolgozott. Jelenleg ugyanitt kutat\u00e1si igazgat\u00f3helyettes. A Magatart\u00e1studom\u00e1nyi Int\u00e9zeten bel\u00fcl l\u00e9trehozta a Pszichofiziol\u00f3giai \u00e9s kronobiol\u00f3giai kutat\u00f3csoportot \u00e9s laborat\u00f3riumot, melyeket az\u00f3ta is ir\u00e1ny\u00edt. Munk\u00e1j\u00e1nak f\u00f3kusza az alv\u00e1s- \u00e9s \u00e9brenl\u00e9t \u00e1llapotokra jellemz\u0151 agyi elektromos aktivit\u00e1smint\u00e1zatok kognit\u00edv funkci\u00f3kkal val\u00f3 kapcsolata, valamint az alv\u00e1st vez\u00e9rl\u0151 biol\u00f3giai ritmusok behat\u00f3 tanulm\u00e1nyoz\u00e1sa. Kutat\u00e1sai sor\u00e1n egyebek mellett kimutat\u00e1st nyert az alv\u00e1s elektrofiziol\u00f3giai mint\u00e1zatai \u00e9s az intelligencia k\u00f6z\u00f6tti megb\u00edzhat\u00f3 kapcsolat.<\/p>\n<p>Kutat\u00f3munk\u00e1ja sor\u00e1n a Semmelweis Egyetem Ment\u00e1lis Eg\u00e9szs\u00e9gtudom\u00e1nyok Doktori Iskol\u00e1j\u00e1nak t\u00e9mavezet\u0151jek\u00e9nt \u00e9s t\u00f6rzstagjak\u00e9nt, valamint a Budapesti M\u0171szaki \u00e9s Gazdas\u00e1gtudom\u00e1nyi Egyetem Kognit\u00edv Tudom\u00e1nyok Doktori Iskol\u00e1j\u00e1ban t\u00e9mavezet\u0151k\u00e9nt is tev\u00e9keny r\u00e9sz v\u00e1llal sz\u00e1mos fiatal kutat\u00f3 k\u00e9pz\u00e9s\u00e9ben \u00e9s doktori fokozat\u00e1nak megszerz\u00e9s\u00e9ben. A Semmelweis Egyetemen orvosi \u00e9s fogorvosi pszichol\u00f3gia el\u0151ad\u00e1sokat tart magyar \u00e9s angol nyelven. Ugyanitt orvosi pszichol\u00f3gi\u00e1b\u00f3l habilit\u00e1lt 2014-ben. Munk\u00e1j\u00e1t az Eur\u00f3pai Alv\u00e1skutat\u00e1si T\u00e1rsas\u00e1g Helgi Kristbjarnarson d\u00edjjal, tov\u00e1bb\u00e1 a Semmelweis Egyetem, t\u00f6bb \u00edzben is Merit d\u00edjjal ismerte el.<\/p>\n","protected":false},"excerpt":{"rendered":"<p>Dr. B\u00f3dizs R\u00f3bert Kolozsv\u00e1ron a Babes-Bolyai Tudom\u00e1nyegyetem szerzett pszichol\u00f3gusi oklevelet 1997-ben. Egyetemi \u00e9vei alatt a Kolozsv\u00e1ri Biol\u00f3giai Kutat\u00f3int\u00e9zetben kezdett el interdiszciplin\u00e1ris szeml\u00e9let\u0171 kutat\u00e1sokkal, azon bel\u00fcl is els\u0151sorban alv\u00e1skutat\u00e1ssal foglalkozni. Az alv\u00e1s-\u00e9brenl\u00e9t \u00e1llapotok tudom\u00e1nyos vizsg\u00e1lat\u00e1t k\u00e9s\u0151bb &hellip;<\/p>\n","protected":false},"author":140,"featured_media":0,"parent":0,"menu_order":0,"comment_status":"closed","ping_status":"closed","template":"","meta":{"footnotes":""},"class_list":["post-5","page","type-page","status-publish","hentry"],"_links":{"self":[{"href":"https:\/\/scholar.semmelweis.hu\/bodizsrobert\/wp-json\/wp\/v2\/pages\/5"}],"collection":[{"href":"https:\/\/scholar.semmelweis.hu\/bodizsrobert\/wp-json\/wp\/v2\/pages"}],"about":[{"href":"https:\/\/scholar.semmelweis.hu\/bodizsrobert\/wp-json\/wp\/v2\/types\/page"}],"author":[{"embeddable":true,"href":"https:\/\/scholar.semmelweis.hu\/bodizsrobert\/wp-json\/wp\/v2\/users\/140"}],"replies":[{"embeddable":true,"href":"https:\/\/scholar.semmelweis.hu\/bodizsrobert\/wp-json\/wp\/v2\/comments?post=5"}],"version-history":[{"count":2,"href":"https:\/\/scholar.semmelweis.hu\/bodizsrobert\/wp-json\/wp\/v2\/pages\/5\/revisions"}],"predecessor-version":[{"id":13,"href":"https:\/\/scholar.semmelweis.hu\/bodizsrobert\/wp-json\/wp\/v2\/pages\/5\/revisions\/13"}],"wp:attachment":[{"href":"https:\/\/scholar.semmelweis.hu\/bodizsrobert\/wp-json\/wp\/v2\/media?parent=5"}],"curies":[{"name":"wp","href":"https:\/\/api.w.org\/{rel}","templated":true}]}}