{"id":4,"date":"2022-04-14T09:04:08","date_gmt":"2022-04-14T07:04:08","guid":{"rendered":"https:\/\/scholar.semmelweis.hu\/bodizsrobert\/cv\/"},"modified":"2025-03-17T16:33:56","modified_gmt":"2025-03-17T15:33:56","slug":"cv","status":"publish","type":"page","link":"https:\/\/scholar.semmelweis.hu\/bodizsrobert\/cv\/","title":{"rendered":"CV"},"content":{"rendered":"<h1><span style=\"font-size: 14pt\">V\u00e9gzetts\u00e9g \/ k\u00e9pes\u00edt\u00e9sek \/ Fokozatok<\/span><\/h1>\n<ul>\n<li>2014 &#8211; <strong>Habilit\u00e1ci\u00f3<\/strong> Orvosi pszichol\u00f3gi\u00e1b\u00f3l &#8211; Semmelweis Egyetem, Budapest<\/li>\n<li>2002 &#8211; <strong><em>Ph.D. &#8211; Elm\u00e9leti Orvostudom\u00e1nyok<\/em><\/strong> \u2013 Idegtudom\u00e1nyok Doktori Iskola, Semmelweis Egyetem<\/li>\n<li>1997 &#8211; <strong><em>Okleveles pszichol\u00f3gus<\/em><\/strong> \u2013 Pszichol\u00f3gia \u00e9s Nevel\u00e9studom\u00e1nyi Kar, Babes-Bolyai Tudom\u00e1nyegyetem, Kolozsv\u00e1r<\/li>\n<\/ul>\n<p>&nbsp;<\/p>\n<h1><span style=\"font-size: 14pt\">TUDOM\u00c1NYOS \u00c9RDEKL\u0150D\u00c9S<\/span><\/h1>\n<ul>\n<li><strong><em>alv\u00e1s \u00e9s kogn\u00edci\u00f3<\/em><\/strong> \u2013 \u00f6sszef\u00fcgg\u00e9sek \u00e9s kapcsolatok az intelligencia \u00e9s az alv\u00e1s vonatkoz\u00e1s\u00e1ban<\/li>\n<li><strong><em>kronobiol\u00f3gia <\/em><\/strong>\u2013 a r\u00e9m\u00e1lmod\u00f3k pszichol\u00f3giai \u00e9s elektrofiziol\u00f3giai jellemz\u00e9se<\/li>\n<li><strong>alv\u00e1s \u00e9s elektrofiziol\u00f3gia<\/strong> &#8211; az alv\u00e1s-\u00e9brenl\u00e9t \u00e1llapotok elektrofiziol\u00f3gi\u00e1ja<\/li>\n<\/ul>\n<p>&nbsp;<\/p>\n<h1><span style=\"font-size: 14pt\">SZAKMAI TAPASZTALATOK<\/span><\/h1>\n<ul>\n<li><strong><em>Alv\u00e1skutat\u00e1s<\/em><\/strong> &#8211; az alv\u00e1s \u00e9s a kogn\u00edci\u00f3 \u00f6sszef\u00fcgg\u00e9sei, modern EEG-elemz\u00e9si elj\u00e1r\u00e1sok (OPNI-Epilepszia Centrum, Semmelweis Egyetem, Budapesti M\u0171szaki \u00e9s Gazdas\u00e1gtudom\u00e1nyi Egyetem, P\u00e1zm\u00e1ny P\u00e9ter Katolikus Egyetem, Orsz\u00e1gos Klinikai Idegtudom\u00e1nyi Int\u00e9zet)<\/li>\n<li><strong><em>Oktat\u00e1s<\/em><\/strong> &#8211; Orvosi pszichol\u00f3gia magyarul \u00e9s angolul, PhD kurzusok, speci\u00e1lkoll\u00e9giumok (Semmelweis Egyetem, Budapesti M\u0171szaki \u00e9s gazdas\u00e1gtudom\u00e1nyi Egyetem, K\u00e1roli G\u00e1sp\u00e1r Reform\u00e1tus Egyetem)<\/li>\n<li><strong><em>PhD \u00e9s gradu\u00e1lis hallgat\u00f3k t\u00e9mavezet\u00e9se<\/em><\/strong><\/li>\n<li><strong><em>Klinikai munka<\/em><\/strong> &#8211; ikt\u00e1lis- \u00e9s interikt\u00e1lis neuropszichol\u00f3giai tesztel\u00e9s, hossz\u00fa t\u00e1v\u00fa video-EEG monitoroz\u00e1s (OPNI-Epilepszia Centrum)<\/li>\n<\/ul>\n<p>&nbsp;<\/p>\n<h1><span style=\"font-size: 14pt\">MUNKAHELYEK<\/span><\/h1>\n<ul>\n<li><strong><em>Semmelweis Egyetem, Magatart\u00e1studom\u00e1nyi Int\u00e9zet<\/em><\/strong> &#8211; 2002 \u00f3ta tudom\u00e1nyos (f\u0151)munkat\u00e1rs,<\/li>\n<li><strong><em>Orsz\u00e1gos Klinikai Idegtudom\u00e1nyi Int\u00e9zet<\/em><\/strong> \u2013 2017 \u00f3ta r\u00e9sz\u00e1ll\u00e1s\u00fa tudom\u00e1nyos f\u0151munkat\u00e1rs<\/li>\n<li><strong><em>P\u00e1zm\u00e1ny P\u00e9ter Katolikus Egyetem, \u00c1ltal\u00e1nos Pszichol\u00f3gia Tansz\u00e9k &#8211; <\/em><\/strong>2013 \u2013 2016 r\u00e9sz\u00e1ll\u00e1s\u00fa tudom\u00e1nyos f\u0151munkat\u00e1rs<\/li>\n<li><strong><em>Budapesti M\u0171szaki \u00e9s Gazdas\u00e1gtudom\u00e1nyi Egyetem, Kognit\u00edv Tudom\u00e1nyi Tansz\u00e9k<\/em><\/strong> &#8211; 2012-ben tudom\u00e1nyos f\u0151munkat\u00e1rs<\/li>\n<li><strong><em>MTA-BME Kognit\u00edv Tudom\u00e1nyi Kutat\u00f3csoport<\/em><\/strong> &#8211; 2009-2011: tudom\u00e1nyos f\u0151munkat\u00e1rs,<\/li>\n<li><strong><em>Orsz\u00e1gos Pszichi\u00e1triai \u00e9s Neurol\u00f3giai Int\u00e9zet, Epilepszia Centrum<\/em><\/strong> &#8211; 1998-2002: Pszichol\u00f3gus,<\/li>\n<\/ul>\n<p>&nbsp;<\/p>\n<h1><span style=\"font-size: 14pt\">\u00d6SZT\u00d6ND\u00cdJAK<\/span><\/h1>\n<ul>\n<li><strong><em>Bolyai J\u00e1nos Kutat\u00f3i \u00d6szt\u00f6nd\u00edj<\/em><\/strong> &#8211; 2005-2008<\/li>\n<li><strong><em>Magyar \u00c1llami PhD \u00d6szt\u00f6nd\u00edj<\/em><\/strong> &#8211; 1998-2001<\/li>\n<\/ul>\n<p>&nbsp;<\/p>\n<h1><strong><span style=\"font-size: 14pt\">P\u00c1LY\u00c1ZATOK T\u00c9MAVEZET\u0150K\u00c9NT<\/span><\/strong><\/h1>\n<ul>\n<li><em><strong>NKFI-K146792<\/strong><\/em> 2023-2027: Alv\u00e1s, cirkadi\u00e1n ritmusok \u00e9s amiloid depoz\u00edci\u00f3: a kognit\u00edv hanyatl\u00e1s predikci\u00f3ja az alv\u00e1s neurofiziol\u00f3gi\u00e1ja alapj\u00e1n<\/li>\n<li><strong><em>NKFI-K128117<\/em><\/strong> 2018-2022: Alv\u00e1si oszcill\u00e1ci\u00f3k az emberi agyk\u00e9regben \u00e9s thalamus magokban<\/li>\n<li><strong><em>OTKA-K105367<\/em><\/strong> 2012\u20142014: Az emberi agy \u00e9rzelmi \u00e9s kognit\u00edv fejl\u0151d\u00e9s\u00e9nek ideg\u00e9lettani mutat\u00f3i a gyerekkori \u00e1lmod\u00e1s kialakul\u00e1s\u00e1nak \u00e9s ontogenezis\u00e9nek t\u00fckr\u00e9ben<\/li>\n<li><strong><em>Bial Foundation Research Grant (55\/10)<\/em><\/strong> 2011\u20142013: The developmental and psychophysiological emergence of dreams and nightmares<\/li>\n<\/ul>\n<ul>\n<li><em>DreamScience Foundation &amp; IASD grant <\/em>2009\u20142011: Dreaming style and cognitive performance: sleep and emotional information processing from a neuropsychological and quantitative EEG perspective<\/li>\n<\/ul>\n<ul>\n<li><strong><em>OTKA-T048927<\/em><\/strong> 2005 \u2013 2007: Az autizmus kognit\u00edv neuropszichol\u00f3giai t\u00e9nyez\u0151inek alv\u00e1s\u00e9lettani vizsg\u00e1lata<\/li>\n<li><strong><em>ETT-162\/2003<\/em><\/strong> 2003 \u2013 2005: A kognit\u00edv teljes\u00edtm\u00e9ny \u00e9s a hangulat \u00f6sszef\u00fcgg\u00e9sei az alv\u00e1s elektrofiziol\u00f3giai mutat\u00f3ival<\/li>\n<li><strong><em>European Sleep Research Society \u2013 Sanofi-Synthelabo Grant<\/em><\/strong> 2002 \u2013 2004: A parahippocampal electrocorticographic analysis of the transition from wakefulness to sleep: are REM features present?<\/li>\n<\/ul>\n<p>&nbsp;<\/p>\n<h1><strong><span style=\"font-size: 14pt\">PUBLIK\u00c1CI\u00d3S TEV\u00c9KENYS\u00c9G<\/span><\/strong><\/h1>\n<ul>\n<li>Monogr\u00e1fi\u00e1k: 2<\/li>\n<li>K\u00f6nyvr\u00e9szletek: 19<\/li>\n<li>Foly\u00f3irat-cikk: 97<\/li>\n<li>H-index: 28<\/li>\n<li>F\u00fcggetlen id\u00e9zetek sz\u00e1ma: 1714<\/li>\n<li>\u00d6sszes\u00edtett impakt faktor: 255<\/li>\n<li>Publik\u00e1ci\u00f3s lista: <a href=\"https:\/\/m2.mtmt.hu\/gui2\/?type=authors&amp;mode=browse&amp;sel=10002059\">https:\/\/m2.mtmt.hu\/gui2\/?type=authors&amp;mode=browse&amp;sel=10002059<\/a><\/li>\n<\/ul>\n<p>&nbsp;<\/p>\n<h1><span style=\"font-size: 14pt\"><strong>REPREZENTAT\u00cdV PUBLIK\u00c1CI\u00d3K<\/strong><\/span><\/h1>\n<ul>\n<li>B\u00f3dizs R, Szal\u00e1rdy O, Horv\u00e1th C, Ujma PP, Gombos F, Simor P, P\u00f3t\u00e1ri A, Zeising M, Steiger A, Dresler M. A set of composite, non-redundant EEG measures of NREM sleep based on the power law scaling of the Fourier spectrum. <strong>Sci Rep<\/strong> 2021;11:2041. <a href=\"https:\/\/doi.org\/10.1038\/s41598-021-81230-7\">https:\/\/doi.org\/10.1038\/s41598-021-81230-7<\/a><\/li>\n<li>B\u00f3dizs R. Kis A, G\u00e1csi M, Top\u00e1l J. Sleep in the dog: comparative, behavioral and translational relevance. <strong>Curr Opin Behav Sci<\/strong> 2020;33:25-33. <a href=\"https:\/\/doi.org\/10.1016\/j.cobeha.2019.12.006\">https:\/\/doi.org\/10.1016\/j.cobeha.2019.12.006<\/a><\/li>\n<li>P\u00f3t\u00e1ri A, Ujma PP, Konrad BN, Genzel L, Simor P, K\u00f6rmendi J, Gombos F, Steiger A, Dresler M, B\u00f3dizs R. Age-related changes in sleep EEG are attenuated in highly intelligent individuals. <strong>Neuroimage<\/strong> 2017;146:554-560. <a href=\"http:\/\/dx.doi.org\/10.1016\/j.neuroimage.2016.09.039\">http:\/\/dx.doi.org\/10.1016\/j.neuroimage.2016.09.039<\/a><\/li>\n<li>B\u00f3dizs R, Kis T, L\u00e1z\u00e1r AS, Havr\u00e1n L, Rig\u00f3 P, Clemens Z, Hal\u00e1sz P. Prediction of general mental ability based on neural oscillation measures of sleep. <strong>J Sleep Res<\/strong> 2005;14:285-292. <a href=\"http:\/\/dx.doi.org\/10.1111\/j.1365-2869.2005.00472.x\">http:\/\/dx.doi.org\/10.1111\/j.1365-2869.2005.00472.x<\/a><\/li>\n<li>B\u00f3dizs R, K\u00e1ntor S, Szab\u00f3 G, Sz\u00fbcs A, Er\u00f5ss L, Hal\u00e1sz P. Rhythmic hippocampal slow oscillation characterizes REM sleep in humans. <strong>Hippocampus<\/strong> 2001;11:747-753. <a href=\"http:\/\/dx.doi.org\/10.1002\/hipo.1090\">http:\/\/dx.doi.org\/10.1002\/hipo.1090<\/a><\/li>\n<\/ul>\n<p>&nbsp;<\/p>\n<h1><span style=\"font-size: 14pt\"><strong>TAGS\u00c1GOK<\/strong><\/span><\/h1>\n<ul>\n<li><strong><em>European Biological Rhythms Society<\/em><\/strong><\/li>\n<li><strong><em>Magyar Klinikai Neurofiziol\u00f3giai T\u00e1rsas\u00e1g<\/em><\/strong><\/li>\n<li><strong><em>T\u00f6rzstag<\/em><\/strong>: Ment\u00e1lis Eg\u00e9szs\u00e9gtudom\u00e1nyok Doktori Iskola, Semmelweis Egyetem<\/li>\n<\/ul>\n<p>\u00a0 <span style=\"font-size: 14pt\"><strong>D\u00cdJAK \/ KIT\u00dcNTET\u00c9SEK<\/strong><\/span><\/p>\n<ul>\n<li><strong><em>Merit-d\u00edj 2021: <\/em><\/strong>Semmelweis Egyetem, \u00c1OK<\/li>\n<li><strong><em>Merit-d\u00edj 2018<\/em><\/strong>: Semmelweis Egyetem, \u00c1OK<\/li>\n<li><strong><em>Merit-d\u00edj 2014<\/em><\/strong>: Semmelweis Egyetem, \u00c1OK<\/li>\n<li><strong><em>Semmelweis Egyetem Kiv\u00e1l\u00f3 Dolgoz\u00f3ja 2013<\/em><\/strong>: Semmelweis Egyetem<\/li>\n<li><strong><em>Merit-d\u00edj 2012<\/em><\/strong>: Semmelweis Egyetem, \u00c1OK<\/li>\n<li><strong><em>Kutat\u00e1si P\u00e1ly\u00e1zati D\u00edj 2009<\/em><\/strong> &#8211; DreamScience Alap\u00edtv\u00e1ny<\/li>\n<\/ul>\n<ul>\n<li><strong><em>Helgi Kristbjarnarson D\u00edj 2004<\/em><\/strong> \u2013 Eur\u00f3pai Alv\u00e1skutat\u00e1si T\u00e1rsas\u00e1g<\/li>\n<\/ul>\n<ul>\n<li><strong><em>Publik\u00e1ci\u00f3s d\u00edj 2002<\/em><\/strong> \u2013 Doktoranduszok Orsz\u00e1gos Sz\u00f6vets\u00e9ge<\/li>\n<\/ul>\n<p>\u00a0 Budapest, 2022. 04. 22.<\/p>\n","protected":false},"excerpt":{"rendered":"<p>V\u00e9gzetts\u00e9g \/ k\u00e9pes\u00edt\u00e9sek \/ Fokozatok 2014 &#8211; Habilit\u00e1ci\u00f3 Orvosi pszichol\u00f3gi\u00e1b\u00f3l &#8211; Semmelweis Egyetem, Budapest 2002 &#8211; Ph.D. &#8211; Elm\u00e9leti Orvostudom\u00e1nyok \u2013 Idegtudom\u00e1nyok Doktori Iskola, Semmelweis Egyetem 1997 &#8211; Okleveles pszichol\u00f3gus \u2013 Pszichol\u00f3gia \u00e9s Nevel\u00e9studom\u00e1nyi Kar, &hellip;<\/p>\n","protected":false},"author":140,"featured_media":0,"parent":0,"menu_order":0,"comment_status":"closed","ping_status":"closed","template":"","meta":{"footnotes":""},"class_list":["post-4","page","type-page","status-publish","hentry"],"_links":{"self":[{"href":"https:\/\/scholar.semmelweis.hu\/bodizsrobert\/wp-json\/wp\/v2\/pages\/4"}],"collection":[{"href":"https:\/\/scholar.semmelweis.hu\/bodizsrobert\/wp-json\/wp\/v2\/pages"}],"about":[{"href":"https:\/\/scholar.semmelweis.hu\/bodizsrobert\/wp-json\/wp\/v2\/types\/page"}],"author":[{"embeddable":true,"href":"https:\/\/scholar.semmelweis.hu\/bodizsrobert\/wp-json\/wp\/v2\/users\/140"}],"replies":[{"embeddable":true,"href":"https:\/\/scholar.semmelweis.hu\/bodizsrobert\/wp-json\/wp\/v2\/comments?post=4"}],"version-history":[{"count":5,"href":"https:\/\/scholar.semmelweis.hu\/bodizsrobert\/wp-json\/wp\/v2\/pages\/4\/revisions"}],"predecessor-version":[{"id":21,"href":"https:\/\/scholar.semmelweis.hu\/bodizsrobert\/wp-json\/wp\/v2\/pages\/4\/revisions\/21"}],"wp:attachment":[{"href":"https:\/\/scholar.semmelweis.hu\/bodizsrobert\/wp-json\/wp\/v2\/media?parent=4"}],"curies":[{"name":"wp","href":"https:\/\/api.w.org\/{rel}","templated":true}]}}