{"id":3,"date":"2022-04-14T09:04:07","date_gmt":"2022-04-14T07:04:07","guid":{"rendered":"https:\/\/scholar.semmelweis.hu\/bodizsrobert\/elerhetoseg\/"},"modified":"2025-03-17T16:35:56","modified_gmt":"2025-03-17T15:35:56","slug":"elerhetoseg","status":"publish","type":"page","link":"https:\/\/scholar.semmelweis.hu\/bodizsrobert\/elerhetoseg\/","title":{"rendered":"El\u00e9rhet\u0151s\u00e9g"},"content":{"rendered":"<p>Semmelweis Egyetem Magatart\u00e1studom\u00e1nyi Int\u00e9zet 1089 Budapest Nagyv\u00e1rad t\u00e9r 4.<\/p>\n<p>E-mail: bodizs.robert@semmelweis.hu<\/p>\n<p>Web: https:\/\/semmelweis.hu\/psychophysiology\/<\/p>\n","protected":false},"excerpt":{"rendered":"<p>Semmelweis Egyetem Magatart\u00e1studom\u00e1nyi Int\u00e9zet 1089 Budapest Nagyv\u00e1rad t\u00e9r 4.<br \/>\nE-mail: bodizs.robert@semmelweis.hu<br \/>\nWeb: https:\/\/semmelweis.hu\/psychophysiology\/<\/p>\n","protected":false},"author":140,"featured_media":0,"parent":0,"menu_order":0,"comment_status":"closed","ping_status":"closed","template":"","meta":{"footnotes":""},"class_list":["post-3","page","type-page","status-publish","hentry"],"_links":{"self":[{"href":"https:\/\/scholar.semmelweis.hu\/bodizsrobert\/wp-json\/wp\/v2\/pages\/3"}],"collection":[{"href":"https:\/\/scholar.semmelweis.hu\/bodizsrobert\/wp-json\/wp\/v2\/pages"}],"about":[{"href":"https:\/\/scholar.semmelweis.hu\/bodizsrobert\/wp-json\/wp\/v2\/types\/page"}],"author":[{"embeddable":true,"href":"https:\/\/scholar.semmelweis.hu\/bodizsrobert\/wp-json\/wp\/v2\/users\/140"}],"replies":[{"embeddable":true,"href":"https:\/\/scholar.semmelweis.hu\/bodizsrobert\/wp-json\/wp\/v2\/comments?post=3"}],"version-history":[{"count":4,"href":"https:\/\/scholar.semmelweis.hu\/bodizsrobert\/wp-json\/wp\/v2\/pages\/3\/revisions"}],"predecessor-version":[{"id":23,"href":"https:\/\/scholar.semmelweis.hu\/bodizsrobert\/wp-json\/wp\/v2\/pages\/3\/revisions\/23"}],"wp:attachment":[{"href":"https:\/\/scholar.semmelweis.hu\/bodizsrobert\/wp-json\/wp\/v2\/media?parent=3"}],"curies":[{"name":"wp","href":"https:\/\/api.w.org\/{rel}","templated":true}]}}