{"id":2,"date":"2015-06-23T10:14:43","date_gmt":"2015-06-23T08:14:43","guid":{"rendered":"http:\/\/scholar.semmelweis.hu\/bereczkidaniel\/cv\/"},"modified":"2015-06-23T10:14:43","modified_gmt":"2015-06-23T08:14:43","slug":"cv","status":"publish","type":"page","link":"https:\/\/scholar.semmelweis.hu\/bereczkidaniel\/cv\/","title":{"rendered":"CV"},"content":{"rendered":"<p>\u00d6n\u00e9letrajz, lehet\u0151leg sz\u00f6vegesen (nem felt\u00f6lt\u00f6tt f\u00e1jl form\u00e1ban).<\/p>\n<p>Haszn\u00e1lja sz\u00fcks\u00e9g szerint a form\u00e1z\u00e1s adta lehet\u0151s\u00e9geket (felsorol\u00e1sok, kiemel\u00e9sek, t\u00e1bl\u00e1zatok).<\/p>\n","protected":false},"excerpt":{"rendered":"<p>\u00d6n\u00e9letrajz, lehet\u0151leg sz\u00f6vegesen (nem felt\u00f6lt\u00f6tt f\u00e1jl form\u00e1ban).<br \/>\nHaszn\u00e1lja sz\u00fcks\u00e9g szerint a form\u00e1z\u00e1s adta lehet\u0151s\u00e9geket (felsorol\u00e1sok, kiemel\u00e9sek, t\u00e1bl\u00e1zatok).<\/p>\n","protected":false},"author":1,"featured_media":0,"parent":0,"menu_order":0,"comment_status":"closed","ping_status":"closed","template":"","meta":{"footnotes":""},"class_list":["post-2","page","type-page","status-publish","hentry"],"_links":{"self":[{"href":"https:\/\/scholar.semmelweis.hu\/bereczkidaniel\/wp-json\/wp\/v2\/pages\/2"}],"collection":[{"href":"https:\/\/scholar.semmelweis.hu\/bereczkidaniel\/wp-json\/wp\/v2\/pages"}],"about":[{"href":"https:\/\/scholar.semmelweis.hu\/bereczkidaniel\/wp-json\/wp\/v2\/types\/page"}],"author":[{"embeddable":true,"href":"https:\/\/scholar.semmelweis.hu\/bereczkidaniel\/wp-json\/wp\/v2\/users\/1"}],"replies":[{"embeddable":true,"href":"https:\/\/scholar.semmelweis.hu\/bereczkidaniel\/wp-json\/wp\/v2\/comments?post=2"}],"version-history":[{"count":0,"href":"https:\/\/scholar.semmelweis.hu\/bereczkidaniel\/wp-json\/wp\/v2\/pages\/2\/revisions"}],"wp:attachment":[{"href":"https:\/\/scholar.semmelweis.hu\/bereczkidaniel\/wp-json\/wp\/v2\/media?parent=2"}],"curies":[{"name":"wp","href":"https:\/\/api.w.org\/{rel}","templated":true}]}}