{"id":21,"date":"2015-06-25T00:41:59","date_gmt":"2015-06-24T22:41:59","guid":{"rendered":"http:\/\/scholar.semmelweis.hu\/bekeartur\/?page_id=21"},"modified":"2016-01-23T13:30:56","modified_gmt":"2016-01-23T12:30:56","slug":"elerhetoseg","status":"publish","type":"page","link":"https:\/\/scholar.semmelweis.hu\/bekeartur\/elerhetoseg\/","title":{"rendered":"El\u00e9rhet\u0151s\u00e9g"},"content":{"rendered":"<p>Semmelweis Egyetem<\/p>\n<p>\u00c1ltal\u00e1nos Orvostudom\u00e1nyi Kar<\/p>\n<p>I. Sz\u00fcl\u00e9szeti \u00e9s N\u0151gy\u00f3gy\u00e1szati Klinika<\/p>\n<p>Budapest VIII., Baross utca 27.<\/p>\n<p>Levelez\u00e9si c\u00edm: 1428 Budapest, Pf. 2.<\/p>\n<p>Tel.:(36-20) 6632406<\/p>\n<p>e-mail: beke.artur@noi1.sote.hu<\/p>\n<p>&nbsp;<\/p>\n","protected":false},"excerpt":{"rendered":"<p>Semmelweis Egyetem<br \/>\n\u00c1ltal\u00e1nos Orvostudom\u00e1nyi Kar<br \/>\nI. Sz\u00fcl\u00e9szeti \u00e9s N\u0151gy\u00f3gy\u00e1szati Klinika<br \/>\nBudapest VIII., Baross utca 27.<br \/>\nLevelez\u00e9si c\u00edm: 1428 Budapest, Pf. 2.<br \/>\nTel.:(36-20) 6632406<br \/>\ne-mail: beke.artur@noi1.sote.hu<br \/>\n&nbsp;<\/p>\n","protected":false},"author":34,"featured_media":0,"parent":0,"menu_order":0,"comment_status":"open","ping_status":"closed","template":"","meta":{"footnotes":""},"class_list":["post-21","page","type-page","status-publish","hentry"],"_links":{"self":[{"href":"https:\/\/scholar.semmelweis.hu\/bekeartur\/wp-json\/wp\/v2\/pages\/21"}],"collection":[{"href":"https:\/\/scholar.semmelweis.hu\/bekeartur\/wp-json\/wp\/v2\/pages"}],"about":[{"href":"https:\/\/scholar.semmelweis.hu\/bekeartur\/wp-json\/wp\/v2\/types\/page"}],"author":[{"embeddable":true,"href":"https:\/\/scholar.semmelweis.hu\/bekeartur\/wp-json\/wp\/v2\/users\/34"}],"replies":[{"embeddable":true,"href":"https:\/\/scholar.semmelweis.hu\/bekeartur\/wp-json\/wp\/v2\/comments?post=21"}],"version-history":[{"count":2,"href":"https:\/\/scholar.semmelweis.hu\/bekeartur\/wp-json\/wp\/v2\/pages\/21\/revisions"}],"predecessor-version":[{"id":42,"href":"https:\/\/scholar.semmelweis.hu\/bekeartur\/wp-json\/wp\/v2\/pages\/21\/revisions\/42"}],"wp:attachment":[{"href":"https:\/\/scholar.semmelweis.hu\/bekeartur\/wp-json\/wp\/v2\/media?parent=21"}],"curies":[{"name":"wp","href":"https:\/\/api.w.org\/{rel}","templated":true}]}}