{"id":40,"date":"2023-04-04T15:41:50","date_gmt":"2023-04-04T13:41:50","guid":{"rendered":"https:\/\/scholar.semmelweis.hu\/barnag\/?page_id=40"},"modified":"2025-03-18T10:35:00","modified_gmt":"2025-03-18T09:35:00","slug":"oktatasi-tevekenyseg","status":"publish","type":"page","link":"https:\/\/scholar.semmelweis.hu\/barnag\/oktatasi-tevekenyseg\/","title":{"rendered":"Oktat\u00e1si tev\u00e9kenys\u00e9g"},"content":{"rendered":"<p><strong>T\u00e9mavezet\u0151 TDK hallgat\u00f3kn\u00e1l<\/strong>: <br \/>2009 Marosv\u00e1s\u00e1rhelyi XVI. TDK konferenci\u00e1n k\u00fcl\u00f6nd\u00edjat kapott T\u00f6mb\u00f6l Judit<br \/>2016 Semmelweis Egyetem TDK konferenci\u00e1n Varga Cec\u00edlia III. d\u00edj<br \/>2017 Semmelweis Egyetem TDK konferenci\u00e1n Tak\u00e1cs Ferenc III. d\u00edj<br \/>2018 Semmelweis Egyetem TDK konferenci\u00e1n Hern\u00e1df\u0151i M\u00e1rk II. d\u00edj<br \/>2017 Rektori p\u00e1ly\u00e1zat Tak\u00e1cs Ferenc d\u00edcs\u00e9ret<br \/>2018 Rektori p\u00e1ly\u00e1zat Hern\u00e1df\u0151i M\u00e1rk II. d\u00edj<br \/>2019 Kor\u00e1nyi Frigyes TDK konferenci\u00e1n Hern\u00e1df\u0151i M\u00e1rk I. d\u00edjat kapott<br \/>2019 OTDK Hern\u00e1df\u0151i M\u00e1rk K\u00fcl\u00f6nd\u00edj<br \/>2021 Rektori p\u00e1ly\u00e1zat Sashalmi Soma D\u00edcs\u00e9ret<br \/>2024 P\u00e1zm\u00e1ny P\u00e9ter Katolikus Egyetem TDK konferencia Mohamed Abdel Fattah II. d\u00edj<\/p>\n<p><strong>T\u00e9mavezet\u0151 szakdolgoz\u00f3kn\u00e1l<\/strong>:<br \/>Heintz \u00c1d\u00e1m (2014\/15)<br \/>Varga Cec\u00edlia (2015\/16)<br \/>Tak\u00e1cs Ferenc (2017\/18)<br \/>Czeti \u00c1gnes (2017\/18)<br \/>Kardos Ilona (2018-2021)<br \/>Hern\u00e1df\u0151i M\u00e1rk (2017-2021)<br \/>Sashalmi Soma (2019-2022)<br \/>Gina Nerheim (2021-2023)<br \/>Mohamed Abdel Fattah (2023-2025)<\/p>\n<p><strong>T\u00e9mavezet\u0151 PhD hallgat\u00f3kn\u00e1l<\/strong>: <br \/>Czeti \u00c1gnes 2019\/2020 II. f\u00e9l\u00e9vt\u0151l<br \/>Hunyadi Anna 2023\/2024<\/p>\n<p><strong>V\u00e9gzett PhD hallgat\u00f3k<\/strong>:<br \/>Kriston Csilla 2013-2019<br \/>Tak\u00e1cs Ferenc 2019-2023 <\/p>\n<p><strong>Gradu\u00e1lis oktat\u00e1s:<\/strong><\/p>\n<ul>\n<li>Tantermi el\u0151ad\u00e1sok patol\u00f3gi\u00e1b\u00f3l (FOK, III. \u00e9vfolyam) magyar \u00e9s angol nyelven<\/li>\n<\/ul>\n<p><strong>Postgradu\u00e1lis oktat\u00e1s:<br \/><\/strong><\/p>\n<ul>\n<li>PhD kurzusok: \u00c1raml\u00e1si citometria alapjai \u00e9s alkalmaz\u00e1sa &#8211; magyar \u00e9s angol nyelven<\/li>\n<\/ul>\n<p>&nbsp;<\/p>\n<p>&nbsp;<\/p>\n","protected":false},"excerpt":{"rendered":"<p>T\u00e9mavezet\u0151 TDK hallgat\u00f3kn\u00e1l: 2009 Marosv\u00e1s\u00e1rhelyi XVI. TDK konferenci\u00e1n k\u00fcl\u00f6nd\u00edjat kapott T\u00f6mb\u00f6l Judit2016 Semmelweis Egyetem TDK konferenci\u00e1n Varga Cec\u00edlia III. d\u00edj2017 Semmelweis Egyetem TDK konferenci\u00e1n Tak\u00e1cs Ferenc III. d\u00edj2018 Semmelweis Egyetem TDK konferenci\u00e1n Hern\u00e1df\u0151i M\u00e1rk II. &hellip;<\/p>\n","protected":false},"author":57,"featured_media":0,"parent":0,"menu_order":0,"comment_status":"closed","ping_status":"closed","template":"","meta":{"footnotes":""},"class_list":["post-40","page","type-page","status-publish","hentry"],"_links":{"self":[{"href":"https:\/\/scholar.semmelweis.hu\/barnag\/wp-json\/wp\/v2\/pages\/40"}],"collection":[{"href":"https:\/\/scholar.semmelweis.hu\/barnag\/wp-json\/wp\/v2\/pages"}],"about":[{"href":"https:\/\/scholar.semmelweis.hu\/barnag\/wp-json\/wp\/v2\/types\/page"}],"author":[{"embeddable":true,"href":"https:\/\/scholar.semmelweis.hu\/barnag\/wp-json\/wp\/v2\/users\/57"}],"replies":[{"embeddable":true,"href":"https:\/\/scholar.semmelweis.hu\/barnag\/wp-json\/wp\/v2\/comments?post=40"}],"version-history":[{"count":7,"href":"https:\/\/scholar.semmelweis.hu\/barnag\/wp-json\/wp\/v2\/pages\/40\/revisions"}],"predecessor-version":[{"id":55,"href":"https:\/\/scholar.semmelweis.hu\/barnag\/wp-json\/wp\/v2\/pages\/40\/revisions\/55"}],"wp:attachment":[{"href":"https:\/\/scholar.semmelweis.hu\/barnag\/wp-json\/wp\/v2\/media?parent=40"}],"curies":[{"name":"wp","href":"https:\/\/api.w.org\/{rel}","templated":true}]}}