{"id":3,"date":"2015-10-01T12:28:04","date_gmt":"2015-10-01T10:28:04","guid":{"rendered":"http:\/\/scholar.semmelweis.hu\/barnag\/bemutatkozas\/"},"modified":"2023-04-04T14:51:34","modified_gmt":"2023-04-04T12:51:34","slug":"bemutatkozas","status":"publish","type":"page","link":"https:\/\/scholar.semmelweis.hu\/barnag\/","title":{"rendered":"Bemutatkoz\u00e1s"},"content":{"rendered":"<p>1994-ben \u00e9retts\u00e9giztem a Fazekas Mih\u00e1ly Gimn\u00e1ziumban, majd az E\u00f6tv\u00f6s L\u00f3r\u00e1nt Tudom\u00e1nyegyetem biol\u00f3gus szak\u00e1n folytattam tanulm\u00e1nyaimat. Az egyetemi \u00e9vek alatt fogalmaz\u00f3dott meg bennem, hogy a r\u00e1kkutat\u00e1s az a dolog, amibe \u00e9rdemes energi\u00e1t fektetni. Ekkor ker\u00fcltem TDK hallgat\u00f3k\u00e9nt az I.sz. Patol\u00f3giai \u00e9s K\u00eds\u00e9rleti R\u00e1kkutat\u00f3 Int\u00e9zetbe, Kopper L\u00e1szl\u00f3 professzor \u00far laborat\u00f3rium\u00e1ba. Itt \u00edrtam meg a szakdolgozatomat, majd lettem PhD hallgat\u00f3. PhD munk\u00e1mban a lymphoma sejtek apopt\u00f3zis\u00e1nak szab\u00e1lyoz\u00e1s\u00e1val foglalkoztam. A PhD \u00e9vek ut\u00e1n az Int\u00e9zetben m\u0171k\u00f6d\u0151 Onkohematol\u00f3giai k\u00f6zpont \u00c1raml\u00e1si citometriai laborat\u00f3rium\u00e1nak vezet\u00e9s\u00e9vel lettem megb\u00edzva. Laborat\u00f3riumunkba az orsz\u00e1g sz\u00e1mos klinik\u00e1j\u00e1r\u00f3l \u00e9rkezik beteg minta \u00e9s sz\u00e1mukra szolg\u00e1ltatunk inform\u00e1ci\u00f3t a tumoros sejtek immunfenot\u00edpus\u00e1r\u00f3l, ploidit\u00e1s fok\u00e1r\u00f3l. Ma m\u00e1r jelenleg 27 k\u00fcl\u00f6nf\u00e9le panellel dolgozunk, amelyek ak\u00e1r 10 k\u00fcl\u00f6nb\u00f6z\u0151 sz\u00edn\u0171 antitestet, fest\u00e9ket tartalmaznak.<\/p>\n<p>A kutat\u00e1s sz\u00e1momra elengedhetetlen, mivel hajt a k\u00edv\u00e1ncsis\u00e1g, mi mi\u00e9rt \u00e9s hogyan m\u0171k\u00f6dik a sejtekben. A kutat\u00e1saim sor\u00e1n munkat\u00e1rsaimmal a B-sejtes lymphom\u00e1k (<span style=\"font-size: 1rem\">kr\u00f3nikus lymphocyt\u00e1s leuk\u00e9mia (CLL), myeloma multiplex (MM))<\/span><span style=\"font-size: 1rem\"> diagnosztikus, prognosztikus markereit \u00e9s a hozz\u00e1juk kapcsol\u00f3d\u00f3 jel\u00e1tviteli utakat vizsg\u00e1ljuk. Pr\u00f3b\u00e1ljuk meg\u00e9rteni hogyan befoly\u00e1solj\u00e1k ezek a tumorsejtek t\u00fal\u00e9l\u00e9s\u00e9t. Emellett kutatjuk, hogy milyen rezisztencia mechanizmusok m\u0171k\u00f6dnek a jelenlegi c\u00e9lzott kezel\u00e9sek eset\u00e9n a lymphom\u00e1s sejtekben, hogyan lehet el\u0151rejelezni esetleg ezen rezisztenci\u00e1t kezel\u00e9sek el\u0151tt, a kezel\u00e9sek sor\u00e1n. <\/span><\/p>\n<p><span style=\"font-size: 1rem\">Ezen k\u00edv\u00fcl r\u00e9szt veszek a gradu\u00e1lis \u00e9s posztgradu\u00e1lis oktat\u00e1sban is: TDK-sok, PhD-sok dolgoznak a laborat\u00f3riumban, valamint az int\u00e9zetben \u00e9s m\u00e1s int\u00e9zetekben foly\u00f3 kutat\u00e1sokhoz kapcsol\u00f3d\u00f3 \u00e1raml\u00e1s citometriai m\u00e9r\u00e9sekben seg\u00e9dkezem.<\/span><\/p>\n","protected":false},"excerpt":{"rendered":"<p>1994-ben \u00e9retts\u00e9giztem a Fazekas Mih\u00e1ly Gimn\u00e1ziumban, majd az E\u00f6tv\u00f6s L\u00f3r\u00e1nt Tudom\u00e1nyegyetem biol\u00f3gus szak\u00e1n folytattam tanulm\u00e1nyaimat. Az egyetemi \u00e9vek alatt fogalmaz\u00f3dott meg bennem, hogy a r\u00e1kkutat\u00e1s az a dolog, amibe \u00e9rdemes energi\u00e1t fektetni. Ekkor ker\u00fcltem TDK &hellip;<\/p>\n","protected":false},"author":57,"featured_media":0,"parent":0,"menu_order":0,"comment_status":"closed","ping_status":"closed","template":"","meta":{"footnotes":""},"class_list":["post-3","page","type-page","status-publish","hentry"],"_links":{"self":[{"href":"https:\/\/scholar.semmelweis.hu\/barnag\/wp-json\/wp\/v2\/pages\/3"}],"collection":[{"href":"https:\/\/scholar.semmelweis.hu\/barnag\/wp-json\/wp\/v2\/pages"}],"about":[{"href":"https:\/\/scholar.semmelweis.hu\/barnag\/wp-json\/wp\/v2\/types\/page"}],"author":[{"embeddable":true,"href":"https:\/\/scholar.semmelweis.hu\/barnag\/wp-json\/wp\/v2\/users\/57"}],"replies":[{"embeddable":true,"href":"https:\/\/scholar.semmelweis.hu\/barnag\/wp-json\/wp\/v2\/comments?post=3"}],"version-history":[{"count":3,"href":"https:\/\/scholar.semmelweis.hu\/barnag\/wp-json\/wp\/v2\/pages\/3\/revisions"}],"predecessor-version":[{"id":33,"href":"https:\/\/scholar.semmelweis.hu\/barnag\/wp-json\/wp\/v2\/pages\/3\/revisions\/33"}],"wp:attachment":[{"href":"https:\/\/scholar.semmelweis.hu\/barnag\/wp-json\/wp\/v2\/media?parent=3"}],"curies":[{"name":"wp","href":"https:\/\/api.w.org\/{rel}","templated":true}]}}