{"id":20,"date":"2015-10-15T08:54:10","date_gmt":"2015-10-15T06:54:10","guid":{"rendered":"http:\/\/scholar.semmelweis.hu\/barnag\/?page_id=20"},"modified":"2023-04-04T15:20:35","modified_gmt":"2023-04-04T13:20:35","slug":"munkatarsak","status":"publish","type":"page","link":"https:\/\/scholar.semmelweis.hu\/barnag\/munkatarsak\/","title":{"rendered":"Munkat\u00e1rsak"},"content":{"rendered":"<p>Kutat\u00f3k, tudom\u00e1nyos munkat\u00e1rsak:<\/p>\n<p>M\u00e1rk \u00c1gnes PhD, tudom\u00e1nyos munkat\u00e1rs<br \/>Szal\u00f3ki G\u00e1bor PhD, tudom\u00e1nyos munkat\u00e1rs<br \/>Tolnai-Kriston Csilla PhD, tudom\u00e1nyos munkat\u00e1rs<\/p>\n<p>Laborat\u00f3riumi munkat\u00e1rsak:<\/p>\n<p>Arany\u00e1s Mikl\u00f3s, biol\u00f3gus<br \/>Jahoda Brigitta, biol\u00f3gus<\/p>\n","protected":false},"excerpt":{"rendered":"<p>Kutat\u00f3k, tudom\u00e1nyos munkat\u00e1rsak:<br \/>\nM\u00e1rk \u00c1gnes PhD, tudom\u00e1nyos munkat\u00e1rsSzal\u00f3ki G\u00e1bor PhD, tudom\u00e1nyos munkat\u00e1rsTolnai-Kriston Csilla PhD, tudom\u00e1nyos munkat\u00e1rs<br \/>\nLaborat\u00f3riumi munkat\u00e1rsak:<br \/>\nArany\u00e1s Mikl\u00f3s, biol\u00f3gusJahoda Brigitta, biol\u00f3gus<\/p>\n","protected":false},"author":57,"featured_media":0,"parent":0,"menu_order":0,"comment_status":"closed","ping_status":"closed","template":"","meta":{"footnotes":""},"class_list":["post-20","page","type-page","status-publish","hentry"],"_links":{"self":[{"href":"https:\/\/scholar.semmelweis.hu\/barnag\/wp-json\/wp\/v2\/pages\/20"}],"collection":[{"href":"https:\/\/scholar.semmelweis.hu\/barnag\/wp-json\/wp\/v2\/pages"}],"about":[{"href":"https:\/\/scholar.semmelweis.hu\/barnag\/wp-json\/wp\/v2\/types\/page"}],"author":[{"embeddable":true,"href":"https:\/\/scholar.semmelweis.hu\/barnag\/wp-json\/wp\/v2\/users\/57"}],"replies":[{"embeddable":true,"href":"https:\/\/scholar.semmelweis.hu\/barnag\/wp-json\/wp\/v2\/comments?post=20"}],"version-history":[{"count":3,"href":"https:\/\/scholar.semmelweis.hu\/barnag\/wp-json\/wp\/v2\/pages\/20\/revisions"}],"predecessor-version":[{"id":37,"href":"https:\/\/scholar.semmelweis.hu\/barnag\/wp-json\/wp\/v2\/pages\/20\/revisions\/37"}],"wp:attachment":[{"href":"https:\/\/scholar.semmelweis.hu\/barnag\/wp-json\/wp\/v2\/media?parent=20"}],"curies":[{"name":"wp","href":"https:\/\/api.w.org\/{rel}","templated":true}]}}