{"id":2,"date":"2015-10-01T12:28:04","date_gmt":"2015-10-01T10:28:04","guid":{"rendered":"http:\/\/scholar.semmelweis.hu\/barnag\/cv\/"},"modified":"2025-03-18T10:30:27","modified_gmt":"2025-03-18T09:30:27","slug":"cv","status":"publish","type":"page","link":"https:\/\/scholar.semmelweis.hu\/barnag\/cv\/","title":{"rendered":"CV"},"content":{"rendered":"<p><strong>Szem\u00e9lyes Adatok<\/strong><\/p>\n<p>dr. Barna G\u00e1bor<br \/><span style=\"font-size: 1rem\">Sz\u00fclet\u00e9s ideje: 1975.11.10., Budapest\u00a0 \u00a0<\/span><\/p>\n<ul>\n<li>PhD fokozat (2006): Patol\u00f3giai Tudom\u00e1nyok Doktori Iskola, Molekul\u00e1ris Onkol\u00f3gia program, Semmelweis Egyetem<\/li>\n<li>MSc fokozat: Biol\u00f3gus (1999), E\u00f6tv\u00f6s L\u00f3r\u00e1nd Tudom\u00e1nyegyetem, Term\u00e9szettudom\u00e1nyi Kar, Molekul\u00e1ris biol\u00f3gia szakir\u00e1ny, biol\u00f3gia tan\u00e1r (2000) E\u00f6tv\u00f6s L\u00f3r\u00e1nd Tudom\u00e1nyegyetem, Term\u00e9szettudom\u00e1nyi Kar.<\/li>\n<\/ul>\n<p>\u00a0 <strong>Munkahelyek<\/strong><\/p>\n<ul>\n<li>2016 \u00f3ta:\u00a0<a href=\"http:\/\/semmelweis.hu\/patologia1\/\">I. sz. Patol\u00f3giai \u00e9s K\u00eds\u00e9rleti R\u00e1kkutat\u00f3 Int\u00e9zet<\/a> (tudom\u00e1nyos f\u0151munkat\u00e1rs)<\/li>\n<li>2007 \u00f3ta: Semmelweis Egyetem, I.sz.<a href=\"http:\/\/semmelweis.hu\/patologia1\/\">\u00a0Patol\u00f3giai \u00e9s K\u00eds\u00e9rleti R\u00e1kkutat\u00f3 Int\u00e9zet<\/a> (tudom\u00e1nyos munkat\u00e1rs)<\/li>\n<li>2003-2007: <a href=\"http:\/\/semmelweis.hu\/patologia1\/\">I. sz. Patol\u00f3giai \u00e9s K\u00eds\u00e9rleti R\u00e1kkutat\u00f3 Int\u00e9zet<\/a> (tudom\u00e1nyos seg\u00e9dmunkat\u00e1rs)<\/li>\n<li>2002 Marie-Curie \u00f6szt\u00f6nd\u00edj, 6 h\u00f3napos kutat\u00f3munka Stockholm, Karolinska Institutet, Cancer Center Karolinska<\/li>\n<\/ul>\n<p>\u00a0 <strong>Kutat\u00e1si ter\u00fclet\/Szakter\u00fclet<\/strong><\/p>\n<ul>\n<li>B-sejtes lymphom\u00e1k \u00e9s akut leuk\u00e9mi\u00e1k prognosztikus faktorainak kutat\u00e1sa<\/li>\n<li>C\u00e9lzott ter\u00e1pi\u00e1k ellen kialakul\u00f3 rezisztencia mechanizmusok vizsg\u00e1lata B-sejtes daganatokban<\/li>\n<li>apopt\u00f3zis<\/li>\n<li>Hematol\u00f3giai mint\u00e1k \u00e1raml\u00e1si citometriai m\u00e9r\u00e9se<\/li>\n<\/ul>\n<p><strong>\u00a0<\/strong><strong style=\"font-size: 1rem\">T\u00e1rsas\u00e1gi tags\u00e1gok<\/strong><\/p>\n<ul>\n<li>Eur\u00f3pai Citometriai t\u00e1rsas\u00e1g (ESCCA) 2006 \u00f3ta<\/li>\n<li>Nemzetk\u00f6zi Sejtanal\u00edtikai t\u00e1rsas\u00e1g (ISAC) 2008 \u00f3ta<\/li>\n<li>Onkol\u00f3gus T\u00e1rsas\u00e1g 2004 \u00f3ta<\/li>\n<\/ul>\n<p>\u00a0 <strong>D\u00edjak \u00e9s elismer\u00e9sek<\/strong><\/p>\n<ul>\n<li>E\u00f6tv\u00f6s L\u00f3r\u00e1nd Tudom\u00e1ny Egyetem II. d\u00edj<\/li>\n<li>Semmelweis Egyetem TDK konferencia I. d\u00edj<\/li>\n<li>PhD Tudom\u00e1nyos napok K\u00fcl\u00f6nd\u00edj<\/li>\n<li>2001 Magyar Onkol\u00f3gus T\u00e1rsas\u00e1g Konferenci\u00e1n bemutatott poszter elnyerte a Magyar R\u00e1kkutat\u00f3 Alap\u00edtv\u00e1ny k\u00fcl\u00f6nd\u00edj\u00e1t.<\/li>\n<li>2011 Rektori d\u00edcs\u00e9ret<\/li>\n<li>2014 Nemzetk\u00f6zi akkredit\u00e1ci\u00f3 gyerekkori B-sejtes akut leuk\u00e9mi\u00e1k 15. napi mint\u00e1k m\u00e9r\u00e9s\u00e9re<\/li>\n<li>2021 Nemzetk\u00f6zi akkredit\u00e1ci\u00f3 gyerekkori T-sejtes akut leuk\u00e9mi\u00e1k 15. napi mint\u00e1k m\u00e9r\u00e9s\u00e9re<\/li>\n<li>2023 Nemzetk\u00f6zi akkredit\u00e1ci\u00f3 gyerekkori T-sejtes akut leuk\u00e9mi\u00e1k 15., 33., 78, napi mint\u00e1k m\u00e9r\u00e9s\u00e9re<\/li>\n<\/ul>\n<p>\u00a0 <strong>Publik\u00e1ci\u00f3s aktivit\u00e1s<\/strong><\/p>\n<ul>\n<li>Tudom\u00e1nyos k\u00f6zlem\u00e9nyek sz\u00e1ma: 96<\/li>\n<li>\u00d6sszes\u00edtett impakt faktor: 204,13<\/li>\n<li>F\u00fcggetlen id\u00e9zetts\u00e9g: 1103<\/li>\n<li>Hirsch index: 19<\/li>\n<\/ul>\n<p><strong>Tudom\u00e1nyos esem\u00e9nyek szervez\u00e9se<\/strong><\/p>\n<ul>\n<li>I. \u00c1raml\u00e1si citometria nap\u00a0 (2018.10.29.)<\/li>\n<li>II \u00c1raml\u00e1si citometria nap (2019.11.08.)<\/li>\n<li>III. \u00c1raml\u00e1si citometria nap (2022.11.04.)<\/li>\n<li>IV. \u00c1raml\u00e1si citometria nap (2023.10.27.)<\/li>\n<li>V. \u00c1raml\u00e1si citometria nap (2024.10.25.)<\/li>\n<\/ul>\n<p><strong>B\u00edr\u00e1l\u00f3i tev\u00e9kenys\u00e9g<\/strong><\/p>\n<ul>\n<li>Cytometry B: Clinical Cytometry<\/li>\n<li>Leukemia Lymphoma<\/li>\n<li>Pathology and Oncology Research<\/li>\n<li>Frontiers in Oncology<\/li>\n<li>Turkish Hematology<\/li>\n<li>International Journal of Laboratory Hematology<\/li>\n<li>Cancers<\/li>\n<li>International Journal of Molecular Science<\/li>\n<\/ul>\n<p>\u00a0 <strong>Nyelvismeret<\/strong><\/p>\n<ul>\n<li>angol<\/li>\n<li>n\u00e9met<\/li>\n<\/ul>\n<p>\u00a0 <strong>Elnyert p\u00e1ly\u00e1zatok<\/strong><\/p>\n<ul>\n<li>A CD23 izot\u00edpusainak vizsg\u00e1lata B-sejtes lymphom\u00e1kban: 2008 elutas\u00edtott OTKA p\u00e1ly\u00e1zatokra ki\u00edrt Semmelweis Egyetemi d\u00e9k\u00e1ni kutat\u00e1si p\u00e1ly\u00e1zat elnyer\u00e9se , 1 \u00e9v, 1 milli\u00f3 Ft<\/li>\n<li>2015-ben elutas\u00edtott OTKA p\u00e1ly\u00e1zatok t\u00e1mogat\u00e1s\u00e1ra ki\u00edrt d\u00e9k\u00e1ni p\u00e1ly\u00e1zat: 500 000 Ft\u00a0<\/li>\n<li>STIA 2017: Az \u00faj ter\u00e1pi\u00e1kra rezisztens tumor sejtek jel\u00e1tviteli \u00fatjainak felt\u00e9rk\u00e9pez\u00e9se kr\u00f3nikus lymphocyt\u00e1s leuk\u00e9mi\u00e1ban 3 000 571 Ft<\/li>\n<li>2018: A Doktori Iskola kutat\u00e1si programjainak b\u0151v\u00edt\u00e9se \u00faj kutat\u00e1si t\u00e9m\u00e1k ind\u00edt\u00e1s\u00e1val 2 340 000 Ft<\/li>\n<li>2018: \u00daj metodikai \u00e9s interdiszplicin\u00e1lis PhD kurzusok szervez\u00e9se \u00e9s a gyakorlati k\u00e9pz\u00e9s er\u0151s\u00edt\u00e9se 700 000 Ft<\/li>\n<li>2018: 2017-ben elutas\u00edtott OTKA p\u00e1ly\u00e1zatok t\u00e1mogat\u00e1s\u00e1ra ki\u00edrt d\u00e9k\u00e1ni p\u00e1ly\u00e1zat 500 000 Ft<\/li>\n<li>2019 Magyar Gyermekonkol\u00f3giai H\u00e1l\u00f3zat kutat\u00e1si t\u00e1mogat\u00e1s 600 000 Ft<\/li>\n<\/ul>\n","protected":false},"excerpt":{"rendered":"<p>Szem\u00e9lyes Adatok dr. Barna G\u00e1borSz\u00fclet\u00e9s ideje: 1975.11.10., Budapest\u00a0 \u00a0 PhD fokozat (2006): Patol\u00f3giai Tudom\u00e1nyok Doktori Iskola, Molekul\u00e1ris Onkol\u00f3gia program, Semmelweis Egyetem MSc fokozat: Biol\u00f3gus (1999), E\u00f6tv\u00f6s L\u00f3r\u00e1nd Tudom\u00e1nyegyetem, Term\u00e9szettudom\u00e1nyi Kar, Molekul\u00e1ris biol\u00f3gia szakir\u00e1ny, biol\u00f3gia tan\u00e1r &hellip;<\/p>\n","protected":false},"author":57,"featured_media":0,"parent":0,"menu_order":0,"comment_status":"closed","ping_status":"closed","template":"","meta":{"footnotes":""},"class_list":["post-2","page","type-page","status-publish","hentry"],"_links":{"self":[{"href":"https:\/\/scholar.semmelweis.hu\/barnag\/wp-json\/wp\/v2\/pages\/2"}],"collection":[{"href":"https:\/\/scholar.semmelweis.hu\/barnag\/wp-json\/wp\/v2\/pages"}],"about":[{"href":"https:\/\/scholar.semmelweis.hu\/barnag\/wp-json\/wp\/v2\/types\/page"}],"author":[{"embeddable":true,"href":"https:\/\/scholar.semmelweis.hu\/barnag\/wp-json\/wp\/v2\/users\/57"}],"replies":[{"embeddable":true,"href":"https:\/\/scholar.semmelweis.hu\/barnag\/wp-json\/wp\/v2\/comments?post=2"}],"version-history":[{"count":9,"href":"https:\/\/scholar.semmelweis.hu\/barnag\/wp-json\/wp\/v2\/pages\/2\/revisions"}],"predecessor-version":[{"id":54,"href":"https:\/\/scholar.semmelweis.hu\/barnag\/wp-json\/wp\/v2\/pages\/2\/revisions\/54"}],"wp:attachment":[{"href":"https:\/\/scholar.semmelweis.hu\/barnag\/wp-json\/wp\/v2\/media?parent=2"}],"curies":[{"name":"wp","href":"https:\/\/api.w.org\/{rel}","templated":true}]}}