{"id":1,"date":"2015-10-01T12:28:03","date_gmt":"2015-10-01T10:28:03","guid":{"rendered":"http:\/\/scholar.semmelweis.hu\/barnag\/elerhetoseg\/"},"modified":"2023-04-04T15:15:15","modified_gmt":"2023-04-04T13:15:15","slug":"elerhetoseg","status":"publish","type":"page","link":"https:\/\/scholar.semmelweis.hu\/barnag\/elerhetoseg\/","title":{"rendered":"El\u00e9rhet\u0151s\u00e9g"},"content":{"rendered":"<p><b>Dr.\u00a0Barna G\u00e1bor<\/b> <strong>C\u00edm:<\/strong> Semmelweis Egyetem, Patol\u00f3giai \u00e9s K\u00eds\u00e9rleti R\u00e1kkutat\u00f3 Int\u00e9zet \u00dcll\u0151i \u00fat 26, Budapest 1085 <strong>Telefon:<\/strong> +36-1-215-7300 \/ 54421, 54461\u00a0mell\u00e9kek <strong>e-mail:<\/strong> barna.gabor@semmelweis.hu \u00a0<\/p>\n","protected":false},"excerpt":{"rendered":"<p>Dr.\u00a0Barna G\u00e1bor C\u00edm: Semmelweis Egyetem, Patol\u00f3giai \u00e9s K\u00eds\u00e9rleti R\u00e1kkutat\u00f3 Int\u00e9zet \u00dcll\u0151i \u00fat 26, Budapest 1085 Telefon: +36-1-215-7300 \/ 54421, 54461\u00a0mell\u00e9kek e-mail: barna.gabor@semmelweis.hu \u00a0<\/p>\n","protected":false},"author":57,"featured_media":0,"parent":0,"menu_order":0,"comment_status":"closed","ping_status":"closed","template":"","meta":{"footnotes":""},"class_list":["post-1","page","type-page","status-publish","hentry"],"_links":{"self":[{"href":"https:\/\/scholar.semmelweis.hu\/barnag\/wp-json\/wp\/v2\/pages\/1"}],"collection":[{"href":"https:\/\/scholar.semmelweis.hu\/barnag\/wp-json\/wp\/v2\/pages"}],"about":[{"href":"https:\/\/scholar.semmelweis.hu\/barnag\/wp-json\/wp\/v2\/types\/page"}],"author":[{"embeddable":true,"href":"https:\/\/scholar.semmelweis.hu\/barnag\/wp-json\/wp\/v2\/users\/57"}],"replies":[{"embeddable":true,"href":"https:\/\/scholar.semmelweis.hu\/barnag\/wp-json\/wp\/v2\/comments?post=1"}],"version-history":[{"count":3,"href":"https:\/\/scholar.semmelweis.hu\/barnag\/wp-json\/wp\/v2\/pages\/1\/revisions"}],"predecessor-version":[{"id":35,"href":"https:\/\/scholar.semmelweis.hu\/barnag\/wp-json\/wp\/v2\/pages\/1\/revisions\/35"}],"wp:attachment":[{"href":"https:\/\/scholar.semmelweis.hu\/barnag\/wp-json\/wp\/v2\/media?parent=1"}],"curies":[{"name":"wp","href":"https:\/\/api.w.org\/{rel}","templated":true}]}}